{"id":99,"date":"2024-08-04T17:10:29","date_gmt":"2024-08-04T15:10:29","guid":{"rendered":"https:\/\/powerockpharma.com\/?post_type=product&#038;p=99"},"modified":"2025-11-12T07:00:21","modified_gmt":"2025-11-12T06:00:21","slug":"mt1-melanotan-1","status":"publish","type":"product","link":"https:\/\/powerockpharma.com\/de\/peptide-lyophilizates\/mt1-melanotan-1\/","title":{"rendered":"MT1 (MELANOTAN 1)"},"content":{"rendered":"<h2>Eigenschaften:<\/h2>\n<p>Melanotan 1, auch bekannt als MT1 oder Melanotropin, ist ein synthetisches Peptid, das f\u00fcr seine starke Wirkung auf die Hautpigmentierung bekannt ist. Durch die Stimulierung der Melaninproduktion ist MT1 eine bevorzugte Wahl f\u00fcr Forscher, die fortschrittliche Br\u00e4unungsl\u00f6sungen mit geringerer Abh\u00e4ngigkeit von der UV-Bestrahlung erforschen. Der Wirkstoff ahmt das k\u00f6rpereigene Melanocortin nach, das sich an Melanocortinrezeptoren, insbesondere MC1R, bindet, was zu einer erh\u00f6hten Melaninproduktion f\u00fchrt. Dieser Prozess f\u00fchrt zu einer tieferen und nachhaltigeren Br\u00e4une, selbst bei minimaler Sonnenexposition, und ist damit ideal f\u00fcr Personen, die eine st\u00e4rkere Pigmentierung und Schutz vor UV-Strahlung suchen.<\/p>\n<h2>Mechanismus der Wirkung:<\/h2>\n<p>Die Wirkung von Melanotan 1 beruht auf seiner F\u00e4higkeit, den Melanocortin-1-Rezeptor (MC1R) auf Melanozyten, den f\u00fcr die Melaninproduktion verantwortlichen Zellen, zu aktivieren. Durch die Bindung an den MC1R erh\u00f6ht MT1 effektiv die Melanogenese, was zu einer nat\u00fcrlichen Verdunkelung der Haut f\u00fchrt. Dieser selektive Mechanismus erm\u00f6glicht die Br\u00e4unung der Haut, ohne dass eine intensive UV-Bestrahlung erforderlich ist, wodurch die mit Sonnenbrand und Hautsch\u00e4den verbundenen Risiken minimiert werden. Dar\u00fcber hinaus bietet die Rolle von MT1 bei der Regulierung der Reaktion des K\u00f6rpers auf UV-Strahlen einen potenziellen Schutz vor sch\u00e4dlicher UV-Strahlung, wodurch das Risiko von Hautproblemen verringert und gleichzeitig eine gesunde, gleichm\u00e4\u00dfige Br\u00e4une gef\u00f6rdert wird.<\/p>\n<h2>Vorteile:<\/h2>\n<p>Die konsequente Anwendung von Melanotan 1 bringt eine Reihe von Vorteilen mit sich, darunter eine verbesserte und verl\u00e4ngerte Br\u00e4unung, eine geringere Notwendigkeit, sich der Sonne auszusetzen, und ein geringeres Risiko von UV-bedingten Hautsch\u00e4den. Dar\u00fcber hinaus k\u00f6nnen die Anwender sekund\u00e4re Vorteile wie ein verbessertes Hautbild, ein gr\u00f6\u00dferes Selbstvertrauen aufgrund eines gleichm\u00e4\u00dfigeren Teints und eine m\u00f6gliche Schutzwirkung gegen UV-Strahlung erfahren. Dieses Pr\u00e4parat ist besonders wirksam f\u00fcr Personen mit heller Haut, f\u00fcr die es schwierig ist, auf nat\u00fcrliche Weise braun zu werden, sowie f\u00fcr diejenigen, die ihre Br\u00e4une bei minimaler Sonneneinstrahlung erhalten wollen.<\/p>\n<h2>Warum Powerock Pharma:<\/h2>\n<p>Bei Powerock Pharma sorgt unser Engagement f\u00fcr Spitzenleistungen daf\u00fcr, dass jede Charge von Melanotan 1 unter strengen Qualit\u00e4tskontrollen hergestellt wird, die die GMP-, HACCP- und ISO 13485-Normen erf\u00fcllen und \u00fcbertreffen. Unsere fortschrittlichen Testverfahren garantieren, dass unsere Produkte nicht nur wirksam, sondern auch sicher und zuverl\u00e4ssig f\u00fcr Forschungszwecke sind. Wir arbeiten mit Spitzenlabors zusammen, um die Reinheit und Wirksamkeit unserer Produkte zu \u00fcberpr\u00fcfen. Sie k\u00f6nnen sich also darauf verlassen, dass Melanotan 1 von Powerock Pharma jedes Mal gleichbleibende Ergebnisse liefert. Wenn Sie sich f\u00fcr Powerock Pharma entscheiden, entscheiden Sie sich f\u00fcr un\u00fcbertroffene Qualit\u00e4t, Sicherheit und Zuverl\u00e4ssigkeit f\u00fcr Ihren Forschungsbedarf.<\/p>\n<h3>Zusammenfassung:<\/h3>\n<p>Wenn Sie Ihre Forschung auf dem Gebiet der Hautpigmentierung oder Br\u00e4unung vorantreiben wollen, ist Melanotan 1 die L\u00f6sung, die Sie brauchen. Dieses Produkt wird von den strengen Qualit\u00e4tskontrollen von Powerock Pharma unterst\u00fctzt und soll Ihnen helfen, zuverl\u00e4ssige, konsistente Ergebnisse sicher und effektiv zu erzielen. Geben Sie sich nicht mit weniger zufrieden - bestellen Sie Melanotan 1 noch heute und stellen Sie sicher, dass Ihre Forschung die Ergebnisse erzielt, die Sie verdienen.<\/p>","protected":false},"excerpt":{"rendered":"<p>Melanotan 1 (MT1) unterst\u00fctzt die Hautpigmentierung durch Stimulierung der Melanogenese. Es bietet eine verbesserte Br\u00e4unung bei reduzierter UV-Belastung. Entscheiden Sie sich f\u00fcr Powerock Pharma, wenn Sie h\u00f6chste Qualit\u00e4t und best\u00e4ndige Ergebnisse w\u00fcnschen.<\/p>","protected":false},"featured_media":204,"template":"","meta":{"_acf_changed":false,"rank_math_lock_modified_date":false,"inline_featured_image":false},"product_cat":[17],"product_tag":[],"class_list":{"0":"post-99","1":"product","2":"type-product","3":"status-publish","4":"has-post-thumbnail","6":"product_cat-peptide-lyophilizates","9":"first","10":"instock","11":"shipping-taxable","12":"product-type-simple"},"acf":{"chromatogram":641,"metoda":""},"_links":{"self":[{"href":"https:\/\/powerockpharma.com\/de\/wp-json\/wp\/v2\/product\/99","targetHints":{"allow":["GET"]}}],"collection":[{"href":"https:\/\/powerockpharma.com\/de\/wp-json\/wp\/v2\/product"}],"about":[{"href":"https:\/\/powerockpharma.com\/de\/wp-json\/wp\/v2\/types\/product"}],"wp:featuredmedia":[{"embeddable":true,"href":"https:\/\/powerockpharma.com\/de\/wp-json\/wp\/v2\/media\/204"}],"wp:attachment":[{"href":"https:\/\/powerockpharma.com\/de\/wp-json\/wp\/v2\/media?parent=99"}],"wp:term":[{"taxonomy":"product_cat","embeddable":true,"href":"https:\/\/powerockpharma.com\/de\/wp-json\/wp\/v2\/product_cat?post=99"},{"taxonomy":"product_tag","embeddable":true,"href":"https:\/\/powerockpharma.com\/de\/wp-json\/wp\/v2\/product_tag?post=99"}],"curies":[{"name":"wp","href":"https:\/\/api.w.org\/{rel}","templated":true}]}}