{"id":379,"date":"2024-08-22T11:47:10","date_gmt":"2024-08-22T09:47:10","guid":{"rendered":"https:\/\/powerockpharma.com\/?page_id=379"},"modified":"2024-09-19T12:46:52","modified_gmt":"2024-09-19T10:46:52","slug":"about-us","status":"publish","type":"page","link":"https:\/\/powerockpharma.com\/es\/acerca-de-nosotros\/","title":{"rendered":"Qui\u00e9nes somos"},"content":{"rendered":"<div id=\"cs-content\" class=\"cs-content\"><div class=\"x-section e379-e1 maj-0 maj-1 maj-2\"><div class=\"x-row x-container max width e379-e2 maj-8 maj-9 maj-d maj-e\"><div class=\"x-row-inner\"><div class=\"x-col e379-e3 maj-m maj-n\"><div class=\"x-text x-text-headline e379-e4 maj-q maj-r maj-s maj-t maj-u maj-v\"><div class=\"x-text-content\"><div class=\"x-text-content-text\"><h1 class=\"x-text-content-text-primary\">Qui\u00e9nes somos<\/h1><\/div><\/div><\/div><\/div><\/div><\/div><div class=\"x-row x-container max width e379-e5 maj-8 maj-9 maj-a maj-d maj-f\"><div class=\"x-row-inner\"><div class=\"x-col e379-e6 maj-m maj-o\"><div class=\"x-text x-text-headline e379-e7 maj-r maj-v maj-w maj-x maj-y maj-z maj-10\"><div class=\"x-text-content\"><div class=\"x-text-content-text\"><h2 class=\"x-text-content-text-primary\">Qui\u00e9nes somos<\/h2><\/div><\/div><\/div><div class=\"x-text x-content e379-e8 maj-13 maj-14 maj-15 maj-16 maj-17\">Powerock Pharma es una empresa m\u00e9dica de r\u00e1pido crecimiento especializada en la producci\u00f3n de reactivos qu\u00edmicos y suplementos diet\u00e9ticos de la m\u00e1xima calidad. Nuestra cartera de productos incluye una amplia gama de productos como liofilizados pept\u00eddicos, SARM, nootr\u00f3picos, que apoyan la funci\u00f3n cognitiva, y diversas formas de yohimbina y suplementos. Ampliamos constantemente nuestra l\u00ednea de productos introduciendo nuevos reactivos qu\u00edmicos. Adem\u00e1s, disponemos de una amplia gama de reactivos adicionales a petici\u00f3n del cliente.<\/div><\/div><div class=\"x-col e379-e9 maj-m maj-n\"><span class=\"x-image e379-e10 maj-1d maj-1e\"><img decoding=\"async\" src=\"https:\/\/powerockpharma.com\/wp-content\/uploads\/2024\/08\/about-us-power-pharma.webp\" width=\"1000\" height=\"667\" alt=\"Qui\u00e9nes somos power pharma\" loading=\"lazy\"><\/span><\/div><\/div><\/div><\/div><div class=\"x-section e379-e11 maj-0 maj-3 maj-4 maj-5\"><div class=\"x-bg\"><div class=\"x-bg-layer-lower-img\"><img decoding=\"async\" src=\"https:\/\/powerockpharma.com\/wp-content\/uploads\/2024\/08\/our-mission.webp\" alt=\"Image\" loading=\"lazy\" style=\"object-fit: cover; object-position: center;\"\/><\/div><div class=\"x-bg-layer-upper-color\" aria-hidden=\"true\" style=\" background-color: rgba(0, 0, 0, 0.5);\"><\/div><\/div><div class=\"x-row x-container max width e379-e12 maj-9 maj-b maj-d maj-g\"><div class=\"x-row-inner\"><div class=\"x-col e379-e13 maj-m maj-p\"><div class=\"x-text x-text-headline e379-e14 maj-r maj-t maj-w maj-x maj-10 maj-11\"><div class=\"x-text-content\"><div class=\"x-text-content-text\"><h2 class=\"x-text-content-text-primary\">Nuestra misi\u00f3n<\/h2><\/div><\/div><\/div><div class=\"x-text x-content e379-e15 maj-13 maj-15 maj-16 maj-18 maj-19\">Nuestra misi\u00f3n es mejorar la salud y el bienestar ofreciendo soluciones qu\u00edmicas y suplementos innovadores y eficaces. Nos comprometemos a elevar los est\u00e1ndares de la industria farmac\u00e9utica, dando prioridad a la calidad, seguridad y eficacia de nuestros productos.<\/div><\/div><div class=\"x-col e379-e16 maj-m maj-p\"><div class=\"x-text x-text-headline e379-e17 maj-r maj-t maj-w maj-x maj-10 maj-11\"><div class=\"x-text-content\"><div class=\"x-text-content-text\"><h2 class=\"x-text-content-text-primary\">Nuestra visi\u00f3n<\/h2><\/div><\/div><\/div><div class=\"x-text x-content e379-e18 maj-13 maj-15 maj-16 maj-18 maj-1a\">Nuestro objetivo es liderar la biotecnolog\u00eda y la suplementaci\u00f3n, proporcionando productos que satisfagan las m\u00e1s altas exigencias de nuestros clientes. Creemos en el poder de la ciencia y la tecnolog\u00eda, por eso invertimos continuamente en investigaci\u00f3n y desarrollo para ofrecer soluciones de vanguardia que favorezcan la salud.<\/div><\/div><\/div><\/div><\/div><div class=\"x-section e379-e19 maj-0 maj-2 maj-3 maj-4\"><div class=\"x-row x-container max width e379-e20 maj-8 maj-9 maj-d maj-h\"><div class=\"x-row-inner\"><div class=\"x-col e379-e21 maj-m maj-n\"><div class=\"x-text x-text-headline e379-e22 maj-q maj-r maj-v maj-x maj-y maj-z maj-10\"><div class=\"x-text-content\"><div class=\"x-text-content-text\"><h2 class=\"x-text-content-text-primary\">Nuestros valores<\/h2><\/div><\/div><\/div><\/div><\/div><\/div><div class=\"x-row x-container max width e379-e23 maj-8 maj-9 maj-c maj-d maj-i\"><div class=\"x-row-inner\"><div class=\"x-col e379-e24 maj-m maj-n\"><div class=\"x-grid x-container max width e379-e25 maj-1g maj-1h maj-1i\"><div class=\"x-cell e379-e26 maj-1m maj-1n maj-1o\"><div class=\"x-text x-text-headline e379-e27 maj-r maj-u maj-w maj-y maj-10 maj-12\"><div class=\"x-text-content\"><div class=\"x-text-content-text\"><p class=\"x-text-content-text-primary\">Calidad<\/p><\/div><\/div><\/div><div class=\"x-text x-content e379-e28 maj-13 maj-14 maj-15 maj-1b\"><p>Todos los productos que salen de nuestra empresa se someten a rigurosas pruebas de calidad. Nosotros<br \/>\ngarantizar que nuestros productos sean seguros y eficaces.<\/p><\/div><\/div><div class=\"x-cell e379-e29 maj-1m maj-1n maj-1p\"><i class=\"x-icon e379-e30 maj-1z\" aria-hidden=\"true\" data-x-icon-o=\"&#xe41c;\"><\/i><\/div><div class=\"x-cell e379-e31 maj-1m maj-1n maj-1o\"><div class=\"x-text x-text-headline e379-e32 maj-r maj-u maj-w maj-y maj-10 maj-12\"><div class=\"x-text-content\"><div class=\"x-text-content-text\"><p class=\"x-text-content-text-primary\">Innovaci\u00f3n<\/p><\/div><\/div><\/div><div class=\"x-text x-content e379-e33 maj-13 maj-14 maj-15 maj-1b\"><p>Buscamos constantemente nuevos m\u00e9todos y tecnolog\u00edas para mejorar nuestros<br \/>\nproductos y aportar soluciones innovadoras al mercado.<\/p><\/div><\/div><div class=\"x-cell e379-e34 maj-1m maj-1n maj-1p\"><i class=\"x-icon e379-e35 maj-1z\" aria-hidden=\"true\" data-x-icon-l=\"&#xe027;\"><\/i><\/div><\/div><\/div><div class=\"x-col x-hide-md x-hide-sm x-hide-xs e379-e36 maj-m maj-n\"><span class=\"x-image e379-e37 maj-1d maj-1e\"><img decoding=\"async\" src=\"https:\/\/powerockpharma.com\/wp-content\/uploads\/2024\/08\/HARDCORE-sarm.webp\" width=\"1200\" height=\"1261\" alt=\"Brazo duro\" loading=\"lazy\"><\/span><\/div><div class=\"x-col e379-e38 maj-m maj-n\"><div class=\"x-grid x-container max width e379-e39 maj-1g maj-1h maj-1j maj-1k\"><div class=\"x-cell e379-e40 maj-1m maj-1n maj-1p\"><i class=\"x-icon e379-e41 maj-1z\" aria-hidden=\"true\" data-x-icon-l=\"&#xf4c6;\"><\/i><\/div><div class=\"x-cell e379-e42 maj-1m maj-1n maj-1o\"><div class=\"x-text x-text-headline e379-e43 maj-r maj-u maj-w maj-y maj-10 maj-12\"><div class=\"x-text-content\"><div class=\"x-text-content-text\"><p class=\"x-text-content-text-primary\">Conf\u00ede en<\/p><\/div><\/div><\/div><div class=\"x-text x-content e379-e44 maj-13 maj-14 maj-15 maj-1b\"><p>Construimos relaciones a largo plazo con nuestros clientes, basadas en la transparencia y el compromiso.<br \/>\nconfianza.<\/p><\/div><\/div><div class=\"x-cell e379-e45 maj-1m maj-1n maj-1p\"><i class=\"x-icon e379-e46 maj-1z\" aria-hidden=\"true\" data-x-icon-l=\"&#xf0ac;\"><\/i><\/div><div class=\"x-cell e379-e47 maj-1m maj-1n maj-1o\"><div class=\"x-text x-text-headline e379-e48 maj-r maj-u maj-w maj-y maj-10 maj-12\"><div class=\"x-text-content\"><div class=\"x-text-content-text\"><p class=\"x-text-content-text-primary\">Responsabilidad<\/p><\/div><\/div><\/div><div class=\"x-text x-content e379-e49 maj-13 maj-14 maj-15 maj-1b\"><p>Somos responsables del impacto de nuestras actividades sobre el medio ambiente y<br \/>\nsociedad. Actuamos de acuerdo con las normas \u00e9ticas y jur\u00eddicas m\u00e1s estrictas.<\/p><\/div><\/div><\/div><\/div><\/div><\/div><\/div><div class=\"x-section e379-e50 maj-0 maj-2 maj-3 maj-6\"><div class=\"x-row x-container max width e379-e51 maj-8 maj-9 maj-d maj-j\"><div class=\"x-row-inner\"><div class=\"x-col e379-e52 maj-m maj-n\"><div class=\"x-text x-text-headline e379-e53 maj-q maj-r maj-v maj-x maj-y maj-z maj-10\"><div class=\"x-text-content\"><div class=\"x-text-content-text\"><h2 class=\"x-text-content-text-primary\">Nuestro equipo<\/h2><\/div><\/div><\/div><span class=\"x-image e379-e54 maj-1d maj-1f\"><img decoding=\"async\" src=\"https:\/\/powerockpharma.com\/wp-content\/uploads\/2024\/08\/our-team-powerock-pharma.webp\" width=\"1400\" height=\"785\" alt=\"Nuestro equipo Powerock Pharma\" loading=\"lazy\"><\/span><div class=\"x-text x-content e379-e55 maj-13 maj-14 maj-16 maj-17 maj-1c\"><p>Nuestro equipo est\u00e1 formado por especialistas experimentados en los campos de la qu\u00edmica, la biotecnolog\u00eda y la medicina, apasionados y comprometidos con la creaci\u00f3n de productos de la m\u00e1xima calidad. Gracias a sus conocimientos y experiencia, Powerock Pharma es sin\u00f3nimo de innovaci\u00f3n y fiabilidad en la industria farmac\u00e9utica.<\/p>\n<p>Le invitamos a colaborar con nosotros y a unirse a las filas de clientes satisfechos de Powerock Pharma, donde la calidad y la innovaci\u00f3n van de la mano de un compromiso con la salud y el bienestar de nuestros usuarios.<\/p><\/div><\/div><\/div><\/div><\/div><div class=\"x-section e379-e56 maj-0 maj-2 maj-3 maj-7\"><div class=\"x-row x-container max width e379-e57 maj-8 maj-9 maj-d maj-k\"><div class=\"x-row-inner\"><div class=\"x-col e379-e58 maj-m maj-n\"><div class=\"x-text x-text-headline e379-e59 maj-q maj-r maj-v maj-x maj-y maj-z maj-10\"><div class=\"x-text-content\"><div class=\"x-text-content-text\"><h2 class=\"x-text-content-text-primary\">Nuestros productos<\/h2><\/div><\/div><\/div><\/div><\/div><\/div><div class=\"x-row x-container max width e379-e60 maj-8 maj-9 maj-d maj-l\"><div class=\"x-row-inner\"><div class=\"x-col e379-e61 maj-m maj-n\"><div class=\"x-grid x-container max width e379-e62 maj-1g maj-1j maj-1l\"><div class=\"x-cell e379-e63 maj-1n maj-1o maj-1q maj-1r maj-1s\"><a class=\"x-div e379-e64 maj-20\" href=\"\/es\/peptide-lyophilizates\/\"><div class=\"x-text x-text-headline e379-e65 maj-r maj-u maj-w maj-y maj-10 maj-12\"><div class=\"x-text-content\"><div class=\"x-text-content-text\"><p class=\"x-text-content-text-primary\">Liofilizados de p\u00e9ptidos<\/p><\/div><\/div><\/div><div class=\"x-text x-content e379-e66 maj-13 maj-14 maj-15 maj-1b\"><p>Herramientas clave en la investigaci\u00f3n cient\u00edfica y la medicina, que ofrecen amplias\naplicaciones diagn\u00f3sticas y terap\u00e9uticas.<\/p><\/div><\/a><\/div><div class=\"x-cell e379-e67 maj-1n maj-1o maj-1r maj-1s maj-1t maj-1u\"><a class=\"x-div e379-e68 maj-20\" href=\"\/es\/sarms\/\"><div class=\"x-text x-text-headline e379-e69 maj-r maj-u maj-w maj-y maj-10 maj-12\"><div class=\"x-text-content\"><div class=\"x-text-content-text\"><p class=\"x-text-content-text-primary\">SARMs<\/p><\/div><\/div><\/div><div class=\"x-text x-content e379-e70 maj-13 maj-14 maj-15 maj-1b\"><p>Moduladores selectivos de los receptores androg\u00e9nicos con aplicaciones en la musculaci\u00f3n y la terapia de diversas afecciones.<\/p><\/div><\/a><\/div><div class=\"x-cell e379-e71 maj-1n maj-1o maj-1r maj-1u maj-1v maj-1w\"><a class=\"x-div e379-e72 maj-20\" href=\"\/es\/nootropics\/\"><div class=\"x-text x-text-headline e379-e73 maj-r maj-u maj-w maj-y maj-10 maj-12\"><div class=\"x-text-content\"><div class=\"x-text-content-text\"><p class=\"x-text-content-text-primary\">Nootr\u00f3picos<\/p><\/div><\/div><\/div><div class=\"x-text x-content e379-e74 maj-13 maj-14 maj-15 maj-1b\">Sustancias que favorecen la funci\u00f3n cognitiva, la memoria y la concentraci\u00f3n, ideal\npara quienes buscan apoyo intelectual, ayudando a aumentar la productividad y la claridad mental.<\/div><\/a><\/div><div class=\"x-cell e379-e75 maj-1n maj-1o maj-1r maj-1u maj-1w maj-1x\"><div class=\"x-div e379-e76 maj-20\"><div class=\"x-text x-text-headline e379-e77 maj-r maj-u maj-w maj-y maj-10 maj-12\"><div class=\"x-text-content\"><div class=\"x-text-content-text\"><p class=\"x-text-content-text-primary\">Yohimbina<\/p><\/div><\/div><\/div><div class=\"x-text x-content e379-e78 maj-13 maj-14 maj-15 maj-1b\">Un alcaloide natural, utilizado como suplemento diet\u00e9tico para ayudar a reducir la grasa corporal y mejorar el rendimiento f\u00edsico.<\/div><\/div><\/div><div class=\"x-cell e379-e79 maj-1n maj-1o maj-1r maj-1u maj-1w maj-1y\"><div class=\"x-div e379-e80 maj-20\"><div class=\"x-text x-text-headline e379-e81 maj-r maj-u maj-w maj-y maj-10 maj-12\"><div class=\"x-text-content\"><div class=\"x-text-content-text\"><p class=\"x-text-content-text-primary\">Otros reactivos<\/p><\/div><\/div><\/div><div class=\"x-text x-content e379-e82 maj-13 maj-14 maj-15 maj-1b\"><p>Ampliamos constantemente nuestra l\u00ednea de productos introduciendo nuevos reactivos qu\u00edmicos.\nreactivos qu\u00edmicos. Adem\u00e1s, disponemos de una amplia gama de reactivos adicionales a petici\u00f3n del cliente.<\/p><\/div><\/div><\/div><\/div><\/div><\/div><\/div><\/div><\/div>","protected":false},"excerpt":{"rendered":"<p>About usWho we arePowerock Pharma is a rapidly growing medical company that specializes in the production of top-quality chemical reagents and dietary supplements. Our product portfolio includes a wide range of products such as peptide lyophilizates, SARMs, nootropics, which support cognitive function, and various forms of yohimbine and supplements. We are constantly expanding our product line by introducing new chemical &#8230; <\/p>\n<div><a href=\"https:\/\/powerockpharma.com\/es\/acerca-de-nosotros\/\" class=\"more-link\">Read More<\/a><\/div>","protected":false},"author":1,"featured_media":0,"parent":0,"menu_order":0,"comment_status":"closed","ping_status":"closed","template":"template-blank-4.php","meta":{"_acf_changed":false,"rank_math_lock_modified_date":false,"inline_featured_image":false,"footnotes":""},"class_list":["post-379","page","type-page","status-publish","hentry","no-post-thumbnail"],"acf":[],"_links":{"self":[{"href":"https:\/\/powerockpharma.com\/es\/wp-json\/wp\/v2\/pages\/379","targetHints":{"allow":["GET"]}}],"collection":[{"href":"https:\/\/powerockpharma.com\/es\/wp-json\/wp\/v2\/pages"}],"about":[{"href":"https:\/\/powerockpharma.com\/es\/wp-json\/wp\/v2\/types\/page"}],"author":[{"embeddable":true,"href":"https:\/\/powerockpharma.com\/es\/wp-json\/wp\/v2\/users\/1"}],"replies":[{"embeddable":true,"href":"https:\/\/powerockpharma.com\/es\/wp-json\/wp\/v2\/comments?post=379"}],"version-history":[{"count":11,"href":"https:\/\/powerockpharma.com\/es\/wp-json\/wp\/v2\/pages\/379\/revisions"}],"predecessor-version":[{"id":412,"href":"https:\/\/powerockpharma.com\/es\/wp-json\/wp\/v2\/pages\/379\/revisions\/412"}],"wp:attachment":[{"href":"https:\/\/powerockpharma.com\/es\/wp-json\/wp\/v2\/media?parent=379"}],"curies":[{"name":"wp","href":"https:\/\/api.w.org\/{rel}","templated":true}]}}