{"id":416,"date":"2024-08-23T07:31:15","date_gmt":"2024-08-23T05:31:15","guid":{"rendered":"https:\/\/powerockpharma.com\/?page_id=416"},"modified":"2024-08-24T12:54:22","modified_gmt":"2024-08-24T10:54:22","slug":"quality-control","status":"publish","type":"page","link":"https:\/\/powerockpharma.com\/es\/control-de-calidad\/","title":{"rendered":"Control de calidad"},"content":{"rendered":"<div id=\"cs-content\" class=\"cs-content\"><div class=\"x-section e416-e1 mbk-0\"><div class=\"x-row x-container max width e416-e2 mbk-1 mbk-2 mbk-5 mbk-6\"><div class=\"x-row-inner\"><div class=\"x-col e416-e3 mbk-c\"><div class=\"x-text x-text-headline e416-e4 mbk-d mbk-e mbk-f\"><div class=\"x-text-content\"><div class=\"x-text-content-text\"><h1 class=\"x-text-content-text-primary\">Control de calidad<\/h1><\/div><\/div><\/div><\/div><\/div><\/div><div class=\"x-row x-container max width e416-e5 mbk-1 mbk-2 mbk-5 mbk-7\"><div class=\"x-row-inner\"><div class=\"x-col e416-e6 mbk-c\"><div class=\"x-text x-content e416-e7 mbk-i mbk-j\">En Powerock Pharma damos mucha importancia a la calidad de nuestros productos. A trav\u00e9s de rigurosas normas y estrictos procedimientos de control de calidad, garantizamos que nuestros reactivos qu\u00edmicos y suplementos diet\u00e9ticos cumplen los m\u00e1s altos requisitos de seguridad y eficacia. Nuestra empresa cumple las normas GMP, HACCP e ISO 13485.<\/div><\/div><\/div><\/div><div class=\"x-row x-container max width e416-e8 mbk-1 mbk-3 mbk-5 mbk-8\"><div class=\"x-row-inner\"><div class=\"x-col e416-e9 mbk-c\"><span class=\"x-image e416-e10 mbk-l mbk-m\"><img decoding=\"async\" src=\"https:\/\/powerockpharma.com\/wp-content\/uploads\/2024\/08\/logo-gmp-black.svg\" width=\"300\" height=\"300\" alt=\"Certificado negro GMP\" loading=\"lazy\"><\/span><\/div><div class=\"x-col e416-e11 mbk-c\"><div class=\"x-text x-text-headline e416-e12 mbk-d mbk-g mbk-h\"><div class=\"x-text-content\"><div class=\"x-text-content-text\"><h2 class=\"x-text-content-text-primary\">Buenas pr\u00e1cticas de fabricaci\u00f3n (BPF)<\/h2><\/div><\/div><\/div><div class=\"x-text x-content e416-e13 mbk-i mbk-j\"><p><strong>Buenas pr\u00e1cticas de fabricaci\u00f3n (BPF)<\/strong> es un conjunto de normas y procedimientos que deben seguirse durante la producci\u00f3n de medicamentos, suplementos diet\u00e9ticos y reactivos qu\u00edmicos. En <strong>Powerock Pharma<\/strong>En la actualidad, cumplimos las normas GMP para garantizar..:<\/p>\n\n<ul>\n \t<li style=\"text-align: left;\">Limpieza e higiene en todo el proceso de fabricaci\u00f3n.<\/li>\n \t<li style=\"text-align: left;\">Riguroso control de calidad en todas las fases de producci\u00f3n.<\/li>\n \t<li style=\"text-align: left;\">La seguridad y eficacia de nuestros productos.<\/li>\n \t<li style=\"text-align: left;\">Documentaci\u00f3n exhaustiva de todos los procesos, lo que permite la trazabilidad de cada paso de la producci\u00f3n.<\/li>\n<\/ul>\n<div id=\"gtx-trans\" style=\"position: absolute; left: 21px; top: 78px;\">\n<div class=\"gtx-trans-icon\"><\/div>\n<\/div><\/div><\/div><\/div><\/div><div class=\"x-row x-container max width e416-e14 mbk-1 mbk-3 mbk-4 mbk-5 mbk-9 haacp-row\"><div class=\"x-row-inner\"><div class=\"x-col e416-e15 mbk-c haacp-row-2\"><div class=\"x-text x-text-headline e416-e16 mbk-d mbk-g mbk-h\"><div class=\"x-text-content\"><div class=\"x-text-content-text\"><h2 class=\"x-text-content-text-primary\">APPCC (An\u00e1lisis de Peligros y Puntos de Control Cr\u00edtico)<\/h2><\/div><\/div><\/div><div class=\"x-text x-content e416-e17 mbk-i mbk-j\"><p>Peligro <strong>An\u00e1lisis y Puntos de Control Cr\u00edtico (APPCC)<\/strong> es un sistema de gesti\u00f3n dise\u00f1ado para identificar, evaluar y controlar los peligros que pueden afectar a la seguridad alimentaria. En <strong>Powerock Pharma<\/strong>Hemos implantado el sistema HACCP para<\/p>\n\n<ul>\n \t<li style=\"text-align: left;\">Identifique los peligros potenciales en cada fase de la producci\u00f3n.<\/li>\n \t<li style=\"text-align: left;\">Se\u00f1alar los puntos de control cr\u00edticos en los que se pueden gestionar eficazmente los peligros.<\/li>\n \t<li style=\"text-align: left;\">Supervisar los puntos cr\u00edticos de control y tomar medidas correctoras cuando se detecten irregularidades.<\/li>\n \t<li style=\"text-align: left;\">Garantizar la seguridad y la m\u00e1xima calidad de nuestros complementos diet\u00e9ticos.<\/li>\n<\/ul><\/div><\/div><div class=\"x-col e416-e18 mbk-c .haacp-row-1\"><span class=\"x-image e416-e19 mbk-l mbk-m\"><img decoding=\"async\" src=\"https:\/\/powerockpharma.com\/wp-content\/uploads\/2024\/08\/logo-haacp-black.svg\" width=\"300\" height=\"300\" alt=\"Certificado negro HACCP\" loading=\"lazy\"><\/span><\/div><\/div><\/div><div class=\"x-row x-container max width e416-e20 mbk-1 mbk-3 mbk-5 mbk-a\"><div class=\"x-row-inner\"><div class=\"x-col e416-e21 mbk-c\"><span class=\"x-image e416-e22 mbk-l mbk-m\"><img decoding=\"async\" src=\"https:\/\/powerockpharma.com\/wp-content\/uploads\/2024\/08\/logo-iso-black.svg\" width=\"300\" height=\"300\" alt=\"Certificado negro ISO 13485\" loading=\"lazy\"><\/span><\/div><div class=\"x-col e416-e23 mbk-c\"><div class=\"x-text x-text-headline e416-e24 mbk-d mbk-g mbk-h\"><div class=\"x-text-content\"><div class=\"x-text-content-text\"><h2 class=\"x-text-content-text-primary\">Certificaci\u00f3n ISO 13485<\/h2><\/div><\/div><\/div><div class=\"x-text x-content e416-e25 mbk-i mbk-j\"><p>ISO 13485 es la norma internacional para sistemas de gesti\u00f3n de calidad en la industria m\u00e9dica. La certificaci\u00f3n ISO 13485 confirma que Powerock Pharma:<\/p>\n\n<ul>\n \t<li style=\"text-align: left;\">Se adhiere a estrictos procedimientos de gesti\u00f3n de la calidad.<\/li>\n \t<li style=\"text-align: left;\">Mantiene los elevados est\u00e1ndares de producci\u00f3n esenciales en la industria m\u00e9dica.<\/li>\n \t<li style=\"text-align: left;\">Garantiza el cumplimiento de los requisitos legales y reglamentarios relativos a los productos sanitarios.<\/li>\n \t<li style=\"text-align: left;\">Realiza auditor\u00edas e inspecciones sistem\u00e1ticas para mejorar continuamente los procesos.<\/li>\n<\/ul><\/div><\/div><\/div><\/div><div class=\"x-row x-container max width e416-e26 mbk-1 mbk-2 mbk-5 mbk-b\"><div class=\"x-row-inner\"><div class=\"x-col e416-e27 mbk-c\"><div class=\"x-text x-text-headline e416-e28 mbk-d mbk-f mbk-g\"><div class=\"x-text-content\"><div class=\"x-text-content-text\"><h2 class=\"x-text-content-text-primary\">En Powerock Pharma:<\/h2><\/div><\/div><\/div><span class=\"x-image e416-e29 mbk-l mbk-n\"><img decoding=\"async\" src=\"https:\/\/powerockpharma.com\/wp-content\/uploads\/2024\/08\/what-we-do.webp\" width=\"1300\" height=\"500\" alt=\"lo que hacemos\" loading=\"lazy\"><\/span><div class=\"x-text x-content e416-e30 mbk-j mbk-k\"><div class=\"timeline\">\n<div class=\"timeline-item\">\n<div class=\"circle\"><i class=\"fa-solid fa-user-graduate\"><\/i><\/div>\n<div class=\"content\">\n<h3>Formamos a nuestro personal<\/h3>\n<p>Formamos a nuestro personal en las \u00faltimas normas y procedimientos de calidad.<\/p>\n\n<\/div>\n<\/div>\n<div class=\"timeline-item\">\n<div class=\"circle\"><i class=\"fa-solid fa-vials\"><\/i><\/div>\n<div class=\"content\">\n<h3>Invertimos en tecnolog\u00eda<\/h3>\n<p>Invertimos en tecnolog\u00eda y equipos de \u00faltima generaci\u00f3n para un control de calidad preciso.<\/p>\n\n<\/div>\n<\/div>\n<div class=\"timeline-item\">\n<div class=\"circle\"><i class=\"fa-solid fa-microscope\"><\/i><\/div>\n<div class=\"content\">\n<h3>Colaboramos externamente<\/h3>\n<p>Colaboramos con laboratorios y expertos externos para garantizar una evaluaci\u00f3n independiente de nuestros productos.<\/p>\n\n<\/div>\n<\/div>\n<div class=\"timeline-item\">\n<div class=\"circle\"><i class=\"fa-solid fa-shield-alt\"><\/i><\/div>\n<div class=\"content\">\n<h3>Buscamos la excelencia<\/h3>\n<p>Nos esforzamos continuamente por alcanzar la excelencia para ofrecer a nuestros clientes productos en los que puedan confiar.<\/p>\n\n<\/div>\n<\/div>\n<\/div><\/div><div class=\"x-text x-content e416-e31 mbk-j mbk-k\"><div class=\"quality-banner\">\n    Mediante la aplicaci\u00f3n y el estricto cumplimiento de <strong>GMP<\/strong>, <strong>APPCC<\/strong>y <strong>ISO 13485<\/strong> Powerock Pharma garantiza que todos los productos que salen de nuestras instalaciones son seguros, eficaces y de la m\u00e1xima calidad.\n<\/div>\n<\/div><\/div><\/div><\/div><\/div><\/div>","protected":false},"excerpt":{"rendered":"<p>Quality controlAt Powerock Pharma, we place great emphasis on the quality of our products. Through rigorous standards and strict quality control procedures, we ensure that our chemical reagents and dietary supplements meet the highest safety and efficacy requirements. Our company adheres to GMP, HACCP, and ISO 13485 standards.GMP (Good Manufacturing Practice)Good Manufacturing Practice (GMP) is a set of rules and &#8230; <\/p>\n<div><a href=\"https:\/\/powerockpharma.com\/es\/control-de-calidad\/\" class=\"more-link\">Read More<\/a><\/div>","protected":false},"author":1,"featured_media":0,"parent":0,"menu_order":0,"comment_status":"closed","ping_status":"closed","template":"template-blank-4.php","meta":{"_acf_changed":false,"rank_math_lock_modified_date":false,"inline_featured_image":false,"footnotes":""},"class_list":["post-416","page","type-page","status-publish","hentry","no-post-thumbnail"],"acf":[],"_links":{"self":[{"href":"https:\/\/powerockpharma.com\/es\/wp-json\/wp\/v2\/pages\/416","targetHints":{"allow":["GET"]}}],"collection":[{"href":"https:\/\/powerockpharma.com\/es\/wp-json\/wp\/v2\/pages"}],"about":[{"href":"https:\/\/powerockpharma.com\/es\/wp-json\/wp\/v2\/types\/page"}],"author":[{"embeddable":true,"href":"https:\/\/powerockpharma.com\/es\/wp-json\/wp\/v2\/users\/1"}],"replies":[{"embeddable":true,"href":"https:\/\/powerockpharma.com\/es\/wp-json\/wp\/v2\/comments?post=416"}],"version-history":[{"count":5,"href":"https:\/\/powerockpharma.com\/es\/wp-json\/wp\/v2\/pages\/416\/revisions"}],"predecessor-version":[{"id":430,"href":"https:\/\/powerockpharma.com\/es\/wp-json\/wp\/v2\/pages\/416\/revisions\/430"}],"wp:attachment":[{"href":"https:\/\/powerockpharma.com\/es\/wp-json\/wp\/v2\/media?parent=416"}],"curies":[{"name":"wp","href":"https:\/\/api.w.org\/{rel}","templated":true}]}}