{"id":437,"date":"2024-08-26T23:33:43","date_gmt":"2024-08-26T21:33:43","guid":{"rendered":"https:\/\/powerockpharma.com\/?page_id=437"},"modified":"2024-08-26T23:33:47","modified_gmt":"2024-08-26T21:33:47","slug":"terms-of-service","status":"publish","type":"page","link":"https:\/\/powerockpharma.com\/es\/condiciones-del-servicio\/","title":{"rendered":"Condiciones de uso"},"content":{"rendered":"<p>1. <strong>Introducci\u00f3n<\/strong><\/p>\n<p>Bienvenido a <strong>Powerock Pharma LLC<\/strong> (\"Empresa\", \"nosotros\", \"nuestro\", \"nos\").<\/p>\n<p>Las presentes Condiciones del servicio (\"Condiciones\", \"Condiciones del servicio\") regulan el uso de nuestro sitio web, ubicado en <strong>https:\/\/powerockpharma.com\/<\/strong> (conjunta o individualmente \"Servicio\") operado por <strong>Powerock Pharma LLC<\/strong>.<\/p>\n<p>Nuestra Pol\u00edtica de Privacidad tambi\u00e9n rige el uso de nuestro Servicio y explica c\u00f3mo recopilamos, salvaguardamos y divulgamos la informaci\u00f3n que resulta de su uso de nuestras p\u00e1ginas web.<\/p>\n<p>Su acuerdo con nosotros incluye estas Condiciones y nuestra Pol\u00edtica de Privacidad (\"Acuerdos\"). Usted reconoce haber le\u00eddo y comprendido los Acuerdos, y acepta quedar vinculado por ellos.<\/p>\n<p>Si no est\u00e1 de acuerdo con los Acuerdos (o no puede cumplirlos), no podr\u00e1 utilizar el Servicio, pero le rogamos que nos lo comunique por correo electr\u00f3nico a la direcci\u00f3n <strong>powerockpharma@pm.me<\/strong> para que podamos intentar encontrar una soluci\u00f3n. Las presentes Condiciones se aplican a todos los visitantes, usuarios y dem\u00e1s personas que deseen acceder al Servicio o utilizarlo.<\/p>\n<p>2. <strong>Comunicaciones<\/strong><\/p>\n<p>Al utilizar nuestro Servicio, usted acepta suscribirse a boletines informativos, materiales de marketing o promocionales y otra informaci\u00f3n que podamos enviarle. No obstante, puede optar por no recibir ninguna o ninguna de estas comunicaciones de nuestra parte siguiendo el enlace para darse de baja o enviando un correo electr\u00f3nico a powerockpharma@pm.me.<\/p>\n<p>3. <strong>Compras<\/strong><\/p>\n<p>Si desea adquirir cualquier producto o servicio disponible a trav\u00e9s del Servicio (\"Compra\"), es posible que se le pida que proporcione cierta informaci\u00f3n relevante para su Compra, incluidos, entre otros, el n\u00famero de su tarjeta de cr\u00e9dito o d\u00e9bito, la fecha de caducidad de su tarjeta, su direcci\u00f3n de facturaci\u00f3n y su informaci\u00f3n de env\u00edo.<\/p>\n<p>Usted declara y garantiza que (i) tiene derecho legal a utilizar cualquier tarjeta(s) u otro m\u00e9todo(s) de pago en relaci\u00f3n con cualquier Compra; y que (ii) la informaci\u00f3n que nos facilita es veraz, correcta y completa.<\/p>\n<p>Podemos recurrir a servicios de terceros con el fin de facilitar el pago y la realizaci\u00f3n de Compras. Al enviar su informaci\u00f3n, usted nos otorga el derecho de proporcionar la informaci\u00f3n a estos terceros con sujeci\u00f3n a nuestra Pol\u00edtica de Privacidad.<\/p>\n<p>Nos reservamos el derecho a rechazar o cancelar su pedido en cualquier momento por razones que incluyen, entre otras: disponibilidad del producto o servicio, errores en la descripci\u00f3n o el precio del producto o servicio, error en su pedido u otras razones.<\/p>\n<p>Nos reservamos el derecho a rechazar o cancelar su pedido si se sospecha de fraude o de una transacci\u00f3n no autorizada o ilegal.<\/p>\n<p>4. <strong>Concursos, sorteos y promociones<\/strong><\/p>\n<p>Los concursos, sorteos u otras promociones (colectivamente, \"Promociones\") disponibles a trav\u00e9s del Servicio pueden regirse por normas independientes de las presentes Condiciones del servicio. Si participa en alguna Promoci\u00f3n, consulte las normas aplicables, as\u00ed como nuestra Pol\u00edtica de Privacidad. Si las reglas de una Promoci\u00f3n entran en conflicto con estas Condiciones de servicio, se aplicar\u00e1n las reglas de la Promoci\u00f3n.<\/p>\n<p>5. <strong>Reembolsos<\/strong><\/p>\n<p>Reembolsamos el importe de los contratos <strong>14 d\u00edas<\/strong> de la compra original del Contrato.<\/p>\n<p>6. <strong>Contenido<\/strong><\/p>\n<p>El Contenido que se encuentra en o a trav\u00e9s de este Servicio es propiedad de Powerock Pharma LLC o se utiliza con permiso. Usted no puede distribuir, modificar, transmitir, reutilizar, descargar, reenviar, copiar o utilizar dicho Contenido, ya sea en su totalidad o en parte, con fines comerciales o para beneficio personal, sin el permiso expreso previo por escrito de nosotros.<\/p>\n<p>7. <strong>Usos prohibidos<\/strong><\/p>\n<p>S\u00f3lo podr\u00e1 utilizar el Servicio para fines l\u00edcitos y de conformidad con las Condiciones. Usted se compromete a no utilizar el Servicio:<\/p>\n<p>0.1. De cualquier forma que infrinja cualquier ley o normativa nacional o internacional aplicable.<\/p>\n<p>0.2. Con el fin de explotar, da\u00f1ar o intentar explotar o da\u00f1ar a menores de cualquier manera exponi\u00e9ndolos a contenidos inapropiados o de otra forma.<\/p>\n<p>0.3. Transmitir, o procurar el env\u00edo de, cualquier material publicitario o promocional, incluyendo cualquier \"correo basura\", \"carta en cadena\", \"spam\" o cualquier otra solicitud similar.<\/p>\n<p>0.4. Suplantar o intentar suplantar a la Empresa, a un empleado de la Empresa, a otro usuario o a cualquier otra persona o entidad.<\/p>\n<p>0.5. De cualquier forma que infrinja los derechos de terceros, o de cualquier forma sea ilegal, amenazadora, fraudulenta o perjudicial, o en relaci\u00f3n con cualquier prop\u00f3sito o actividad il\u00edcita, ilegal, fraudulenta o perjudicial.<\/p>\n<p>0.6. Participar en cualquier otra conducta que restrinja o inhiba el uso o disfrute del Servicio por parte de cualquier persona, o que, seg\u00fan determinemos, pueda da\u00f1ar u ofender a la Empresa o a los usuarios del Servicio o exponerlos a responsabilidad.<\/p>\n<p>Adem\u00e1s, usted se compromete a no:<\/p>\n<p>0.1. Utilizar el Servicio de cualquier forma que pueda deshabilitar, sobrecargar, da\u00f1ar o perjudicar el Servicio o interferir en el uso del Servicio por parte de terceros, incluida su capacidad para participar en actividades en tiempo real a trav\u00e9s del Servicio.<\/p>\n<p>0.2. Utilizar robots, ara\u00f1as u otros dispositivos, procesos o medios autom\u00e1ticos para acceder al Servicio con cualquier fin, incluido el control o la copia de cualquier material del Servicio.<\/p>\n<p>0.3. Utilizar cualquier proceso manual para controlar o copiar cualquier material del Servicio o para cualquier otro fin no autorizado sin nuestro consentimiento previo por escrito.<\/p>\n<p>0.4. Utilizar cualquier dispositivo, software o rutina que interfiera con el correcto funcionamiento del Servicio.<\/p>\n<p>0.5. Introducir virus, troyanos, gusanos, bombas l\u00f3gicas u otro material malicioso o tecnol\u00f3gicamente perjudicial.<\/p>\n<p>0.6. Intentar obtener acceso no autorizado, interferir, da\u00f1ar o interrumpir cualquier parte del Servicio, el servidor en el que se almacena el Servicio o cualquier servidor, ordenador o base de datos conectada al Servicio.<\/p>\n<p>0.7. Ataque Servicio a trav\u00e9s de un ataque de denegaci\u00f3n de servicio o un ataque de denegaci\u00f3n de servicio distribuido.<\/p>\n<p>0.8. Realizar cualquier acci\u00f3n que pueda perjudicar o falsear la calificaci\u00f3n de la empresa.<\/p>\n<p>0.9. De lo contrario, intentar interferir en el correcto funcionamiento del Servicio.<\/p>\n<p>8. <strong>Anal\u00edtica<\/strong><\/p>\n<p>Podemos utilizar proveedores de servicios externos para supervisar y analizar el uso de nuestro Servicio.<\/p>\n<p>9. <strong>Prohibido el uso a menores<\/strong><\/p>\n<p>El Servicio est\u00e1 destinado \u00fanicamente al acceso y uso por parte de personas mayores de dieciocho (18) a\u00f1os. Al acceder o utilizar el Servicio, usted garantiza y declara que tiene al menos dieciocho (18) a\u00f1os de edad y con plena autoridad, derecho y capacidad para celebrar este acuerdo y cumplir con todos los t\u00e9rminos y condiciones de los T\u00e9rminos. Si no tiene al menos dieciocho (18) a\u00f1os, se le proh\u00edbe tanto el acceso como el uso del Servicio.<\/p>\n<p>10. <strong>Propiedad intelectual<\/strong><\/p>\n<p>El Servicio y su contenido original (excluyendo el Contenido proporcionado por los usuarios), caracter\u00edsticas y funcionalidad son y seguir\u00e1n siendo propiedad exclusiva de Powerock Pharma LLC y sus licenciantes. El Servicio est\u00e1 protegido por derechos de autor, marcas registradas y otras leyes de y pa\u00edses extranjeros. Nuestras marcas comerciales no pueden utilizarse en relaci\u00f3n con ning\u00fan producto o servicio sin el consentimiento previo por escrito de Powerock Pharma LLC.<\/p>\n<p>11. <strong>Pol\u00edtica de derechos de autor<\/strong><\/p>\n<p>Respetamos los derechos de propiedad intelectual de terceros. Nuestra pol\u00edtica es responder a cualquier reclamaci\u00f3n de que el Contenido publicado en el Servicio infringe los derechos de autor u otros derechos de propiedad intelectual (\"Infracci\u00f3n\") de cualquier persona o entidad.<\/p>\n<p>Si usted es el propietario de los derechos de autor, o est\u00e1 autorizado en nombre de uno, y cree que el trabajo protegido por derechos de autor ha sido copiado de una manera que constituye una infracci\u00f3n de los derechos de autor, env\u00ede su reclamaci\u00f3n por correo electr\u00f3nico a powerockpharma@pm.me, con el asunto: \"Infracci\u00f3n de derechos de autor\" e incluya en su reclamaci\u00f3n una descripci\u00f3n detallada de la supuesta infracci\u00f3n, tal y como se detalla a continuaci\u00f3n, en \"Notificaci\u00f3n DMCA y procedimiento para reclamaciones por infracci\u00f3n de derechos de autor\"<\/p>\n<p>Usted puede ser considerado responsable de da\u00f1os y perjuicios (incluyendo costes y honorarios de abogados) por declaraciones falsas o reclamaciones de mala fe sobre la infracci\u00f3n de cualquier Contenido encontrado en y\/o a trav\u00e9s del Servicio sobre sus derechos de autor.<\/p>\n<p>12. <strong>Notificaci\u00f3n DMCA y procedimiento para reclamaciones por infracci\u00f3n de derechos de autor<\/strong><\/p>\n<p>Usted puede presentar una notificaci\u00f3n de conformidad con la Ley de Derechos de Autor del Milenio Digital (DMCA) proporcionando a nuestro Agente de Derechos de Autor la siguiente informaci\u00f3n por escrito (v\u00e9ase 17 U.S.C 512(c)(3) para m\u00e1s detalles):<\/p>\n<p>0.1. una firma electr\u00f3nica o f\u00edsica de la persona autorizada a actuar en nombre del titular de los intereses de los derechos de autor;<\/p>\n<p>0.2. una descripci\u00f3n del trabajo protegido por derechos de autor que usted afirma que se ha infringido, incluida la URL (es decir, la direcci\u00f3n de la p\u00e1gina web) del lugar donde existe el trabajo protegido por derechos de autor o una copia del mismo;<\/p>\n<p>0.3. identificaci\u00f3n de la URL u otra ubicaci\u00f3n espec\u00edfica en el Servicio donde se encuentra el material que usted alega que est\u00e1 infringiendo;<\/p>\n<p>0.4. su direcci\u00f3n, n\u00famero de tel\u00e9fono y direcci\u00f3n de correo electr\u00f3nico;<\/p>\n<p>0.5. una declaraci\u00f3n suya en la que manifieste que cree de buena fe que el uso objeto del litigio no est\u00e1 autorizado por el propietario de los derechos de autor, su agente o la ley;<\/p>\n<p>0.6. una declaraci\u00f3n suya, hecha bajo pena de perjurio, de que la informaci\u00f3n anterior en su notificaci\u00f3n es exacta y de que usted es el propietario de los derechos de autor o est\u00e1 autorizado para actuar en nombre del propietario de los derechos de autor.<\/p>\n<p>Puede ponerse en contacto con nuestro agente de derechos de autor por correo electr\u00f3nico en powerockpharma@pm.me.<\/p>\n<p>13. <strong>Notificaci\u00f3n de errores y comentarios<\/strong><\/p>\n<p>Usted puede proporcionarnos, ya sea directamente en powerockpharma@pm.me o a trav\u00e9s de sitios y herramientas de terceros, informaci\u00f3n y comentarios sobre errores, sugerencias de mejora, ideas, problemas, quejas y otros asuntos relacionados con nuestro Servicio (\"Comentarios\"). Usted reconoce y acepta que (i) usted no retendr\u00e1, adquirir\u00e1 ni har\u00e1 valer ning\u00fan derecho de propiedad intelectual ni ning\u00fan otro derecho, t\u00edtulo o inter\u00e9s sobre los Comentarios; (ii) la Empresa puede tener ideas de desarrollo similares a los Comentarios; (iii) los Comentarios no contienen informaci\u00f3n confidencial ni informaci\u00f3n de su propiedad ni de terceros; y (iv) la Empresa no tiene ninguna obligaci\u00f3n de confidencialidad con respecto a los Comentarios. En caso de que no sea posible transferir la propiedad de los Comentarios debido a las leyes obligatorias aplicables, usted concede a la Empresa y a sus filiales el derecho exclusivo, transferible, irrevocable, gratuito, sublicenciable, ilimitado y perpetuo a utilizar (incluyendo copiar, modificar, crear trabajos derivados, publicar, distribuir y comercializar) los Comentarios de cualquier manera y para cualquier fin.<\/p>\n<p>14. <strong>Enlaces a otros sitios web<\/strong><\/p>\n<p>Nuestro Servicio puede contener enlaces a sitios web o servicios de terceros que no son propiedad ni est\u00e1n controlados por Powerock Pharma LLC.<\/p>\n<p>Powerock Pharma LLC no tiene control alguno sobre el contenido, las pol\u00edticas de privacidad o las pr\u00e1cticas de los sitios web o servicios de terceros, ni asume responsabilidad alguna por los mismos. No garantizamos las ofertas de ninguna de estas entidades\/individuos o sus sitios web.<\/p>\n<p>Por ejemplo, el esquema <a href=\"https:\/\/policymaker.io\/terms-and-conditions\/\" rel=\"nofollow noopener\" target=\"_blank\">Condiciones de uso<\/a> se han creado utilizando <a href=\"https:\/\/policymaker.io\/\" rel=\"nofollow noopener\" target=\"_blank\">PolicyMaker.io<\/a>una aplicaci\u00f3n web gratuita para generar documentos jur\u00eddicos de alta calidad. PolicyMaker <a href=\"https:\/\/policymaker.io\/terms-and-conditions\/\" rel=\"nofollow noopener\" target=\"_blank\">Generador de t\u00e9rminos y condiciones<\/a> es una herramienta gratuita f\u00e1cil de usar para crear una excelente plantilla est\u00e1ndar de Condiciones de servicio para un sitio web, blog, tienda de comercio electr\u00f3nico o aplicaci\u00f3n.<\/p>\n<p>USTED RECONOCE Y ACEPTA QUE LA EMPRESA NO SER\u00c1 RESPONSABLE, DIRECTA O INDIRECTAMENTE, DE NING\u00daN DA\u00d1O O P\u00c9RDIDA CAUSADOS O SUPUESTAMENTE CAUSADOS POR O EN RELACI\u00d3N CON EL USO O LA CONFIANZA DEPOSITADA EN CUALQUIER CONTENIDO, BIEN O SERVICIO DISPONIBLE EN O A TRAV\u00c9S DE CUALQUIERA DE DICHOS SITIOS WEB O SERVICIOS DE TERCEROS.<\/p>\n<p>LE RECOMENDAMOS ENCARECIDAMENTE QUE LEA LAS CONDICIONES DE SERVICIO Y LAS POL\u00cdTICAS DE PRIVACIDAD DE LOS SITIOS WEB O SERVICIOS DE TERCEROS QUE VISITE.<\/p>\n<p>15. <strong>Renuncia de garant\u00eda<\/strong><\/p>\n<p>LA EMPRESA PROPORCIONA ESTOS SERVICIOS \"TAL CUAL\" Y \"SEG\u00daN DISPONIBILIDAD\". LA EMPRESA NO OFRECE DECLARACIONES NI GARANT\u00cdAS DE NING\u00daN TIPO, EXPRESAS O IMPL\u00cdCITAS, EN CUANTO AL FUNCIONAMIENTO DE SUS SERVICIOS, O A LA INFORMACI\u00d3N, CONTENIDO O MATERIALES INCLUIDOS EN LOS MISMOS. USTED ACEPTA EXPRESAMENTE QUE EL USO QUE HAGA DE ESTOS SERVICIOS, DE SU CONTENIDO Y DE CUALQUIER SERVICIO O ART\u00cdCULO OBTENIDO DE NOSOTROS ES POR SU CUENTA Y RIESGO.<\/p>\n<p>NI LA EMPRESA NI NINGUNA PERSONA ASOCIADA A LA EMPRESA OFRECE GARANT\u00cdA O DECLARACI\u00d3N ALGUNA CON RESPECTO A LA INTEGRIDAD, SEGURIDAD, FIABILIDAD, CALIDAD, EXACTITUD O DISPONIBILIDAD DE LOS SERVICIOS. SIN PERJUICIO DE LO ANTERIOR, NI LA EMPRESA NI NINGUNA PERSONA ASOCIADA A LA EMPRESA DECLARA NI GARANTIZA QUE LOS SERVICIOS, SU CONTENIDO O CUALESQUIERA SERVICIOS O ART\u00cdCULOS OBTENIDOS A TRAV\u00c9S DE LOS SERVICIOS SEAN PRECISOS, FIABLES, EST\u00c9N LIBRES DE ERRORES O NO SE INTERRUMPAN, QUE LOS DEFECTOS SE CORRIJAN, QUE LOS SERVICIOS O EL SERVIDOR QUE LOS PONE A DISPOSICI\u00d3N EST\u00c9N LIBRES DE VIRUS U OTROS COMPONENTES DA\u00d1INOS O QUE LOS SERVICIOS O CUALESQUIERA SERVICIOS O ART\u00cdCULOS OBTENIDOS A TRAV\u00c9S DE LOS SERVICIOS SATISFAGAN DE OTRO MODO SUS NECESIDADES O EXPECTATIVAS.<\/p>\n<p>POR LA PRESENTE, LA EMPRESA RECHAZA TODAS LAS GARANT\u00cdAS DE CUALQUIER TIPO, YA SEAN EXPRESAS O IMPL\u00cdCITAS, LEGALES O DE OTRO TIPO, INCLUIDAS, ENTRE OTRAS, LAS GARANT\u00cdAS DE COMERCIABILIDAD, NO INFRACCI\u00d3N E IDONEIDAD PARA UN FIN DETERMINADO.<\/p>\n<p>LO ANTERIOR NO AFECTA A NINGUNA GARANT\u00cdA QUE NO PUEDA EXCLUIRSE O LIMITARSE EN VIRTUD DE LA LEGISLACI\u00d3N APLICABLE.<\/p>\n<p>16. <strong>Limitaci\u00f3n de responsabilidad<\/strong><\/p>\n<p>SALVO QUE LO PROH\u00cdBA LA LEY, USTED NOS EXIMIR\u00c1 A NOSOTROS Y A NUESTROS DIRECTIVOS, ADMINISTRADORES, EMPLEADOS Y AGENTES DE TODA RESPONSABILIDAD POR CUALQUIER DA\u00d1O INDIRECTO, PUNITIVO, ESPECIAL, INCIDENTAL O CONSECUENTE, INDEPENDIENTEMENTE DE C\u00d3MO SE PRODUZCA (INCLUIDOS LOS HONORARIOS DE ABOGADOS Y TODOS LOS COSTES Y GASTOS RELACIONADOS CON LITIGIOS Y ARBITRAJES, O EN JUICIO O APELACI\u00d3N, SI LOS HUBIERA, TANTO SI SE ENTABLA UN LITIGIO O ARBITRAJE COMO SI NO), YA SEA EN UNA ACCI\u00d3N DE CONTRATO, NEGLIGENCIA U OTRA ACCI\u00d3N IL\u00cdCITA, O QUE SURJA DE O EN RELACI\u00d3N CON ESTE ACUERDO, INCLUYENDO SIN LIMITACI\u00d3N CUALQUIER RECLAMACI\u00d3N POR LESIONES PERSONALES O DA\u00d1OS A LA PROPIEDAD, DERIVADOS DE ESTE ACUERDO Y CUALQUIER VIOLACI\u00d3N POR SU PARTE DE CUALQUIER LEY, ESTATUTO, NORMA O REGLAMENTO FEDERAL, ESTATAL O LOCAL, INCLUSO SI LA EMPRESA HA SIDO PREVIAMENTE ADVERTIDA DE LA POSIBILIDAD DE TALES DA\u00d1OS. SALVO QUE LA LEY LO PROH\u00cdBA, EN CASO DE EXISTIR RESPONSABILIDAD POR PARTE DE LA EMPRESA, \u00c9STA SE LIMITAR\u00c1 AL IMPORTE ABONADO POR LOS PRODUCTOS Y\/O SERVICIOS, Y EN NING\u00daN CASO HABR\u00c1 DA\u00d1OS CONSECUENCIALES O PUNITIVOS. ALGUNOS ESTADOS NO PERMITEN LA EXCLUSI\u00d3N O LIMITACI\u00d3N DE LOS DA\u00d1OS PUNITIVOS, INCIDENTALES O CONSECUENTES, POR LO QUE ES POSIBLE QUE LA LIMITACI\u00d3N O EXCLUSI\u00d3N ANTERIOR NO SE APLIQUE EN SU CASO.<\/p>\n<p>17. <strong>Terminaci\u00f3n<\/strong><\/p>\n<p>Podemos cancelar o suspender su cuenta y prohibirle el acceso al Servicio inmediatamente, sin previo aviso ni responsabilidad, a nuestra entera discreci\u00f3n, por cualquier motivo y sin limitaci\u00f3n alguna, incluido, entre otros, el incumplimiento de las Condiciones.<\/p>\n<p>Si desea cancelar su cuenta, s\u00f3lo tiene que dejar de utilizar el Servicio.<\/p>\n<p>Todas las disposiciones de las Condiciones que, por su naturaleza, deban subsistir tras la rescisi\u00f3n, subsistir\u00e1n tras la rescisi\u00f3n, incluidas, entre otras, las disposiciones sobre propiedad, exclusi\u00f3n de garant\u00edas, indemnizaciones y limitaciones de responsabilidad.<\/p>\n<p>18. <strong>Derecho aplicable<\/strong><\/p>\n<p>Las presentes Condiciones se regir\u00e1n e interpretar\u00e1n de conformidad con la legislaci\u00f3n de los Estados Unidos, que se aplicar\u00e1 al acuerdo sin tener en cuenta las disposiciones sobre conflicto de leyes.<\/p>\n<p>El hecho de que no hagamos valer cualquier derecho o disposici\u00f3n de estas Condiciones no se considerar\u00e1 una renuncia a dichos derechos. Si alguna disposici\u00f3n de estos T\u00e9rminos es considerada inv\u00e1lida o inaplicable por un tribunal, el resto de las disposiciones de estos T\u00e9rminos permanecer\u00e1n en vigor. Estas Condiciones constituyen el acuerdo completo entre nosotros en relaci\u00f3n con nuestro Servicio y sustituyen y reemplazan cualquier acuerdo anterior que pudi\u00e9ramos haber tenido entre nosotros en relaci\u00f3n con el Servicio.<\/p>\n<p>19. <strong>Cambios en el servicio<\/strong><\/p>\n<p>Nos reservamos el derecho a retirar o modificar nuestro Servicio, y cualquier servicio o material que proporcionemos a trav\u00e9s del Servicio, a nuestra entera discreci\u00f3n y sin previo aviso. No seremos responsables si, por cualquier motivo, la totalidad o parte del Servicio no est\u00e1 disponible en cualquier momento o durante cualquier per\u00edodo. Ocasionalmente, podemos restringir el acceso a algunas partes del Servicio, o a todo el Servicio, a los usuarios, incluidos los usuarios registrados.<\/p>\n<p>20. <strong>Modificaci\u00f3n de las condiciones<\/strong><\/p>\n<p>Podemos modificar los T\u00e9rminos en cualquier momento publicando los t\u00e9rminos modificados en este sitio. Es su responsabilidad revisar estas Condiciones peri\u00f3dicamente.<\/p>\n<p>Su uso continuado de la Plataforma tras la publicaci\u00f3n de las Condiciones revisadas significa que acepta y est\u00e1 de acuerdo con los cambios. Se espera que consulte esta p\u00e1gina con frecuencia para estar al tanto de cualquier cambio, ya que son vinculantes para usted.<\/p>\n<p>Al continuar accediendo o utilizando nuestro Servicio tras la entrada en vigor de cualquier revisi\u00f3n, usted acepta quedar vinculado por los t\u00e9rminos revisados. Si no acepta las nuevas condiciones, ya no estar\u00e1 autorizado a utilizar el Servicio.<\/p>\n<p>21. <strong>Renuncia y divisibilidad<\/strong><\/p>\n<p>Ninguna renuncia por parte de la Empresa a un t\u00e9rmino o condici\u00f3n establecido en las Condiciones se considerar\u00e1 una renuncia posterior o continuada a dicho t\u00e9rmino o condici\u00f3n o una renuncia a cualquier otro t\u00e9rmino o condici\u00f3n, y el hecho de que la Empresa no haga valer un derecho o disposici\u00f3n en virtud de las Condiciones no constituir\u00e1 una renuncia a dicho derecho o disposici\u00f3n.<\/p>\n<p>Si alguna disposici\u00f3n de las Condiciones es declarada inv\u00e1lida, ilegal o inaplicable por cualquier motivo por un tribunal competente, dicha disposici\u00f3n se eliminar\u00e1 o limitar\u00e1 en la medida m\u00ednima en que las restantes disposiciones de las Condiciones sigan siendo plenamente vigentes y efectivas.<\/p>\n<p>22. <strong>Agradecimiento<\/strong><\/p>\n<p>AL UTILIZAR EL SERVICIO U OTROS SERVICIOS PROPORCIONADOS POR NOSOTROS, USTED RECONOCE QUE HA LE\u00cdDO ESTAS CONDICIONES DE SERVICIO Y ACEPTA REGIRSE POR ELLAS.<\/p>\n<p>23. <strong>Contacte con nosotros<\/strong><\/p>\n<p>Env\u00ede sus opiniones, comentarios y solicitudes de asistencia t\u00e9cnica por correo electr\u00f3nico: <strong>powerockpharma@pm.me<\/strong>.<\/p>","protected":false},"excerpt":{"rendered":"<p>1. Introduction Welcome to Powerock Pharma LLC (\u201cCompany\u201d, \u201cwe\u201d, \u201cour\u201d, \u201cus\u201d)! These Terms of Service (\u201cTerms\u201d, \u201cTerms of Service\u201d) govern your use of our website located at https:\/\/powerockpharma.com\/ (together or individually \u201cService\u201d) operated by Powerock Pharma LLC. Our Privacy Policy also governs your use of our Service and explains how we collect, safeguard and disclose information that results from your &#8230; <\/p>\n<div><a href=\"https:\/\/powerockpharma.com\/es\/condiciones-del-servicio\/\" class=\"more-link\">Read More<\/a><\/div>","protected":false},"author":1,"featured_media":0,"parent":0,"menu_order":0,"comment_status":"closed","ping_status":"closed","template":"","meta":{"_acf_changed":false,"rank_math_lock_modified_date":false,"inline_featured_image":false,"footnotes":""},"class_list":["post-437","page","type-page","status-publish","hentry","no-post-thumbnail"],"acf":[],"_links":{"self":[{"href":"https:\/\/powerockpharma.com\/es\/wp-json\/wp\/v2\/pages\/437","targetHints":{"allow":["GET"]}}],"collection":[{"href":"https:\/\/powerockpharma.com\/es\/wp-json\/wp\/v2\/pages"}],"about":[{"href":"https:\/\/powerockpharma.com\/es\/wp-json\/wp\/v2\/types\/page"}],"author":[{"embeddable":true,"href":"https:\/\/powerockpharma.com\/es\/wp-json\/wp\/v2\/users\/1"}],"replies":[{"embeddable":true,"href":"https:\/\/powerockpharma.com\/es\/wp-json\/wp\/v2\/comments?post=437"}],"version-history":[{"count":1,"href":"https:\/\/powerockpharma.com\/es\/wp-json\/wp\/v2\/pages\/437\/revisions"}],"predecessor-version":[{"id":438,"href":"https:\/\/powerockpharma.com\/es\/wp-json\/wp\/v2\/pages\/437\/revisions\/438"}],"wp:attachment":[{"href":"https:\/\/powerockpharma.com\/es\/wp-json\/wp\/v2\/media?parent=437"}],"curies":[{"name":"wp","href":"https:\/\/api.w.org\/{rel}","templated":true}]}}