{"id":100,"date":"2024-08-04T17:10:52","date_gmt":"2024-08-04T15:10:52","guid":{"rendered":"https:\/\/powerockpharma.com\/?post_type=product&#038;p=100"},"modified":"2025-11-12T07:05:15","modified_gmt":"2025-11-12T06:05:15","slug":"ghrp-6","status":"publish","type":"product","link":"https:\/\/powerockpharma.com\/es\/peptide-lyophilizates\/ghrp-6\/","title":{"rendered":"GHRP-6"},"content":{"rendered":"<h2>Propiedades:<\/h2>\n<p>GHRP-6, o Growth Hormone Releasing Peptide 6, es un potente p\u00e9ptido conocido por su significativo impacto en la liberaci\u00f3n de la hormona del crecimiento, lo que lo convierte en una valiosa herramienta en la investigaci\u00f3n centrada en el crecimiento muscular, la p\u00e9rdida de grasa y la mejora f\u00edsica general. Este compuesto es especialmente popular entre los investigadores que exploran m\u00e9todos avanzados para mejorar el f\u00edsico y el rendimiento. Imitando ghrelin, GHRP-6 estimula con eficacia la gl\u00e1ndula pituitaria para lanzar la hormona de crecimiento, llevando a varios efectos fisiol\u00f3gicos deseables, tales como s\u00edntesis creciente de la prote\u00edna, recuperaci\u00f3n realzada del m\u00fasculo, y grasa de cuerpo reducida.<\/p>\n<h2>Mecanismo de acci\u00f3n:<\/h2>\n<p>El mecanismo principal de GHRP-6 implica la estimulaci\u00f3n de la gl\u00e1ndula pituitaria, lo que aumenta la secreci\u00f3n de la hormona de crecimiento end\u00f3gena. Esta acci\u00f3n no s\u00f3lo promueve el crecimiento muscular mediante la aceleraci\u00f3n de la s\u00edntesis de prote\u00ednas, sino que tambi\u00e9n mejora la lip\u00f3lisis, ayudando en la p\u00e9rdida de grasa. Adem\u00e1s, la liberaci\u00f3n de la hormona del crecimiento tiene un efecto secundario en la mejora de la calidad del sue\u00f1o, el refuerzo de la funci\u00f3n inmunitaria y la promoci\u00f3n del bienestar general. A diferencia de los agentes anab\u00f3licos sint\u00e9ticos, GHRP-6 trabaja con los procesos naturales del cuerpo, reduciendo la probabilidad de efectos secundarios no deseados, mientras que la entrega de beneficios espec\u00edficos. Esta acci\u00f3n selectiva asegura que el p\u00e9ptido influye principalmente en los tejidos implicados en el crecimiento y la recuperaci\u00f3n, minimizando los impactos en otros sistemas.<\/p>\n<h2>Ventajas:<\/h2>\n<p>El uso regular de GHRP-6 en entornos de investigaci\u00f3n ha demostrado producir aumentos significativos de la masa muscular magra, mayor fuerza y tiempos de recuperaci\u00f3n acelerados. Adem\u00e1s, el p\u00e9ptido ha demostrado su eficacia en la reducci\u00f3n del tejido adiposo, la mejora de los patrones de sue\u00f1o, y el fortalecimiento del sistema inmunol\u00f3gico. Los investigadores que se centran en la mejora del rendimiento, anti-envejecimiento, y los estudios metab\u00f3licos pueden encontrar GHRP-6 particularmente eficaz debido a sus beneficios de amplio alcance. Adem\u00e1s, la capacidad del compuesto para mejorar la elasticidad de la piel y promover la cicatrizaci\u00f3n lo convierte en un complemento vers\u00e1til para diversos protocolos de investigaci\u00f3n.<\/p>\n<h2>Por qu\u00e9 Powerock Pharma:<\/h2>\n<p>En Powerock Pharma, damos prioridad a la excelencia y la seguridad en cada producto que producimos. Nuestro GHRP-6 se fabrica en instalaciones de \u00faltima generaci\u00f3n que se adhieren a los m\u00e1s altos est\u00e1ndares de la industria, incluyendo GMP, HACCP e ISO 13485 certificaciones. Cada lote se somete a rigurosas pruebas para garantizar su pureza, potencia y consistencia, lo que permite a los investigadores obtener resultados fiables con confianza. Nos asociamos con laboratorios l\u00edderes para validar nuestros productos, asegurando que usted reciba un p\u00e9ptido que cumpla con los m\u00e1s altos est\u00e1ndares de calidad y eficacia. Cuando elige Powerock Pharma, est\u00e1 seleccionando un producto en el que conf\u00edan investigadores de todo el mundo por su integridad y rendimiento.<\/p>\n<h3>Resumen:<\/h3>\n<p>Si su investigaci\u00f3n pretende explorar m\u00e9todos avanzados para el crecimiento muscular, la reducci\u00f3n de grasa o la mejora f\u00edsica en general, GHRP-6 de Powerock Pharma es la elecci\u00f3n ideal. Respaldado por nuestras rigurosas medidas de control de calidad y fabricado con los m\u00e1s altos est\u00e1ndares, este p\u00e9ptido proporciona los resultados fiables que necesita. Eleve su investigaci\u00f3n ordenando GHRP-6 hoy y experimente la diferencia que la calidad superior puede hacer.<\/p>","protected":false},"excerpt":{"rendered":"<p>GHRP-6 mejora el crecimiento muscular y la recuperaci\u00f3n mediante la estimulaci\u00f3n de la liberaci\u00f3n de la hormona del crecimiento. Ayuda en la p\u00e9rdida de grasa, mejora el sue\u00f1o y la funci\u00f3n inmune. Conf\u00ede en Powerock Pharma para una calidad superior y resultados de investigaci\u00f3n fiables.<\/p>","protected":false},"featured_media":195,"template":"","meta":{"_acf_changed":false,"rank_math_lock_modified_date":false,"inline_featured_image":false},"product_cat":[17],"product_tag":[],"class_list":{"0":"post-100","1":"product","2":"type-product","3":"status-publish","4":"has-post-thumbnail","6":"product_cat-peptide-lyophilizates","9":"first","10":"instock","11":"shipping-taxable","12":"product-type-simple"},"acf":{"chromatogram":659,"metoda":{"acftf":{"v":"1.3.24"},"p":{"o":{"uh":0},"ca":""},"c":[{"p":""}],"h":[{"c":""}],"b":[[{"c":""}]]}},"_links":{"self":[{"href":"https:\/\/powerockpharma.com\/es\/wp-json\/wp\/v2\/product\/100","targetHints":{"allow":["GET"]}}],"collection":[{"href":"https:\/\/powerockpharma.com\/es\/wp-json\/wp\/v2\/product"}],"about":[{"href":"https:\/\/powerockpharma.com\/es\/wp-json\/wp\/v2\/types\/product"}],"wp:featuredmedia":[{"embeddable":true,"href":"https:\/\/powerockpharma.com\/es\/wp-json\/wp\/v2\/media\/195"}],"wp:attachment":[{"href":"https:\/\/powerockpharma.com\/es\/wp-json\/wp\/v2\/media?parent=100"}],"wp:term":[{"taxonomy":"product_cat","embeddable":true,"href":"https:\/\/powerockpharma.com\/es\/wp-json\/wp\/v2\/product_cat?post=100"},{"taxonomy":"product_tag","embeddable":true,"href":"https:\/\/powerockpharma.com\/es\/wp-json\/wp\/v2\/product_tag?post=100"}],"curies":[{"name":"wp","href":"https:\/\/api.w.org\/{rel}","templated":true}]}}