{"id":101,"date":"2024-08-04T17:11:22","date_gmt":"2024-08-04T15:11:22","guid":{"rendered":"https:\/\/powerockpharma.com\/?post_type=product&#038;p=101"},"modified":"2025-11-12T07:05:29","modified_gmt":"2025-11-12T06:05:29","slug":"ghrp-2","status":"publish","type":"product","link":"https:\/\/powerockpharma.com\/es\/peptide-lyophilizates\/ghrp-2\/","title":{"rendered":"GHRP-2"},"content":{"rendered":"<h2>Propiedades:<\/h2>\n<p>GHRP-2 (Growth Hormone Releasing Peptide-2) es un potente secretagogo de la hormona del crecimiento conocida por sus efectos significativos en la mejora de la masa muscular, la reducci\u00f3n de la grasa corporal, y la mejora del rendimiento f\u00edsico en general. Este p\u00e9ptido es ampliamente reconocido por su capacidad para estimular la gl\u00e1ndula pituitaria para aumentar la secreci\u00f3n natural de la hormona del crecimiento (GH), lo que lleva a una cascada de efectos anab\u00f3licos en el cuerpo. Al aumentar los niveles de GH, GHRP-2 promueve la s\u00edntesis de prote\u00ednas, que desempe\u00f1a un papel crucial en el desarrollo muscular y la recuperaci\u00f3n. Adem\u00e1s, ayuda en la descomposici\u00f3n del tejido adiposo, por lo que es una herramienta eficaz para aquellos que buscan reducir la grasa corporal, preservando la masa muscular magra.<\/p>\n<h2>Mecanismo de acci\u00f3n:<\/h2>\n<p>La acci\u00f3n de la GHRP-2 gira en torno a su capacidad para unirse a receptores espec\u00edficos de la hip\u00f3fisis, lo que estimula la secreci\u00f3n de la hormona del crecimiento. Este aumento de los niveles de GH potencia posteriormente la producci\u00f3n de factor de crecimiento similar a la insulina 1 (IGF-1) en el h\u00edgado, que es directamente responsable de muchos de los efectos anab\u00f3licos asociados a la GH. El p\u00e9ptido tambi\u00e9n inhibe la somatostatina, una hormona que normalmente suprime la liberaci\u00f3n de GH, asegurando as\u00ed niveles sostenidos de GH. Este doble mecanismo de estimulaci\u00f3n de la liberaci\u00f3n de GH y la inhibici\u00f3n de la somatostatina hace GHRP-2 particularmente eficaz en el aumento de la masa muscular, la reducci\u00f3n de grasa, y la mejora de los tiempos de recuperaci\u00f3n. La acci\u00f3n selectiva de GHRP-2 asegura que se dirige principalmente a la liberaci\u00f3n de GH sin afectar significativamente a otras hormonas, minimizando el riesgo de efectos secundarios no deseados.<\/p>\n<h2>Ventajas:<\/h2>\n<p>El uso constante de GHRP-2 en la investigaci\u00f3n ha demostrado numerosas ventajas, incluyendo aumentos significativos en masa magra del m\u00fasculo, p\u00e9rdida gorda realzada, tiempos acelerados de la recuperaci\u00f3n, y funcionamiento f\u00edsico total mejorado. Estos efectos son particularmente beneficiosos para los culturistas, atletas y personas sometidas a un ciclo de corte. M\u00e1s all\u00e1 de sus efectos anab\u00f3licos, GHRP-2 tambi\u00e9n se ha asociado con la mejora de la calidad del sue\u00f1o y el aumento de la elasticidad de la piel, lo que contribuye a su popularidad en la investigaci\u00f3n anti-envejecimiento. Los investigadores han observado que los sujetos que utilizan GHRP-2 experimentan mejores niveles de energ\u00eda, estabilizaci\u00f3n del estado de \u00e1nimo y una sensaci\u00f3n general de bienestar, lo que lo convierte en un compuesto vers\u00e1til para diversas aplicaciones de investigaci\u00f3n.<\/p>\n<h2>Por qu\u00e9 Powerock Pharma:<\/h2>\n<p>En Powerock Pharma, nuestro compromiso con la calidad es inigualable. Cada lote de GHRP-2 se produce en instalaciones que se adhieren a las m\u00e1s estrictas normas GMP, HACCP e ISO 13485, asegurando que usted reciba un producto que es a la vez eficaz y seguro. Nuestros avanzados protocolos de prueba, realizados en colaboraci\u00f3n con laboratorios l\u00edderes, garantizan la pureza y potencia de GHRP-2, permitiendo a los investigadores llevar a cabo estudios con confianza. Powerock Pharma garantiza la calidad de nuestros productos, proporcionando resultados fiables y consistentes para sus necesidades de investigaci\u00f3n. Cuando se trata de GHRP-2, conf\u00ede en Powerock Pharma para obtener los m\u00e1s altos est\u00e1ndares de excelencia.<\/p>\n<h3>Resumen:<\/h3>\n<p>Si usted est\u00e1 buscando para elevar su investigaci\u00f3n sobre el crecimiento muscular, p\u00e9rdida de grasa, o el rendimiento f\u00edsico en general, GHRP-2 es el p\u00e9ptido ideal para explorar. Con las rigurosas medidas de control de calidad de Powerock Pharma, usted puede estar seguro de la pureza y la potencia de este compuesto, por lo que su investigaci\u00f3n eficaz y fiable. No comprometa la calidad: pida GHRP-2 a Powerock Pharma hoy mismo y lleve sus estudios al siguiente nivel.<\/p>","protected":false},"excerpt":{"rendered":"<p>GHRP-2 apoya la liberaci\u00f3n de la hormona del crecimiento mediante la estimulaci\u00f3n de la gl\u00e1ndula pituitaria. Ofrece beneficios tales como el aumento de la masa muscular, p\u00e9rdida de grasa, y la recuperaci\u00f3n acelerada. Elija Powerock Pharma para la pureza, potencia y resultados consistentes.<\/p>","protected":false},"featured_media":193,"template":"","meta":{"_acf_changed":false,"rank_math_lock_modified_date":false,"inline_featured_image":false},"product_cat":[17],"product_tag":[],"class_list":{"0":"post-101","1":"product","2":"type-product","3":"status-publish","4":"has-post-thumbnail","6":"product_cat-peptide-lyophilizates","9":"first","10":"instock","11":"shipping-taxable","12":"product-type-simple"},"acf":{"chromatogram":660,"metoda":{"acftf":{"v":"1.3.24"},"p":{"o":{"uh":0},"ca":""},"c":[{"p":""}],"h":[{"c":""}],"b":[[{"c":""}]]}},"_links":{"self":[{"href":"https:\/\/powerockpharma.com\/es\/wp-json\/wp\/v2\/product\/101","targetHints":{"allow":["GET"]}}],"collection":[{"href":"https:\/\/powerockpharma.com\/es\/wp-json\/wp\/v2\/product"}],"about":[{"href":"https:\/\/powerockpharma.com\/es\/wp-json\/wp\/v2\/types\/product"}],"wp:featuredmedia":[{"embeddable":true,"href":"https:\/\/powerockpharma.com\/es\/wp-json\/wp\/v2\/media\/193"}],"wp:attachment":[{"href":"https:\/\/powerockpharma.com\/es\/wp-json\/wp\/v2\/media?parent=101"}],"wp:term":[{"taxonomy":"product_cat","embeddable":true,"href":"https:\/\/powerockpharma.com\/es\/wp-json\/wp\/v2\/product_cat?post=101"},{"taxonomy":"product_tag","embeddable":true,"href":"https:\/\/powerockpharma.com\/es\/wp-json\/wp\/v2\/product_tag?post=101"}],"curies":[{"name":"wp","href":"https:\/\/api.w.org\/{rel}","templated":true}]}}