{"id":102,"date":"2024-08-04T17:11:58","date_gmt":"2024-08-04T15:11:58","guid":{"rendered":"https:\/\/powerockpharma.com\/?post_type=product&#038;p=102"},"modified":"2025-11-12T07:08:17","modified_gmt":"2025-11-12T06:08:17","slug":"cjc-1295-dac","status":"publish","type":"product","link":"https:\/\/powerockpharma.com\/es\/peptide-lyophilizates\/cjc-1295-dac\/","title":{"rendered":"CJC-1295 DAC"},"content":{"rendered":"<h2>Propiedades:<\/h2>\n<p>CJC-1295 DAC es un potente p\u00e9ptido conocido por su impacto significativo en el crecimiento muscular, la reducci\u00f3n de grasa, y anti-envejecimiento. Este an\u00e1logo sint\u00e9tico de la hormona liberadora de la hormona del crecimiento (GHRH) est\u00e1 dise\u00f1ado para aumentar la cantidad y la duraci\u00f3n de la liberaci\u00f3n de la hormona del crecimiento (GH), lo que lleva a niveles elevados de factor de crecimiento similar a la insulina 1 (IGF-1) en el cuerpo. IGF-1 es un factor cr\u00edtico en la promoci\u00f3n de la hipertrofia muscular, mejorando el metabolismo de la grasa, y el apoyo a la reparaci\u00f3n de tejidos en general y la regeneraci\u00f3n. La vida media extendida de CJC-1295 DAC significa que contin\u00faa estimulando la liberaci\u00f3n de GH durante d\u00edas, por lo que es una opci\u00f3n eficaz para aquellos que buscan optimizar su f\u00edsico, mejorar el rendimiento, o mitigar los efectos del envejecimiento.<\/p>\n<h2>Mecanismo de acci\u00f3n:<\/h2>\n<p>El CJC-1295 DAC act\u00faa uni\u00e9ndose a los receptores de la hormona liberadora de la hormona del crecimiento (GHRH) en la hip\u00f3fisis, lo que provoca un aumento de la secreci\u00f3n de GH. A diferencia de otros an\u00e1logos de la GHRH, el CJC-1295 DAC est\u00e1 modificado con un Complejo de Afinidad al F\u00e1rmaco (DAC) que prolonga su semivida hasta aproximadamente 8 d\u00edas, lo que permite una liberaci\u00f3n de GH m\u00e1s sostenida y controlada. Esta liberaci\u00f3n sostenida conduce a un aumento constante de los niveles de IGF-1, que desempe\u00f1a un papel fundamental en el crecimiento muscular, la p\u00e9rdida de grasa y la reparaci\u00f3n de tejidos. Al promover selectivamente estos procesos anab\u00f3licos, CJC-1295 DAC ayuda a los usuarios a alcanzar sus objetivos sin los efectos secundarios asociados con los compuestos anab\u00f3licos m\u00e1s tradicionales, como los esteroides.<\/p>\n<h2>Ventajas:<\/h2>\n<p>El uso regular de CJC-1295 DAC puede resultar en mejoras notables en la masa muscular y la fuerza, as\u00ed como una reducci\u00f3n significativa de la grasa corporal. Los investigadores han observado que mejora los tiempos de recuperaci\u00f3n, permitiendo sesiones de entrenamiento m\u00e1s frecuentes e intensas. Adem\u00e1s, su capacidad para aumentar los niveles de IGF-1 contribuye a mejorar la elasticidad de la piel, la densidad \u00f3sea y la vitalidad en general, por lo que es un poderoso agente anti-envejecimiento. Los beneficios secundarios incluyen el aumento de los niveles de energ\u00eda, la mejora de la calidad del sue\u00f1o y una sensaci\u00f3n general de bienestar. CJC-1295 DAC es particularmente eficaz para culturistas, atletas y personas que buscan ralentizar el proceso de envejecimiento, manteniendo o mejorando el rendimiento f\u00edsico.<\/p>\n<h2>Por qu\u00e9 Powerock Pharma:<\/h2>\n<p>En Powerock Pharma, priorizamos la calidad y la seguridad por encima de todo. Nuestro CJC-1295 DAC se produce en instalaciones que se adhieren a los m\u00e1s altos est\u00e1ndares, incluyendo GMP, HACCP e ISO 13485. Cada lote se somete a rigurosas pruebas para garantizar su pureza, potencia y consistencia, proporcionando a los investigadores la fiabilidad que necesitan. Colaboramos con laboratorios de primer nivel para validar la eficacia de nuestros productos, garantizando que nuestro CJC-1295 DAC cumple y supera los est\u00e1ndares de la industria. Con Powerock Pharma, no s\u00f3lo est\u00e1 comprando un producto, est\u00e1 invirtiendo en investigaci\u00f3n de calidad y resultados consistentes.<\/p>\n<h3>Resumen:<\/h3>\n<p>Si su investigaci\u00f3n se centra en el crecimiento muscular, la p\u00e9rdida de grasa o el antienvejecimiento, CJC-1295 DAC es el p\u00e9ptido ideal para incluir en sus estudios. Con el compromiso de Powerock Pharma con la excelencia, puede confiar en que este producto le proporcionar\u00e1 los resultados que necesita de forma segura y eficaz. No comprometa la calidad: pida CJC-1295 DAC hoy mismo y lleve su investigaci\u00f3n a nuevas cotas.<\/p>\n<div id=\"gtx-trans\" style=\"position: absolute; left: 267px; top: 690.969px;\">\n<div class=\"gtx-trans-icon\"><\/div>\n<\/div>","protected":false},"excerpt":{"rendered":"<p>CJC-1295 DAC apoya el crecimiento muscular y la p\u00e9rdida de grasa mediante el aumento de los niveles de IGF-1 a trav\u00e9s de la liberaci\u00f3n prolongada de GH. Ofrece una mejor recuperaci\u00f3n, retenci\u00f3n muscular y beneficios anti-envejecimiento. Elija Powerock Pharma para una calidad inigualable y resultados fiables.<\/p>","protected":false},"featured_media":187,"template":"","meta":{"_acf_changed":false,"rank_math_lock_modified_date":false,"inline_featured_image":false},"product_cat":[17],"product_tag":[],"class_list":{"0":"post-102","1":"product","2":"type-product","3":"status-publish","4":"has-post-thumbnail","6":"product_cat-peptide-lyophilizates","9":"first","10":"instock","11":"shipping-taxable","12":"product-type-simple"},"acf":{"chromatogram":671,"metoda":{"acftf":{"v":"1.3.24"},"p":{"o":{"uh":0},"ca":""},"c":[{"p":""}],"h":[{"c":""}],"b":[[{"c":""}]]}},"_links":{"self":[{"href":"https:\/\/powerockpharma.com\/es\/wp-json\/wp\/v2\/product\/102","targetHints":{"allow":["GET"]}}],"collection":[{"href":"https:\/\/powerockpharma.com\/es\/wp-json\/wp\/v2\/product"}],"about":[{"href":"https:\/\/powerockpharma.com\/es\/wp-json\/wp\/v2\/types\/product"}],"wp:featuredmedia":[{"embeddable":true,"href":"https:\/\/powerockpharma.com\/es\/wp-json\/wp\/v2\/media\/187"}],"wp:attachment":[{"href":"https:\/\/powerockpharma.com\/es\/wp-json\/wp\/v2\/media?parent=102"}],"wp:term":[{"taxonomy":"product_cat","embeddable":true,"href":"https:\/\/powerockpharma.com\/es\/wp-json\/wp\/v2\/product_cat?post=102"},{"taxonomy":"product_tag","embeddable":true,"href":"https:\/\/powerockpharma.com\/es\/wp-json\/wp\/v2\/product_tag?post=102"}],"curies":[{"name":"wp","href":"https:\/\/api.w.org\/{rel}","templated":true}]}}