{"id":103,"date":"2024-08-04T17:12:52","date_gmt":"2024-08-04T15:12:52","guid":{"rendered":"https:\/\/powerockpharma.com\/?post_type=product&#038;p=103"},"modified":"2025-11-12T07:08:32","modified_gmt":"2025-11-12T06:08:32","slug":"cjc-1295","status":"publish","type":"product","link":"https:\/\/powerockpharma.com\/es\/peptide-lyophilizates\/cjc-1295\/","title":{"rendered":"CJC-1295"},"content":{"rendered":"<h2>Propiedades:<\/h2>\n<p>El CJC-1295 es un potente p\u00e9ptido conocido por sus importantes efectos en la promoci\u00f3n del crecimiento muscular y la p\u00e9rdida de grasa, lo que lo convierte en una opci\u00f3n de primer orden para los investigadores centrados en mejorar el rendimiento f\u00edsico y la composici\u00f3n corporal. Este compuesto funciona aumentando la liberaci\u00f3n de la hormona del crecimiento (GH) de la gl\u00e1ndula pituitaria, lo que conduce a una cascada de cambios fisiol\u00f3gicos beneficiosos, incluyendo el aumento de la s\u00edntesis de prote\u00ednas, metabolismo de las grasas, y la mejora de los tiempos de recuperaci\u00f3n. El CJC-1295 es especialmente apreciado por su capacidad para prolongar la semivida de la hormona de crecimiento end\u00f3gena, amplificando as\u00ed sus efectos sin necesidad de una administraci\u00f3n frecuente.<\/p>\n<h2>Mecanismo de acci\u00f3n:<\/h2>\n<p>El CJC-1295 act\u00faa uni\u00e9ndose a los receptores de la hormona liberadora de la hormona del crecimiento (GHRH), estimulando la liberaci\u00f3n de GH. Esta acci\u00f3n no s\u00f3lo aumenta los niveles de GH, sino que tambi\u00e9n prolonga su actividad dentro del cuerpo mediante la inhibici\u00f3n de la descomposici\u00f3n de los p\u00e9ptidos liberadores de GH. El resultado es una elevaci\u00f3n sostenida en los niveles de GH, lo que lleva a un mayor crecimiento muscular, reducci\u00f3n de la grasa corporal, y una recuperaci\u00f3n m\u00e1s r\u00e1pida despu\u00e9s de la actividad f\u00edsica intensa. A diferencia de algunos agentes anabolizantes, el mecanismo selectivo del CJC-1295 garantiza unos efectos secundarios m\u00ednimos, con un impacto reducido en los tejidos no diana, lo que lo convierte en una alternativa m\u00e1s segura para la investigaci\u00f3n centrada en la mejora de la composici\u00f3n corporal.<\/p>\n<h2>Ventajas:<\/h2>\n<p>El uso regular de CJC-1295 en entornos de investigaci\u00f3n ha demostrado producir aumentos significativos en la masa muscular magra, la reducci\u00f3n de los porcentajes de grasa corporal, y per\u00edodos de recuperaci\u00f3n m\u00e1s r\u00e1pidos entre los entrenamientos. Los investigadores tambi\u00e9n han observado beneficios secundarios, como la mejora de la calidad del sue\u00f1o, el aumento de los niveles de energ\u00eda y una mayor vitalidad general. El p\u00e9ptido es especialmente eficaz para los estudios con culturistas, atletas o personas que buscan mantener la masa magra al tiempo que reduce la grasa corporal durante un d\u00e9ficit cal\u00f3rico. Su capacidad para promover la recuperaci\u00f3n y la conservaci\u00f3n muscular lo convierte en una herramienta vers\u00e1til en el campo de la mejora del rendimiento.<\/p>\n<h2>Por qu\u00e9 Powerock Pharma:<\/h2>\n<p>En Powerock Pharma, nuestra dedicaci\u00f3n a la excelencia garantiza que cada lote de CJC-1295 cumpla con los m\u00e1s altos est\u00e1ndares de calidad y seguridad. Producido en instalaciones que cumplen las certificaciones GMP, HACCP e ISO 13485, nuestro CJC-1295 se somete a rigurosas pruebas para validar su pureza y potencia. Al asociarnos con laboratorios l\u00edderes, garantizamos que lo que usted recibe es eficaz y fiable. Con Powerock Pharma, puede confiar en que su investigaci\u00f3n producir\u00e1 resultados consistentes y reproducibles gracias a la calidad superior de nuestros productos.<\/p>\n<h3>Resumen:<\/h3>\n<p>Para los investigadores que deseen explorar todo el potencial de la modulaci\u00f3n de la hormona del crecimiento, CJC-1295 ofrece una soluci\u00f3n s\u00f3lida y fiable. Respaldado por los estrictos controles de calidad de Powerock Pharma, este producto est\u00e1 dise\u00f1ado para ayudarle a alcanzar sus objetivos de investigaci\u00f3n con precisi\u00f3n y confianza. No comprometa la calidad: pida hoy mismo CJC-1295 y experimente la diferencia que Powerock Pharma aporta a su investigaci\u00f3n.<\/p>","protected":false},"excerpt":{"rendered":"<p>CJC-1295 apoya el crecimiento muscular y la p\u00e9rdida de grasa mediante la promoci\u00f3n de una mayor liberaci\u00f3n de la hormona del crecimiento. Ofrece una mejor recuperaci\u00f3n, aumento de masa magra y reducci\u00f3n de grasa. Elija Powerock Pharma para la calidad superior y resultados consistentes.<\/p>","protected":false},"featured_media":186,"template":"","meta":{"_acf_changed":false,"rank_math_lock_modified_date":false,"inline_featured_image":false},"product_cat":[17],"product_tag":[],"class_list":{"0":"post-103","1":"product","2":"type-product","3":"status-publish","4":"has-post-thumbnail","6":"product_cat-peptide-lyophilizates","9":"first","10":"instock","11":"shipping-taxable","12":"product-type-simple"},"acf":{"chromatogram":672,"metoda":{"acftf":{"v":"1.3.24"},"p":{"o":{"uh":0},"ca":""},"c":[{"p":""}],"h":[{"c":""}],"b":[[{"c":""}]]}},"_links":{"self":[{"href":"https:\/\/powerockpharma.com\/es\/wp-json\/wp\/v2\/product\/103","targetHints":{"allow":["GET"]}}],"collection":[{"href":"https:\/\/powerockpharma.com\/es\/wp-json\/wp\/v2\/product"}],"about":[{"href":"https:\/\/powerockpharma.com\/es\/wp-json\/wp\/v2\/types\/product"}],"wp:featuredmedia":[{"embeddable":true,"href":"https:\/\/powerockpharma.com\/es\/wp-json\/wp\/v2\/media\/186"}],"wp:attachment":[{"href":"https:\/\/powerockpharma.com\/es\/wp-json\/wp\/v2\/media?parent=103"}],"wp:term":[{"taxonomy":"product_cat","embeddable":true,"href":"https:\/\/powerockpharma.com\/es\/wp-json\/wp\/v2\/product_cat?post=103"},{"taxonomy":"product_tag","embeddable":true,"href":"https:\/\/powerockpharma.com\/es\/wp-json\/wp\/v2\/product_tag?post=103"}],"curies":[{"name":"wp","href":"https:\/\/api.w.org\/{rel}","templated":true}]}}