{"id":104,"date":"2024-08-04T17:19:33","date_gmt":"2024-08-04T15:19:33","guid":{"rendered":"https:\/\/powerockpharma.com\/?post_type=product&#038;p=104"},"modified":"2025-11-12T07:04:14","modified_gmt":"2025-11-12T06:04:14","slug":"hardcore","status":"publish","type":"product","link":"https:\/\/powerockpharma.com\/es\/sarms\/hardcore\/","title":{"rendered":"HARDCORE"},"content":{"rendered":"<h2>Propiedades:<\/h2>\n<p>HARDCORE es una formulaci\u00f3n avanzada dise\u00f1ada para investigadores centrados en el crecimiento muscular, la mejora de la fuerza y la p\u00e9rdida de grasa. Esta potente combinaci\u00f3n incluye MK-677, RAD-140, LGD-4033, y MK-2866, cada uno elegido por sus efectos \u00fanicos y potentes sobre la composici\u00f3n corporal y el rendimiento. MK-677 es conocido por aumentar los niveles de la hormona del crecimiento, lo que conduce a la mejora de la masa muscular y la recuperaci\u00f3n. RAD-140 y LGD-4033 son moduladores selectivos de los receptores androg\u00e9nicos (SARM) que act\u00faan selectivamente sobre el tejido muscular, promoviendo el crecimiento y la fuerza muscular sin los efectos secundarios no deseados que suelen asociarse a los esteroides anabolizantes. MK-2866 apoya la preservaci\u00f3n muscular y aumenta la p\u00e9rdida de grasa, por lo que esta mezcla es ideal para las fases de corte y recomposici\u00f3n.<\/p>\n<h2>Mecanismo de acci\u00f3n:<\/h2>\n<p>HARDCORE act\u00faa mediante un enfoque sin\u00e9rgico. MK-677 estimula la secreci\u00f3n de la hormona del crecimiento e IGF-1, que son cruciales para el crecimiento muscular, la recuperaci\u00f3n y el metabolismo de las grasas. RAD-140 y LGD-4033 trabajan uni\u00e9ndose selectivamente a los receptores de andr\u00f3genos en los tejidos musculares, lo que lleva a una mayor s\u00edntesis de prote\u00ednas, crecimiento muscular y aumento de la fuerza. MK-2866 (Ostarine) es un potente SARM que ayuda a mantener la masa muscular magra durante d\u00e9ficits cal\u00f3ricos mediante la promoci\u00f3n de la actividad anab\u00f3lica en los tejidos musculares. Los mecanismos selectivos de estos compuestos aseguran que el tejido muscular es el objetivo principal, minimizando el impacto en los tejidos no diana, reduciendo as\u00ed el riesgo de efectos secundarios com\u00fanmente observados con los agentes anab\u00f3licos tradicionales.<\/p>\n<h2>Ventajas:<\/h2>\n<p>Gracias a su uso constante en investigaci\u00f3n, HARDCORE proporciona aumentos notables de la masa muscular, la fuerza y la resistencia. Los investigadores han observado tiempos de recuperaci\u00f3n acelerados, por lo que es una excelente opci\u00f3n para los estudios centrados en la mejora del rendimiento. Adem\u00e1s, HARDCORE favorece la p\u00e9rdida de grasa, la conservaci\u00f3n muscular y la recomposici\u00f3n corporal general, lo que lo hace vers\u00e1til para diversas aplicaciones de investigaci\u00f3n. Los beneficios secundarios pueden incluir la mejora de la vascularizaci\u00f3n, los niveles de energ\u00eda y el estado de \u00e1nimo, que son ventajosos para los sujetos sometidos a un entrenamiento riguroso o restricciones diet\u00e9ticas.<\/p>\n<h2>Por qu\u00e9 Powerock Pharma:<\/h2>\n<p>En Powerock Pharma, la calidad y la precisi\u00f3n son nuestras se\u00f1as de identidad. Cada lote de HARDCORE se produce en instalaciones que superan las normas GMP, HACCP e ISO 13485, lo que garantiza que nuestros productos sean seguros, fiables y de la m\u00e1xima calidad. Empleamos los procedimientos de prueba m\u00e1s avanzados y colaboramos con laboratorios l\u00edderes para validar la pureza y potencia de nuestras f\u00f3rmulas. Cuando usted elige HARDCORE de Powerock Pharma, est\u00e1 eligiendo un producto que ofrece resultados consistentes y fiables respaldados por un riguroso control de calidad.<\/p>\n<h3>Resumen:<\/h3>\n<p>Si su investigaci\u00f3n se centra en maximizar el crecimiento muscular, mejorar el rendimiento o aumentar la composici\u00f3n corporal, HARDCORE es la soluci\u00f3n que necesita. Respaldada por el compromiso de calidad de Powerock Pharma, esta avanzada mezcla de MK-677, RAD-140, LGD-4033 y MK-2866 est\u00e1 dise\u00f1ada para ayudarle a conseguir resultados significativos en sus estudios. No se conforme con menos: pida HARDCORE hoy mismo y experimente la diferencia de Powerock Pharma en los resultados de sus investigaciones.<\/p>","protected":false},"excerpt":{"rendered":"<p>HARDCORE combina MK-677, RAD-140, LGD-4033 y MK-2866 para amplificar el crecimiento muscular, la fuerza y la p\u00e9rdida de grasa mediante la modulaci\u00f3n de los receptores de andr\u00f3genos y el aumento de la hormona del crecimiento. Experimente una recuperaci\u00f3n y un rendimiento mejorados con la mezcla de m\u00e1xima calidad de Powerock Pharma.<\/p>","protected":false},"featured_media":218,"template":"","meta":{"_acf_changed":false,"rank_math_lock_modified_date":false,"inline_featured_image":false},"product_cat":[18],"product_tag":[],"class_list":{"0":"post-104","1":"product","2":"type-product","3":"status-publish","4":"has-post-thumbnail","6":"product_cat-sarms","9":"first","10":"instock","11":"shipping-taxable","12":"product-type-simple"},"acf":{"chromatogram":656,"metoda":""},"_links":{"self":[{"href":"https:\/\/powerockpharma.com\/es\/wp-json\/wp\/v2\/product\/104","targetHints":{"allow":["GET"]}}],"collection":[{"href":"https:\/\/powerockpharma.com\/es\/wp-json\/wp\/v2\/product"}],"about":[{"href":"https:\/\/powerockpharma.com\/es\/wp-json\/wp\/v2\/types\/product"}],"wp:featuredmedia":[{"embeddable":true,"href":"https:\/\/powerockpharma.com\/es\/wp-json\/wp\/v2\/media\/218"}],"wp:attachment":[{"href":"https:\/\/powerockpharma.com\/es\/wp-json\/wp\/v2\/media?parent=104"}],"wp:term":[{"taxonomy":"product_cat","embeddable":true,"href":"https:\/\/powerockpharma.com\/es\/wp-json\/wp\/v2\/product_cat?post=104"},{"taxonomy":"product_tag","embeddable":true,"href":"https:\/\/powerockpharma.com\/es\/wp-json\/wp\/v2\/product_tag?post=104"}],"curies":[{"name":"wp","href":"https:\/\/api.w.org\/{rel}","templated":true}]}}