{"id":105,"date":"2024-08-04T17:20:16","date_gmt":"2024-08-04T15:20:16","guid":{"rendered":"https:\/\/powerockpharma.com\/?post_type=product&#038;p=105"},"modified":"2025-11-12T07:01:34","modified_gmt":"2025-11-12T06:01:34","slug":"mass-xxl","status":"publish","type":"product","link":"https:\/\/powerockpharma.com\/es\/sarms\/mass-xxl\/","title":{"rendered":"MASA XXL"},"content":{"rendered":"<h2>Propiedades:<\/h2>\n<p>MASS XXL es una combinaci\u00f3n altamente eficaz de tres potentes compuestos: MK-2866 (Ostarine), MK-677 (Ibutamoren), y LGD-3033, cada uno conocido por sus efectos distintos y potentes en el crecimiento muscular, p\u00e9rdida de grasa, y la mejora general del rendimiento. Esta f\u00f3rmula sin\u00e9rgica est\u00e1 dise\u00f1ada para investigadores centrados en maximizar la hipertrofia muscular, aumentar la masa corporal magra y mejorar los tiempos de recuperaci\u00f3n. MASS XXL funciona modulando selectivamente los receptores de andr\u00f3genos, mejorando la s\u00edntesis de prote\u00ednas y promoviendo la secreci\u00f3n de la hormona del crecimiento, por lo que es una opci\u00f3n preferida para aquellos que buscan transformaciones f\u00edsicas significativas.<\/p>\n<h2>Mecanismo de acci\u00f3n:<\/h2>\n<p>La eficacia de MASS XXL se basa en las distintas acciones de sus componentes. MK-2866 es un modulador selectivo del receptor de andr\u00f3genos (SARM) que se dirige espec\u00edficamente a los tejidos musculares y \u00f3seos, lo que lleva a un aumento de la masa muscular y la fuerza sin los efectos secundarios no deseados t\u00edpicamente asociados con los esteroides anab\u00f3licos. MK-677, un potente secretagogo de la hormona del crecimiento, estimula la liberaci\u00f3n de la hormona del crecimiento e IGF-1, promoviendo el crecimiento muscular, la p\u00e9rdida de grasa y una mejor recuperaci\u00f3n. LGD-3033, otro SARM, ofrece efectos anab\u00f3licos superiores, contribuyendo a\u00fan m\u00e1s al crecimiento muscular y a la reducci\u00f3n de grasa, al tiempo que preserva la masa magra durante los d\u00e9ficits cal\u00f3ricos. Juntos, estos compuestos proporcionan un enfoque integral para la mejora del f\u00edsico y la optimizaci\u00f3n del rendimiento.<\/p>\n<h2>Ventajas:<\/h2>\n<p>El uso constante de MASS XXL en entornos de investigaci\u00f3n ha demostrado dar lugar a aumentos significativos en la masa muscular y la fuerza, la mejora de la composici\u00f3n corporal a trav\u00e9s de la p\u00e9rdida de grasa, y la aceleraci\u00f3n de los tiempos de recuperaci\u00f3n. Adem\u00e1s, la f\u00f3rmula promueve una mejor resistencia, mayores niveles de energ\u00eda, y un f\u00edsico m\u00e1s definido. Los usuarios tambi\u00e9n pueden experimentar una mejora de la vascularizaci\u00f3n y el acondicionamiento general del cuerpo, por lo que MASS XXL es ideal para culturistas, atletas y personas que se someten a ciclos de corte. La combinaci\u00f3n de estos tres compuestos ofrece una herramienta robusta y vers\u00e1til para los investigadores que exploran los l\u00edmites del rendimiento humano y la mejora del f\u00edsico.<\/p>\n<h2>Por qu\u00e9 Powerock Pharma:<\/h2>\n<p>En Powerock Pharma, nos dedicamos a suministrar \u00fanicamente compuestos de investigaci\u00f3n de la m\u00e1s alta calidad. Cada lote de MASS XXL se produce en instalaciones que cumplen las estrictas normas GMP, HACCP e ISO 13485, garantizando una seguridad, pureza y eficacia sin precedentes. Nuestros rigurosos protocolos de prueba, llevados a cabo en colaboraci\u00f3n con laboratorios l\u00edderes, garantizan que cada c\u00e1psula de MASS XXL cumpla con los m\u00e1s altos est\u00e1ndares de consistencia y fiabilidad. Conf\u00ede en Powerock Pharma para obtener las herramientas que necesita para alcanzar sus objetivos de investigaci\u00f3n con confianza y precisi\u00f3n.<\/p>\n<h3>Resumen:<\/h3>\n<p>Si usted est\u00e1 comprometido a empujar los l\u00edmites del crecimiento muscular, p\u00e9rdida de grasa, y la recuperaci\u00f3n, MASS XXL es el compuesto de investigaci\u00f3n que ha estado buscando. Respaldado por el compromiso inquebrantable de Powerock Pharma con la calidad, este producto est\u00e1 dise\u00f1ado para ofrecer los resultados que exigen sus estudios. No comprometa su investigaci\u00f3n: elija MASS XXL hoy mismo y experimente la diferencia que pueden marcar la calidad y la experiencia de primer nivel. Haga su pedido ahora y d\u00e9 el siguiente paso hacia resultados revolucionarios.<\/p>","protected":false},"excerpt":{"rendered":"<p>MASS XXL, una potente mezcla de MK-2866, MK-677 y LGD-3033, apoya el crecimiento muscular, la p\u00e9rdida de grasa y la recuperaci\u00f3n mediante la modulaci\u00f3n de los receptores de andr\u00f3genos y la promoci\u00f3n de la secreci\u00f3n de la hormona del crecimiento. Elija Powerock Pharma para una calidad y resultados superiores.<\/p>","protected":false},"featured_media":220,"template":"","meta":{"_acf_changed":false,"rank_math_lock_modified_date":false,"inline_featured_image":false},"product_cat":[18],"product_tag":[],"class_list":{"0":"post-105","1":"product","2":"type-product","3":"status-publish","4":"has-post-thumbnail","6":"product_cat-sarms","9":"first","10":"instock","11":"shipping-taxable","12":"product-type-simple"},"acf":{"chromatogram":646,"metoda":""},"_links":{"self":[{"href":"https:\/\/powerockpharma.com\/es\/wp-json\/wp\/v2\/product\/105","targetHints":{"allow":["GET"]}}],"collection":[{"href":"https:\/\/powerockpharma.com\/es\/wp-json\/wp\/v2\/product"}],"about":[{"href":"https:\/\/powerockpharma.com\/es\/wp-json\/wp\/v2\/types\/product"}],"wp:featuredmedia":[{"embeddable":true,"href":"https:\/\/powerockpharma.com\/es\/wp-json\/wp\/v2\/media\/220"}],"wp:attachment":[{"href":"https:\/\/powerockpharma.com\/es\/wp-json\/wp\/v2\/media?parent=105"}],"wp:term":[{"taxonomy":"product_cat","embeddable":true,"href":"https:\/\/powerockpharma.com\/es\/wp-json\/wp\/v2\/product_cat?post=105"},{"taxonomy":"product_tag","embeddable":true,"href":"https:\/\/powerockpharma.com\/es\/wp-json\/wp\/v2\/product_tag?post=105"}],"curies":[{"name":"wp","href":"https:\/\/api.w.org\/{rel}","templated":true}]}}