{"id":106,"date":"2024-08-04T17:20:52","date_gmt":"2024-08-04T15:20:52","guid":{"rendered":"https:\/\/powerockpharma.com\/?post_type=product&#038;p=106"},"modified":"2025-11-12T06:56:41","modified_gmt":"2025-11-12T05:56:41","slug":"performance","status":"publish","type":"product","link":"https:\/\/powerockpharma.com\/es\/sarms\/performance\/","title":{"rendered":"RENDIMIENTO"},"content":{"rendered":"<h2>Propiedades:<\/h2>\n<p>La mezcla Performance, con SR-9009, MK-2866 y GW-501516, est\u00e1 dise\u00f1ada para aquellos que buscan optimizar el crecimiento muscular, la p\u00e9rdida de grasa y la resistencia general. SR-9009, conocido como Stenabolic, influye principalmente en la funci\u00f3n metab\u00f3lica mediante la activaci\u00f3n de Rev-ErbA, lo que lleva a un aumento de la oxidaci\u00f3n de grasas y una mayor resistencia. MK-2866, u Ostarine, es un modulador selectivo del receptor de andr\u00f3genos (SARM) que promueve la conservaci\u00f3n y el crecimiento de la masa muscular magra al unirse a los receptores de andr\u00f3genos en el tejido muscular. GW-501516, com\u00fanmente conocido como Cardarine, aumenta la resistencia estimulando la v\u00eda PPAR-delta, lo que aumenta el metabolismo de los \u00e1cidos grasos y mejora la producci\u00f3n de energ\u00eda.<\/p>\n<h2>Mecanismo de acci\u00f3n:<\/h2>\n<p>El mecanismo \u00fanico de SR-9009 implica la regulaci\u00f3n de los ritmos circadianos y las v\u00edas metab\u00f3licas, lo que resulta en una mayor resistencia y la reducci\u00f3n de almacenamiento de grasa. MK-2866 se une selectivamente a los receptores de andr\u00f3genos en los tejidos musculares y \u00f3seos, estimulando la actividad anab\u00f3lica sin los efectos secundarios androg\u00e9nicos t\u00edpicos de los esteroides anab\u00f3licos. GW-501516 trabaja a trav\u00e9s de la activaci\u00f3n de PPAR-delta, una prote\u00edna que aumenta la capacidad del cuerpo para quemar grasa y mejora la resistencia mediante la mejora de la eficiencia del uso de energ\u00eda en las c\u00e9lulas musculares. Esta combinaci\u00f3n sin\u00e9rgica garantiza la m\u00e1xima p\u00e9rdida de grasa, el crecimiento muscular y la mejora del rendimiento sin efectos secundarios no deseados.<\/p>\n<h2>Ventajas:<\/h2>\n<p>Utilizando esta mezcla consistentemente conduce a mejoras significativas en la masa muscular, fuerza y resistencia. SR-9009 contribuye a la reducci\u00f3n de grasa y niveles de energ\u00eda sostenidos, por lo que es ideal para atletas y culturistas durante las fases de corte. MK-2866 es conocido por su capacidad para construir y preservar la masa muscular magra, incluso en un d\u00e9ficit cal\u00f3rico, el apoyo a los objetivos de recomposici\u00f3n corporal. GW-501516 mejora la resistencia, lo que permite a los usuarios realizar sesiones de entrenamiento intensas con mayor resistencia y recuperaci\u00f3n. Juntos, estos compuestos proporcionan una soluci\u00f3n completa para aquellos que buscan elevar su rendimiento f\u00edsico, reducir la grasa y construir m\u00fasculo de manera eficiente.<\/p>\n<h2>Por qu\u00e9 Powerock Pharma:<\/h2>\n<p>En Powerock Pharma, nos dedicamos a proporcionar productos que cumplen con los m\u00e1s altos est\u00e1ndares de seguridad, eficacia y pureza. Nuestra mezcla Performance se fabrica en instalaciones que superan las normas GMP, HACCP e ISO 13485, lo que garantiza que usted reciba un producto potente y seguro para fines de investigaci\u00f3n. Cada lote es sometido a rigurosas pruebas por laboratorios l\u00edderes para confirmar la pureza y consistencia de los compuestos, d\u00e1ndole confianza en cada c\u00e1psula. Al elegir Powerock Pharma, usted est\u00e1 invirtiendo en un producto que ofrece resultados consistentes y de alta calidad en todo momento.<\/p>\n<h3>Resumen :<\/h3>\n<p>Elevar su investigaci\u00f3n y el rendimiento con la mezcla de rendimiento de SR-9009, MK-2866, y GW-501516. Respaldado por el compromiso de calidad de Powerock Pharma, este producto est\u00e1 dise\u00f1ado para ayudarle a alcanzar sus objetivos de crecimiento muscular, p\u00e9rdida de grasa y resistencia de forma segura y eficaz. No comprometa sus resultados, pida hoy mismo la mezcla Performance y empiece a notar la diferencia.<\/p>","protected":false},"excerpt":{"rendered":"<p>SR-9009, MK-2866 y GW-501516 mejoran el crecimiento muscular, la p\u00e9rdida de grasa y la resistencia modulando el metabolismo y los receptores de andr\u00f3genos. Esta potente mezcla acelera la recuperaci\u00f3n y mejora el rendimiento. Conf\u00ede en Powerock Pharma por su calidad y resultados.<\/p>","protected":false},"featured_media":222,"template":"","meta":{"_acf_changed":false,"rank_math_lock_modified_date":false,"inline_featured_image":false},"product_cat":[18],"product_tag":[],"class_list":{"0":"post-106","1":"product","2":"type-product","3":"status-publish","4":"has-post-thumbnail","6":"product_cat-sarms","9":"first","10":"instock","11":"shipping-taxable","12":"product-type-simple"},"acf":{"chromatogram":629,"metoda":""},"_links":{"self":[{"href":"https:\/\/powerockpharma.com\/es\/wp-json\/wp\/v2\/product\/106","targetHints":{"allow":["GET"]}}],"collection":[{"href":"https:\/\/powerockpharma.com\/es\/wp-json\/wp\/v2\/product"}],"about":[{"href":"https:\/\/powerockpharma.com\/es\/wp-json\/wp\/v2\/types\/product"}],"wp:featuredmedia":[{"embeddable":true,"href":"https:\/\/powerockpharma.com\/es\/wp-json\/wp\/v2\/media\/222"}],"wp:attachment":[{"href":"https:\/\/powerockpharma.com\/es\/wp-json\/wp\/v2\/media?parent=106"}],"wp:term":[{"taxonomy":"product_cat","embeddable":true,"href":"https:\/\/powerockpharma.com\/es\/wp-json\/wp\/v2\/product_cat?post=106"},{"taxonomy":"product_tag","embeddable":true,"href":"https:\/\/powerockpharma.com\/es\/wp-json\/wp\/v2\/product_tag?post=106"}],"curies":[{"name":"wp","href":"https:\/\/api.w.org\/{rel}","templated":true}]}}