{"id":109,"date":"2024-08-04T17:25:27","date_gmt":"2024-08-04T15:25:27","guid":{"rendered":"https:\/\/powerockpharma.com\/?post_type=product&#038;p=109"},"modified":"2025-11-12T07:01:11","modified_gmt":"2025-11-12T06:01:11","slug":"mk-2866","status":"publish","type":"product","link":"https:\/\/powerockpharma.com\/es\/sarms\/mk-2866\/","title":{"rendered":"MK-2866"},"content":{"rendered":"<h2>Propiedades:<\/h2>\n<p>La ostarina, tambi\u00e9n conocida por su nombre qu\u00edmico MK-2866, es famosa por su potente capacidad para potenciar el crecimiento muscular y preservar la masa muscular magra, lo que la convierte en una opci\u00f3n de primer orden para los investigadores centrados en la optimizaci\u00f3n de la composici\u00f3n corporal. Este modulador selectivo de los receptores androg\u00e9nicos (SARM) es especialmente eficaz en estudios dirigidos a promover la actividad anab\u00f3lica en el tejido muscular sin los efectos secundarios no deseados que suelen asociarse a los esteroides anab\u00f3licos. La acci\u00f3n espec\u00edfica de Ostarine lo hace ideal para explorar los beneficios potenciales del aumento de la masa muscular, la mejora de la fuerza y la mejora de la recuperaci\u00f3n tanto en situaciones de super\u00e1vit cal\u00f3rico como de d\u00e9ficit.<\/p>\n<h2>Mecanismo de acci\u00f3n:<\/h2>\n<p>La acci\u00f3n de la Ostarina se centra en su modulaci\u00f3n selectiva de los receptores androg\u00e9nicos en el tejido muscular y \u00f3seo. Al unirse a estos receptores, Ostarine estimula la actividad anab\u00f3lica, lo que conduce a un aumento de la s\u00edntesis de prote\u00ednas y el consiguiente aumento de la masa muscular. A diferencia de los esteroides anabolizantes, el mecanismo selectivo de Ostarine significa que se dirige predominantemente a los tejidos muscular y \u00f3seo, con un impacto m\u00ednimo en otros \u00f3rganos, reduciendo as\u00ed el riesgo de efectos secundarios como toxicidad hep\u00e1tica o desequilibrios hormonales. Este mecanismo selectivo tambi\u00e9n apoya la preservaci\u00f3n de la masa magra durante la restricci\u00f3n cal\u00f3rica, por lo que es particularmente valioso en los ciclos de corte o la investigaci\u00f3n de control de peso.<\/p>\n<h2>Ventajas:<\/h2>\n<p>Se ha demostrado que el uso constante de Ostarine en estudios de investigaci\u00f3n produce aumentos significativos de la masa muscular, mejora la fuerza y acelera los tiempos de recuperaci\u00f3n. Adem\u00e1s, los sujetos a menudo muestran una mayor resistencia y una reducci\u00f3n en el desgaste muscular, que puede ser particularmente beneficioso en los estudios que involucran a poblaciones de edad avanzada o los que se recuperan de lesiones. La capacidad de Ostarine para mejorar la vascularidad y apoyar los niveles de energ\u00eda ampl\u00eda a\u00fan m\u00e1s su aplicabilidad en la investigaci\u00f3n orientada al rendimiento. Para culturistas, atletas o aquellos que estudian la preservaci\u00f3n muscular durante la p\u00e9rdida de peso, Ostarine proporciona un compuesto de investigaci\u00f3n fiable y eficaz.<\/p>\n<h2>Por qu\u00e9 Powerock Pharma:<\/h2>\n<p>En Powerock Pharma, nuestra dedicaci\u00f3n a la calidad es inigualable. Cada lote de Ostarine (MK-2866) se fabrica en instalaciones que se adhieren a los m\u00e1s altos est\u00e1ndares, incluyendo GMP, HACCP, e ISO 13485 certificaciones. Rigurosos protocolos de prueba garantizan que cada c\u00e1psula contenga Ostarine pura y potente, libre de contaminantes y dosificada con precisi\u00f3n. Colaboramos con laboratorios l\u00edderes para validar la pureza y eficacia de nuestros productos, d\u00e1ndole la confianza de que los resultados de su investigaci\u00f3n est\u00e1n respaldados por materiales consistentes y de alta calidad. Elija Ostarine de Powerock Pharma para obtener resultados fiables en todo momento.<\/p>\n<h3>Resumen:<\/h3>\n<p>Si su investigaci\u00f3n pretende explorar los efectos del crecimiento muscular, la recuperaci\u00f3n mejorada y la conservaci\u00f3n de la masa magra, Ostarine (MK-2866) es el compuesto ideal. Respaldado por los estrictos controles de calidad de Powerock Pharma, este producto est\u00e1 dise\u00f1ado para ayudarle a lograr resultados fiables y reproducibles. No comprometa la calidad: pida Ostarine hoy mismo y eleve los resultados de sus investigaciones al siguiente nivel.<\/p>","protected":false},"excerpt":{"rendered":"<p>Ostarine (MK-2866) promueve el crecimiento magro del m\u00fasculo modulando selectivamente los receptores del andr\u00f3geno, ayudando en la preservaci\u00f3n y la recuperaci\u00f3n del m\u00fasculo. Elija Powerock Pharma para una calidad constante y resultados potentes.<\/p>","protected":false},"featured_media":226,"template":"","meta":{"_acf_changed":false,"rank_math_lock_modified_date":false,"inline_featured_image":false},"product_cat":[18],"product_tag":[],"class_list":{"0":"post-109","1":"product","2":"type-product","3":"status-publish","4":"has-post-thumbnail","6":"product_cat-sarms","9":"first","10":"instock","11":"shipping-taxable","12":"product-type-simple"},"acf":{"chromatogram":644,"metoda":{"acftf":{"v":"1.3.24"},"p":{"o":{"uh":0},"ca":""},"c":[{"p":""}],"h":[{"c":""}],"b":[[{"c":""}]]}},"_links":{"self":[{"href":"https:\/\/powerockpharma.com\/es\/wp-json\/wp\/v2\/product\/109","targetHints":{"allow":["GET"]}}],"collection":[{"href":"https:\/\/powerockpharma.com\/es\/wp-json\/wp\/v2\/product"}],"about":[{"href":"https:\/\/powerockpharma.com\/es\/wp-json\/wp\/v2\/types\/product"}],"wp:featuredmedia":[{"embeddable":true,"href":"https:\/\/powerockpharma.com\/es\/wp-json\/wp\/v2\/media\/226"}],"wp:attachment":[{"href":"https:\/\/powerockpharma.com\/es\/wp-json\/wp\/v2\/media?parent=109"}],"wp:term":[{"taxonomy":"product_cat","embeddable":true,"href":"https:\/\/powerockpharma.com\/es\/wp-json\/wp\/v2\/product_cat?post=109"},{"taxonomy":"product_tag","embeddable":true,"href":"https:\/\/powerockpharma.com\/es\/wp-json\/wp\/v2\/product_tag?post=109"}],"curies":[{"name":"wp","href":"https:\/\/api.w.org\/{rel}","templated":true}]}}