{"id":111,"date":"2024-08-04T17:25:54","date_gmt":"2024-08-04T15:25:54","guid":{"rendered":"https:\/\/powerockpharma.com\/?post_type=product&#038;p=111"},"modified":"2025-11-12T07:00:55","modified_gmt":"2025-11-12T06:00:55","slug":"mk-677","status":"publish","type":"product","link":"https:\/\/powerockpharma.com\/es\/sarms\/mk-677\/","title":{"rendered":"MK-677"},"content":{"rendered":"<h2>Propiedades:<\/h2>\n<p>El ibutamoreno (MK-677) es un potente secretagogo de la hormona del crecimiento, conocido por su significativo impacto en el crecimiento muscular y la mejora f\u00edsica general. Es muy apreciado por investigadores y atletas que buscan optimizar su f\u00edsico y rendimiento. El ibutamoren act\u00faa imitando la acci\u00f3n de la grelina, una hormona natural del organismo, que a su vez estimula la liberaci\u00f3n de la hormona del crecimiento por la hip\u00f3fisis. Esto conduce a una cascada de efectos fisiol\u00f3gicos beneficiosos, incluyendo el aumento de la masa muscular, la mejora de los tiempos de recuperaci\u00f3n, y la mejora de la funci\u00f3n metab\u00f3lica. A diferencia de los compuestos anab\u00f3licos tradicionales, el mecanismo \u00fanico de Ibutamoren permite ganancias sustanciales sin los riesgos asociados de los efectos secundarios androg\u00e9nicos.<\/p>\n<h2>Mecanismo de acci\u00f3n:<\/h2>\n<p>El principal mecanismo de acci\u00f3n del ibutamoreno consiste en su capacidad para estimular el receptor de la grelina (GHS-R1a), lo que provoca un aumento de los niveles end\u00f3genos de la hormona del crecimiento (GH) y, posteriormente, del factor de crecimiento 1 similar a la insulina (IGF-1). Esta estimulaci\u00f3n promueve la actividad anab\u00f3lica en los tejidos musculares, aumentando la s\u00edntesis de prote\u00ednas y reduciendo el catabolismo muscular. Los elevados niveles de GH tambi\u00e9n contribuyen a mejorar la densidad \u00f3sea, la calidad del sue\u00f1o y la eficiencia del metabolismo. Al dirigirse selectivamente al receptor de grelina, el ibutamoren evita la supresi\u00f3n de la producci\u00f3n natural de testosterona, lo que lo convierte en una opci\u00f3n atractiva para quienes se centran en preservar el equilibrio hormonal durante su investigaci\u00f3n.<\/p>\n<h2>Ventajas:<\/h2>\n<p>La investigaci\u00f3n consistente con Ibutamoren resultados en aumentos significativos en la masa muscular magra y la fuerza, as\u00ed como la recuperaci\u00f3n acelerada de esfuerzo f\u00edsico. Los usuarios tambi\u00e9n pueden observar una mayor p\u00e9rdida de grasa debido al impulso metab\u00f3lico proporcionado por los niveles m\u00e1s altos de GH. Adem\u00e1s, Ibutamoren se ha destacado por sus efectos positivos sobre la calidad del sue\u00f1o, que es crucial para la recuperaci\u00f3n muscular y el bienestar general. Otros beneficios potenciales son la mejora de la elasticidad de la piel, el aumento de los niveles de energ\u00eda y la estabilizaci\u00f3n del estado de \u00e1nimo. Este compuesto es especialmente eficaz para quienes se dedican al culturismo, la mejora del rendimiento atl\u00e9tico o la investigaci\u00f3n antienvejecimiento, ya que ofrece un enfoque integral de la optimizaci\u00f3n f\u00edsica.<\/p>\n<h2>Por qu\u00e9 Powerock Pharma:<\/h2>\n<p>En Powerock Pharma, damos prioridad a la excelencia en cada paso de nuestro proceso de producci\u00f3n. Nuestro Ibutamoren (MK-677) se fabrica en instalaciones que superan las normas GMP, HACCP e ISO 13485, garantizando el m\u00e1s alto nivel de pureza y potencia. Utilizamos metodolog\u00edas de ensayo de \u00faltima generaci\u00f3n para confirmar que cada lote cumple nuestros estrictos criterios de calidad, garantizando resultados fiables y reproducibles en cada aplicaci\u00f3n. Nuestro compromiso con la calidad y la seguridad es inigualable, lo que convierte a Powerock Pharma en la elecci\u00f3n de confianza tanto para investigadores como para atletas. Cuando usted elige Ibutamoren de Powerock Pharma, usted est\u00e1 eligiendo un producto que est\u00e1 cient\u00edficamente formulado, rigurosamente probado, y dise\u00f1ado para ofrecer los resultados que usted busca.<\/p>\n<h3>Resumen:<\/h3>\n<p>Si usted est\u00e1 apuntando elevar su crecimiento, funcionamiento, y recuperaci\u00f3n del m\u00fasculo, Ibutamoren (MK-677) de Powerock Pharma es la opci\u00f3n ideal. Respaldado por nuestra rigurosa garant\u00eda de calidad y la integridad cient\u00edfica, este producto est\u00e1 dise\u00f1ado para apoyar su investigaci\u00f3n y objetivos de manera eficaz y segura. No comprometa la calidad, pida Ibutamoren hoy y experimente los beneficios transformadores de la tecnolog\u00eda de investigaci\u00f3n de vanguardia.<\/p>","protected":false},"excerpt":{"rendered":"<p>El ibutamoreno (MK-677) favorece el crecimiento muscular y una mejor recuperaci\u00f3n al estimular la secreci\u00f3n de la hormona del crecimiento. Favorece el aumento de la masa muscular magra, la mejora de la calidad del sue\u00f1o y una curaci\u00f3n m\u00e1s r\u00e1pida. Conf\u00ede en Powerock Pharma para una calidad sin compromisos y resultados consistentes.<\/p>","protected":false},"featured_media":227,"template":"","meta":{"_acf_changed":false,"rank_math_lock_modified_date":false,"inline_featured_image":false},"product_cat":[18],"product_tag":[],"class_list":{"0":"post-111","1":"product","2":"type-product","3":"status-publish","4":"has-post-thumbnail","6":"product_cat-sarms","9":"first","10":"instock","11":"shipping-taxable","12":"product-type-simple"},"acf":{"chromatogram":643,"metoda":{"acftf":{"v":"1.3.24"},"p":{"o":{"uh":0},"ca":""},"c":[{"p":""}],"h":[{"c":""}],"b":[[{"c":""}]]}},"_links":{"self":[{"href":"https:\/\/powerockpharma.com\/es\/wp-json\/wp\/v2\/product\/111","targetHints":{"allow":["GET"]}}],"collection":[{"href":"https:\/\/powerockpharma.com\/es\/wp-json\/wp\/v2\/product"}],"about":[{"href":"https:\/\/powerockpharma.com\/es\/wp-json\/wp\/v2\/types\/product"}],"wp:featuredmedia":[{"embeddable":true,"href":"https:\/\/powerockpharma.com\/es\/wp-json\/wp\/v2\/media\/227"}],"wp:attachment":[{"href":"https:\/\/powerockpharma.com\/es\/wp-json\/wp\/v2\/media?parent=111"}],"wp:term":[{"taxonomy":"product_cat","embeddable":true,"href":"https:\/\/powerockpharma.com\/es\/wp-json\/wp\/v2\/product_cat?post=111"},{"taxonomy":"product_tag","embeddable":true,"href":"https:\/\/powerockpharma.com\/es\/wp-json\/wp\/v2\/product_tag?post=111"}],"curies":[{"name":"wp","href":"https:\/\/api.w.org\/{rel}","templated":true}]}}