{"id":112,"date":"2024-08-04T17:26:48","date_gmt":"2024-08-04T15:26:48","guid":{"rendered":"https:\/\/powerockpharma.com\/?post_type=product&#038;p=112"},"modified":"2025-11-12T07:04:30","modified_gmt":"2025-11-12T06:04:30","slug":"gw501516","status":"publish","type":"product","link":"https:\/\/powerockpharma.com\/es\/sarms\/gw501516\/","title":{"rendered":"GW501516"},"content":{"rendered":"<h2>Propiedades:<\/h2>\n<p>La cardarina (GW501516) es un compuesto muy apreciado y conocido por sus potentes efectos en la mejora de la resistencia y el fomento de la p\u00e9rdida de grasa. Es ampliamente utilizado en entornos de investigaci\u00f3n por su capacidad para mejorar significativamente la eficiencia metab\u00f3lica y el rendimiento f\u00edsico. Esto hace Cardarine una opci\u00f3n ideal para aquellos que buscan maximizar su resistencia, lograr la p\u00e9rdida de grasa superior, y mejorar el rendimiento deportivo en general. El compuesto es particularmente beneficioso para los atletas, culturistas y personas que participan en reg\u00edmenes de entrenamiento riguroso.<\/p>\n<h2>Mecanismo de acci\u00f3n:<\/h2>\n<p>La cardarina act\u00faa activando la v\u00eda del receptor delta activado por el proliferador de peroxisomas (PPAR\u03b4). Esta activaci\u00f3n da lugar a una cascada de acontecimientos metab\u00f3licos que aumentan la capacidad del organismo para quemar grasas como fuente de energ\u00eda y ahorrar glucosa. Al hacerlo, Cardarine aumenta la resistencia mejorando la utilizaci\u00f3n de la energ\u00eda del cuerpo, lo que permite per\u00edodos prolongados de actividad f\u00edsica intensa sin la r\u00e1pida aparici\u00f3n de la fatiga. Adem\u00e1s, ayuda a regular la expresi\u00f3n de los genes implicados en el gasto energ\u00e9tico, el metabolismo de los l\u00edpidos y la sensibilidad a la insulina, lo que contribuye colectivamente a sus potentes propiedades para quemar grasas y aumentar la resistencia.<\/p>\n<h2>Ventajas:<\/h2>\n<p>La investigaci\u00f3n consistente usando Cardarine (GW501516) ha demostrado ventajas notables incluyendo resistencia perceptiblemente realzada, la oxidaci\u00f3n gorda mejorada, y tiempos m\u00e1s r\u00e1pidos de la recuperaci\u00f3n. Los usuarios pueden esperar mejoras notables en la resistencia, lo que permite sesiones de entrenamiento m\u00e1s largas y m\u00e1s eficaces. Adem\u00e1s, Cardarine favorece la conservaci\u00f3n de la masa muscular magra, incluso durante los d\u00e9ficits cal\u00f3ricos, por lo que es particularmente eficaz durante los ciclos de corte. Los beneficios secundarios incluyen una mejor salud cardiovascular, ya que el compuesto ha demostrado mejorar los niveles de colesterol mediante el aumento de HDL (colesterol bueno) y la reducci\u00f3n de LDL (colesterol malo). Adem\u00e1s, la Cardarina tiene potenciales efectos antiinflamatorios, contribuyendo al bienestar general y a la recuperaci\u00f3n.<\/p>\n<h2>Por qu\u00e9 Powerock Pharma:<\/h2>\n<p>En Powerock Pharma, nos comprometemos a suministrar compuestos de investigaci\u00f3n de la m\u00e1s alta calidad disponible. Nuestra Cardarine (GW501516) se produce en instalaciones de vanguardia que cumplen y superan las normas GMP, HACCP e ISO 13485. Cada lote se somete a rigurosas pruebas para garantizar su pureza, potencia y consistencia. Nos asociamos con laboratorios l\u00edderes para validar nuestros productos, por lo que puede confiar en que nuestra Cardarine ofrece los resultados que necesita con la fiabilidad que espera. Elija Powerock Pharma para obtener una calidad superior y la tranquilidad de saber que su investigaci\u00f3n est\u00e1 respaldada por los mejores.<\/p>\n<h3>Resumen:<\/h3>\n<p>Si desea llevar su investigaci\u00f3n sobre resistencia y p\u00e9rdida de grasa a nuevas cotas, Cardarine (GW501516) de Powerock Pharma es la soluci\u00f3n que necesita. Respaldado por nuestros rigurosos controles de calidad, este producto est\u00e1 dise\u00f1ado para ayudarle a alcanzar sus objetivos de investigaci\u00f3n con seguridad y eficacia. No se conforme con nada menos que lo mejor: pida Cardarine hoy mismo y empiece a ver los resultados que se merece.<\/p>","protected":false},"excerpt":{"rendered":"<p>Cardarine (GW501516) contribuye a aumentar la resistencia y la p\u00e9rdida de grasa activando la v\u00eda PPAR\u03b4, mejorando la eficacia metab\u00f3lica y los niveles de energ\u00eda. Ofrece beneficios como el aumento de la resistencia, la oxidaci\u00f3n de grasas y la mejora de la recuperaci\u00f3n. Elija Powerock Pharma para la calidad superior y resultados consistentes.<\/p>","protected":false},"featured_media":228,"template":"","meta":{"_acf_changed":false,"rank_math_lock_modified_date":false,"inline_featured_image":false},"product_cat":[18],"product_tag":[],"class_list":{"0":"post-112","1":"product","2":"type-product","3":"status-publish","4":"has-post-thumbnail","6":"product_cat-sarms","9":"first","10":"instock","11":"shipping-taxable","12":"product-type-simple"},"acf":{"chromatogram":657,"metoda":{"acftf":{"v":"1.3.24"},"p":{"o":{"uh":0},"ca":""},"c":[{"p":""}],"h":[{"c":""}],"b":[[{"c":""}]]}},"_links":{"self":[{"href":"https:\/\/powerockpharma.com\/es\/wp-json\/wp\/v2\/product\/112","targetHints":{"allow":["GET"]}}],"collection":[{"href":"https:\/\/powerockpharma.com\/es\/wp-json\/wp\/v2\/product"}],"about":[{"href":"https:\/\/powerockpharma.com\/es\/wp-json\/wp\/v2\/types\/product"}],"wp:featuredmedia":[{"embeddable":true,"href":"https:\/\/powerockpharma.com\/es\/wp-json\/wp\/v2\/media\/228"}],"wp:attachment":[{"href":"https:\/\/powerockpharma.com\/es\/wp-json\/wp\/v2\/media?parent=112"}],"wp:term":[{"taxonomy":"product_cat","embeddable":true,"href":"https:\/\/powerockpharma.com\/es\/wp-json\/wp\/v2\/product_cat?post=112"},{"taxonomy":"product_tag","embeddable":true,"href":"https:\/\/powerockpharma.com\/es\/wp-json\/wp\/v2\/product_tag?post=112"}],"curies":[{"name":"wp","href":"https:\/\/api.w.org\/{rel}","templated":true}]}}