{"id":113,"date":"2024-08-04T17:27:13","date_gmt":"2024-08-04T15:27:13","guid":{"rendered":"https:\/\/powerockpharma.com\/?post_type=product&#038;p=113"},"modified":"2025-11-12T06:44:34","modified_gmt":"2025-11-12T05:44:34","slug":"yk-11","status":"publish","type":"product","link":"https:\/\/powerockpharma.com\/es\/sarms\/yk-11\/","title":{"rendered":"YK-11"},"content":{"rendered":"<h2>Propiedades:<\/h2>\n<p>YK-11, tambi\u00e9n conocido como Myanabol, es un potente modulador selectivo del receptor de andr\u00f3genos (SARM) reconocido por su capacidad \u00fanica para promover el crecimiento muscular significativo y ganancias de fuerza mediante la inhibici\u00f3n de la miostatina, una prote\u00edna que normalmente restringe el desarrollo muscular. Esta inhibici\u00f3n permite un aumento pronunciado de la masa muscular magra, por lo que YK-11 una opci\u00f3n favorecida entre los culturistas y atletas que buscan maximizar su f\u00edsico y rendimiento.<\/p>\n<h2>Mecanismo de acci\u00f3n:<\/h2>\n<p>El mecanismo de acci\u00f3n del YK-11 se centra en su doble funci\u00f3n como SARM e inhibidor de la miostatina. Al unirse a los receptores de andr\u00f3genos, no s\u00f3lo desencadena las v\u00edas que promueven el crecimiento muscular, sino que tambi\u00e9n inhibe la actividad de la miostatina, que mejora a\u00fan m\u00e1s la hipertrofia muscular. Esta doble acci\u00f3n establece YK-11 aparte de otros SARM, ofreciendo una ventaja \u00fanica en la construcci\u00f3n de masa muscular sustancial sin los efectos secundarios t\u00edpicos asociados con los esteroides anab\u00f3licos.<\/p>\n<h2>Ventajas:<\/h2>\n<p>Los beneficios del uso constante de YK-11 son extensos. Los usuarios pueden esperar aumentos notables en la masa muscular, ganancias sustanciales de fuerza, tiempos de recuperaci\u00f3n acelerados, y una mayor resistencia. Adem\u00e1s, YK-11 ayuda en la preservaci\u00f3n de m\u00fasculo magro durante un d\u00e9ficit cal\u00f3rico, por lo que es una excelente opci\u00f3n para aquellos en las fases de corte. Los beneficios secundarios incluyen la mejora de la vascularidad, mejores niveles generales de energ\u00eda, y la estabilizaci\u00f3n del estado de \u00e1nimo potencial, lo que contribuye a una mejora m\u00e1s completa del rendimiento f\u00edsico y mental.<\/p>\n<h2>Por qu\u00e9 Powerock Pharma:<\/h2>\n<p>Powerock Pharma se compromete a suministrar compuestos de investigaci\u00f3n de la m\u00e1s alta calidad. Cada lote de YK-11 se produce en nuestras modernas instalaciones, que cumplen estrictamente las normas GMP, HACCP e ISO 13485. Empleamos rigurosos protocolos de pruebas en colaboraci\u00f3n con laboratorios l\u00edderes para garantizar la pureza, potencia y seguridad de nuestros productos. Con Powerock Pharma, usted puede confiar en que cada c\u00e1psula de YK-11 es meticulosamente elaborado para cumplir con los m\u00e1s altos est\u00e1ndares de la industria, que le proporciona los resultados fiables y eficaces que usted exige.<\/p>\n<h3>Resumen:<\/h3>\n<p>Si tu objetivo es llevar tu crecimiento y rendimiento muscular a nuevas cotas, YK-11 es la soluci\u00f3n que necesitas. Respaldado por los rigurosos controles de calidad de Powerock Pharma, este producto est\u00e1 dise\u00f1ado para ayudarle a alcanzar sus metas con seguridad y eficacia. No se conforme con menos - ordene YK-11 hoy y comience a ver los resultados que se merece.<\/p>","protected":false},"excerpt":{"rendered":"<p>YK-11 favorece el crecimiento muscular inhibiendo la miostatina, lo que conduce a un aumento de la fuerza y a una mejor recuperaci\u00f3n. Preserva la masa magra y reduce la acumulaci\u00f3n de grasa. Elija Powerock Pharma por su calidad sin concesiones y sus resultados constantes.<\/p>","protected":false},"featured_media":229,"template":"","meta":{"_acf_changed":false,"rank_math_lock_modified_date":false,"inline_featured_image":false},"product_cat":[18],"product_tag":[],"class_list":{"0":"post-113","1":"product","2":"type-product","3":"status-publish","4":"has-post-thumbnail","6":"product_cat-sarms","9":"first","10":"instock","11":"shipping-taxable","12":"product-type-simple"},"acf":{"chromatogram":599,"metoda":""},"_links":{"self":[{"href":"https:\/\/powerockpharma.com\/es\/wp-json\/wp\/v2\/product\/113","targetHints":{"allow":["GET"]}}],"collection":[{"href":"https:\/\/powerockpharma.com\/es\/wp-json\/wp\/v2\/product"}],"about":[{"href":"https:\/\/powerockpharma.com\/es\/wp-json\/wp\/v2\/types\/product"}],"wp:featuredmedia":[{"embeddable":true,"href":"https:\/\/powerockpharma.com\/es\/wp-json\/wp\/v2\/media\/229"}],"wp:attachment":[{"href":"https:\/\/powerockpharma.com\/es\/wp-json\/wp\/v2\/media?parent=113"}],"wp:term":[{"taxonomy":"product_cat","embeddable":true,"href":"https:\/\/powerockpharma.com\/es\/wp-json\/wp\/v2\/product_cat?post=113"},{"taxonomy":"product_tag","embeddable":true,"href":"https:\/\/powerockpharma.com\/es\/wp-json\/wp\/v2\/product_tag?post=113"}],"curies":[{"name":"wp","href":"https:\/\/api.w.org\/{rel}","templated":true}]}}