{"id":114,"date":"2024-08-04T17:27:44","date_gmt":"2024-08-04T15:27:44","guid":{"rendered":"https:\/\/powerockpharma.com\/?post_type=product&#038;p=114"},"modified":"2025-11-12T07:02:30","modified_gmt":"2025-11-12T06:02:30","slug":"lgd-4033","status":"publish","type":"product","link":"https:\/\/powerockpharma.com\/es\/sarms\/lgd-4033\/","title":{"rendered":"LGD-4033"},"content":{"rendered":"<h2>Propiedades:<\/h2>\n<p>El ligandrol (LGD-4033) es un potente modulador selectivo de los receptores androg\u00e9nicos (SARM) conocido por sus potentes efectos anab\u00f3licos, especialmente en el crecimiento muscular y la mejora de la fuerza. Este compuesto se ha convertido en la elecci\u00f3n preferida de los investigadores que desean explorar su potencial para mejorar la composici\u00f3n corporal y el rendimiento atl\u00e9tico. El LGD-4033 act\u00faa uni\u00e9ndose selectivamente a los receptores androg\u00e9nicos, principalmente en el tejido muscular y \u00f3seo, lo que produce un aumento de la s\u00edntesis proteica y de la hipertrofia muscular, al tiempo que minimiza los efectos no deseados en los tejidos no diana. Esta selectividad hace de Ligandrol un candidato atractivo para aquellos que investigan las condiciones de desgaste muscular, la osteoporosis y la mejora general del f\u00edsico.<\/p>\n<h2>Mecanismo de acci\u00f3n:<\/h2>\n<p>La acci\u00f3n de Ligandrol se centra en su modulaci\u00f3n selectiva de los receptores de andr\u00f3genos, lo que le permite imitar los efectos de los esteroides anab\u00f3licos sin los efectos secundarios asociados. Al unirse a los receptores de andr\u00f3genos, LGD-4033 estimula una cascada de procesos anab\u00f3licos, incluyendo el aumento de la retenci\u00f3n de nitr\u00f3geno, el aumento de la s\u00edntesis de prote\u00ednas musculares, y la reducci\u00f3n del catabolismo muscular. A diferencia de los agentes anab\u00f3licos tradicionales, la naturaleza selectiva de Ligandrol garantiza un impacto m\u00ednimo en \u00f3rganos como la pr\u00f3stata, lo que lo convierte en una alternativa m\u00e1s segura para la investigaci\u00f3n del crecimiento muscular. Adem\u00e1s, el LGD-4033 ha demostrado su potencial para preservar la masa muscular magra durante los d\u00e9ficits cal\u00f3ricos, lo que resulta especialmente beneficioso para los estudios sobre la p\u00e9rdida de grasa y la recomposici\u00f3n corporal.<\/p>\n<h2>Ventajas:<\/h2>\n<p>El uso constante de Ligandrol (LGD-4033) en entornos de investigaci\u00f3n ha demostrado beneficios significativos, incluyendo aumentos notables en la masa muscular magra, ganancias sustanciales de fuerza, y tiempos de recuperaci\u00f3n m\u00e1s r\u00e1pidos despu\u00e9s del ejercicio. Los investigadores tambi\u00e9n han observado una mayor resistencia y una mejor conservaci\u00f3n muscular, por lo que es una herramienta vers\u00e1til en los estudios centrados en la mejora del rendimiento y la optimizaci\u00f3n del f\u00edsico. Adem\u00e1s, Ligandrol se ha observado por su capacidad para promover una mejor vascularidad y los niveles de energ\u00eda, con algunos estudios que sugieren posibles efectos estabilizadores del estado de \u00e1nimo. Estos beneficios hacen LGD-4033 particularmente eficaz para la investigaci\u00f3n con culturistas, atletas y personas sometidas a un ciclo de corte.<\/p>\n<h2>Por qu\u00e9 Powerock Pharma:<\/h2>\n<p>En Powerock Pharma, nos dedicamos a proporcionar compuestos de investigaci\u00f3n de primer nivel que cumplen con los m\u00e1s altos est\u00e1ndares de calidad. Cada lote de Ligandrol (LGD-4033) se produce en instalaciones que cumplen y superan las normas GMP, HACCP e ISO 13485, garantizando que nuestros productos sean seguros y eficaces. Nuestros rigurosos protocolos de pruebas, realizados en colaboraci\u00f3n con laboratorios l\u00edderes, validan la pureza y potencia de nuestros SARMs, garantizando que usted reciba resultados consistentes con cada compra. Cuando usted elige Ligandrol de Powerock Pharma, usted est\u00e1 invirtiendo en un producto respaldado por la ciencia y la confianza de los profesionales para la investigaci\u00f3n de excelencia.<\/p>\n<h3>Resumen:<\/h3>\n<p>Si su investigaci\u00f3n se centra en el crecimiento muscular, la mejora de la fuerza o la recomposici\u00f3n corporal, Ligandrol (LGD-4033) es el compuesto que necesita. Respaldado por los estrictos controles de calidad y las avanzadas pr\u00e1cticas de fabricaci\u00f3n de Powerock Pharma, este SARM est\u00e1 dise\u00f1ado para ayudarle a obtener resultados fiables y significativos en sus estudios. No comprometa la calidad: pida Ligandrol (LGD-4033) hoy mismo y lleve su investigaci\u00f3n al siguiente nivel.<\/p>","protected":false},"excerpt":{"rendered":"<p>Ligandrol (LGD-4033) apoya el crecimiento muscular significativo modulando selectivamente los receptores de andr\u00f3genos. Ofrece una mayor fuerza, una recuperaci\u00f3n m\u00e1s r\u00e1pida, y la preservaci\u00f3n del m\u00fasculo magro. Elija Powerock Pharma para una calidad inigualable y resultados fiables.<\/p>","protected":false},"featured_media":230,"template":"","meta":{"_acf_changed":false,"rank_math_lock_modified_date":false,"inline_featured_image":false},"product_cat":[18],"product_tag":[],"class_list":{"0":"post-114","1":"product","2":"type-product","3":"status-publish","4":"has-post-thumbnail","6":"product_cat-sarms","9":"first","10":"instock","11":"shipping-taxable","12":"product-type-simple"},"acf":{"chromatogram":649,"metoda":{"acftf":{"v":"1.3.24"},"p":{"o":{"uh":0},"ca":""},"c":[{"p":""}],"h":[{"c":""}],"b":[[{"c":""}]]}},"_links":{"self":[{"href":"https:\/\/powerockpharma.com\/es\/wp-json\/wp\/v2\/product\/114","targetHints":{"allow":["GET"]}}],"collection":[{"href":"https:\/\/powerockpharma.com\/es\/wp-json\/wp\/v2\/product"}],"about":[{"href":"https:\/\/powerockpharma.com\/es\/wp-json\/wp\/v2\/types\/product"}],"wp:featuredmedia":[{"embeddable":true,"href":"https:\/\/powerockpharma.com\/es\/wp-json\/wp\/v2\/media\/230"}],"wp:attachment":[{"href":"https:\/\/powerockpharma.com\/es\/wp-json\/wp\/v2\/media?parent=114"}],"wp:term":[{"taxonomy":"product_cat","embeddable":true,"href":"https:\/\/powerockpharma.com\/es\/wp-json\/wp\/v2\/product_cat?post=114"},{"taxonomy":"product_tag","embeddable":true,"href":"https:\/\/powerockpharma.com\/es\/wp-json\/wp\/v2\/product_tag?post=114"}],"curies":[{"name":"wp","href":"https:\/\/api.w.org\/{rel}","templated":true}]}}