{"id":116,"date":"2024-08-04T17:28:48","date_gmt":"2024-08-04T15:28:48","guid":{"rendered":"https:\/\/powerockpharma.com\/?post_type=product&#038;p=116"},"modified":"2025-11-12T06:52:20","modified_gmt":"2025-11-12T05:52:20","slug":"sr-9009","status":"publish","type":"product","link":"https:\/\/powerockpharma.com\/es\/sarms\/sr-9009\/","title":{"rendered":"SR-9009"},"content":{"rendered":"<h2>Propiedades:<\/h2>\n<p>SR-9009, tambi\u00e9n conocido como Stenabolic, es un potente compuesto de investigaci\u00f3n conocido por sus profundos efectos sobre la funci\u00f3n metab\u00f3lica y la resistencia. Este compuesto no hormonal es particularmente popular entre los investigadores que se centran en la p\u00e9rdida de grasa, el metabolismo energ\u00e9tico y la resistencia muscular. SR-9009 funciona mediante la activaci\u00f3n de la prote\u00edna Rev-ErbA, que desempe\u00f1a un papel crucial en la regulaci\u00f3n del ritmo circadiano del cuerpo, el metabolismo de la glucosa y el almacenamiento de grasa. Al influir en estas v\u00edas cr\u00edticas, SR-9009 promueve el aumento de la oxidaci\u00f3n de grasas, la mejora de los niveles de energ\u00eda, y una mayor resistencia, por lo que es una herramienta invaluable para aquellos que estudian los efectos de la mejora metab\u00f3lica y el rendimiento deportivo.<\/p>\n<h2>Mecanismo de acci\u00f3n:<\/h2>\n<p>La acci\u00f3n principal del SR-9009 es la activaci\u00f3n de la prote\u00edna Rev-ErbA, que a su vez aumenta la actividad mitocondrial y el gasto energ\u00e9tico. Al unirse a esta prote\u00edna, SR-9009 aumenta el n\u00famero de mitocondrias dentro de las c\u00e9lulas musculares, impulsando eficazmente la capacidad del cuerpo para producir energ\u00eda. Esto conduce a una mayor resistencia y la capacidad de realizar una actividad f\u00edsica prolongada sin fatiga. Adem\u00e1s, SR-9009 influye en el metabolismo de los l\u00edpidos y la glucosa, promoviendo el uso eficiente de las grasas almacenadas como fuente de energ\u00eda y reduciendo la formaci\u00f3n de nuevas c\u00e9lulas grasas. Este mecanismo selectivo garantiza un impacto m\u00ednimo en los tejidos no diana, al tiempo que maximiza los beneficios para la p\u00e9rdida de grasa, la resistencia y la salud metab\u00f3lica.<\/p>\n<h2>Ventajas:<\/h2>\n<p>El uso constante de SR-9009 en entornos de investigaci\u00f3n ha demostrado mejoras significativas en la resistencia, por lo que es una opci\u00f3n favorita para los estudios con atletas y personas sometidas a entrenamientos de alta intensidad. La capacidad del compuesto para aumentar la actividad mitocondrial resulta en mayores niveles de energ\u00eda y tiempos de recuperaci\u00f3n m\u00e1s r\u00e1pidos, que son cr\u00edticos para la mejora del rendimiento. Adem\u00e1s, el impacto del SR-9009 en el metabolismo lip\u00eddico ayuda a reducir la grasa corporal, especialmente en el contexto de un d\u00e9ficit cal\u00f3rico. Los investigadores tambi\u00e9n han observado beneficios secundarios como la mejora de la sensibilidad a la insulina, la reducci\u00f3n de la inflamaci\u00f3n, y una mejor regulaci\u00f3n de los ritmos circadianos, lo que contribuye a la salud general y el bienestar. El SR-9009 es especialmente eficaz para estudios destinados a comprender las enfermedades metab\u00f3licas, la obesidad y la salud cardiovascular.<\/p>\n<h2>Por qu\u00e9 Powerock Pharma:<\/h2>\n<p>En Powerock Pharma, nos enorgullecemos de ofrecer compuestos de investigaci\u00f3n de la m\u00e1s alta calidad disponible. Cada lote de SR-9009 se produce en instalaciones de vanguardia que cumplen y superan las normas GMP, HACCP e ISO 13485, garantizando los m\u00e1s altos niveles de seguridad, pureza y potencia. Nuestros rigurosos procesos de control de calidad incluyen pruebas exhaustivas en asociaci\u00f3n con laboratorios l\u00edderes, validando la eficacia de cada c\u00e1psula. Con Powerock Pharma, puede confiar en que est\u00e1 recibiendo un producto que ofrece resultados fiables y reproducibles de forma sistem\u00e1tica, lo que lo convierte en la primera opci\u00f3n para los investigadores de todo el mundo.<\/p>\n<h3>Resumen:<\/h3>\n<p>Si usted se centra en el avance de la investigaci\u00f3n en la mejora metab\u00f3lica, la resistencia y la p\u00e9rdida de grasa, SR-9009 es una herramienta esencial en su arsenal. Respaldado por los est\u00e1ndares de calidad inflexibles de Powerock Pharma, este compuesto est\u00e1 dise\u00f1ado para apoyar la investigaci\u00f3n de vanguardia con la seguridad y la eficacia a la vanguardia. No comprometa los resultados de su investigaci\u00f3n: solicite SR-9009 hoy mismo y eleve su estudio a nuevas cotas.<\/p>","protected":false},"excerpt":{"rendered":"<p>SR-9009 apoya la mejora de la resistencia y la p\u00e9rdida de grasa mediante la activaci\u00f3n de las prote\u00ednas Rev-ErbA, impulsando la actividad mitocondrial. Ofrece mayor energ\u00eda, mejora el metabolismo y acelera la recuperaci\u00f3n. Elija Powerock Pharma por su calidad y resultados.<\/p>","protected":false},"featured_media":232,"template":"","meta":{"_acf_changed":false,"rank_math_lock_modified_date":false,"inline_featured_image":false},"product_cat":[18],"product_tag":[],"class_list":{"0":"post-116","1":"product","2":"type-product","3":"status-publish","4":"has-post-thumbnail","6":"product_cat-sarms","9":"first","10":"instock","11":"shipping-taxable","12":"product-type-simple"},"acf":{"chromatogram":615,"metoda":{"acftf":{"v":"1.3.24"},"p":{"o":{"uh":0},"ca":""},"c":[{"p":""}],"h":[{"c":""}],"b":[[{"c":""}]]}},"_links":{"self":[{"href":"https:\/\/powerockpharma.com\/es\/wp-json\/wp\/v2\/product\/116","targetHints":{"allow":["GET"]}}],"collection":[{"href":"https:\/\/powerockpharma.com\/es\/wp-json\/wp\/v2\/product"}],"about":[{"href":"https:\/\/powerockpharma.com\/es\/wp-json\/wp\/v2\/types\/product"}],"wp:featuredmedia":[{"embeddable":true,"href":"https:\/\/powerockpharma.com\/es\/wp-json\/wp\/v2\/media\/232"}],"wp:attachment":[{"href":"https:\/\/powerockpharma.com\/es\/wp-json\/wp\/v2\/media?parent=116"}],"wp:term":[{"taxonomy":"product_cat","embeddable":true,"href":"https:\/\/powerockpharma.com\/es\/wp-json\/wp\/v2\/product_cat?post=116"},{"taxonomy":"product_tag","embeddable":true,"href":"https:\/\/powerockpharma.com\/es\/wp-json\/wp\/v2\/product_tag?post=116"}],"curies":[{"name":"wp","href":"https:\/\/api.w.org\/{rel}","templated":true}]}}