{"id":117,"date":"2024-08-04T17:29:45","date_gmt":"2024-08-04T15:29:45","guid":{"rendered":"https:\/\/powerockpharma.com\/?post_type=product&#038;p=117"},"modified":"2025-11-12T06:54:28","modified_gmt":"2025-11-12T05:54:28","slug":"rad-150","status":"publish","type":"product","link":"https:\/\/powerockpharma.com\/es\/sarms\/rad-150\/","title":{"rendered":"RAD-150"},"content":{"rendered":"<h2>Propiedades:<\/h2>\n<p>RAD-150, tambi\u00e9n conocido como TLB-150 Benzoate, es un potente compuesto conocido por sus potentes efectos sobre el crecimiento muscular y el rendimiento f\u00edsico. Este modulador selectivo avanzado del receptor del andr\u00f3geno (SARM) es valorado altamente por los investigadores y los atletas igualmente para su capacidad de realzar perceptiblemente capacidad f\u00edsica y atl\u00e9tica. RAD-150 funciona mediante la uni\u00f3n a los receptores de andr\u00f3genos en el tejido muscular, la promoci\u00f3n de la actividad anab\u00f3lica que conduce a un aumento de la s\u00edntesis de prote\u00ednas y la reducci\u00f3n del catabolismo muscular. El resultado es una notable mejora en la masa muscular, fuerza y resistencia, haciendo RAD-150 una opci\u00f3n preferida para aquellos que buscan empujar sus l\u00edmites en el entrenamiento y el rendimiento.<\/p>\n<h2>Mecanismo de acci\u00f3n:<\/h2>\n<p>El mecanismo de acci\u00f3n de RAD-150 se centra en su modulaci\u00f3n selectiva de los receptores de andr\u00f3genos, lo que permite un mayor crecimiento muscular sin los t\u00edpicos efectos secundarios asociados a los esteroides anabolizantes tradicionales. Al dirigirse espec\u00edficamente al tejido muscular, el RAD-150 minimiza el impacto en las zonas no diana, reduciendo el riesgo de efectos secundarios no deseados como la ca\u00edda del cabello, el acn\u00e9 o la toxicidad hep\u00e1tica. Esta acci\u00f3n selectiva tambi\u00e9n asegura la preservaci\u00f3n de la masa muscular magra, incluso durante per\u00edodos de d\u00e9ficit cal\u00f3rico, haciendo RAD-150 una excelente opci\u00f3n para los culturistas y atletas sometidos a ciclos de corte.<\/p>\n<h2>Ventajas:<\/h2>\n<p>El uso constante de RAD-150 produce una serie de beneficios, entre los que se incluyen ganancias sustanciales de masa muscular, aumento de la fuerza y aceleraci\u00f3n de los tiempos de recuperaci\u00f3n. Los investigadores tambi\u00e9n han observado beneficios secundarios como la mejora de la vascularizaci\u00f3n, el aumento de la resistencia y la mejora de los niveles de energ\u00eda, todo lo cual contribuye a un f\u00edsico m\u00e1s definido y potente. RAD-150 es particularmente eficaz para las personas centradas en maximizar su rendimiento f\u00edsico, ya sean atletas de competici\u00f3n, culturistas o entusiastas del fitness que buscan el m\u00e1ximo acondicionamiento.<\/p>\n<h2>Por qu\u00e9 Powerock Pharma:<\/h2>\n<p>En Powerock Pharma, estamos comprometidos a proporcionar s\u00f3lo productos de la m\u00e1s alta calidad para la investigaci\u00f3n y la mejora del rendimiento. Cada lote de RAD-150 se produce en instalaciones que se adhieren a las normas m\u00e1s estrictas, incluyendo GMP, HACCP e ISO 13485. Nuestros rigurosos protocolos de prueba garantizan que cada c\u00e1psula contenga la forma m\u00e1s pura y potente de RAD-150, proporcionando resultados fiables y reproducibles en cada estudio. Colaboramos con laboratorios l\u00edderes para validar la pureza y eficacia de nuestros productos, por lo que puede confiar en que RAD-150 de Powerock Pharma satisfar\u00e1 sistem\u00e1ticamente sus necesidades de investigaci\u00f3n.<\/p>\n<h3>Resumen:<\/h3>\n<p>Si usted est\u00e1 apuntando elevar su crecimiento del m\u00fasculo, fuerza, y funcionamiento total, RAD-150 es la soluci\u00f3n ideal. Respaldado por los estrictos controles de calidad de Powerock Pharma, este compuesto est\u00e1 dise\u00f1ado para ayudarle a alcanzar sus objetivos de investigaci\u00f3n de forma segura y eficaz. No comprometa la calidad - ordene RAD-150 hoy y experimente la diferencia que los compuestos de investigaci\u00f3n de alto nivel pueden hacer.<\/p>","protected":false},"excerpt":{"rendered":"<p>RAD-150 (TLB-150 Benzoate) apoya el crecimiento muscular y la resistencia modulando selectivamente los receptores de andr\u00f3genos. Ofrece un aumento de la fuerza, una recuperaci\u00f3n m\u00e1s r\u00e1pida y una mayor retenci\u00f3n de masa magra. Elija Powerock Pharma para una calidad superior y resultados consistentes.<\/p>","protected":false},"featured_media":233,"template":"","meta":{"_acf_changed":false,"rank_math_lock_modified_date":false,"inline_featured_image":false},"product_cat":[18],"product_tag":[],"class_list":{"0":"post-117","1":"product","2":"type-product","3":"status-publish","4":"has-post-thumbnail","6":"product_cat-sarms","9":"first","10":"instock","11":"shipping-taxable","12":"product-type-simple"},"acf":{"chromatogram":622,"metoda":{"acftf":{"v":"1.3.24"},"p":{"o":{"uh":0},"ca":""},"c":[{"p":""}],"h":[{"c":""}],"b":[[{"c":""}]]}},"_links":{"self":[{"href":"https:\/\/powerockpharma.com\/es\/wp-json\/wp\/v2\/product\/117","targetHints":{"allow":["GET"]}}],"collection":[{"href":"https:\/\/powerockpharma.com\/es\/wp-json\/wp\/v2\/product"}],"about":[{"href":"https:\/\/powerockpharma.com\/es\/wp-json\/wp\/v2\/types\/product"}],"wp:featuredmedia":[{"embeddable":true,"href":"https:\/\/powerockpharma.com\/es\/wp-json\/wp\/v2\/media\/233"}],"wp:attachment":[{"href":"https:\/\/powerockpharma.com\/es\/wp-json\/wp\/v2\/media?parent=117"}],"wp:term":[{"taxonomy":"product_cat","embeddable":true,"href":"https:\/\/powerockpharma.com\/es\/wp-json\/wp\/v2\/product_cat?post=117"},{"taxonomy":"product_tag","embeddable":true,"href":"https:\/\/powerockpharma.com\/es\/wp-json\/wp\/v2\/product_tag?post=117"}],"curies":[{"name":"wp","href":"https:\/\/api.w.org\/{rel}","templated":true}]}}