{"id":118,"date":"2024-08-04T17:30:25","date_gmt":"2024-08-04T15:30:25","guid":{"rendered":"https:\/\/powerockpharma.com\/?post_type=product&#038;p=118"},"modified":"2025-11-12T06:54:46","modified_gmt":"2025-11-12T05:54:46","slug":"rad-140","status":"publish","type":"product","link":"https:\/\/powerockpharma.com\/es\/sarms\/rad-140\/","title":{"rendered":"RAD-140"},"content":{"rendered":"<h2>Propiedades RAD-140:<\/h2>\n<p>Testolone (RAD-140) es un potente modulador selectivo del receptor de andr\u00f3genos (SARM) conocido por sus importantes efectos sobre el crecimiento muscular y la recomposici\u00f3n corporal. Es una opci\u00f3n preferida para los investigadores y los atletas con el objetivo de aumentar la masa muscular, la fuerza y el rendimiento f\u00edsico en general. Este compuesto act\u00faa dirigi\u00e9ndose selectivamente a los receptores de andr\u00f3genos en los tejidos musculares y \u00f3seos, promoviendo la actividad anab\u00f3lica sin los graves efectos secundarios asociados a los esteroides anab\u00f3licos tradicionales. RAD-140 es particularmente eficaz en estimular aumentos r\u00e1pidos en masa y fuerza magras del m\u00fasculo, haci\u00e9ndole una herramienta valiosa para los culturistas y los atletas que experimentan ciclos intensos del entrenamiento o del corte.<\/p>\n<h2>Mecanismo de acci\u00f3n RAD-140:<\/h2>\n<p>La acci\u00f3n primaria de Testolone se centra alrededor de su modulaci\u00f3n selectiva del receptor del andr\u00f3geno. A diferencia de los esteroides anab\u00f3licos, que afectan a una amplia gama de tejidos que conducen a efectos secundarios no deseados, la acci\u00f3n selectiva de RAD-140 asegura que influye predominantemente en los tejidos musculares y \u00f3seos. Esta acci\u00f3n selectiva conduce a un mayor crecimiento muscular y densidad \u00f3sea, al tiempo que minimiza el impacto en los tejidos no diana, como la pr\u00f3stata o el h\u00edgado. Adem\u00e1s, se ha demostrado que el RAD-140 aumenta la s\u00edntesis proteica y reduce el catabolismo muscular, lo que contribuye a su eficacia para preservar la masa muscular durante periodos de d\u00e9ficit cal\u00f3rico. Este mecanismo permite a los investigadores explorar el crecimiento muscular y la mejora del rendimiento con un perfil de riesgo menor en comparaci\u00f3n con otros agentes anabolizantes.<\/p>\n<h2>Ventajas de utilizar RAD-140:<\/h2>\n<p>El uso constante de Testolone (RAD-140) en la investigaci\u00f3n ha demostrado varias ventajas significativas. Los sujetos han demostrado aumentos notables en masa magra del m\u00fasculo, aumentos substanciales de la fuerza, y tiempos acelerados de la recuperaci\u00f3n. Adem\u00e1s, RAD-140 es conocido por su capacidad para mejorar la resistencia, lo que permite sesiones de entrenamiento m\u00e1s largas y m\u00e1s intensas. Los beneficios secundarios observados incluyen vascularidad mejorada, mejores niveles de energ\u00eda, y una mayor estabilidad del estado de \u00e1nimo. Testolone es particularmente eficaz para los individuos centrados en hipertrofia del m\u00fasculo, realce de la fuerza, y la recomposici\u00f3n del cuerpo, haci\u00e9ndole una opci\u00f3n superior para los investigadores que estudian efectos anab\u00f3licos y realce del funcionamiento.<\/p>\n<h2>Por qu\u00e9 Powerock Pharma:<\/h2>\n<p>En Powerock Pharma, estamos comprometidos a entregar los compuestos de investigaci\u00f3n de la m\u00e1s alta calidad disponible. Nuestro Testolone (RAD-140) se fabrica en instalaciones de \u00faltima generaci\u00f3n que cumplen y superan las normas GMP, HACCP, e ISO 13485, asegurando que cada lote se produce bajo los m\u00e1s estrictos controles de calidad. Cada producto se somete a rigurosas pruebas en colaboraci\u00f3n con los principales laboratorios para validar su pureza, potencia y seguridad. Cuando usted elige Testolone de Powerock Pharma, est\u00e1 eligiendo un producto respaldado por la ciencia, fabricado con precisi\u00f3n y dise\u00f1ado para ofrecer resultados fiables en todo momento. Conf\u00ede en Powerock Pharma para la calidad que se merece en su investigaci\u00f3n.<\/p>\n<h3>Resumen:<\/h3>\n<p>Si su investigaci\u00f3n requiere un compuesto potente y selectivo para potenciar el crecimiento y el rendimiento muscular, Testolone (RAD-140) es la soluci\u00f3n que necesita. Con los rigurosos est\u00e1ndares de calidad de Powerock Pharma, este producto est\u00e1 dise\u00f1ado para ayudarle a alcanzar sus objetivos de investigaci\u00f3n de forma segura y eficaz. No comprometa la calidad: pida Testolone hoy mismo y libere el potencial de su investigaci\u00f3n.<\/p>","protected":false},"excerpt":{"rendered":"<p>Testolone (RAD-140) apoya el crecimiento muscular r\u00e1pido modulando selectivamente los receptores de andr\u00f3genos. Aumenta la fuerza, la recuperaci\u00f3n y la retenci\u00f3n de masa magra. Elija Powerock Pharma para una calidad inigualable y resultados probados.<\/p>","protected":false},"featured_media":234,"template":"","meta":{"_acf_changed":false,"rank_math_lock_modified_date":false,"inline_featured_image":false},"product_cat":[18],"product_tag":[],"class_list":{"0":"post-118","1":"product","2":"type-product","3":"status-publish","4":"has-post-thumbnail","6":"product_cat-sarms","7":"pa_brand-powerock-pharma","10":"first","11":"instock","12":"shipping-taxable","13":"product-type-simple"},"acf":{"chromatogram":623,"metoda":{"acftf":{"v":"1.3.24"},"p":{"o":{"uh":0},"ca":""},"c":[{"p":""}],"h":[{"c":""}],"b":[[{"c":""}]]}},"_links":{"self":[{"href":"https:\/\/powerockpharma.com\/es\/wp-json\/wp\/v2\/product\/118","targetHints":{"allow":["GET"]}}],"collection":[{"href":"https:\/\/powerockpharma.com\/es\/wp-json\/wp\/v2\/product"}],"about":[{"href":"https:\/\/powerockpharma.com\/es\/wp-json\/wp\/v2\/types\/product"}],"wp:featuredmedia":[{"embeddable":true,"href":"https:\/\/powerockpharma.com\/es\/wp-json\/wp\/v2\/media\/234"}],"wp:attachment":[{"href":"https:\/\/powerockpharma.com\/es\/wp-json\/wp\/v2\/media?parent=118"}],"wp:term":[{"taxonomy":"product_cat","embeddable":true,"href":"https:\/\/powerockpharma.com\/es\/wp-json\/wp\/v2\/product_cat?post=118"},{"taxonomy":"product_tag","embeddable":true,"href":"https:\/\/powerockpharma.com\/es\/wp-json\/wp\/v2\/product_tag?post=118"}],"curies":[{"name":"wp","href":"https:\/\/api.w.org\/{rel}","templated":true}]}}