{"id":119,"date":"2024-08-04T17:31:09","date_gmt":"2024-08-04T15:31:09","guid":{"rendered":"https:\/\/powerockpharma.com\/?post_type=product&#038;p=119"},"modified":"2025-11-12T06:53:44","modified_gmt":"2025-11-12T05:53:44","slug":"s4","status":"publish","type":"product","link":"https:\/\/powerockpharma.com\/es\/sarms\/s4\/","title":{"rendered":"S4"},"content":{"rendered":"<h2>Propiedades:<\/h2>\n<p>Andarine, tambi\u00e9n conocido como S4, es un potente modulador selectivo del receptor de andr\u00f3genos (SARM) conocido por sus importantes efectos tanto en el crecimiento muscular como en la p\u00e9rdida de grasa. Este compuesto es muy buscado por aquellos que buscan mejorar su f\u00edsico y rendimiento. S4 est\u00e1 dise\u00f1ado para dirigirse selectivamente a los receptores de andr\u00f3genos, en particular en el m\u00fasculo y el tejido \u00f3seo, por lo que es una excelente opci\u00f3n para aquellos que buscan aumentar la masa muscular magra al tiempo que reduce la grasa corporal. Esta selectividad permite los efectos anab\u00f3licos deseables sin los efectos secundarios graves com\u00fanmente asociados con los esteroides anab\u00f3licos.<\/p>\n<h2>Mecanismo de acci\u00f3n:<\/h2>\n<p>La acci\u00f3n de Andarine (S4) gira en torno a su capacidad para modular selectivamente los receptores de andr\u00f3genos. A diferencia de los esteroides anab\u00f3licos tradicionales que afectan a todo el cuerpo, S4 se dirige espec\u00edficamente a los tejidos musculares y \u00f3seos, promoviendo un aumento en la s\u00edntesis de prote\u00ednas y el crecimiento muscular al tiempo que evita el catabolismo. Adem\u00e1s, la afinidad del S4 por los receptores androg\u00e9nicos del tejido adiposo facilita la p\u00e9rdida de grasa al potenciar la lip\u00f3lisis. Este mecanismo de doble acci\u00f3n asegura que los usuarios pueden lograr ganancias musculares significativas y la reducci\u00f3n de grasa, por lo que es particularmente eficaz durante los ciclos de corte. Adem\u00e1s, su naturaleza selectiva minimiza el impacto en los tejidos no diana, reduciendo el riesgo de efectos secundarios no deseados como el agrandamiento de la pr\u00f3stata o la p\u00e9rdida de cabello.<\/p>\n<h2>Ventajas:<\/h2>\n<p>El uso constante de Andarine (S4) en la investigaci\u00f3n ha demostrado dar lugar a aumentos notables en la masa muscular magra, la mejora de la fuerza, y la aceleraci\u00f3n de los tiempos de recuperaci\u00f3n. Tambi\u00e9n es muy eficaz en la promoci\u00f3n de la p\u00e9rdida de grasa, por lo que es un compuesto ideal para aquellos que buscan lograr un f\u00edsico m\u00e1s definido, vascular. Los beneficios secundarios observados incluyen el aumento de la resistencia, la mejora de los niveles de energ\u00eda y la estabilizaci\u00f3n del estado de \u00e1nimo, lo que contribuye a un mejor rendimiento general durante el entrenamiento y otras actividades f\u00edsicas. S4 es particularmente beneficioso para los culturistas, atletas y cualquier persona sometida a un ciclo de corte, ya que ayuda a preservar la masa muscular magra, mientras que en un d\u00e9ficit cal\u00f3rico, lo que garantiza una m\u00e1s delgada, m\u00e1s esculpida apariencia.<\/p>\n<h2>Por qu\u00e9 Powerock Pharma:<\/h2>\n<p>En Powerock Pharma, nos comprometemos a suministrar productos que cumplan las normas m\u00e1s estrictas de calidad y seguridad. Cada lote de Andarine (S4) se produce en instalaciones de vanguardia que cumplen las estrictas normas GMP, HACCP e ISO 13485. Nuestros rigurosos procedimientos de prueba garantizan que cada c\u00e1psula contenga la dosis precisa de Andarine, libre de contaminantes e impurezas. Nos asociamos con laboratorios l\u00edderes para validar la pureza y potencia de nuestros productos, por lo que puede confiar en que Andarine (S4) de Powerock Pharma le proporcionar\u00e1 resultados consistentes y fiables en todo momento. Cuando se trata de sus objetivos de investigaci\u00f3n y rendimiento, no se conforme con nada menos que lo mejor, elija Powerock Pharma.<\/p>\n<h3>Resumen:<\/h3>\n<p>Si usted est\u00e1 buscando para llevar su crecimiento muscular y los esfuerzos de p\u00e9rdida de grasa al siguiente nivel, Andarine (S4) es la soluci\u00f3n que necesita. Respaldado por los rigurosos controles de calidad de Powerock Pharma, este producto est\u00e1 dise\u00f1ado para ayudarle a alcanzar sus objetivos con seguridad y eficacia. No se conforme con menos-ordene Andarine (S4) hoy y comience a ver los resultados que se merece.<\/p>","protected":false},"excerpt":{"rendered":"<p>Andarine (S4) favorece el crecimiento muscular y la p\u00e9rdida de grasa modulando selectivamente los receptores de andr\u00f3genos. Ofrece un aumento de la fuerza, una mayor resistencia y una r\u00e1pida recuperaci\u00f3n. Elija Powerock Pharma para una calidad superior y resultados consistentes.<\/p>","protected":false},"featured_media":235,"template":"","meta":{"_acf_changed":false,"rank_math_lock_modified_date":false,"inline_featured_image":false},"product_cat":[18],"product_tag":[],"class_list":{"0":"post-119","1":"product","2":"type-product","3":"status-publish","4":"has-post-thumbnail","6":"product_cat-sarms","9":"first","10":"instock","11":"shipping-taxable","12":"product-type-simple"},"acf":{"chromatogram":619,"metoda":{"acftf":{"v":"1.3.24"},"p":{"o":{"uh":0},"ca":""},"c":[{"p":""}],"h":[{"c":""}],"b":[[{"c":""}]]}},"_links":{"self":[{"href":"https:\/\/powerockpharma.com\/es\/wp-json\/wp\/v2\/product\/119","targetHints":{"allow":["GET"]}}],"collection":[{"href":"https:\/\/powerockpharma.com\/es\/wp-json\/wp\/v2\/product"}],"about":[{"href":"https:\/\/powerockpharma.com\/es\/wp-json\/wp\/v2\/types\/product"}],"wp:featuredmedia":[{"embeddable":true,"href":"https:\/\/powerockpharma.com\/es\/wp-json\/wp\/v2\/media\/235"}],"wp:attachment":[{"href":"https:\/\/powerockpharma.com\/es\/wp-json\/wp\/v2\/media?parent=119"}],"wp:term":[{"taxonomy":"product_cat","embeddable":true,"href":"https:\/\/powerockpharma.com\/es\/wp-json\/wp\/v2\/product_cat?post=119"},{"taxonomy":"product_tag","embeddable":true,"href":"https:\/\/powerockpharma.com\/es\/wp-json\/wp\/v2\/product_tag?post=119"}],"curies":[{"name":"wp","href":"https:\/\/api.w.org\/{rel}","templated":true}]}}