{"id":120,"date":"2024-08-04T17:31:34","date_gmt":"2024-08-04T15:31:34","guid":{"rendered":"https:\/\/powerockpharma.com\/?post_type=product&#038;p=120"},"modified":"2025-11-12T06:53:56","modified_gmt":"2025-11-12T05:53:56","slug":"s23","status":"publish","type":"product","link":"https:\/\/powerockpharma.com\/es\/sarms\/s23\/","title":{"rendered":"S23"},"content":{"rendered":"<h2>Propiedades:<\/h2>\n<p>Mastorin, tambi\u00e9n conocido como S23, es un potente modulador selectivo del receptor de andr\u00f3genos (SARM) reconocido por sus importantes efectos sobre el crecimiento muscular, la reducci\u00f3n de la grasa y la mejora general de la composici\u00f3n corporal. Sus potentes propiedades anab\u00f3licas lo convierten en la elecci\u00f3n preferida de los investigadores centrados en el desarrollo de compuestos avanzados para mejorar el rendimiento. El S23 act\u00faa uni\u00e9ndose a los receptores androg\u00e9nicos con gran afinidad, promoviendo el desarrollo de masa muscular magra y facilitando al mismo tiempo la p\u00e9rdida de grasa. Esta doble acci\u00f3n lo hace especialmente eficaz para quienes desean optimizar su f\u00edsico y su rendimiento atl\u00e9tico.<\/p>\n<h2>Mecanismo de acci\u00f3n:<\/h2>\n<p>El principal mecanismo de acci\u00f3n de Mastorin (S23) gira en torno a su modulaci\u00f3n selectiva de los receptores androg\u00e9nicos en los tejidos musculares y \u00f3seos. A diferencia de los esteroides anabolizantes tradicionales, el S23 est\u00e1 dise\u00f1ado para ejercer sus efectos espec\u00edficamente en estas zonas diana, minimizando las interacciones indeseables con otros tejidos como la pr\u00f3stata. Al activar los receptores androg\u00e9nicos, el S23 aumenta la s\u00edntesis proteica, lo que se traduce en un aumento de la masa muscular y la fuerza. Adem\u00e1s, desempe\u00f1a un papel crucial en la reducci\u00f3n de la actividad catab\u00f3lica durante los d\u00e9ficits cal\u00f3ricos, preservando as\u00ed la masa magra al tiempo que promueve la p\u00e9rdida de grasa. Esta selectividad no s\u00f3lo conduce a resultados f\u00edsicos impresionantes, sino que tambi\u00e9n reduce el riesgo de efectos secundarios comunes asociados con compuestos androg\u00e9nicos menos espec\u00edficos.<\/p>\n<h2>Ventajas:<\/h2>\n<p>La investigaci\u00f3n sobre Mastorin (S23) ha demostrado resultados consistentes en t\u00e9rminos de hipertrofia muscular significativa, ganancias de fuerza y reducci\u00f3n de grasa. Los sujetos que utilizan S23 suelen experimentar tiempos de recuperaci\u00f3n acelerados, lo que permite sesiones de entrenamiento m\u00e1s frecuentes e intensas. Adem\u00e1s, se sabe que el S23 aumenta la vascularidad, contribuyendo a un f\u00edsico m\u00e1s definido y est\u00e9tico. Su capacidad para aumentar la densidad mineral \u00f3sea tambi\u00e9n lo hace valioso en estudios relacionados con la salud \u00f3sea y la prevenci\u00f3n de la osteoporosis. La eficacia del S23 es particularmente notable durante los ciclos de corte, en los que la conservaci\u00f3n de la masa muscular y la aceleraci\u00f3n de la p\u00e9rdida de grasa son cruciales.<\/p>\n<h2>Por qu\u00e9 Powerock Pharma:<\/h2>\n<p>El compromiso de Powerock Pharma con la excelencia garantiza que cada lote de Mastorin (S23) se produzca con los m\u00e1s altos est\u00e1ndares de calidad y seguridad. Fabricados en instalaciones de vanguardia que cumplen las certificaciones GMP, HACCP e ISO 13485, nuestros productos se someten a rigurosas pruebas de pureza y potencia. Colaboramos con laboratorios l\u00edderes para validar la consistencia y eficacia de nuestros compuestos, proporcionando a los investigadores herramientas fiables para sus estudios. Cuando elige Powerock Pharma, est\u00e1 eligiendo una fuente de confianza que prioriza los resultados y la seguridad de su investigaci\u00f3n.<\/p>\n<h3>Resumen:<\/h3>\n<p>Eleve su investigaci\u00f3n con Mastorin (S23), un compuesto dise\u00f1ado para aquellos que exigen los m\u00e1s altos est\u00e1ndares en crecimiento muscular, p\u00e9rdida de grasa y mejora del rendimiento. Respaldado por la dedicaci\u00f3n de Powerock Pharma a la calidad, S23 ofrece una soluci\u00f3n segura y eficaz para alcanzar sus objetivos de investigaci\u00f3n. Orden Mastorin (S23) hoy y experimentar los beneficios de un producto meticulosamente elaborado que ofrece resultados consistentes y confiables.<\/p>","protected":false},"excerpt":{"rendered":"<p>Mastorin (S23) favorece el crecimiento muscular y la p\u00e9rdida de grasa modulando selectivamente los receptores de andr\u00f3genos. Ofrece un aumento de la fuerza, una mayor resistencia y una recuperaci\u00f3n acelerada. Elija Powerock Pharma para una calidad sin compromisos y resultados consistentes.<\/p>","protected":false},"featured_media":236,"template":"","meta":{"_acf_changed":false,"rank_math_lock_modified_date":false,"inline_featured_image":false},"product_cat":[18],"product_tag":[],"class_list":{"0":"post-120","1":"product","2":"type-product","3":"status-publish","4":"has-post-thumbnail","6":"product_cat-sarms","9":"first","10":"instock","11":"shipping-taxable","12":"product-type-simple"},"acf":{"chromatogram":620,"metoda":""},"_links":{"self":[{"href":"https:\/\/powerockpharma.com\/es\/wp-json\/wp\/v2\/product\/120","targetHints":{"allow":["GET"]}}],"collection":[{"href":"https:\/\/powerockpharma.com\/es\/wp-json\/wp\/v2\/product"}],"about":[{"href":"https:\/\/powerockpharma.com\/es\/wp-json\/wp\/v2\/types\/product"}],"wp:featuredmedia":[{"embeddable":true,"href":"https:\/\/powerockpharma.com\/es\/wp-json\/wp\/v2\/media\/236"}],"wp:attachment":[{"href":"https:\/\/powerockpharma.com\/es\/wp-json\/wp\/v2\/media?parent=120"}],"wp:term":[{"taxonomy":"product_cat","embeddable":true,"href":"https:\/\/powerockpharma.com\/es\/wp-json\/wp\/v2\/product_cat?post=120"},{"taxonomy":"product_tag","embeddable":true,"href":"https:\/\/powerockpharma.com\/es\/wp-json\/wp\/v2\/product_tag?post=120"}],"curies":[{"name":"wp","href":"https:\/\/api.w.org\/{rel}","templated":true}]}}