{"id":122,"date":"2024-08-04T17:33:20","date_gmt":"2024-08-04T15:33:20","guid":{"rendered":"https:\/\/powerockpharma.com\/?post_type=product&#038;p=122"},"modified":"2025-11-12T07:02:14","modified_gmt":"2025-11-12T06:02:14","slug":"lgd3033","status":"publish","type":"product","link":"https:\/\/powerockpharma.com\/es\/sarms\/lgd3033\/","title":{"rendered":"LGD3033"},"content":{"rendered":"<h2>Propiedades:<\/h2>\n<p>El LGD3033, un potente modulador selectivo de los receptores androg\u00e9nicos (SARM), es conocido por sus importantes efectos sobre el crecimiento y la fuerza muscular, lo que lo convierte en una opci\u00f3n ideal para los investigadores centrados en mejorar el rendimiento f\u00edsico y la retenci\u00f3n de masa magra. Este compuesto act\u00faa uni\u00e9ndose selectivamente a los receptores de andr\u00f3genos, principalmente en los tejidos musculares y \u00f3seos, lo que produce efectos anab\u00f3licos espec\u00edficos con un impacto m\u00ednimo en otros \u00f3rganos. Esta selectividad garantiza que el LGD3033 sea muy eficaz para promover el crecimiento muscular, al tiempo que minimiza los posibles efectos secundarios asociados a menudo con los esteroides anabolizantes tradicionales.<\/p>\n<h2>Mecanismo de acci\u00f3n:<\/h2>\n<p>La acci\u00f3n del LGD3033 gira en torno a su capacidad para modular selectivamente los receptores androg\u00e9nicos. A diferencia de los esteroides anabolizantes, que afectan a todos los receptores de andr\u00f3genos de forma indiscriminada, LGD3033 se dirige a receptores espec\u00edficos en el m\u00fasculo y el hueso, lo que conduce a una mayor s\u00edntesis de prote\u00ednas y la reducci\u00f3n del catabolismo muscular. Este mecanismo selectivo permite ganancias significativas de masa muscular sin los efectos adversos t\u00edpicos de los esteroides, como la toxicidad hep\u00e1tica o los impactos negativos sobre la salud cardiovascular. Adem\u00e1s, LGD3033 ayuda a preservar la masa magra durante un d\u00e9ficit cal\u00f3rico, por lo que es particularmente beneficioso durante los ciclos de corte.<\/p>\n<h2>Ventajas:<\/h2>\n<p>El uso regular de LGD3033 en estudios de investigaci\u00f3n ha demostrado producir aumentos notables de la masa muscular, ganancias de fuerza y tiempos de recuperaci\u00f3n acelerados. Los investigadores tambi\u00e9n han observado una mejora de la resistencia y el rendimiento general de los sujetos. Los beneficios secundarios pueden incluir una mayor vascularidad, mejores niveles de energ\u00eda y estabilizaci\u00f3n del estado de \u00e1nimo. El compuesto es especialmente eficaz para aquellos que buscan lograr un f\u00edsico delgado y musculoso, por lo que es una opci\u00f3n popular entre los culturistas, atletas e investigadores centrados en la mejora f\u00edsica.<\/p>\n<h2>Por qu\u00e9 Powerock Pharma:<\/h2>\n<p>En Powerock Pharma, nos comprometemos a suministrar compuestos de investigaci\u00f3n de la m\u00e1s alta calidad disponible. Nuestro LGD3033 se fabrica en instalaciones de vanguardia que cumplen y superan las normas GMP, HACCP e ISO 13485, garantizando que cada lote sea de la m\u00e1xima calidad. Los rigurosos procedimientos de prueba y validaci\u00f3n, realizados en colaboraci\u00f3n con laboratorios l\u00edderes, garantizan la pureza y potencia de nuestros productos. Al elegir LGD3033 de Powerock Pharma, puede estar seguro de que est\u00e1 utilizando un producto eficaz y seguro para sus necesidades de investigaci\u00f3n.<\/p>\n<h3>Resumen:<\/h3>\n<p>Si su investigaci\u00f3n se centra en el crecimiento muscular, la mejora de la fuerza o la retenci\u00f3n de masa magra, LGD3033 es el compuesto que necesita. Con el compromiso de Powerock Pharma con la calidad y la seguridad, este producto est\u00e1 dise\u00f1ado para ayudarle a lograr resultados fiables y consistentes. No comprometa su investigaci\u00f3n - ordene LGD3033 hoy y tome el siguiente paso hacia descubrimientos innovadores.<\/p>","protected":false},"excerpt":{"rendered":"<p>LGD3033 apoya el crecimiento muscular mediante la modulaci\u00f3n selectiva de los receptores de andr\u00f3genos, lo que lleva a un aumento de la s\u00edntesis de prote\u00ednas y la reducci\u00f3n de la degradaci\u00f3n muscular. Ofrece mayor fuerza, recuperaci\u00f3n acelerada y retenci\u00f3n de masa magra. Elija Powerock Pharma para la calidad y los resultados.<\/p>","protected":false},"featured_media":239,"template":"","meta":{"_acf_changed":false,"rank_math_lock_modified_date":false,"inline_featured_image":false},"product_cat":[18],"product_tag":[],"class_list":{"0":"post-122","1":"product","2":"type-product","3":"status-publish","4":"has-post-thumbnail","6":"product_cat-sarms","9":"first","10":"instock","11":"shipping-taxable","12":"product-type-simple"},"acf":{"chromatogram":648,"metoda":""},"_links":{"self":[{"href":"https:\/\/powerockpharma.com\/es\/wp-json\/wp\/v2\/product\/122","targetHints":{"allow":["GET"]}}],"collection":[{"href":"https:\/\/powerockpharma.com\/es\/wp-json\/wp\/v2\/product"}],"about":[{"href":"https:\/\/powerockpharma.com\/es\/wp-json\/wp\/v2\/types\/product"}],"wp:featuredmedia":[{"embeddable":true,"href":"https:\/\/powerockpharma.com\/es\/wp-json\/wp\/v2\/media\/239"}],"wp:attachment":[{"href":"https:\/\/powerockpharma.com\/es\/wp-json\/wp\/v2\/media?parent=122"}],"wp:term":[{"taxonomy":"product_cat","embeddable":true,"href":"https:\/\/powerockpharma.com\/es\/wp-json\/wp\/v2\/product_cat?post=122"},{"taxonomy":"product_tag","embeddable":true,"href":"https:\/\/powerockpharma.com\/es\/wp-json\/wp\/v2\/product_tag?post=122"}],"curies":[{"name":"wp","href":"https:\/\/api.w.org\/{rel}","templated":true}]}}