{"id":123,"date":"2024-08-04T17:41:01","date_gmt":"2024-08-04T15:41:01","guid":{"rendered":"https:\/\/powerockpharma.com\/?post_type=product&#038;p=123"},"modified":"2025-11-12T06:42:46","modified_gmt":"2025-11-12T05:42:46","slug":"yohimbine-hcl-10","status":"publish","type":"product","link":"https:\/\/powerockpharma.com\/es\/yohimbine\/yohimbina-hcl-10\/","title":{"rendered":"YOHIMBINA HCL 10mg"},"content":{"rendered":"<h2>Propiedades:<\/h2>\n<p>La yohimbina HCL es conocida por sus potentes efectos sobre la p\u00e9rdida de grasa, lo que la convierte en una opci\u00f3n perfecta para quienes desean conseguir un f\u00edsico m\u00e1s esbelto. Este compuesto se dirige principalmente a las zonas de grasa rebelde mediante la inhibici\u00f3n de los receptores adren\u00e9rgicos alfa-2, que son responsables de prevenir la descomposici\u00f3n de la grasa en ciertas partes del cuerpo. Mediante el bloqueo de estos receptores, Yohimbine HCL facilita la liberaci\u00f3n de \u00e1cidos grasos del tejido adiposo, la mejora de la movilizaci\u00f3n de grasa y la oxidaci\u00f3n. Este mecanismo hace que sea particularmente eficaz para las personas que buscan optimizar su composici\u00f3n corporal durante las fases de corte o aquellos que luchan con los dep\u00f3sitos de grasa resistentes.<\/p>\n<h2>Mecanismo de acci\u00f3n:<\/h2>\n<p>La acci\u00f3n de la yohimbina HCL se centra en su capacidad para bloquear los receptores adren\u00e9rgicos alfa-2, que desempe\u00f1an un papel crucial en la regulaci\u00f3n del metabolismo de las grasas. Estos receptores se encuentran predominantemente en las zonas donde la p\u00e9rdida de grasa suele ser lenta, como el abdomen y los muslos. Al inhibir estos receptores, Yohimbine HCL promueve el aumento de los niveles de norepinefrina, que a su vez estimulan la lip\u00f3lisis, o descomposici\u00f3n de la grasa. Este mayor proceso de quema de grasa permite una utilizaci\u00f3n m\u00e1s eficiente de la grasa almacenada como fuente de energ\u00eda, lo que conduce a una mejor composici\u00f3n corporal sin afectar negativamente a la masa muscular magra. Adem\u00e1s, las propiedades estimulantes de la yohimbina HCL contribuyen a aumentar los niveles de energ\u00eda y la concentraci\u00f3n mental, por lo que es una excelente ayuda durante las dietas de restricci\u00f3n cal\u00f3rica y las sesiones de entrenamiento intenso.<\/p>\n<h2>Ventajas:<\/h2>\n<p>El uso regular de Yohimbina HCL conlleva una serie de beneficios, como la aceleraci\u00f3n de la p\u00e9rdida de grasa, especialmente en las zonas m\u00e1s rebeldes, y la mejora de los niveles de energ\u00eda durante los entrenamientos. Los usuarios a menudo experimentan una mayor concentraci\u00f3n y estado de alerta, por lo que es m\u00e1s f\u00e1cil mantener una dieta estricta y un r\u00e9gimen de entrenamiento. El compuesto es particularmente beneficioso para los atletas, culturistas y entusiastas del fitness en los ciclos de corte o aquellos que buscan eliminar la grasa residual despu\u00e9s de una fase de aumento de volumen. Los beneficios secundarios pueden incluir la mejora del estado de \u00e1nimo y un ligero efecto termog\u00e9nico, ayudando a\u00fan m\u00e1s en la reducci\u00f3n de grasa.<\/p>\n<h2>Por qu\u00e9 Powerock Pharma:<\/h2>\n<p>En Powerock Pharma, priorizamos la calidad y la consistencia. Nuestra Yohimbina HCL se fabrica en instalaciones de \u00faltima generaci\u00f3n que cumplen las estrictas normas GMP, HACCP e ISO 13485. Cada lote se somete a rigurosas pruebas para garantizar su pureza, potencia y seguridad, proporcionando a investigadores y consumidores un producto en el que pueden confiar. Al asociarnos con laboratorios l\u00edderes, garantizamos que nuestra Yohimbina HCL proporciona los efectos precisos necesarios para alcanzar sus objetivos de p\u00e9rdida de grasa sin comprometer la seguridad. Cuando usted elige Powerock Pharma, est\u00e1 eligiendo un producto respaldado por la ciencia, fabricado con integridad y con resultados probados.<\/p>\n<h3>Resumen:<\/h3>\n<p>Si usted es serio acerca de lograr un f\u00edsico m\u00e1s delgado y la superaci\u00f3n de la grasa terca, Yohimbina HCL es el suplemento ideal para apoyar sus objetivos. Impulsado por la investigaci\u00f3n avanzada y producido con los m\u00e1s altos est\u00e1ndares, este producto le asegura obtener los mejores resultados de forma segura y eficaz. No comprometa su progreso: pida Yohimbine HCL a Powerock Pharma hoy mismo y d\u00e9 el siguiente paso en su viaje hacia la forma f\u00edsica.<\/p>","protected":false},"excerpt":{"rendered":"<p>Yohimbina HCL apoya la p\u00e9rdida de grasa mediante el bloqueo de los receptores alfa-2 adren\u00e9rgicos, mejorando la lip\u00f3lisis. Ofrece un aumento de la energ\u00eda, mejora la concentraci\u00f3n, y la reducci\u00f3n de grasa m\u00e1s r\u00e1pido. Elija Powerock Pharma para la calidad y resultados consistentes.<\/p>","protected":false},"featured_media":242,"template":"","meta":{"_acf_changed":false,"rank_math_lock_modified_date":false,"inline_featured_image":false},"product_cat":[20],"product_tag":[],"class_list":{"0":"post-123","1":"product","2":"type-product","3":"status-publish","4":"has-post-thumbnail","6":"product_cat-yohimbine","9":"first","10":"instock","11":"shipping-taxable","12":"product-type-simple"},"acf":{"chromatogram":598,"metoda":""},"_links":{"self":[{"href":"https:\/\/powerockpharma.com\/es\/wp-json\/wp\/v2\/product\/123","targetHints":{"allow":["GET"]}}],"collection":[{"href":"https:\/\/powerockpharma.com\/es\/wp-json\/wp\/v2\/product"}],"about":[{"href":"https:\/\/powerockpharma.com\/es\/wp-json\/wp\/v2\/types\/product"}],"wp:featuredmedia":[{"embeddable":true,"href":"https:\/\/powerockpharma.com\/es\/wp-json\/wp\/v2\/media\/242"}],"wp:attachment":[{"href":"https:\/\/powerockpharma.com\/es\/wp-json\/wp\/v2\/media?parent=123"}],"wp:term":[{"taxonomy":"product_cat","embeddable":true,"href":"https:\/\/powerockpharma.com\/es\/wp-json\/wp\/v2\/product_cat?post=123"},{"taxonomy":"product_tag","embeddable":true,"href":"https:\/\/powerockpharma.com\/es\/wp-json\/wp\/v2\/product_tag?post=123"}],"curies":[{"name":"wp","href":"https:\/\/api.w.org\/{rel}","templated":true}]}}