{"id":124,"date":"2024-08-04T17:41:46","date_gmt":"2024-08-04T15:41:46","guid":{"rendered":"https:\/\/powerockpharma.com\/?post_type=product&#038;p=124"},"modified":"2025-11-12T07:07:09","modified_gmt":"2025-11-12T06:07:09","slug":"double-yohimbine-hcl","status":"publish","type":"product","link":"https:\/\/powerockpharma.com\/es\/yohimbine\/doble-yohimbina-hcl\/","title":{"rendered":"DOBLE YOHIMBINA HCL"},"content":{"rendered":"<h2>Propiedades:<\/h2>\n<p>Double Yohimbine HCL combina dos potentes formas de yohimbina -hidrocloruro de yohimbina y alfa-yohimbina- para proporcionar efectos incomparables sobre la p\u00e9rdida de grasa y la mejora de la energ\u00eda. Este producto de doble acci\u00f3n est\u00e1 dise\u00f1ado espec\u00edficamente para aquellos que buscan acelerar la quema de grasa mientras se mantiene la masa muscular magra. El clorhidrato de yohimbina act\u00faa estimulando la liberaci\u00f3n de norepinefrina, una hormona responsable de movilizar las reservas de grasa y aumentar la tasa metab\u00f3lica. Alfa-Yohimbine, por otra parte, es una variante m\u00e1s potente que se dirige a los dep\u00f3sitos de grasa obstinada, especialmente en \u00e1reas como el abdomen y los muslos, donde la p\u00e9rdida de grasa es a menudo m\u00e1s dif\u00edcil.<\/p>\n<h2>Mecanismo de acci\u00f3n:<\/h2>\n<p>La acci\u00f3n de Double Yohimbine HCL se centra en su capacidad para bloquear los receptores adren\u00e9rgicos alfa-2, que normalmente inhiben la descomposici\u00f3n de las grasas en el organismo. Al antagonizar estos receptores, la yohimbina aumenta los niveles de norepinefrina y dopamina, lo que a su vez mejora la lip\u00f3lisis, o la descomposici\u00f3n de las reservas de grasa. Este proceso no s\u00f3lo facilita la p\u00e9rdida r\u00e1pida de grasa, sino que tambi\u00e9n proporciona un aumento significativo de la energ\u00eda y la concentraci\u00f3n, por lo que es ideal para aquellos que buscan mejorar su rendimiento f\u00edsico. Adem\u00e1s, la acci\u00f3n selectiva de la alfa-yohimbina en los tejidos adiposos garantiza que los efectos de la quema de grasa se maximizan sin afectar significativamente a otros sistemas corporales, reduciendo el riesgo de efectos secundarios com\u00fanmente asociados con los estimulantes.<\/p>\n<h2>Ventajas:<\/h2>\n<p>El uso regular de Doble Yohimbina HCL puede conducir a una notable p\u00e9rdida de grasa, especialmente en las zonas resistentes a la dieta y el ejercicio. Los usuarios a menudo informan de la mejora de los niveles de energ\u00eda, mayor claridad mental, y un mayor sentido de enfoque, que puede ser especialmente beneficioso durante los d\u00e9ficits de calor\u00edas o per\u00edodos de entrenamiento intenso. El producto tambi\u00e9n es conocido por su capacidad para apoyar la estabilizaci\u00f3n del estado de \u00e1nimo, por lo que es m\u00e1s f\u00e1cil mantener una dieta constante y r\u00e9gimen de ejercicio. Doble Yohimbina HCL es particularmente eficaz para los culturistas, atletas y personas sometidas a ciclos de corte que necesitan perder grasa, preservando la masa muscular.<\/p>\n<h2>Por qu\u00e9 Powerock Pharma:<\/h2>\n<p>En Powerock Pharma, damos prioridad a la calidad y la seguridad en cada producto que fabricamos. Double Yohimbine HCL se produce en instalaciones de \u00faltima generaci\u00f3n que se adhieren a los m\u00e1s altos est\u00e1ndares de Buenas Pr\u00e1cticas de Fabricaci\u00f3n (BPF), An\u00e1lisis de Peligros y Puntos Cr\u00edticos de Control (APPCC) e ISO 13485. Nuestros rigurosos procesos de control de calidad garantizan que cada lote de Double Yohimbine HCL se someta a pruebas de pureza, potencia y consistencia, para que pueda confiar en que est\u00e1 recibiendo un producto eficaz y seguro. Colaboramos con los mejores laboratorios para validar la calidad de nuestros productos, asegurando que cumplen con las normas m\u00e1s estrictas de la industria. Elija Powerock Pharma para obtener resultados fiables y tranquilidad.<\/p>\n<h3>Resumen:<\/h3>\n<p>Si usted es serio acerca de acelerar su p\u00e9rdida de grasa y mejorar sus niveles de energ\u00eda, Double Yohimbine HCL es la soluci\u00f3n que necesita. Respaldado por el compromiso de Powerock Pharma a la excelencia, este producto est\u00e1 dise\u00f1ado para ayudarle a alcanzar sus objetivos de fitness con seguridad y eficacia. No comprometa la calidad, pida Double Yohimbine HCL hoy mismo y empiece a experimentar los resultados que se merece.<\/p>","protected":false},"excerpt":{"rendered":"<p>Doble Yohimbina HCL apoya la p\u00e9rdida de grasa mediante la mejora de la liberaci\u00f3n de norepinefrina y el bloqueo de los receptores alfa-2 adren\u00e9rgicos. Ofrece una r\u00e1pida reducci\u00f3n de peso, mejora la energ\u00eda y la concentraci\u00f3n. Elija Powerock Pharma para obtener resultados consistentes y de alta calidad.<\/p>","protected":false},"featured_media":243,"template":"","meta":{"_acf_changed":false,"rank_math_lock_modified_date":false,"inline_featured_image":false},"product_cat":[20],"product_tag":[],"class_list":{"0":"post-124","1":"product","2":"type-product","3":"status-publish","4":"has-post-thumbnail","6":"product_cat-yohimbine","9":"first","10":"instock","11":"shipping-taxable","12":"product-type-simple"},"acf":{"chromatogram":666,"metoda":""},"_links":{"self":[{"href":"https:\/\/powerockpharma.com\/es\/wp-json\/wp\/v2\/product\/124","targetHints":{"allow":["GET"]}}],"collection":[{"href":"https:\/\/powerockpharma.com\/es\/wp-json\/wp\/v2\/product"}],"about":[{"href":"https:\/\/powerockpharma.com\/es\/wp-json\/wp\/v2\/types\/product"}],"wp:featuredmedia":[{"embeddable":true,"href":"https:\/\/powerockpharma.com\/es\/wp-json\/wp\/v2\/media\/243"}],"wp:attachment":[{"href":"https:\/\/powerockpharma.com\/es\/wp-json\/wp\/v2\/media?parent=124"}],"wp:term":[{"taxonomy":"product_cat","embeddable":true,"href":"https:\/\/powerockpharma.com\/es\/wp-json\/wp\/v2\/product_cat?post=124"},{"taxonomy":"product_tag","embeddable":true,"href":"https:\/\/powerockpharma.com\/es\/wp-json\/wp\/v2\/product_tag?post=124"}],"curies":[{"name":"wp","href":"https:\/\/api.w.org\/{rel}","templated":true}]}}