{"id":290,"date":"2024-08-12T06:09:57","date_gmt":"2024-08-12T04:09:57","guid":{"rendered":"https:\/\/powerockpharma.com\/?post_type=product&#038;p=290"},"modified":"2025-11-12T06:41:57","modified_gmt":"2025-11-12T05:41:57","slug":"yohimbine-hcl-5","status":"publish","type":"product","link":"https:\/\/powerockpharma.com\/es\/yohimbine\/yohimbina-hcl-5\/","title":{"rendered":"YOHIMBINA HCL 5mg"},"content":{"rendered":"<h2>Propiedades Yohimbina HCL 5mg:<\/h2>\n<p>La yohimbina HCL, tambi\u00e9n conocida como clorhidrato de yohimbina, es un potente alcaloide con efectos bien documentados sobre la p\u00e9rdida de grasa y la mejora de la energ\u00eda. Derivado de la corteza del \u00e1rbol Yohimbe, Yohimbine HCL es muy valorado en la comunidad de investigaci\u00f3n por su capacidad para atacar la grasa obstinada, por lo que es una opci\u00f3n preferida para aquellos que buscan refinar su f\u00edsico y mejorar el rendimiento. Este compuesto funciona principalmente bloqueando los receptores adren\u00e9rgicos alfa-2, que se encuentran en altas concentraciones en las zonas del cuerpo que son resistentes a la p\u00e9rdida de grasa, como el abdomen y los muslos. Al inhibir estos receptores, Yohimbine HCL promueve la liberaci\u00f3n de norepinefrina, una hormona que estimula la descomposici\u00f3n de la grasa, o lip\u00f3lisis, y aumenta el gasto de energ\u00eda a trav\u00e9s de la termog\u00e9nesis.<\/p>\n<h2>Mecanismo de acci\u00f3n:<\/h2>\n<p>La acci\u00f3n de Yohimbine HCL se centra alrededor de su capacidad de inhibir los receptores adren\u00e9rgicos alfa-2. Esta inhibici\u00f3n impide que estos receptores se unan a la norepinefrina, permitiendo que una mayor cantidad de esta hormona quemagrasas circule por el torrente sangu\u00edneo. El aumento de los niveles de norepinefrina activa posteriormente los receptores beta, responsables de desencadenar la lip\u00f3lisis y la termog\u00e9nesis. Este mecanismo selectivo asegura que Yohimbine HCL no s\u00f3lo se dirige a las reservas de grasa con eficacia, sino que tambi\u00e9n aumenta los niveles generales de energ\u00eda, por lo que es especialmente \u00fatil durante los ciclos de corte o cuando se persigue un f\u00edsico m\u00e1s delgado. Adem\u00e1s, los efectos de la yohimbina HCL van m\u00e1s all\u00e1 de la p\u00e9rdida de grasa; tambi\u00e9n se sabe que mejora el estado de \u00e1nimo y la funci\u00f3n cognitiva debido a su impacto estimulante sobre el sistema nervioso central.<\/p>\n<h2>Ventajas:<\/h2>\n<p>El uso constante de Yohimbina HCL en la investigaci\u00f3n produce una p\u00e9rdida significativa de grasa, especialmente en las zonas m\u00e1s rebeldes, un aumento de los niveles de energ\u00eda y una mejora del rendimiento f\u00edsico. Los investigadores pueden observar la termog\u00e9nesis mejorada, lo que lleva a una mayor quema de calor\u00edas, incluso en reposo, y una elevaci\u00f3n en el estado de \u00e1nimo y el enfoque debido a su estimulaci\u00f3n del sistema nervioso central. Este compuesto es particularmente eficaz para las personas que participan en reg\u00edmenes de entrenamiento riguroso, los atletas que buscan mejorar su composici\u00f3n corporal, y los que se someten a una fase de corte. Adem\u00e1s, la yohimbina HCL tambi\u00e9n puede ofrecer beneficios secundarios como la mejora del flujo sangu\u00edneo y del rendimiento sexual debido a sus efectos vasodilatadores.<\/p>\n<h2>Por qu\u00e9 Powerock Pharma:<\/h2>\n<p>En Powerock Pharma, estamos comprometidos a ofrecer s\u00f3lo productos de la m\u00e1s alta calidad para apoyar su investigaci\u00f3n. Nuestra Yohimbina HCL se fabrica en instalaciones que se adhieren estrictamente a las normas GMP, HACCP e ISO 13485, garantizando que cada c\u00e1psula contenga la forma m\u00e1s pura y potente del compuesto. Nos asociamos con laboratorios de primer nivel para llevar a cabo pruebas rigurosas en cada lote, garantizando que nuestros productos cumplen con las normas m\u00e1s estrictas de pureza y potencia. Cuando usted elige Yohimbina HCL de Powerock Pharma, usted est\u00e1 seleccionando un producto respaldado por la ciencia, elaborado con precisi\u00f3n, y dise\u00f1ado para ofrecer resultados fiables y consistentes en sus esfuerzos de investigaci\u00f3n.<\/p>\n<h3>Resumen<\/h3>\n<p>Si su investigaci\u00f3n se centra en la p\u00e9rdida de grasa, la mejora de la energ\u00eda o la funci\u00f3n cognitiva, Yohimbine HCL de Powerock Pharma es la soluci\u00f3n que necesita. Con nuestros rigurosos controles de calidad y compromiso con la excelencia, este producto est\u00e1 dise\u00f1ado para ayudarle a lograr resultados fiables y significativos. No se conforme con menos-ordene Yohimbine HCL hoy y lleve su investigaci\u00f3n al siguiente nivel.<\/p>\n<div id=\"gtx-trans\" style=\"position: absolute; left: 98px; top: 453.531px;\">\n<div class=\"gtx-trans-icon\"><\/div>\n<\/div>","protected":false},"excerpt":{"rendered":"<p>La yohimbina HCL contribuye a la p\u00e9rdida de grasa aumentando los niveles de norepinefrina, potenciando la termog\u00e9nesis y la lip\u00f3lisis. Ofrece potentes efectos para quemar grasa y aumentar la energ\u00eda. Elija Powerock Pharma por su pureza y eficacia.<\/p>\n<div id=\"gtx-trans\" style=\"position: absolute; left: -6px; top: -10px;\">\n<div class=\"gtx-trans-icon\"><\/div>\n<\/div>","protected":false},"featured_media":241,"template":"","meta":{"_acf_changed":false,"rank_math_lock_modified_date":false,"inline_featured_image":false},"product_cat":[20],"product_tag":[],"class_list":{"0":"post-290","1":"product","2":"type-product","3":"status-publish","4":"has-post-thumbnail","6":"product_cat-yohimbine","9":"first","10":"instock","11":"shipping-taxable","12":"product-type-simple"},"acf":{"chromatogram":597,"metoda":""},"_links":{"self":[{"href":"https:\/\/powerockpharma.com\/es\/wp-json\/wp\/v2\/product\/290","targetHints":{"allow":["GET"]}}],"collection":[{"href":"https:\/\/powerockpharma.com\/es\/wp-json\/wp\/v2\/product"}],"about":[{"href":"https:\/\/powerockpharma.com\/es\/wp-json\/wp\/v2\/types\/product"}],"wp:featuredmedia":[{"embeddable":true,"href":"https:\/\/powerockpharma.com\/es\/wp-json\/wp\/v2\/media\/241"}],"wp:attachment":[{"href":"https:\/\/powerockpharma.com\/es\/wp-json\/wp\/v2\/media?parent=290"}],"wp:term":[{"taxonomy":"product_cat","embeddable":true,"href":"https:\/\/powerockpharma.com\/es\/wp-json\/wp\/v2\/product_cat?post=290"},{"taxonomy":"product_tag","embeddable":true,"href":"https:\/\/powerockpharma.com\/es\/wp-json\/wp\/v2\/product_tag?post=290"}],"curies":[{"name":"wp","href":"https:\/\/api.w.org\/{rel}","templated":true}]}}