{"id":477,"date":"2025-01-29T13:55:27","date_gmt":"2025-01-29T12:55:27","guid":{"rendered":"https:\/\/powerockpharma.com\/?post_type=product&#038;p=477"},"modified":"2025-11-12T07:06:35","modified_gmt":"2025-11-12T06:06:35","slug":"epithalon","status":"publish","type":"product","link":"https:\/\/powerockpharma.com\/es\/peptide-lyophilizates\/epithalon\/","title":{"rendered":"Epithalon"},"content":{"rendered":"<h2><strong>Propiedades Epithalon:<\/strong><\/h2>\n<p>Epitalon (Epithalamin) es un tetrap\u00e9ptido sint\u00e9tico conocido por sus potentes propiedades antienvejecimiento y regeneradoras. Ha sido ampliamente estudiado por su capacidad para potenciar la actividad de la telomerasa, que desempe\u00f1a un papel crucial en la protecci\u00f3n del ADN y la longevidad celular. Al regular la gl\u00e1ndula pineal, Epitalon ayuda a equilibrar los niveles de melatonina, mejorando la calidad del sue\u00f1o, la funci\u00f3n inmunitaria y el bienestar general. Este p\u00e9ptido es ampliamente reconocido por su potencial en la promoci\u00f3n de la longevidad, la reducci\u00f3n del estr\u00e9s oxidativo y el apoyo a la neuroprotecci\u00f3n.<\/p>\n<h2><strong>Mecanismo de acci\u00f3n:<\/strong><\/h2>\n<p>El mecanismo principal de Epitalon gira en torno a su capacidad para estimular la producci\u00f3n de telomerasa, una enzima responsable del mantenimiento y el alargamiento de los tel\u00f3meros. Los tel\u00f3meros, los capuchones protectores de los cromosomas, se acortan de forma natural con la edad, lo que provoca el envejecimiento y la disfunci\u00f3n celular. Al favorecer la actividad de la telomerasa, Epitalon contribuye a ralentizar la senescencia celular, prolongando as\u00ed la vida de las c\u00e9lulas y mejorando su salud general. Adem\u00e1s, Epitalon regula la secreci\u00f3n de melatonina, optimizando los ritmos circadianos y mejorando la calidad del sue\u00f1o, esencial para la salud f\u00edsica y cognitiva.<\/p>\n<h2><strong>Ventajas:<\/strong><\/h2>\n<ul>\n<li><strong>Favorece la longevidad y el antienvejecimiento:<\/strong>\u00a0Potencia la actividad de la telomerasa para ralentizar el envejecimiento celular y mejorar la integridad del ADN.<\/li>\n<li><strong>Mejora la calidad del sue\u00f1o:<\/strong>\u00a0Regula la producci\u00f3n de melatonina, lo que conduce a un sue\u00f1o m\u00e1s profundo y reparador.<\/li>\n<li><strong>Refuerza la funci\u00f3n inmunitaria:<\/strong>\u00a0Ayuda a reforzar el sistema inmunitario optimizando el sistema endocrino.<\/li>\n<li><strong>Mejora la funci\u00f3n cognitiva:<\/strong>\u00a0Puede mejorar la memoria, la concentraci\u00f3n y la salud general del cerebro al reducir el estr\u00e9s oxidativo.<\/li>\n<li><strong>Reduce el estr\u00e9s oxidativo:<\/strong>\u00a0Act\u00faa como antioxidante, protegiendo las c\u00e9lulas de los da\u00f1os causados por los radicales libres.<\/li>\n<li><strong>Ayuda a la reparaci\u00f3n y regeneraci\u00f3n celular:<\/strong>\u00a0Favorece la cicatrizaci\u00f3n de los tejidos y la salud celular en general.<\/li>\n<li><strong>Favorece el equilibrio hormonal:<\/strong>\u00a0Ayuda a optimizar la funci\u00f3n endocrina, contribuyendo al bienestar y la vitalidad.<\/li>\n<\/ul>\n<h2><strong>\u00bfPor qu\u00e9 Powerock Pharma?<\/strong><\/h2>\n<p>En\u00a0<strong>Powerock Pharma<\/strong>priorizamos la calidad, la seguridad y la eficacia. Nuestra\u00a0<strong>Epitalon<\/strong>\u00a0se somete a rigurosas pruebas y se fabrica en instalaciones con certificaci\u00f3n GMP para garantizar su pureza y potencia. Cada lote es validado por laboratorios de primer nivel, lo que garantiza su consistencia y fiabilidad. Al elegir\u00a0<strong>Powerock Pharma<\/strong>Al invertir en un producto respaldado por la investigaci\u00f3n cient\u00edfica y fabricado de acuerdo con las normas m\u00e1s exigentes del sector.<\/p>\n<h3><strong>Resumen:<\/strong><\/h3>\n<p>Si busca favorecer la longevidad, mejorar el sue\u00f1o y aumentar el bienestar general,\u00a0<strong>Epitalon<\/strong>\u00a0es la soluci\u00f3n ideal. Con sus beneficios avalados cient\u00edficamente y\u00a0<strong>Powerock Pharma<\/strong>\u00a0normas de calidad sin concesiones, puede confiar en este p\u00e9ptido para sus necesidades de investigaci\u00f3n.\u00a0<strong>Pida Epitalon hoy mismo y experimente los beneficios del rejuvenecimiento celular avanzado.<\/strong><\/p>\n<div id=\"gtx-trans\" style=\"position: absolute; left: 92px; top: 714.969px;\">\n<div class=\"gtx-trans-icon\"><\/div>\n<\/div>","protected":false},"excerpt":{"rendered":"<p>Epitalon (Epithalamin) favorece la longevidad y el rejuvenecimiento celular regulando la producci\u00f3n de melatonina y potenciando la actividad de la telomerasa. Promueve beneficios anti-envejecimiento, mejora el sue\u00f1o y el bienestar general. Elija Powerock Pharma por su calidad y sus resultados.<\/p>","protected":false},"featured_media":490,"template":"","meta":{"_acf_changed":false,"rank_math_lock_modified_date":false,"inline_featured_image":false},"product_cat":[17],"product_tag":[],"class_list":{"0":"post-477","1":"product","2":"type-product","3":"status-publish","4":"has-post-thumbnail","6":"product_cat-peptide-lyophilizates","9":"first","10":"instock","11":"shipping-taxable","12":"product-type-simple"},"acf":{"chromatogram":664,"metoda":""},"_links":{"self":[{"href":"https:\/\/powerockpharma.com\/es\/wp-json\/wp\/v2\/product\/477","targetHints":{"allow":["GET"]}}],"collection":[{"href":"https:\/\/powerockpharma.com\/es\/wp-json\/wp\/v2\/product"}],"about":[{"href":"https:\/\/powerockpharma.com\/es\/wp-json\/wp\/v2\/types\/product"}],"wp:featuredmedia":[{"embeddable":true,"href":"https:\/\/powerockpharma.com\/es\/wp-json\/wp\/v2\/media\/490"}],"wp:attachment":[{"href":"https:\/\/powerockpharma.com\/es\/wp-json\/wp\/v2\/media?parent=477"}],"wp:term":[{"taxonomy":"product_cat","embeddable":true,"href":"https:\/\/powerockpharma.com\/es\/wp-json\/wp\/v2\/product_cat?post=477"},{"taxonomy":"product_tag","embeddable":true,"href":"https:\/\/powerockpharma.com\/es\/wp-json\/wp\/v2\/product_tag?post=477"}],"curies":[{"name":"wp","href":"https:\/\/api.w.org\/{rel}","templated":true}]}}