{"id":481,"date":"2025-01-29T13:55:31","date_gmt":"2025-01-29T12:55:31","guid":{"rendered":"https:\/\/powerockpharma.com\/?post_type=product&#038;p=481"},"modified":"2025-11-12T06:52:48","modified_gmt":"2025-11-12T05:52:48","slug":"semax","status":"publish","type":"product","link":"https:\/\/powerockpharma.com\/es\/peptide-lyophilizates\/semax\/","title":{"rendered":"Semax"},"content":{"rendered":"<h2><strong>Propiedades Semax:<\/strong><\/h2>\n<p>Semax es un p\u00e9ptido sint\u00e9tico derivado de la hormona adrenocorticotr\u00f3pica (ACTH) y es conocido por sus profundos efectos sobre la funci\u00f3n cognitiva y la neuroprotecci\u00f3n. Se utiliza ampliamente para mejorar el rendimiento mental, la memoria y la resistencia frente al estr\u00e9s y los trastornos neurol\u00f3gicos. Este compuesto act\u00faa modulando el BDNF y los sistemas neurotransmisores, lo que mejora la plasticidad sin\u00e1ptica, la neurog\u00e9nesis y la claridad mental.<\/p>\n<h2><strong>Mecanismo de acci\u00f3n:<\/strong><\/h2>\n<p>La acci\u00f3n de Semax se centra en su capacidad para aumentar el BDNF, una prote\u00edna crucial implicada en la supervivencia, el crecimiento y la funci\u00f3n cognitiva de las neuronas. Al aumentar los niveles de BDNF, Semax mejora la capacidad de aprendizaje, la consolidaci\u00f3n de la memoria y la neuroplasticidad, al tiempo que protege las neuronas del estr\u00e9s oxidativo y la inflamaci\u00f3n. Este mecanismo garantiza una funci\u00f3n cognitiva mejorada sin los efectos secundarios comunes asociados a los nootr\u00f3picos tradicionales. Adem\u00e1s, interviene en la regulaci\u00f3n de los niveles de dopamina y serotonina, contribuyendo a mejorar el estado de \u00e1nimo y la motivaci\u00f3n.<\/p>\n<h2><strong>Ventajas:<\/strong><\/h2>\n<p>El uso constante de Semax produce mejoras notables en la funci\u00f3n cognitiva, la retenci\u00f3n de la memoria y la resistencia mental. Otros beneficios son una mayor concentraci\u00f3n, una capacidad de aprendizaje m\u00e1s r\u00e1pida y una mayor resistencia frente a la fatiga mental. Es particularmente eficaz para las personas que buscan optimizar el rendimiento cognitivo, estudiantes, profesionales e investigadores que realizan tareas mentalmente exigentes. Semax tambi\u00e9n ha demostrado ser prometedor en la mitigaci\u00f3n de los efectos del estr\u00e9s y el apoyo a la recuperaci\u00f3n neurol\u00f3gica en entornos de investigaci\u00f3n.<\/p>\n<h2><strong>Por qu\u00e9 Powerock Pharma:<\/strong><\/h2>\n<p>En Powerock Pharma, damos prioridad a la calidad, la seguridad y la eficacia. Nuestro Semax se produce en instalaciones que superan las normas GMP, HACCP e ISO 13485, lo que garantiza su pureza y potencia de grado farmac\u00e9utico. Cada lote se somete a rigurosas pruebas en laboratorios l\u00edderes, que validan su integridad y consistencia. Nuestro compromiso con la excelencia significa que usted recibe s\u00f3lo lo mejor, proporcionando resultados inigualables con cada uso.<\/p>\n<h3><strong>Resumen:<\/strong><\/h3>\n<p>Si usted est\u00e1 buscando para elevar sus capacidades cognitivas y el rendimiento mental, Semax es la soluci\u00f3n que necesita. Respaldado por los rigurosos controles de calidad de Powerock Pharma, este producto est\u00e1 dise\u00f1ado para ayudarle a lograr un enfoque \u00f3ptimo, la memoria y la capacidad de recuperaci\u00f3n de forma segura y eficaz. No se conforme con menos-ordene Semax hoy y comience a experimentar una mejor cognici\u00f3n y claridad mental.<\/p>\n<div id=\"gtx-trans\" style=\"position: absolute; left: 265px; top: 618.969px;\">\n<div class=\"gtx-trans-icon\"><\/div>\n<\/div>","protected":false},"excerpt":{"rendered":"<p data-pm-slice=\"1 1 []\">Semax favorece la mejora cognitiva y la neuroprotecci\u00f3n modulando los niveles del factor neurotr\u00f3fico derivado del cerebro (BDNF). Mejora la concentraci\u00f3n, la retenci\u00f3n de la memoria y la resistencia al estr\u00e9s. Elija Powerock Pharma por calidad y resultados.<\/p>","protected":false},"featured_media":499,"template":"","meta":{"_acf_changed":false,"rank_math_lock_modified_date":false,"inline_featured_image":false},"product_cat":[17],"product_tag":[],"class_list":{"0":"post-481","1":"product","2":"type-product","3":"status-publish","4":"has-post-thumbnail","6":"product_cat-peptide-lyophilizates","9":"first","10":"instock","11":"shipping-taxable","12":"product-type-simple"},"acf":{"chromatogram":617,"metoda":""},"_links":{"self":[{"href":"https:\/\/powerockpharma.com\/es\/wp-json\/wp\/v2\/product\/481","targetHints":{"allow":["GET"]}}],"collection":[{"href":"https:\/\/powerockpharma.com\/es\/wp-json\/wp\/v2\/product"}],"about":[{"href":"https:\/\/powerockpharma.com\/es\/wp-json\/wp\/v2\/types\/product"}],"wp:featuredmedia":[{"embeddable":true,"href":"https:\/\/powerockpharma.com\/es\/wp-json\/wp\/v2\/media\/499"}],"wp:attachment":[{"href":"https:\/\/powerockpharma.com\/es\/wp-json\/wp\/v2\/media?parent=481"}],"wp:term":[{"taxonomy":"product_cat","embeddable":true,"href":"https:\/\/powerockpharma.com\/es\/wp-json\/wp\/v2\/product_cat?post=481"},{"taxonomy":"product_tag","embeddable":true,"href":"https:\/\/powerockpharma.com\/es\/wp-json\/wp\/v2\/product_tag?post=481"}],"curies":[{"name":"wp","href":"https:\/\/api.w.org\/{rel}","templated":true}]}}