{"id":71,"date":"2024-08-04T16:49:00","date_gmt":"2024-08-04T14:49:00","guid":{"rendered":"https:\/\/powerockpharma.com\/?post_type=product&#038;p=71"},"modified":"2025-11-12T07:10:08","modified_gmt":"2025-11-12T06:10:08","slug":"alpha-gpc","status":"publish","type":"product","link":"https:\/\/powerockpharma.com\/es\/nootropics\/alfa-gpc\/","title":{"rendered":"ALFA GPC"},"content":{"rendered":"<h2>Propiedades:<\/h2>\n<p>La L-alfa-glucerofosfocolina, com\u00fanmente conocida como Alfa GPC, es un potente nootr\u00f3pico que desempe\u00f1a un papel crucial en la mejora cognitiva. Es ampliamente reconocido por su capacidad para impulsar la funci\u00f3n cerebral, por lo que es una opci\u00f3n superior para las personas que buscan mejorar la memoria, el enfoque y la claridad mental en general. La alfa GPC act\u00faa aumentando los niveles de acetilcolina, un neurotransmisor esencial para los procesos de memoria y aprendizaje. Este compuesto es especialmente eficaz para quienes realizan tareas que exigen un gran esfuerzo mental, ya sea en entornos acad\u00e9micos, profesionales o deportivos.<\/p>\n<h2>Mecanismo de acci\u00f3n:<\/h2>\n<p>Alpha GPC act\u00faa principalmente a trav\u00e9s de su impacto en la producci\u00f3n de acetilcolina. Como precursor de este neurotransmisor cr\u00edtico, Alpha GPC proporciona la colina necesaria para su s\u00edntesis, asegurando que el cerebro tenga un amplio suministro para apoyar las funciones cognitivas. Al atravesar la barrera hematoencef\u00e1lica, la alfa GPC aumenta r\u00e1pidamente la disponibilidad de colina en el cerebro, que se convierte en acetilcolina. Este aumento de la acetilcolina mejora la transmisi\u00f3n sin\u00e1ptica, mejorando as\u00ed la retenci\u00f3n de la memoria, la capacidad de aprendizaje y la concentraci\u00f3n. Adem\u00e1s, se ha demostrado que Alpha GPC favorece la liberaci\u00f3n de la hormona del crecimiento, lo que puede tener beneficios adicionales, como la mejora del rendimiento f\u00edsico y la recuperaci\u00f3n.<\/p>\n<h2>Ventajas:<\/h2>\n<p>El uso regular de Alpha GPC produce importantes beneficios cognitivos, como la mejora de la memoria, la concentraci\u00f3n y la claridad mental. Es particularmente beneficioso para las personas involucradas en actividades que requieren intensa concentraci\u00f3n y resistencia mental, como estudiantes, profesionales y atletas. Adem\u00e1s de sus beneficios cognitivos, Alpha GPC tambi\u00e9n puede contribuir al rendimiento f\u00edsico mediante el apoyo a la liberaci\u00f3n de la hormona del crecimiento, por lo que es un suplemento vers\u00e1til para la mente y el cuerpo. Los usuarios suelen afirmar que se sienten m\u00e1s alerta y mentalmente m\u00e1s agudos, con mejoras en la capacidad de aprendizaje y la velocidad de recuerdo. Tambi\u00e9n se sabe que este compuesto favorece la salud del cerebro y puede tener efectos neuroprotectores que protejan contra el deterioro cognitivo a medida que se envejece.<\/p>\n<h2>Por qu\u00e9 Powerock Pharma:<\/h2>\n<p>En Powerock Pharma, nos dedicamos a producir suplementos de la m\u00e1s alta calidad para la investigaci\u00f3n y la mejora cognitiva. Cada lote de Alpha GPC se fabrica en nuestras instalaciones de \u00faltima generaci\u00f3n, adhiri\u00e9ndose a las m\u00e1s estrictas normas GMP, HACCP e ISO 13485. Utilizamos m\u00e9todos de prueba de vanguardia para garantizar que cada c\u00e1psula contenga Alfa GPC puro, potente y eficaz, libre de contaminantes o impurezas. Nuestro compromiso con la calidad significa que usted puede confiar en que nuestros productos ofrecer\u00e1n resultados consistentes en todo momento. Nos asociamos con laboratorios l\u00edderes para verificar la pureza y potencia de nuestros suplementos, asegurando que usted reciba el mejor producto posible para su investigaci\u00f3n o uso personal.<\/p>\n<h3>Resumen:<\/h3>\n<p>Si usted est\u00e1 buscando un potente potenciador cognitivo para elevar su rendimiento mental, L-alfa-Glicerofosfocolina (Alfa GPC) es la opci\u00f3n ideal. Respaldado por los rigurosos controles de calidad de Powerock Pharma, Alpha GPC est\u00e1 dise\u00f1ado para ayudarle a alcanzar sus objetivos cognitivos con seguridad y eficacia. No comprometa la calidad, ordene Alpha GPC hoy y experimente la diferencia que los suplementos de primera calidad pueden hacer en su claridad mental, enfoque y salud cerebral en general.<\/p>","protected":false},"excerpt":{"rendered":"<p>L-alfa-Glicerofosfocolina (Alfa GPC) contribuye a la mejora cognitiva aumentando los niveles de acetilcolina en el cerebro. Mejora la concentraci\u00f3n, la memoria y la claridad mental. Elija Powerock Pharma para una calidad y unos resultados incomparables.<\/p>","protected":false},"featured_media":166,"template":"","meta":{"_acf_changed":false,"rank_math_lock_modified_date":false,"inline_featured_image":false},"product_cat":[19],"product_tag":[],"class_list":{"0":"post-71","1":"product","2":"type-product","3":"status-publish","4":"has-post-thumbnail","6":"product_cat-nootropics","9":"first","10":"instock","11":"shipping-taxable","12":"product-type-simple"},"acf":{"chromatogram":679,"metoda":""},"_links":{"self":[{"href":"https:\/\/powerockpharma.com\/es\/wp-json\/wp\/v2\/product\/71","targetHints":{"allow":["GET"]}}],"collection":[{"href":"https:\/\/powerockpharma.com\/es\/wp-json\/wp\/v2\/product"}],"about":[{"href":"https:\/\/powerockpharma.com\/es\/wp-json\/wp\/v2\/types\/product"}],"wp:featuredmedia":[{"embeddable":true,"href":"https:\/\/powerockpharma.com\/es\/wp-json\/wp\/v2\/media\/166"}],"wp:attachment":[{"href":"https:\/\/powerockpharma.com\/es\/wp-json\/wp\/v2\/media?parent=71"}],"wp:term":[{"taxonomy":"product_cat","embeddable":true,"href":"https:\/\/powerockpharma.com\/es\/wp-json\/wp\/v2\/product_cat?post=71"},{"taxonomy":"product_tag","embeddable":true,"href":"https:\/\/powerockpharma.com\/es\/wp-json\/wp\/v2\/product_tag?post=71"}],"curies":[{"name":"wp","href":"https:\/\/api.w.org\/{rel}","templated":true}]}}