{"id":73,"date":"2024-08-04T16:50:40","date_gmt":"2024-08-04T14:50:40","guid":{"rendered":"https:\/\/powerockpharma.com\/?post_type=product&#038;p=73"},"modified":"2025-11-12T06:58:22","modified_gmt":"2025-11-12T05:58:22","slug":"nooglutyl","status":"publish","type":"product","link":"https:\/\/powerockpharma.com\/es\/nootropics\/nooglutilico\/","title":{"rendered":"NOOGLUTILO"},"content":{"rendered":"<h2>Propiedades:<\/h2>\n<p>El nooglut\u00edlico, conocido por sus potentes efectos nootr\u00f3picos, es la opci\u00f3n preferida de los investigadores centrados en la mejora cognitiva y la neuroprotecci\u00f3n. Este compuesto act\u00faa sobre el sistema glutamat\u00e9rgico, en particular modulando los receptores AMPA, que son cruciales para la plasticidad sin\u00e1ptica y la formaci\u00f3n de la memoria. El nooglut\u00edlico es conocido por su capacidad para potenciar la retenci\u00f3n de la memoria, mejorar la capacidad de aprendizaje y proteger las c\u00e9lulas neuronales de los da\u00f1os, lo que lo convierte en un valioso activo en los estudios sobre trastornos cognitivos y enfermedades neurodegenerativas.<\/p>\n<h2>Mecanismo de acci\u00f3n:<\/h2>\n<p>El principal mecanismo de acci\u00f3n del Nooglutyl gira en torno a su modulaci\u00f3n del sistema del glutamato, concretamente a trav\u00e9s de la potenciaci\u00f3n de la funci\u00f3n de los receptores AMPA. Al optimizar estos receptores, Nooglutyl facilita una transmisi\u00f3n sin\u00e1ptica m\u00e1s eficaz, esencial para la codificaci\u00f3n y recuperaci\u00f3n de la memoria. Esta modulaci\u00f3n conduce a una mejora de las funciones cognitivas como el aprendizaje, la concentraci\u00f3n y la claridad mental en general. Adem\u00e1s, el Nooglutyl proporciona efectos neuroprotectores, reduciendo el estr\u00e9s oxidativo y previniendo el da\u00f1o neuronal, ofreciendo as\u00ed beneficios potenciales en el estudio de afecciones como la enfermedad de Alzheimer y otras formas de deterioro cognitivo.<\/p>\n<h2>Ventajas:<\/h2>\n<p>El uso constante de Nooglutyl en la investigaci\u00f3n ha demostrado producir mejoras significativas en el rendimiento cognitivo, incluyendo una mayor retenci\u00f3n de la memoria, un aprendizaje acelerado y una mayor concentraci\u00f3n. Los investigadores tambi\u00e9n pueden observar beneficios secundarios como una mayor neuroprotecci\u00f3n y resistencia a los procesos neurodegenerativos. El compuesto es especialmente eficaz en estudios relacionados con la mejora cognitiva, la consolidaci\u00f3n de la memoria y las estrategias neuroprotectoras, lo que lo convierte en una valiosa herramienta para explorar enfoques terap\u00e9uticos de la salud cerebral.<\/p>\n<h2>Por qu\u00e9 Powerock Pharma:<\/h2>\n<p>En Powerock Pharma, nos dedicamos a proporcionar compuestos de investigaci\u00f3n de la m\u00e1s alta calidad. Nuestro Nooglutyl se produce en condiciones estrictas que cumplen y superan las normas GMP, HACCP e ISO 13485, garantizando que cada c\u00e1psula sea pura, potente y segura para fines de investigaci\u00f3n. Trabajamos en estrecha colaboraci\u00f3n con laboratorios l\u00edderes para validar la integridad de nuestros productos, garantizando que nuestro Nooglutyl ofrece resultados fiables y reproducibles. Cuando elige Powerock Pharma, est\u00e1 eligiendo la excelencia en compuestos de investigaci\u00f3n, respaldada por rigurosos controles de calidad y un compromiso con el avance del conocimiento cient\u00edfico.<\/p>\n<h3>Resumen:<\/h3>\n<p>Si su investigaci\u00f3n implica explorar los \u00e1mbitos de la mejora cognitiva y la neuroprotecci\u00f3n, Nooglutyl es un compuesto indispensable. Respaldado por los rigurosos procesos de garant\u00eda de calidad de Powerock Pharma, este producto est\u00e1 dise\u00f1ado para ayudarle a obtener resultados precisos y significativos. No comprometa la calidad de su investigaci\u00f3n: pida Nooglutyl hoy mismo y abra nuevas posibilidades en los estudios cognitivos.<\/p>","protected":false},"excerpt":{"rendered":"<p>Nooglutyl mejora la funci\u00f3n cognitiva modulando los receptores de glutamato, lo que mejora la retenci\u00f3n de la memoria y la neuroprotecci\u00f3n. Experimente una mayor concentraci\u00f3n y un mejor aprendizaje con el nootr\u00f3pico de primera calidad de Powerock Pharma.<\/p>","protected":false},"featured_media":168,"template":"","meta":{"_acf_changed":false,"rank_math_lock_modified_date":false,"inline_featured_image":false},"product_cat":[19],"product_tag":[],"class_list":{"0":"post-73","1":"product","2":"type-product","3":"status-publish","4":"has-post-thumbnail","6":"product_cat-nootropics","9":"first","10":"instock","11":"shipping-taxable","12":"product-type-simple"},"acf":{"chromatogram":634,"metoda":""},"_links":{"self":[{"href":"https:\/\/powerockpharma.com\/es\/wp-json\/wp\/v2\/product\/73","targetHints":{"allow":["GET"]}}],"collection":[{"href":"https:\/\/powerockpharma.com\/es\/wp-json\/wp\/v2\/product"}],"about":[{"href":"https:\/\/powerockpharma.com\/es\/wp-json\/wp\/v2\/types\/product"}],"wp:featuredmedia":[{"embeddable":true,"href":"https:\/\/powerockpharma.com\/es\/wp-json\/wp\/v2\/media\/168"}],"wp:attachment":[{"href":"https:\/\/powerockpharma.com\/es\/wp-json\/wp\/v2\/media?parent=73"}],"wp:term":[{"taxonomy":"product_cat","embeddable":true,"href":"https:\/\/powerockpharma.com\/es\/wp-json\/wp\/v2\/product_cat?post=73"},{"taxonomy":"product_tag","embeddable":true,"href":"https:\/\/powerockpharma.com\/es\/wp-json\/wp\/v2\/product_tag?post=73"}],"curies":[{"name":"wp","href":"https:\/\/api.w.org\/{rel}","templated":true}]}}