{"id":74,"date":"2024-08-04T16:51:12","date_gmt":"2024-08-04T14:51:12","guid":{"rendered":"https:\/\/powerockpharma.com\/?post_type=product&#038;p=74"},"modified":"2025-11-12T06:57:55","modified_gmt":"2025-11-12T05:57:55","slug":"noopept","status":"publish","type":"product","link":"https:\/\/powerockpharma.com\/es\/nootropics\/noopept\/","title":{"rendered":"NOOPEPT"},"content":{"rendered":"<h2>Propiedades:<\/h2>\n<p>El noopept, qu\u00edmicamente conocido como \u00e9ster et\u00edlico de N-fenilacetil-L-prolilglicina, es un nootr\u00f3pico muy potente conocido por sus profundos efectos en la mejora cognitiva. Es particularmente apreciado por su capacidad para mejorar la memoria, el aprendizaje y el rendimiento mental en general, lo que lo convierte en una opci\u00f3n popular entre los investigadores centrados en la neuroprotecci\u00f3n y la funci\u00f3n cognitiva. Este compuesto act\u00faa aumentando la disponibilidad del factor neurotr\u00f3fico derivado del cerebro (BDNF) y del factor de crecimiento nervioso (NGF), que son esenciales para la neuroplasticidad, el aprendizaje y la consolidaci\u00f3n de la memoria. Estas propiedades hacen del noopept un candidato ideal para estudios destinados a explorar mejoras cognitivas y estrategias neuroprotectoras.<\/p>\n<h2>Mecanismo de acci\u00f3n:<\/h2>\n<p>La acci\u00f3n del Noopept se centra en su capacidad para modular los receptores de glutamato, en particular los receptores AMPA y NMDA, que son fundamentales para la plasticidad sin\u00e1ptica y la potenciaci\u00f3n a largo plazo (LTP) en el cerebro. Al aumentar la eficacia de estos receptores, Noopept favorece la formaci\u00f3n y el fortalecimiento de las conexiones sin\u00e1pticas, lo que es crucial para la memoria y el aprendizaje. Adem\u00e1s, Noopept aumenta los niveles de acetilcolina, un neurotransmisor asociado con la atenci\u00f3n y el procesamiento cognitivo. Este doble mecanismo garantiza que Noopept no s\u00f3lo mejore la funci\u00f3n cognitiva, sino que tambi\u00e9n proporcione beneficios neuroprotectores al reducir el estr\u00e9s oxidativo y proteger a las neuronas del da\u00f1o.<\/p>\n<h2>Ventajas:<\/h2>\n<p>El uso constante de Noopept en entornos de investigaci\u00f3n ha demostrado producir mejoras significativas en la funci\u00f3n cognitiva, incluyendo una mejor retenci\u00f3n de la memoria, capacidades de aprendizaje m\u00e1s r\u00e1pidas y una mayor claridad mental. Los investigadores tambi\u00e9n han observado beneficios secundarios como la mejora del estado de \u00e1nimo, la reducci\u00f3n de la ansiedad y el aumento de los niveles de energ\u00eda, que se atribuyen a la influencia del Noopept en los sistemas neurotransmisores. Este compuesto es especialmente eficaz en estudios sobre enfermedades neurodegenerativas, deterioro cognitivo y mejora de la funci\u00f3n cognitiva en individuos sanos. Noopept es ampliamente reconocido por su capacidad de proporcionar beneficios cognitivos r\u00e1pidos y sostenidos sin los efectos secundarios de tipo estimulante asociados a otros nootr\u00f3picos.<\/p>\n<h2>Por qu\u00e9 Powerock Pharma:<\/h2>\n<p>En Powerock Pharma, nuestra dedicaci\u00f3n a la calidad y la seguridad es primordial. Cada lote de Noopept se produce en instalaciones de \u00faltima generaci\u00f3n que se adhieren a las normas m\u00e1s estrictas, incluyendo GMP, HACCP, e ISO 13485 certificaciones. Utilizamos protocolos de pruebas rigurosas para garantizar la pureza y la potencia de nuestros productos, la asociaci\u00f3n con los principales laboratorios para verificar que cada c\u00e1psula de Noopept ofrece resultados consistentes y confiables. Al elegir Powerock Pharma, usted est\u00e1 seleccionando un producto respaldado por una investigaci\u00f3n meticulosa y fabricado con los m\u00e1s altos est\u00e1ndares de garant\u00eda de calidad. Conf\u00ede en Powerock Pharma para obtener las herramientas necesarias para avanzar en su investigaci\u00f3n y lograr resultados significativos.<\/p>\n<h3>Resumen:<\/h3>\n<p>Si su investigaci\u00f3n pretende explorar la mejora cognitiva o la neuroprotecci\u00f3n, Noopept es el compuesto que necesita. Gracias a los rigurosos controles de calidad de Powerock Pharma y a su compromiso con la excelencia, este producto est\u00e1 dise\u00f1ado para ayudarle a obtener resultados precisos y fiables en sus estudios. No comprometa la calidad: pida Noopept hoy mismo y avance en su investigaci\u00f3n con confianza.<\/p>","protected":false},"excerpt":{"rendered":"<p>El noopept (\u00e9ster et\u00edlico de N-fenilacetil-L-prolicina) mejora la funci\u00f3n cognitiva al potenciar los factores neurotr\u00f3ficos y la plasticidad sin\u00e1ptica. Favorece la memoria, la concentraci\u00f3n y la claridad mental. Elija Powerock Pharma para una calidad superior y resultados fiables.<\/p>","protected":false},"featured_media":170,"template":"","meta":{"_acf_changed":false,"rank_math_lock_modified_date":false,"inline_featured_image":false},"product_cat":[19],"product_tag":[],"class_list":{"0":"post-74","1":"product","2":"type-product","3":"status-publish","4":"has-post-thumbnail","6":"product_cat-nootropics","9":"first","10":"instock","11":"shipping-taxable","12":"product-type-simple"},"acf":{"chromatogram":633,"metoda":{"acftf":{"v":"1.3.24"},"p":{"o":{"uh":0},"ca":""},"c":[{"p":""}],"h":[{"c":""}],"b":[[{"c":""}]]}},"_links":{"self":[{"href":"https:\/\/powerockpharma.com\/es\/wp-json\/wp\/v2\/product\/74","targetHints":{"allow":["GET"]}}],"collection":[{"href":"https:\/\/powerockpharma.com\/es\/wp-json\/wp\/v2\/product"}],"about":[{"href":"https:\/\/powerockpharma.com\/es\/wp-json\/wp\/v2\/types\/product"}],"wp:featuredmedia":[{"embeddable":true,"href":"https:\/\/powerockpharma.com\/es\/wp-json\/wp\/v2\/media\/170"}],"wp:attachment":[{"href":"https:\/\/powerockpharma.com\/es\/wp-json\/wp\/v2\/media?parent=74"}],"wp:term":[{"taxonomy":"product_cat","embeddable":true,"href":"https:\/\/powerockpharma.com\/es\/wp-json\/wp\/v2\/product_cat?post=74"},{"taxonomy":"product_tag","embeddable":true,"href":"https:\/\/powerockpharma.com\/es\/wp-json\/wp\/v2\/product_tag?post=74"}],"curies":[{"name":"wp","href":"https:\/\/api.w.org\/{rel}","templated":true}]}}