{"id":75,"date":"2024-08-04T16:53:33","date_gmt":"2024-08-04T14:53:33","guid":{"rendered":"https:\/\/powerockpharma.com\/?post_type=product&#038;p=75"},"modified":"2025-11-12T06:57:16","modified_gmt":"2025-11-12T05:57:16","slug":"pea-hordenine","status":"publish","type":"product","link":"https:\/\/powerockpharma.com\/es\/nootropics\/pea-hordenine\/","title":{"rendered":"PEA HORDENINA"},"content":{"rendered":"<h2>Propiedades:<\/h2>\n<p>La palmitoiletanolamida (PEA) y la N-dimetiltiramina, com\u00fanmente conocida como hordenina, est\u00e1n bien consideradas en la comunidad investigadora por sus potentes efectos sobre la mejora cognitiva y el metabolismo de las grasas. La PEA es una amida de \u00e1cido graso end\u00f3geno que act\u00faa principalmente sobre los neurorreceptores para reducir la inflamaci\u00f3n y el dolor, promoviendo una sensaci\u00f3n general de bienestar. La hordenina, un alcaloide natural, destaca por su capacidad para estimular la liberaci\u00f3n de norepinefrina, aumentando as\u00ed la tasa metab\u00f3lica y favoreciendo la p\u00e9rdida de grasa. Juntos, estos compuestos constituyen una combinaci\u00f3n ideal para los investigadores que estudian la interacci\u00f3n entre el rendimiento cognitivo, la regulaci\u00f3n del estado de \u00e1nimo y el metabolismo de las grasas.<\/p>\n<h2>Mecanismo de acci\u00f3n:<\/h2>\n<p>La acci\u00f3n de la palmitoiletanolamida gira en torno a su interacci\u00f3n con el sistema endocannabinoide, en particular a trav\u00e9s de la activaci\u00f3n de PPAR-\u03b1, lo que conduce a la reducci\u00f3n de la inflamaci\u00f3n, el alivio del dolor y la neuroprotecci\u00f3n. Esto convierte a la PEA en un compuesto valioso en estudios centrados en la neuroinflamaci\u00f3n y el tratamiento del dolor cr\u00f3nico. Por otro lado, la hordenina act\u00faa inhibiendo la degradaci\u00f3n de la norepinefrina, un neurotransmisor clave implicado en la respuesta de lucha o huida. Esta inhibici\u00f3n produce una estimulaci\u00f3n prolongada, aumentando la claridad mental, la concentraci\u00f3n y los procesos termog\u00e9nicos de quema de grasas. La acci\u00f3n selectiva de la Hordenina asegura que sus efectos sean potentes pero controlados, minimizando el riesgo de sobreestimulaci\u00f3n.<\/p>\n<h2>Ventajas:<\/h2>\n<p>La administraci\u00f3n regular de palmitoiletanolamida y hordenina en entornos de investigaci\u00f3n ha demostrado producir mejoras cognitivas significativas, incluyendo una mayor concentraci\u00f3n, claridad mental y estabilizaci\u00f3n del estado de \u00e1nimo. Adem\u00e1s, las propiedades quemagrasas de la Hordenina contribuyen a una p\u00e9rdida de grasa m\u00e1s eficaz, lo que hace que esta combinaci\u00f3n sea especialmente \u00fatil en estudios sobre el control del peso y la salud metab\u00f3lica. Los investigadores tambi\u00e9n pueden observar beneficios secundarios como el aumento de los niveles de energ\u00eda, la reducci\u00f3n de la inflamaci\u00f3n y una mejor capacidad cognitiva general. Este producto es especialmente adecuado para quienes investigan las interrelaciones entre la neuroprotecci\u00f3n, el rendimiento cognitivo y los procesos metab\u00f3licos.<\/p>\n<h2>Por qu\u00e9 Powerock Pharma:<\/h2>\n<p>En Powerock Pharma, estamos orgullosos de nuestro compromiso con la calidad y la excelencia. Cada lote de palmitoiletanolamida y N-dimetiltiramina se produce en instalaciones de \u00faltima generaci\u00f3n que cumplen con las normas m\u00e1s exigentes de la industria, incluyendo GMP, HACCP e ISO 13485. Nuestros rigurosos procedimientos de prueba aseguran que cada c\u00e1psula contenga la forma m\u00e1s pura y potente de estos compuestos, garantizando la consistencia y fiabilidad en su investigaci\u00f3n. Colaboramos con laboratorios l\u00edderes para validar la pureza y eficacia de nuestros productos, garantizando que pueda confiar en los resultados de sus estudios. Elija Powerock Pharma para obtener una calidad y una tranquilidad inigualables.<\/p>\n<h3>Resumen:<\/h3>\n<p>Si su investigaci\u00f3n se centra en la mejora cognitiva, la regulaci\u00f3n del estado de \u00e1nimo o el metabolismo de las grasas, la palmitoiletanolamida y la hordenina son los compuestos que necesita. Respaldado por los estrictos controles de calidad de Powerock Pharma, este producto est\u00e1 dise\u00f1ado para ofrecer resultados consistentes y fiables en cada estudio. No comprometa la calidad: pida hoy mismo palmitoiletanolamida y hordenina y eleve los est\u00e1ndares de su investigaci\u00f3n.<\/p>","protected":false},"excerpt":{"rendered":"<p>La palmitoiletanolamida y la N-dimetiltiramina contribuyen a mejorar la funci\u00f3n cognitiva y el metabolismo de las grasas mediante la modulaci\u00f3n de neurorreceptores y enzimas. Esta combinaci\u00f3n mejora la concentraci\u00f3n, el estado de \u00e1nimo y la p\u00e9rdida de grasa. Elija Powerock Pharma para una calidad superior y resultados fiables.<\/p>","protected":false},"featured_media":173,"template":"","meta":{"_acf_changed":false,"rank_math_lock_modified_date":false,"inline_featured_image":false},"product_cat":[19],"product_tag":[],"class_list":{"0":"post-75","1":"product","2":"type-product","3":"status-publish","4":"has-post-thumbnail","6":"product_cat-nootropics","9":"first","10":"instock","11":"shipping-taxable","12":"product-type-simple"},"acf":{"chromatogram":631,"metoda":{"acftf":{"v":"1.3.24"},"p":{"o":{"uh":0},"ca":""},"c":[{"p":""}],"h":[{"c":""}],"b":[[{"c":""}]]}},"_links":{"self":[{"href":"https:\/\/powerockpharma.com\/es\/wp-json\/wp\/v2\/product\/75","targetHints":{"allow":["GET"]}}],"collection":[{"href":"https:\/\/powerockpharma.com\/es\/wp-json\/wp\/v2\/product"}],"about":[{"href":"https:\/\/powerockpharma.com\/es\/wp-json\/wp\/v2\/types\/product"}],"wp:featuredmedia":[{"embeddable":true,"href":"https:\/\/powerockpharma.com\/es\/wp-json\/wp\/v2\/media\/173"}],"wp:attachment":[{"href":"https:\/\/powerockpharma.com\/es\/wp-json\/wp\/v2\/media?parent=75"}],"wp:term":[{"taxonomy":"product_cat","embeddable":true,"href":"https:\/\/powerockpharma.com\/es\/wp-json\/wp\/v2\/product_cat?post=75"},{"taxonomy":"product_tag","embeddable":true,"href":"https:\/\/powerockpharma.com\/es\/wp-json\/wp\/v2\/product_tag?post=75"}],"curies":[{"name":"wp","href":"https:\/\/api.w.org\/{rel}","templated":true}]}}