{"id":76,"date":"2024-08-04T16:54:01","date_gmt":"2024-08-04T14:54:01","guid":{"rendered":"https:\/\/powerockpharma.com\/?post_type=product&#038;p=76"},"modified":"2025-11-12T06:55:55","modified_gmt":"2025-11-12T05:55:55","slug":"phenibut-faa","status":"publish","type":"product","link":"https:\/\/powerockpharma.com\/es\/nootropics\/fenibut-faa\/","title":{"rendered":"FAA PHENIBUT"},"content":{"rendered":"<h2>Propiedades:<\/h2>\n<p>El fenibut FAA, o \u00e1cido 4-amino-3-fenilbutanoico, es famoso por sus potentes efectos sobre la funci\u00f3n cognitiva y la relajaci\u00f3n, lo que lo convierte en la opci\u00f3n preferida de quienes buscan mejorar la claridad mental y el bienestar emocional. Este compuesto, en su forma de amino\u00e1cido libre, act\u00faa modulando la actividad de los receptores GABA (\u00e1cido gamma-aminobut\u00edrico) en el cerebro, lo que produce mejoras significativas en el estado de \u00e1nimo, reduce la ansiedad y mejora la calidad del sue\u00f1o. Como nootr\u00f3pico, Phenibut FAA es muy valorado por su capacidad para promover un estado de concentraci\u00f3n tranquila sin la somnolencia t\u00edpicamente asociada con otros ansiol\u00edticos.<\/p>\n<h2>Mecanismo de acci\u00f3n:<\/h2>\n<p>Phenibut FAA act\u00faa principalmente a trav\u00e9s de su interacci\u00f3n con los receptores GABA-B, un tipo de receptor neurotransmisor del cerebro. Al potenciar la actividad GABA\u00e9rgica, Phenibut FAA ejerce un efecto calmante sobre el sistema nervioso, reduciendo la hiperactividad que a menudo conduce al estr\u00e9s y la ansiedad. Esta modulaci\u00f3n selectiva de los receptores GABA no s\u00f3lo ayuda a aliviar la sensaci\u00f3n de ansiedad y estr\u00e9s, sino que tambi\u00e9n contribuye a mejorar la funci\u00f3n cognitiva al aumentar la claridad mental y la concentraci\u00f3n. La forma de amino\u00e1cido libre de Phenibut garantiza una absorci\u00f3n m\u00e1s r\u00e1pida y una mayor biodisponibilidad, por lo que es m\u00e1s eficaz en la consecuci\u00f3n de sus beneficios previstos.<\/p>\n<h2>Ventajas:<\/h2>\n<p>El uso constante de Phenibut FAA en entornos de investigaci\u00f3n se ha asociado a mejoras notables en el estado de \u00e1nimo, reducci\u00f3n de los niveles de ansiedad y mejora de la calidad del sue\u00f1o. Los investigadores tambi\u00e9n han observado beneficios secundarios como una mejor concentraci\u00f3n, una mayor sociabilidad y una estabilidad emocional general. El compuesto es particularmente eficaz para las personas o sujetos sometidos a estudios intensivos de estr\u00e9s, los que requieren la funci\u00f3n cognitiva mejorada, o situaciones en las que la estabilizaci\u00f3n del estado de \u00e1nimo es crucial.<\/p>\n<h2>Por qu\u00e9 Powerock Pharma:<\/h2>\n<p>En Powerock Pharma, nuestro compromiso con la excelencia se refleja en cada lote de Phenibut FAA que producimos. Fabricado en instalaciones de vanguardia que cumplen y superan las normas GMP, HACCP e ISO 13485, nuestro producto se somete a rigurosas pruebas para garantizar su pureza, potencia y seguridad. Nos asociamos con laboratorios l\u00edderes para validar la calidad de nuestro Phenibut FAA, asegurando resultados consistentes y confiables para su investigaci\u00f3n. Cuando usted elige Powerock Pharma, usted est\u00e1 eligiendo un producto que ofrece no s\u00f3lo la eficacia, sino tambi\u00e9n la paz de la mente, respaldado por los m\u00e1s altos est\u00e1ndares de producci\u00f3n y control de calidad.<\/p>\n<h3>Resumen:<\/h3>\n<p>Si su investigaci\u00f3n se centra en mejorar la funci\u00f3n cognitiva, reducir la ansiedad o mejorar la calidad del sue\u00f1o, Phenibut FAA es el compuesto ideal a tener en cuenta. Respaldado por los rigurosos controles de calidad de Powerock Pharma, este producto est\u00e1 dise\u00f1ado para ayudarle a obtener resultados precisos y fiables en sus estudios. No comprometa la calidad: pida Phenibut FAA hoy mismo y asegure el \u00e9xito de sus proyectos de investigaci\u00f3n con un producto en el que puede confiar.<\/p>","protected":false},"excerpt":{"rendered":"<p>Phenibut FAA (\u00e1cido 4-amino-3-fenilbutanoico) favorece la funci\u00f3n cognitiva y la relajaci\u00f3n modulando los receptores GABA. Ofrece un estado de \u00e1nimo mejorado, reducci\u00f3n de la ansiedad y mejora del sue\u00f1o. Elija Powerock Pharma para una calidad sin igual y resultados consistentes.<\/p>","protected":false},"featured_media":175,"template":"","meta":{"_acf_changed":false,"rank_math_lock_modified_date":false,"inline_featured_image":false},"product_cat":[19],"product_tag":[],"class_list":{"0":"post-76","1":"product","2":"type-product","3":"status-publish","4":"has-post-thumbnail","6":"product_cat-nootropics","9":"first","10":"instock","11":"shipping-taxable","12":"product-type-simple"},"acf":{"chromatogram":627,"metoda":""},"_links":{"self":[{"href":"https:\/\/powerockpharma.com\/es\/wp-json\/wp\/v2\/product\/76","targetHints":{"allow":["GET"]}}],"collection":[{"href":"https:\/\/powerockpharma.com\/es\/wp-json\/wp\/v2\/product"}],"about":[{"href":"https:\/\/powerockpharma.com\/es\/wp-json\/wp\/v2\/types\/product"}],"wp:featuredmedia":[{"embeddable":true,"href":"https:\/\/powerockpharma.com\/es\/wp-json\/wp\/v2\/media\/175"}],"wp:attachment":[{"href":"https:\/\/powerockpharma.com\/es\/wp-json\/wp\/v2\/media?parent=76"}],"wp:term":[{"taxonomy":"product_cat","embeddable":true,"href":"https:\/\/powerockpharma.com\/es\/wp-json\/wp\/v2\/product_cat?post=76"},{"taxonomy":"product_tag","embeddable":true,"href":"https:\/\/powerockpharma.com\/es\/wp-json\/wp\/v2\/product_tag?post=76"}],"curies":[{"name":"wp","href":"https:\/\/api.w.org\/{rel}","templated":true}]}}