{"id":77,"date":"2024-08-04T16:54:38","date_gmt":"2024-08-04T14:54:38","guid":{"rendered":"https:\/\/powerockpharma.com\/?post_type=product&#038;p=77"},"modified":"2025-11-12T06:55:35","modified_gmt":"2025-11-12T05:55:35","slug":"phenylpiracetam","status":"publish","type":"product","link":"https:\/\/powerockpharma.com\/es\/nootropics\/phenylpiracetam\/","title":{"rendered":"FENILPIRACETAM"},"content":{"rendered":"<h2>Propiedades:<\/h2>\n<p>El fenilpiracetam, tambi\u00e9n conocido como 2-oxo-4-fenil-1-pirrolidinacetamida, es un potente nootr\u00f3pico conocido por sus efectos de mejora cognitiva. Este compuesto es particularmente favorecido por los investigadores y las personas que buscan mejorar el rendimiento mental, ya que se dirige a \u00e1reas tales como la retenci\u00f3n de la memoria, el enfoque y la claridad mental en general. El fenilpiracetam es una versi\u00f3n modificada del piracetam, dise\u00f1ada para tener un impacto m\u00e1s potente en la funci\u00f3n cognitiva. Act\u00faa modulando los sistemas neurotransmisores del cerebro, en particular potenciando la actividad de los receptores de acetilcolina y dopamina. Esto conduce a una mejora de la plasticidad sin\u00e1ptica, que es fundamental para el aprendizaje, la formaci\u00f3n de la memoria y la resistencia mental.<\/p>\n<h2>Mecanismo de acci\u00f3n:<\/h2>\n<p>El fenilpiracetam ejerce sus efectos influyendo en varios sistemas neurotransmisores clave. En primer lugar, aumenta la actividad de la acetilcolina, un neurotransmisor vital para los procesos de memoria y aprendizaje. Adem\u00e1s, influye en los receptores de dopamina, que desempe\u00f1an un papel importante en la regulaci\u00f3n del estado de \u00e1nimo y la motivaci\u00f3n. La mayor actividad de los receptores se traduce en un aumento de la neuroplasticidad, lo que permite al cerebro adaptarse y aprender con mayor eficacia. Este mecanismo proporciona los beneficios cognitivos t\u00edpicos de los nootr\u00f3picos, al tiempo que ofrece propiedades neuroprotectoras, que ayudan a salvaguardar las c\u00e9lulas cerebrales del estr\u00e9s oxidativo y los da\u00f1os.<\/p>\n<h2>Ventajas:<\/h2>\n<p>Se ha demostrado que el uso constante de fenilpiracetam en investigaciones produce importantes beneficios cognitivos. Los usuarios pueden experimentar notables mejoras en la memoria, mayor concentraci\u00f3n y procesamiento m\u00e1s r\u00e1pido de la informaci\u00f3n. Adem\u00e1s, el fenilpiracetam se ha asociado con un aumento de la energ\u00eda mental y la resistencia, por lo que es particularmente beneficioso para las personas dedicadas a tareas mentales exigentes o estudios. Algunos beneficios secundarios incluyen un mejor estado de \u00e1nimo y una reducci\u00f3n de los s\u00edntomas de ansiedad, gracias a su influencia en los niveles de dopamina. Estos efectos hacen del fenilpiracetam una elecci\u00f3n popular entre estudiantes, profesionales e investigadores que buscan maximizar su potencial cognitivo.<\/p>\n<h2>Por qu\u00e9 Powerock Pharma:<\/h2>\n<p>Powerock Pharma se compromete a entregar s\u00f3lo los compuestos de investigaci\u00f3n de la m\u00e1s alta calidad, y Phenylpiracetam no es una excepci\u00f3n. Nuestro producto se fabrica en instalaciones que se adhieren a las estrictas normas GMP, HACCP e ISO 13485, asegurando que usted reciba un producto puro y potente cada vez. Rigurosas pruebas y procesos de validaci\u00f3n est\u00e1n en su lugar para confirmar la pureza y eficacia de nuestras c\u00e1psulas Phenylpiracetam. Al elegir Powerock Pharma, no s\u00f3lo est\u00e1 recibiendo un producto; est\u00e1 invirtiendo en resultados fiables respaldados por una empresa que prioriza la calidad y la seguridad por encima de todo.<\/p>\n<h3>Resumen:<\/h3>\n<p>Eleve su investigaci\u00f3n cognitiva a nuevas alturas con Phenylpiracetam de Powerock Pharma. Si usted est\u00e1 estudiando la mejora de la memoria, la mejora del enfoque, o la resistencia mental, este compuesto proporciona el apoyo robusto que necesita. Conf\u00ede en la dedicaci\u00f3n de Powerock Pharma a la excelencia y haga de Phenylpiracetam una parte de sus herramientas de investigaci\u00f3n. Haga su pedido hoy para experimentar la diferencia que marca la calidad.<\/p>","protected":false},"excerpt":{"rendered":"<p>El fenilpiracetam mejora el rendimiento cognitivo al potenciar la actividad de los neurotransmisores. Ayuda a mejorar la memoria, la concentraci\u00f3n y la claridad mental. Elija Powerock Pharma para una calidad superior y resultados consistentes.<\/p>","protected":false},"featured_media":177,"template":"","meta":{"_acf_changed":false,"rank_math_lock_modified_date":false,"inline_featured_image":false},"product_cat":[19],"product_tag":[],"class_list":{"0":"post-77","1":"product","2":"type-product","3":"status-publish","4":"has-post-thumbnail","6":"product_cat-nootropics","9":"first","10":"instock","11":"shipping-taxable","12":"product-type-simple"},"acf":{"chromatogram":626,"metoda":""},"_links":{"self":[{"href":"https:\/\/powerockpharma.com\/es\/wp-json\/wp\/v2\/product\/77","targetHints":{"allow":["GET"]}}],"collection":[{"href":"https:\/\/powerockpharma.com\/es\/wp-json\/wp\/v2\/product"}],"about":[{"href":"https:\/\/powerockpharma.com\/es\/wp-json\/wp\/v2\/types\/product"}],"wp:featuredmedia":[{"embeddable":true,"href":"https:\/\/powerockpharma.com\/es\/wp-json\/wp\/v2\/media\/177"}],"wp:attachment":[{"href":"https:\/\/powerockpharma.com\/es\/wp-json\/wp\/v2\/media?parent=77"}],"wp:term":[{"taxonomy":"product_cat","embeddable":true,"href":"https:\/\/powerockpharma.com\/es\/wp-json\/wp\/v2\/product_cat?post=77"},{"taxonomy":"product_tag","embeddable":true,"href":"https:\/\/powerockpharma.com\/es\/wp-json\/wp\/v2\/product_tag?post=77"}],"curies":[{"name":"wp","href":"https:\/\/api.w.org\/{rel}","templated":true}]}}