{"id":78,"date":"2024-08-04T16:55:08","date_gmt":"2024-08-04T14:55:08","guid":{"rendered":"https:\/\/powerockpharma.com\/?post_type=product&#038;p=78"},"modified":"2025-11-12T06:51:26","modified_gmt":"2025-11-12T05:51:26","slug":"sunifiram","status":"publish","type":"product","link":"https:\/\/powerockpharma.com\/es\/nootropics\/sunifiram\/","title":{"rendered":"SUNIFIRAM"},"content":{"rendered":"<h2>Propiedades:<\/h2>\n<p>Sunifiram (DM235) es un potente nootr\u00f3pico conocido por sus importantes efectos en la mejora cognitiva, por lo que es una opci\u00f3n ideal para aquellos que desean aumentar su agudeza mental y concentraci\u00f3n. Como derivado piperaz\u00ednico del Piracetam, el Sunifiram es reconocido por su capacidad para mejorar la retenci\u00f3n de la memoria, la capacidad de aprendizaje y el rendimiento cognitivo en general. Este compuesto act\u00faa modulando los receptores AMPA del cerebro, que son cruciales para la transmisi\u00f3n sin\u00e1ptica y la plasticidad, facilitando as\u00ed una mejor comunicaci\u00f3n entre las neuronas. Se cree que la acci\u00f3n del sunifiram conduce al aumento del factor neurotr\u00f3fico derivado del cerebro (BDNF), que desempe\u00f1a un papel vital en la neurog\u00e9nesis, lo que refuerza sus propiedades de mejora cognitiva.<\/p>\n<h2>Mecanismo de acci\u00f3n:<\/h2>\n<p>El principal mecanismo de acci\u00f3n del sunifiram gira en torno a su papel como modulador de los receptores AMPA, un proceso conocido como actividad \"AMPAquina\". Al modular positivamente estos receptores, el sunifiram aumenta la excitabilidad de las neuronas, lo que es esencial para la potenciaci\u00f3n a largo plazo (LTP), el proceso fisiol\u00f3gico subyacente al aprendizaje y la memoria. Esta modulaci\u00f3n conduce a una mayor plasticidad sin\u00e1ptica, lo que mejora la capacidad del cerebro para almacenar y recordar informaci\u00f3n. Adem\u00e1s, se ha demostrado que Sunifiram aumenta la liberaci\u00f3n de acetilcolina, un neurotransmisor asociado con el aprendizaje y la memoria, lo que contribuye a\u00fan m\u00e1s a sus beneficios cognitivos. A diferencia de los estimulantes tradicionales, Sunifiram proporciona estas mejoras cognitivas sin el nerviosismo o el choque, por lo que es una opci\u00f3n preferida para el rendimiento mental sostenido.<\/p>\n<h2>Ventajas:<\/h2>\n<p>El uso constante de Sunifiram produce mejoras notables en la retenci\u00f3n de la memoria, un aprendizaje m\u00e1s r\u00e1pido y una mayor concentraci\u00f3n. Los usuarios suelen declarar un aumento de la claridad mental y un procesamiento cognitivo m\u00e1s r\u00e1pido, lo que lo hace especialmente beneficioso para las personas que participan en actividades intelectuales de alta exigencia o para quienes desean mejorar su rendimiento acad\u00e9mico o profesional. Los beneficios secundarios incluyen la mejora del estado de \u00e1nimo y la motivaci\u00f3n, probablemente debido al impacto de Sunifiram en la actividad de los neurotransmisores en el cerebro. Este compuesto es especialmente eficaz para los investigadores que estudian la mejora cognitiva en enfermedades neurodegenerativas o los mecanismos de la plasticidad sin\u00e1ptica.<\/p>\n<h2>Por qu\u00e9 Powerock Pharma:<\/h2>\n<p>En Powerock Pharma, damos prioridad a la calidad y la seguridad en todos los productos que fabricamos. Cada lote de Sunifiram se somete a rigurosas pruebas en instalaciones que cumplen y superan las normas GMP, HACCP e ISO 13485. Nuestros exhaustivos procesos de control de calidad garantizan que el Sunifiram que usted recibe no s\u00f3lo es puro y potente, sino tambi\u00e9n homog\u00e9neo en cada c\u00e1psula. Al asociarnos con laboratorios l\u00edderes, validamos la pureza y eficacia de nuestros productos, d\u00e1ndole la confianza de confiar en Sunifiram para sus necesidades de investigaci\u00f3n. Elija Powerock Pharma para obtener una calidad inigualable y unos resultados en los que puede confiar.<\/p>\n<h3>Resumen:<\/h3>\n<p>Si su objetivo es elevar el rendimiento cognitivo, Sunifiram es la soluci\u00f3n que ha estado buscando. Respaldado por el compromiso de calidad de Powerock Pharma, este nootr\u00f3pico est\u00e1 dise\u00f1ado para ayudarle a lograr una agudeza mental superior de forma segura y eficaz. No comprometa sus objetivos cognitivos, pida Sunifiram hoy y experimente la diferencia.<\/p>","protected":false},"excerpt":{"rendered":"<p>Sunifiram (DM235) mejora el rendimiento cognitivo mediante la modulaci\u00f3n de los receptores AMPA, lo que lleva a mejorar la memoria, la concentraci\u00f3n y la capacidad de aprendizaje. Experimente la pureza y potencia de los rigurosos est\u00e1ndares de calidad de Powerock Pharma.<\/p>","protected":false},"featured_media":179,"template":"","meta":{"_acf_changed":false,"rank_math_lock_modified_date":false,"inline_featured_image":false},"product_cat":[19],"product_tag":[],"class_list":{"0":"post-78","1":"product","2":"type-product","3":"status-publish","4":"has-post-thumbnail","6":"product_cat-nootropics","9":"first","10":"instock","11":"shipping-taxable","12":"product-type-simple"},"acf":{"chromatogram":612,"metoda":{"acftf":{"v":"1.3.24"},"p":{"o":{"uh":0},"ca":""},"c":[{"p":""}],"h":[{"c":""}],"b":[[{"c":""}]]}},"_links":{"self":[{"href":"https:\/\/powerockpharma.com\/es\/wp-json\/wp\/v2\/product\/78","targetHints":{"allow":["GET"]}}],"collection":[{"href":"https:\/\/powerockpharma.com\/es\/wp-json\/wp\/v2\/product"}],"about":[{"href":"https:\/\/powerockpharma.com\/es\/wp-json\/wp\/v2\/types\/product"}],"wp:featuredmedia":[{"embeddable":true,"href":"https:\/\/powerockpharma.com\/es\/wp-json\/wp\/v2\/media\/179"}],"wp:attachment":[{"href":"https:\/\/powerockpharma.com\/es\/wp-json\/wp\/v2\/media?parent=78"}],"wp:term":[{"taxonomy":"product_cat","embeddable":true,"href":"https:\/\/powerockpharma.com\/es\/wp-json\/wp\/v2\/product_cat?post=78"},{"taxonomy":"product_tag","embeddable":true,"href":"https:\/\/powerockpharma.com\/es\/wp-json\/wp\/v2\/product_tag?post=78"}],"curies":[{"name":"wp","href":"https:\/\/api.w.org\/{rel}","templated":true}]}}