{"id":81,"date":"2024-08-04T16:58:26","date_gmt":"2024-08-04T14:58:26","guid":{"rendered":"https:\/\/powerockpharma.com\/?post_type=product&#038;p=81"},"modified":"2025-11-12T07:04:03","modified_gmt":"2025-11-12T06:04:03","slug":"hgh-fragment-176-191","status":"publish","type":"product","link":"https:\/\/powerockpharma.com\/es\/peptide-lyophilizates\/fragmento-hgh-176-191\/","title":{"rendered":"FRAGMENTO HGH 176-191"},"content":{"rendered":"<h2>Propiedades:<\/h2>\n<p>El fragmento 176-191 de la HGH, una porci\u00f3n espec\u00edfica de la hormona de crecimiento humano, es famoso por sus potentes propiedades quemagrasas, lo que lo convierte en una excelente elecci\u00f3n para los investigadores centrados en la p\u00e9rdida de grasa y la mejora de la composici\u00f3n corporal. Este fragmento pept\u00eddico act\u00faa imitando los efectos quemagrasas de la hormona de crecimiento humano natural sin influir en los niveles de az\u00facar en sangre ni promover un crecimiento muscular no deseado. El fragmento 176-191 de HGH est\u00e1 dise\u00f1ado para actuar sobre el tejido adiposo, estimulando la lip\u00f3lisis e inhibiendo simult\u00e1neamente la lipog\u00e9nesis, lo que conduce a una reducci\u00f3n significativa de la grasa corporal.<\/p>\n<h2>Mecanismo de acci\u00f3n:<\/h2>\n<p>El mecanismo de acci\u00f3n del fragmento 176-191 de la HGH se centra en su capacidad para estimular selectivamente la descomposici\u00f3n de las c\u00e9lulas grasas (lip\u00f3lisis) e inhibir la creaci\u00f3n de nuevas c\u00e9lulas grasas (lipog\u00e9nesis). Al dirigirse a la regi\u00f3n C-terminal de la mol\u00e9cula de HGH, este fragmento desencadena el metabolismo de la grasa sin activar los efectos sist\u00e9micos m\u00e1s amplios asociados con la hormona de longitud completa, como el aumento de la resistencia a la insulina. Esta selectividad garantiza que el fragmento 176-191 de HGH afecte principalmente al tejido adiposo, lo que se traduce en una mayor p\u00e9rdida de grasa, especialmente en zonas rebeldes como el abdomen. Adem\u00e1s, ayuda a preservar la masa muscular magra durante los d\u00e9ficits cal\u00f3ricos, por lo que es ideal para los ciclos de corte y la investigaci\u00f3n de control de peso.<\/p>\n<h2>Ventajas:<\/h2>\n<p>El uso constante del fragmento 176-191 de HGH en entornos de investigaci\u00f3n puede dar lugar a reducciones notables de la grasa corporal, especialmente en las zonas dif\u00edciles de perder. Adem\u00e1s, los sujetos pueden experimentar mejores tasas metab\u00f3licas, mejor definici\u00f3n muscular y mayores niveles de energ\u00eda debido al papel del p\u00e9ptido en la optimizaci\u00f3n de la utilizaci\u00f3n de la grasa. El compuesto es especialmente eficaz para los investigadores centrados en la composici\u00f3n corporal, la p\u00e9rdida de peso y la salud metab\u00f3lica. A diferencia de la HGH completa, este fragmento no eleva los niveles de az\u00facar en sangre ni provoca retenci\u00f3n de l\u00edquidos, lo que ofrece un perfil m\u00e1s seguro para la investigaci\u00f3n centrada en la p\u00e9rdida de grasa sin los efectos secundarios habituales.<\/p>\n<h2>Por qu\u00e9 Powerock Pharma:<\/h2>\n<p>En Powerock Pharma, nuestro compromiso con la excelencia es evidente en cada paso de nuestro proceso de producci\u00f3n. El fragmento 176-191 de HGH se sintetiza y purifica en instalaciones que cumplen y superan las estrictas normas de GMP, HACCP e ISO 13485. Esto garantiza que cada lote no s\u00f3lo sea eficaz, sino tambi\u00e9n seguro y fiable para fines de investigaci\u00f3n. Nuestros rigurosos procedimientos de prueba, llevados a cabo en colaboraci\u00f3n con laboratorios l\u00edderes, garantizan que la pureza y la potencia del fragmento 176-191 de HGH cumplan con los m\u00e1s altos est\u00e1ndares de la industria. Cuando usted elige Powerock Pharma, est\u00e1 eligiendo un producto respaldado por la ciencia, la calidad y la dedicaci\u00f3n a ofrecer resultados consistentes y reproducibles en su investigaci\u00f3n.<\/p>\n<h3>Resumen:<\/h3>\n<p>Si su investigaci\u00f3n pretende explorar los mecanismos de la p\u00e9rdida de grasa y la composici\u00f3n corporal, el fragmento 176-191 de HGH es una herramienta esencial. Gracias a los rigurosos controles de calidad y al compromiso con la excelencia de Powerock Pharma, este p\u00e9ptido est\u00e1 dise\u00f1ado para ofrecer resultados precisos y fiables en sus estudios. No comprometa la calidad: pida hoy mismo el fragmento 176-191 de HGH y lleve su investigaci\u00f3n al siguiente nivel con confianza.<\/p>","protected":false},"excerpt":{"rendered":"<p>HGH Fragmento 176-191 apoya la p\u00e9rdida de grasa mediante la estimulaci\u00f3n de la lip\u00f3lisis y la inhibici\u00f3n de la lipog\u00e9nesis. Ofrece beneficios tales como la quema de grasa mejorada, la retenci\u00f3n muscular y mejora el metabolismo. Elija Powerock Pharma para una calidad y unos resultados incomparables.<\/p>","protected":false},"featured_media":197,"template":"","meta":{"_acf_changed":false,"rank_math_lock_modified_date":false,"inline_featured_image":false},"product_cat":[17],"product_tag":[],"class_list":{"0":"post-81","1":"product","2":"type-product","3":"status-publish","4":"has-post-thumbnail","6":"product_cat-peptide-lyophilizates","9":"first","10":"instock","11":"shipping-taxable","12":"product-type-simple"},"acf":{"chromatogram":655,"metoda":{"acftf":{"v":"1.3.24"},"p":{"o":{"uh":0},"ca":""},"c":[{"p":""}],"h":[{"c":""}],"b":[[{"c":""}]]}},"_links":{"self":[{"href":"https:\/\/powerockpharma.com\/es\/wp-json\/wp\/v2\/product\/81","targetHints":{"allow":["GET"]}}],"collection":[{"href":"https:\/\/powerockpharma.com\/es\/wp-json\/wp\/v2\/product"}],"about":[{"href":"https:\/\/powerockpharma.com\/es\/wp-json\/wp\/v2\/types\/product"}],"wp:featuredmedia":[{"embeddable":true,"href":"https:\/\/powerockpharma.com\/es\/wp-json\/wp\/v2\/media\/197"}],"wp:attachment":[{"href":"https:\/\/powerockpharma.com\/es\/wp-json\/wp\/v2\/media?parent=81"}],"wp:term":[{"taxonomy":"product_cat","embeddable":true,"href":"https:\/\/powerockpharma.com\/es\/wp-json\/wp\/v2\/product_cat?post=81"},{"taxonomy":"product_tag","embeddable":true,"href":"https:\/\/powerockpharma.com\/es\/wp-json\/wp\/v2\/product_tag?post=81"}],"curies":[{"name":"wp","href":"https:\/\/api.w.org\/{rel}","templated":true}]}}