{"id":83,"date":"2024-08-04T16:59:10","date_gmt":"2024-08-04T14:59:10","guid":{"rendered":"https:\/\/powerockpharma.com\/?post_type=product&#038;p=83"},"modified":"2025-11-12T06:48:30","modified_gmt":"2025-11-12T05:48:30","slug":"thymalin","status":"publish","type":"product","link":"https:\/\/powerockpharma.com\/es\/peptide-lyophilizates\/timalina\/","title":{"rendered":"TIMALINA"},"content":{"rendered":"<h2>Propiedades:<\/h2>\n<p>La timalina, un potente p\u00e9ptido t\u00edmico, es famosa por sus profundos efectos en la modulaci\u00f3n inmunitaria y la regeneraci\u00f3n de tejidos, lo que la convierte en una opci\u00f3n ideal para los investigadores centrados en mejorar la salud y la vitalidad celulares. Este p\u00e9ptido bioactivo act\u00faa restaurando y normalizando las funciones de la gl\u00e1ndula del timo, que desempe\u00f1a un papel crucial en la respuesta inmunitaria del organismo. Al influir en la producci\u00f3n y diferenciaci\u00f3n de las c\u00e9lulas T, Thymalin ayuda a mantener un sistema inmunitario equilibrado, lo que es fundamental para la recuperaci\u00f3n, la longevidad y el bienestar general.<\/p>\n<h2>Mecanismo de acci\u00f3n:<\/h2>\n<p>El mecanismo de la Timalina se centra en su capacidad para estimular la actividad de la gl\u00e1ndula del timo. Esta gl\u00e1ndula es responsable de la maduraci\u00f3n y diferenciaci\u00f3n de las c\u00e9lulas T, que son esenciales para la respuesta inmunitaria adaptativa. La timalina modula la actividad del timo, lo que conduce a una mejora de la funci\u00f3n inmunitaria, una mayor reparaci\u00f3n de los tejidos y una reducci\u00f3n del proceso de envejecimiento de las c\u00e9lulas. Promueve la producci\u00f3n de citoquinas, que son mol\u00e9culas de se\u00f1alizaci\u00f3n que regulan la inflamaci\u00f3n y las respuestas inmunitarias, garantizando un sistema inmunitario equilibrado y eficaz. Esta modulaci\u00f3n no s\u00f3lo favorece la defensa inmunitaria, sino que tambi\u00e9n contribuye a una recuperaci\u00f3n m\u00e1s r\u00e1pida tras un esfuerzo f\u00edsico o una lesi\u00f3n, a una mejor regeneraci\u00f3n de los tejidos y a un rejuvenecimiento celular general.<\/p>\n<h2>Ventajas:<\/h2>\n<p>El uso regular de Thymalin en entornos de investigaci\u00f3n produce numerosos beneficios, como una respuesta inmunitaria m\u00e1s robusta, mayores tasas de recuperaci\u00f3n y una mejor salud de los tejidos. Los investigadores pueden observar la aceleraci\u00f3n de los procesos de curaci\u00f3n, la reducci\u00f3n de los signos de envejecimiento y un aumento general de la vitalidad. Adem\u00e1s, el papel de la timalina en la regulaci\u00f3n de la funci\u00f3n inmunitaria la hace especialmente eficaz para los estudios centrados en el envejecimiento, las enfermedades cr\u00f3nicas y los trastornos del sistema inmunitario. Tambi\u00e9n ofrece beneficios secundarios como una mejor calidad del sue\u00f1o, una mejor gesti\u00f3n del estr\u00e9s y una mayor estabilidad del estado de \u00e1nimo, todos ellos factores cruciales para el bienestar general y la longevidad.<\/p>\n<h2>Por qu\u00e9 Powerock Pharma:<\/h2>\n<p>En Powerock Pharma, nuestra dedicaci\u00f3n a la calidad es inflexible. Cada lote de Thymalin se produce en instalaciones de \u00faltima generaci\u00f3n que se adhieren a los m\u00e1s altos est\u00e1ndares, incluyendo GMP, HACCP e ISO 13485 certificaciones. Nuestros rigurosos protocolos de ensayo garantizan que cada producto no s\u00f3lo es potente, sino tambi\u00e9n seguro y constante en sus efectos. Colaboramos con laboratorios de primer nivel para validar la pureza y eficacia de nuestros productos, garantizando que Thymalin ofrezca los resultados que los investigadores esperan. Cuando elige Powerock Pharma, elige fiabilidad, seguridad y excelencia en cada producto.<\/p>\n<h3>Resumen:<\/h3>\n<p>Si desea avanzar en su investigaci\u00f3n sobre modulaci\u00f3n inmunitaria, regeneraci\u00f3n de tejidos o antienvejecimiento, Thymalin de Powerock Pharma es la elecci\u00f3n ideal. Respaldado por estrictos controles de calidad y resultados probados, este producto est\u00e1 dise\u00f1ado para ayudarle a obtener resultados precisos y fiables en sus estudios. No renuncie a la calidad: pida Thymalin hoy mismo y eleve su investigaci\u00f3n al siguiente nivel.<\/p>","protected":false},"excerpt":{"rendered":"<p>La timalina favorece la regulaci\u00f3n del sistema inmunitario y la regeneraci\u00f3n de los tejidos modulando la actividad del timo. Ofrece una mejor recuperaci\u00f3n, salud celular y vitalidad. Elija Powerock Pharma por su pureza, seguridad y resultados constantes.<\/p>","protected":false},"featured_media":213,"template":"","meta":{"_acf_changed":false,"rank_math_lock_modified_date":false,"inline_featured_image":false},"product_cat":[17],"product_tag":[],"class_list":{"0":"post-83","1":"product","2":"type-product","3":"status-publish","4":"has-post-thumbnail","6":"product_cat-peptide-lyophilizates","9":"first","10":"instock","11":"shipping-taxable","12":"product-type-simple"},"acf":{"chromatogram":606,"metoda":{"acftf":{"v":"1.3.24"},"p":{"o":{"uh":0},"ca":""},"c":[{"p":""}],"h":[{"c":""}],"b":[[{"c":""}]]}},"_links":{"self":[{"href":"https:\/\/powerockpharma.com\/es\/wp-json\/wp\/v2\/product\/83","targetHints":{"allow":["GET"]}}],"collection":[{"href":"https:\/\/powerockpharma.com\/es\/wp-json\/wp\/v2\/product"}],"about":[{"href":"https:\/\/powerockpharma.com\/es\/wp-json\/wp\/v2\/types\/product"}],"wp:featuredmedia":[{"embeddable":true,"href":"https:\/\/powerockpharma.com\/es\/wp-json\/wp\/v2\/media\/213"}],"wp:attachment":[{"href":"https:\/\/powerockpharma.com\/es\/wp-json\/wp\/v2\/media?parent=83"}],"wp:term":[{"taxonomy":"product_cat","embeddable":true,"href":"https:\/\/powerockpharma.com\/es\/wp-json\/wp\/v2\/product_cat?post=83"},{"taxonomy":"product_tag","embeddable":true,"href":"https:\/\/powerockpharma.com\/es\/wp-json\/wp\/v2\/product_tag?post=83"}],"curies":[{"name":"wp","href":"https:\/\/api.w.org\/{rel}","templated":true}]}}