{"id":85,"date":"2024-08-04T17:00:12","date_gmt":"2024-08-04T15:00:12","guid":{"rendered":"https:\/\/powerockpharma.com\/?post_type=product&#038;p=85"},"modified":"2025-11-12T06:47:58","modified_gmt":"2025-11-12T05:47:58","slug":"thymosin-alpha-1","status":"publish","type":"product","link":"https:\/\/powerockpharma.com\/es\/peptide-lyophilizates\/timosina-alfa-1\/","title":{"rendered":"TIMOSINA ALFA 1"},"content":{"rendered":"<h2>Propiedades:<\/h2>\n<p>La timosina alfa 1 (timalfasina) es un potente p\u00e9ptido conocido por sus efectos inmunomoduladores, lo que la convierte en una herramienta esencial para la investigaci\u00f3n centrada en la mejora de la funci\u00f3n inmunitaria. Este compuesto ha ganado reconocimiento por su capacidad para potenciar los mecanismos de defensa naturales del organismo, lo que lo hace especialmente valioso en estudios relacionados con el control de infecciones, el tratamiento del c\u00e1ncer y los trastornos autoinmunes. La timosina alfa 1 act\u00faa activando y aumentando la producci\u00f3n de c\u00e9lulas T, que son fundamentales para la vigilancia y la respuesta inmunitarias. Esto conduce a una mayor capacidad para identificar y eliminar pat\u00f3genos, lo que resulta en una mayor resistencia a las infecciones y un sistema inmunol\u00f3gico m\u00e1s robusto.<\/p>\n<h2>Mecanismo de acci\u00f3n:<\/h2>\n<p>La acci\u00f3n de la timosina alfa 1 gira en torno a su capacidad para modular el sistema inmunitario, en particular mediante la estimulaci\u00f3n de la diferenciaci\u00f3n y la actividad de las c\u00e9lulas T. Al unirse a receptores espec\u00edficos de las c\u00e9lulas inmunitarias, la timosina alfa 1 aumenta la producci\u00f3n y la actividad de las citoquinas, esenciales para orquestar la respuesta inmunitaria. Este p\u00e9ptido tambi\u00e9n promueve la maduraci\u00f3n de las c\u00e9lulas T en el timo y aumenta su capacidad para reconocer y atacar c\u00e9lulas infectadas o malignas. Estas acciones colectivas conducen a un sistema inmunitario m\u00e1s eficaz y receptivo, lo que convierte a la timosina alfa 1 en un potente candidato para la investigaci\u00f3n en \u00e1reas en las que se desea mejorar la funci\u00f3n inmunitaria.<\/p>\n<h2>Ventajas:<\/h2>\n<p>La aplicaci\u00f3n sistem\u00e1tica de la timosina alfa 1 en la investigaci\u00f3n ha demostrado proporcionar numerosos beneficios, como una mejor regulaci\u00f3n del sistema inmunitario, una mayor capacidad para combatir las infecciones y posibles aplicaciones en la inmunoterapia contra el c\u00e1ncer. Los investigadores han observado que la timosina alfa 1 puede ayudar a restaurar la funci\u00f3n inmunitaria en individuos con inmunidad comprometida, lo que la hace especialmente \u00fatil en estudios con pacientes con infecciones cr\u00f3nicas, c\u00e1ncer o inmunodeficiencia. Adem\u00e1s, su capacidad para modular las respuestas inmunitarias sin sobreestimulaci\u00f3n reduce el riesgo de reacciones autoinmunitarias, lo que la convierte en una opci\u00f3n m\u00e1s segura para la investigaci\u00f3n a largo plazo. Los beneficios secundarios pueden incluir la mejora de la cicatrizaci\u00f3n de heridas, la reducci\u00f3n de la inflamaci\u00f3n y una mayor resistencia general frente a las enfermedades.<\/p>\n<h2>Por qu\u00e9 Powerock Pharma:<\/h2>\n<p>En Powerock Pharma, nuestro compromiso con la excelencia se refleja en cada lote de timosina alfa 1 que producimos. Cumplimos las normas de calidad m\u00e1s estrictas, incluidas las certificaciones GMP, HACCP e ISO 13485, para garantizar que nuestros productos no s\u00f3lo sean eficaces, sino tambi\u00e9n seguros y fiables. Cada lote se somete a rigurosas pruebas para validar su pureza, potencia y consistencia, proporcionando a los investigadores la confianza que necesitan para lograr resultados precisos y reproducibles. Al elegir Thymosin Alpha 1 de Powerock Pharma, usted est\u00e1 seleccionando un producto que est\u00e1 respaldado por la ciencia y producido con el m\u00e1ximo cuidado.<\/p>\n<h3>Resumen:<\/h3>\n<p>Si su investigaci\u00f3n se centra en la mejora de la funci\u00f3n inmunitaria, la timosina alfa 1 es el p\u00e9ptido de elecci\u00f3n. Con su capacidad demostrada para modular y reforzar el sistema inmunitario, este producto es un activo inestimable para estudios en inmunolog\u00eda, oncolog\u00eda y enfermedades infecciosas. Respaldado por los estrictos procesos de control de calidad de Powerock Pharma, Thymosin Alpha 1 le garantiza que puede llevar a cabo su investigaci\u00f3n con confianza. No comprometa la calidad: pida Thymosin Alpha 1 hoy mismo y lleve su investigaci\u00f3n a nuevas cotas.<\/p>","protected":false},"excerpt":{"rendered":"<p>Thymosin Alpha 1 (Thymalfasin) mejora la respuesta inmune modulando la actividad de las c\u00e9lulas T, ofreciendo una mejor defensa contra las infecciones y una mejor funci\u00f3n inmune en general. Elija Powerock Pharma por su pureza y resultados probados.<\/p>","protected":false},"featured_media":214,"template":"","meta":{"_acf_changed":false,"rank_math_lock_modified_date":false,"inline_featured_image":false},"product_cat":[17],"product_tag":[],"class_list":{"0":"post-85","1":"product","2":"type-product","3":"status-publish","4":"has-post-thumbnail","6":"product_cat-peptide-lyophilizates","9":"first","10":"instock","11":"shipping-taxable","12":"product-type-simple"},"acf":{"chromatogram":605,"metoda":{"acftf":{"v":"1.3.24"},"p":{"o":{"uh":0},"ca":""},"c":[{"p":""}],"h":[{"c":""}],"b":[[{"c":""}]]}},"_links":{"self":[{"href":"https:\/\/powerockpharma.com\/es\/wp-json\/wp\/v2\/product\/85","targetHints":{"allow":["GET"]}}],"collection":[{"href":"https:\/\/powerockpharma.com\/es\/wp-json\/wp\/v2\/product"}],"about":[{"href":"https:\/\/powerockpharma.com\/es\/wp-json\/wp\/v2\/types\/product"}],"wp:featuredmedia":[{"embeddable":true,"href":"https:\/\/powerockpharma.com\/es\/wp-json\/wp\/v2\/media\/214"}],"wp:attachment":[{"href":"https:\/\/powerockpharma.com\/es\/wp-json\/wp\/v2\/media?parent=85"}],"wp:term":[{"taxonomy":"product_cat","embeddable":true,"href":"https:\/\/powerockpharma.com\/es\/wp-json\/wp\/v2\/product_cat?post=85"},{"taxonomy":"product_tag","embeddable":true,"href":"https:\/\/powerockpharma.com\/es\/wp-json\/wp\/v2\/product_tag?post=85"}],"curies":[{"name":"wp","href":"https:\/\/api.w.org\/{rel}","templated":true}]}}