{"id":86,"date":"2024-08-04T17:00:36","date_gmt":"2024-08-04T15:00:36","guid":{"rendered":"https:\/\/powerockpharma.com\/?post_type=product&#038;p=86"},"modified":"2025-11-12T07:00:37","modified_gmt":"2025-11-12T06:00:37","slug":"mots-c","status":"publish","type":"product","link":"https:\/\/powerockpharma.com\/es\/peptide-lyophilizates\/mots-c\/","title":{"rendered":"MOTS-C"},"content":{"rendered":"<h2>Propiedades:<\/h2>\n<p>MOTS-c (humano) es un potente p\u00e9ptido derivado de la mitocondria conocido por sus importantes efectos sobre la salud metab\u00f3lica y el rendimiento f\u00edsico general. Este p\u00e9ptido desempe\u00f1a un papel crucial en la regulaci\u00f3n de la funci\u00f3n mitocondrial y el gasto energ\u00e9tico, lo que lo convierte en la opci\u00f3n preferida de los investigadores centrados en mejorar los procesos metab\u00f3licos, la p\u00e9rdida de grasa y la sensibilidad a la insulina. Los efectos del compuesto van m\u00e1s all\u00e1 de la regulaci\u00f3n metab\u00f3lica b\u00e1sica, contribuyendo a mejorar la resistencia, aumentar los niveles de energ\u00eda y optimizar la composici\u00f3n corporal. MOTS-c act\u00faa interactuando con v\u00edas celulares clave que influyen en la funci\u00f3n metab\u00f3lica, como la v\u00eda de la prote\u00edna cinasa activada por AMP (AMPK), que es fundamental para mantener el equilibrio energ\u00e9tico y favorecer un metabolismo saludable.<\/p>\n<h2>Mecanismo de acci\u00f3n:<\/h2>\n<p>MOTS-c ejerce sus efectos principalmente a trav\u00e9s de la activaci\u00f3n de la v\u00eda AMPK, un regulador cr\u00edtico de la homeostasis energ\u00e9tica. Al activar la AMPK, MOTS-c mejora la captaci\u00f3n de glucosa en las c\u00e9lulas musculares, aumenta la oxidaci\u00f3n de \u00e1cidos grasos y reduce la acumulaci\u00f3n de l\u00edpidos. Esta acci\u00f3n conduce a una mejora de la sensibilidad a la insulina, lo que lo hace especialmente beneficioso para la investigaci\u00f3n centrada en trastornos metab\u00f3licos como la obesidad y la diabetes de tipo 2. Adem\u00e1s, MOTS-c ayuda a regular la biog\u00e9nesis mitocondrial, asegurando una producci\u00f3n y utilizaci\u00f3n eficiente de la energ\u00eda dentro de las c\u00e9lulas. La acci\u00f3n selectiva de MOTS-c minimiza los riesgos t\u00edpicamente asociados con las intervenciones metab\u00f3licas, ofreciendo un enfoque espec\u00edfico para mejorar la salud metab\u00f3lica sin afectar negativamente a los tejidos no diana.<\/p>\n<h2>Ventajas:<\/h2>\n<p>La administraci\u00f3n regular de MOTS-c en entornos de investigaci\u00f3n puede dar lugar a mejoras notables en la funci\u00f3n metab\u00f3lica, incluyendo una mayor p\u00e9rdida de grasa, una mayor sensibilidad a la insulina y mejores niveles generales de energ\u00eda. Los investigadores han observado que MOTS-c ayuda a mantener la resistencia y el vigor, por lo que es ideal para estudios relacionados con el rendimiento f\u00edsico y la salud metab\u00f3lica. Los beneficios secundarios incluyen la mejora de la composici\u00f3n corporal, con un cambio hacia una masa muscular m\u00e1s magra y una menor acumulaci\u00f3n de grasa. El compuesto es especialmente eficaz para la investigaci\u00f3n de enfermedades metab\u00f3licas, el declive relacionado con la edad y la mejora del rendimiento f\u00edsico tanto en atletas como en personas mayores.<\/p>\n<h2>Por qu\u00e9 Powerock Pharma:<\/h2>\n<p>En Powerock Pharma, nos comprometemos a ofrecer una calidad y fiabilidad inigualables en todos los productos que ofrecemos. Nuestro MOTS-c (humano) se fabrica en instalaciones de vanguardia que cumplen las normas m\u00e1s exigentes del sector, incluidas las certificaciones GMP, HACCP e ISO 13485. Cada lote se somete a rigurosas pruebas para garantizar su pureza, potencia y consistencia, proporcionando a los investigadores un producto en el que pueden confiar. Colaboramos con laboratorios l\u00edderes para validar la eficacia de nuestros productos, garantizando que MOTS-c satisface las estrictas demandas de la investigaci\u00f3n de vanguardia. Cuando elige Powerock Pharma, est\u00e1 eligiendo un socio dedicado a la excelencia, la seguridad y la integridad cient\u00edfica.<\/p>\n<h3>Resumen:<\/h3>\n<p>Si su investigaci\u00f3n pretende explorar las fronteras de la mejora metab\u00f3lica y la optimizaci\u00f3n del rendimiento, MOTS-c (humano) es la herramienta ideal. Respaldado por las rigurosas medidas de control de calidad de Powerock Pharma, este p\u00e9ptido est\u00e1 dise\u00f1ado para ayudarle a obtener resultados fiables y reproducibles. No comprometa la calidad: pida MOTS-c hoy mismo y avance en su investigaci\u00f3n con confianza.<\/p>","protected":false},"excerpt":{"rendered":"<p>MOTS-c (humano) contribuye a mejorar la funci\u00f3n metab\u00f3lica activando las v\u00edas AMPK, favoreciendo la p\u00e9rdida de grasa y mejorando la sensibilidad a la insulina. Ofrece beneficios como el aumento de la energ\u00eda, la resistencia y la mejora de la salud metab\u00f3lica. Elija Powerock Pharma para la calidad y los resultados.<\/p>","protected":false},"featured_media":202,"template":"","meta":{"_acf_changed":false,"rank_math_lock_modified_date":false,"inline_featured_image":false},"product_cat":[17],"product_tag":[],"class_list":{"0":"post-86","1":"product","2":"type-product","3":"status-publish","4":"has-post-thumbnail","6":"product_cat-peptide-lyophilizates","9":"first","10":"instock","11":"shipping-taxable","12":"product-type-simple"},"acf":{"chromatogram":642,"metoda":{"acftf":{"v":"1.3.24"},"p":{"o":{"uh":0},"ca":""},"c":[{"p":""}],"h":[{"c":""}],"b":[[{"c":""}]]}},"_links":{"self":[{"href":"https:\/\/powerockpharma.com\/es\/wp-json\/wp\/v2\/product\/86","targetHints":{"allow":["GET"]}}],"collection":[{"href":"https:\/\/powerockpharma.com\/es\/wp-json\/wp\/v2\/product"}],"about":[{"href":"https:\/\/powerockpharma.com\/es\/wp-json\/wp\/v2\/types\/product"}],"wp:featuredmedia":[{"embeddable":true,"href":"https:\/\/powerockpharma.com\/es\/wp-json\/wp\/v2\/media\/202"}],"wp:attachment":[{"href":"https:\/\/powerockpharma.com\/es\/wp-json\/wp\/v2\/media?parent=86"}],"wp:term":[{"taxonomy":"product_cat","embeddable":true,"href":"https:\/\/powerockpharma.com\/es\/wp-json\/wp\/v2\/product_cat?post=86"},{"taxonomy":"product_tag","embeddable":true,"href":"https:\/\/powerockpharma.com\/es\/wp-json\/wp\/v2\/product_tag?post=86"}],"curies":[{"name":"wp","href":"https:\/\/api.w.org\/{rel}","templated":true}]}}