{"id":87,"date":"2024-08-04T17:00:58","date_gmt":"2024-08-04T15:00:58","guid":{"rendered":"https:\/\/powerockpharma.com\/?post_type=product&#038;p=87"},"modified":"2025-11-12T06:56:59","modified_gmt":"2025-11-12T05:56:59","slug":"peg-mgf","status":"publish","type":"product","link":"https:\/\/powerockpharma.com\/es\/peptide-lyophilizates\/clavija-mgf\/","title":{"rendered":"PEG MGF"},"content":{"rendered":"<h2>Propiedades:<\/h2>\n<p>PEG MGF (Pegylated Mechano Growth Factor) es un potente p\u00e9ptido conocido por su significativo impacto en el crecimiento y la reparaci\u00f3n muscular, lo que lo convierte en una opci\u00f3n de primer orden para los investigadores centrados en potenciar la hipertrofia y la recuperaci\u00f3n muscular. Este compuesto act\u00faa estimulando las c\u00e9lulas sat\u00e9lite, que desempe\u00f1an un papel crucial en la regeneraci\u00f3n y el crecimiento muscular. Al iniciar el proceso de reparaci\u00f3n y aumentar la proliferaci\u00f3n de estas c\u00e9lulas, el PEG MGF contribuye a una recuperaci\u00f3n m\u00e1s r\u00e1pida, un aumento de la masa muscular y una mejora general del rendimiento.<\/p>\n<h2>Mecanismo de acci\u00f3n:<\/h2>\n<p>La acci\u00f3n del PEG MGF gira en torno a su capacidad para activar y reclutar c\u00e9lulas sat\u00e9lite en el lugar del da\u00f1o muscular. Estas c\u00e9lulas son esenciales para reparar y construir nuevo tejido muscular. Cuando se introduce PEG MGF, imita los factores de crecimiento naturales del cuerpo liberados durante el ejercicio, dirigi\u00e9ndose espec\u00edficamente a las fibras musculares que han sido sometidas a estr\u00e9s o lesi\u00f3n. Este mecanismo selectivo garantiza que la recuperaci\u00f3n muscular se acelere sin los t\u00edpicos inconvenientes asociados a los agentes de crecimiento no dirigidos. Adem\u00e1s, el proceso de pegilaci\u00f3n prolonga la vida media del MGF en el torrente sangu\u00edneo, lo que permite efectos sostenidos y prolongados, que es crucial para optimizar la reparaci\u00f3n muscular y el crecimiento en el tiempo.<\/p>\n<h2>Ventajas:<\/h2>\n<p>La investigaci\u00f3n que implica PEG MGF ha demostrado constantemente su capacidad de producir aumentos sensibles en masa del m\u00fasculo, fuerza realzada, y tiempos perceptiblemente reducidos de la recuperaci\u00f3n. Los usuarios tambi\u00e9n pueden observar una mejora de la densidad muscular y la resistencia, ya que el compuesto no s\u00f3lo acelera la reparaci\u00f3n, sino que tambi\u00e9n promueve la formaci\u00f3n de nuevas fibras musculares. Adem\u00e1s, la acci\u00f3n espec\u00edfica de PEG MGF ayuda a prevenir la atrofia muscular durante los per\u00edodos de inactividad, por lo que es especialmente beneficioso para aquellos que se recuperan de una lesi\u00f3n o participar en ciclos de entrenamiento riguroso. Los beneficios secundarios reportados incluyen una mayor vascularidad, mejores niveles generales de energ\u00eda y una mejor definici\u00f3n muscular.<\/p>\n<h2>Por qu\u00e9 Powerock Pharma:<\/h2>\n<p>En Powerock Pharma, nuestro compromiso con la excelencia garantiza que cada lote de PEG MGF se produzca en instalaciones de \u00faltima generaci\u00f3n que cumplen las normas m\u00e1s exigentes del sector, incluidas GMP, HACCP e ISO 13485. Nuestros rigurosos protocolos de prueba garantizan que el producto que usted recibe es de la mayor pureza y potencia, asegurando resultados fiables y consistentes en su investigaci\u00f3n. Colaboramos con laboratorios l\u00edderes para validar cada paso del proceso de producci\u00f3n, por lo que puede confiar en que PEG MGF de Powerock Pharma le proporcionar\u00e1 los resultados que espera, sin compromiso. Si su investigaci\u00f3n se centra en la regeneraci\u00f3n muscular, la mejora del rendimiento o la recuperaci\u00f3n de lesiones, nuestro PEG MGF es la elecci\u00f3n fiable.<\/p>\n<h3>Resumen:<\/h3>\n<p>Si est\u00e1 buscando avanzar en su investigaci\u00f3n sobre el crecimiento y la recuperaci\u00f3n muscular, PEG MGF ofrece una soluci\u00f3n respaldada cient\u00edficamente que es a la vez eficaz y segura. Respaldado por los estrictos controles de calidad de Powerock Pharma, este p\u00e9ptido est\u00e1 dise\u00f1ado para apoyar sus objetivos de investigaci\u00f3n con precisi\u00f3n y fiabilidad. No se conforme con menos: pida PEG MGF hoy mismo y experimente la diferencia en calidad y resultados que Powerock Pharma le ofrece sistem\u00e1ticamente.<\/p>","protected":false},"excerpt":{"rendered":"<p>PEG MGF promueve el crecimiento muscular activando las c\u00e9lulas sat\u00e9lite y mejorando la reparaci\u00f3n muscular. Ayuda a una recuperaci\u00f3n m\u00e1s r\u00e1pida y la regeneraci\u00f3n muscular. Elija Powerock Pharma para la pureza y resultados consistentes.<\/p>","protected":false},"featured_media":210,"template":"","meta":{"_acf_changed":false,"rank_math_lock_modified_date":false,"inline_featured_image":false},"product_cat":[17],"product_tag":[],"class_list":{"0":"post-87","1":"product","2":"type-product","3":"status-publish","4":"has-post-thumbnail","6":"product_cat-peptide-lyophilizates","9":"first","10":"instock","11":"shipping-taxable","12":"product-type-simple"},"acf":{"chromatogram":630,"metoda":{"acftf":{"v":"1.3.24"},"p":{"o":{"uh":0},"ca":""},"c":[{"p":""}],"h":[{"c":""}],"b":[[{"c":""}]]}},"_links":{"self":[{"href":"https:\/\/powerockpharma.com\/es\/wp-json\/wp\/v2\/product\/87","targetHints":{"allow":["GET"]}}],"collection":[{"href":"https:\/\/powerockpharma.com\/es\/wp-json\/wp\/v2\/product"}],"about":[{"href":"https:\/\/powerockpharma.com\/es\/wp-json\/wp\/v2\/types\/product"}],"wp:featuredmedia":[{"embeddable":true,"href":"https:\/\/powerockpharma.com\/es\/wp-json\/wp\/v2\/media\/210"}],"wp:attachment":[{"href":"https:\/\/powerockpharma.com\/es\/wp-json\/wp\/v2\/media?parent=87"}],"wp:term":[{"taxonomy":"product_cat","embeddable":true,"href":"https:\/\/powerockpharma.com\/es\/wp-json\/wp\/v2\/product_cat?post=87"},{"taxonomy":"product_tag","embeddable":true,"href":"https:\/\/powerockpharma.com\/es\/wp-json\/wp\/v2\/product_tag?post=87"}],"curies":[{"name":"wp","href":"https:\/\/api.w.org\/{rel}","templated":true}]}}