{"id":88,"date":"2024-08-04T17:01:27","date_gmt":"2024-08-04T15:01:27","guid":{"rendered":"https:\/\/powerockpharma.com\/?post_type=product&#038;p=88"},"modified":"2025-11-12T06:59:38","modified_gmt":"2025-11-12T05:59:38","slug":"n-acetyl-epithalon","status":"publish","type":"product","link":"https:\/\/powerockpharma.com\/es\/peptide-lyophilizates\/n-acetil-epithalon\/","title":{"rendered":"N-ACETIL EPITHALON"},"content":{"rendered":"<h2>Propiedades:<\/h2>\n<p>El N-acetil epital\u00f3n, tambi\u00e9n conocido como epitalamina o epital\u00f3n, es un p\u00e9ptido sint\u00e9tico con potentes efectos antienvejecimiento. Es muy apreciado por su capacidad para aumentar la longevidad celular, lo que lo convierte en una elecci\u00f3n popular entre los investigadores centrados en estudios relacionados con la edad. Este p\u00e9ptido act\u00faa principalmente modulando la actividad de la telomerasa, una enzima que desempe\u00f1a un papel crucial en el mantenimiento de la longitud de los tel\u00f3meros, que son las tapas protectoras de los extremos de los cromosomas. Con el tiempo, los tel\u00f3meros se acortan de forma natural a medida que las c\u00e9lulas se dividen, lo que provoca el envejecimiento celular y la disminuci\u00f3n de sus funciones. El N-Acetil Epithalon act\u00faa estimulando la actividad de la telomerasa, ayudando as\u00ed a mantener la longitud de los tel\u00f3meros y favoreciendo la salud y la vitalidad de las c\u00e9lulas.<\/p>\n<h2>Mecanismo de acci\u00f3n:<\/h2>\n<p>La acci\u00f3n del N-Acetil Epithalon se centra en su capacidad para influir en la actividad de la telomerasa, una enzima que influye directamente en el envejecimiento celular. Al promover la actividad de la telomerasa, el N-Acetil Epithalon ayuda a preservar la longitud de los tel\u00f3meros, retrasando eficazmente el proceso de envejecimiento celular. Esto conlleva una serie de beneficios, como la mejora de la funci\u00f3n celular, una mayor respuesta inmunitaria y un aumento de la vitalidad general. Adem\u00e1s, se ha observado que el N-Acetil Epithalon mejora los ritmos circadianos naturales del cuerpo, lo que conduce a una mejor calidad del sue\u00f1o y al bienestar general. Su mecanismo selectivo garantiza que se dirige principalmente a los tel\u00f3meros sin causar efectos no deseados en los tejidos no diana, por lo que es una opci\u00f3n m\u00e1s segura para la investigaci\u00f3n a largo plazo centrada en el envejecimiento y la longevidad.<\/p>\n<h2>Ventajas:<\/h2>\n<p>El uso constante de N-acetil epithalon en estudios de investigaci\u00f3n ha demostrado producir numerosos beneficios, como un aumento de la vida \u00fatil a nivel celular, una mejora de los patrones de sue\u00f1o, una mejora de la funci\u00f3n inmunitaria y un aumento general de los niveles de vitalidad y energ\u00eda. Los investigadores tambi\u00e9n han observado beneficios secundarios como una mejor estabilizaci\u00f3n del estado de \u00e1nimo, una reducci\u00f3n del estr\u00e9s oxidativo y una mejora de las funciones metab\u00f3licas. Este compuesto es especialmente eficaz en estudios sobre el envejecimiento, los trastornos del sue\u00f1o y la funci\u00f3n del sistema inmunitario, lo que lo convierte en una valiosa herramienta para los investigadores en estos campos.<\/p>\n<h2>Por qu\u00e9 Powerock Pharma:<\/h2>\n<p>En Powerock Pharma, nuestro compromiso con la excelencia es evidente en cada lote de N-acetil epithalon que producimos. Nuestras instalaciones cumplen y superan los m\u00e1s altos est\u00e1ndares de GMP, HACCP e ISO 13485, garantizando que usted reciba un producto seguro y eficaz. Utilizamos los procedimientos de prueba m\u00e1s avanzados para validar la pureza y la potencia de nuestros productos, por lo que puede confiar en que el N-acetil epithalon ofrecer\u00e1 siempre resultados consistentes en su investigaci\u00f3n. Cuando elige Powerock Pharma, elige una calidad sin igual, fiabilidad y tranquilidad, sabiendo que su investigaci\u00f3n est\u00e1 respaldada por los mejores productos disponibles.<\/p>\n<h3>Resumen:<\/h3>\n<p>Si su investigaci\u00f3n tiene como objetivo explorar los mecanismos del envejecimiento o mejorar la salud celular, el N-acetil epitalon es la soluci\u00f3n que necesita. Respaldado por los rigurosos controles de calidad de Powerock Pharma, este producto est\u00e1 dise\u00f1ado para ayudarle a conseguir resultados significativos de forma segura y eficaz. No se conforme con menos: pida N-acetil epithalon hoy mismo y lleve su investigaci\u00f3n al siguiente nivel.<\/p>","protected":false},"excerpt":{"rendered":"<p>El N-Acetil Epithalon contribuye al antienvejecimiento modulando la actividad de la telomerasa, lo que favorece la longevidad celular. Ofrece beneficios como la mejora del sue\u00f1o, aumento de la inmunidad, y el aumento de la vitalidad. Elija Powerock Pharma para obtener calidad y resultados constantes.<\/p>","protected":false},"featured_media":206,"template":"","meta":{"_acf_changed":false,"rank_math_lock_modified_date":false,"inline_featured_image":false},"product_cat":[17],"product_tag":[],"class_list":{"0":"post-88","1":"product","2":"type-product","3":"status-publish","4":"has-post-thumbnail","6":"product_cat-peptide-lyophilizates","9":"first","10":"instock","11":"shipping-taxable","12":"product-type-simple"},"acf":{"chromatogram":639,"metoda":""},"_links":{"self":[{"href":"https:\/\/powerockpharma.com\/es\/wp-json\/wp\/v2\/product\/88","targetHints":{"allow":["GET"]}}],"collection":[{"href":"https:\/\/powerockpharma.com\/es\/wp-json\/wp\/v2\/product"}],"about":[{"href":"https:\/\/powerockpharma.com\/es\/wp-json\/wp\/v2\/types\/product"}],"wp:featuredmedia":[{"embeddable":true,"href":"https:\/\/powerockpharma.com\/es\/wp-json\/wp\/v2\/media\/206"}],"wp:attachment":[{"href":"https:\/\/powerockpharma.com\/es\/wp-json\/wp\/v2\/media?parent=88"}],"wp:term":[{"taxonomy":"product_cat","embeddable":true,"href":"https:\/\/powerockpharma.com\/es\/wp-json\/wp\/v2\/product_cat?post=88"},{"taxonomy":"product_tag","embeddable":true,"href":"https:\/\/powerockpharma.com\/es\/wp-json\/wp\/v2\/product_tag?post=88"}],"curies":[{"name":"wp","href":"https:\/\/api.w.org\/{rel}","templated":true}]}}