{"id":89,"date":"2024-08-04T17:01:44","date_gmt":"2024-08-04T15:01:44","guid":{"rendered":"https:\/\/powerockpharma.com\/?post_type=product&#038;p=89"},"modified":"2025-11-12T06:55:07","modified_gmt":"2025-11-12T05:55:07","slug":"pt141","status":"publish","type":"product","link":"https:\/\/powerockpharma.com\/es\/peptide-lyophilizates\/pt141\/","title":{"rendered":"PT141"},"content":{"rendered":"<h2>Propiedades:<\/h2>\n<p>El PT-141, tambi\u00e9n conocido como Bremelanotida, es un potente p\u00e9ptido conocido principalmente por sus efectos sobre la funci\u00f3n sexual. Originalmente desarrollado como tratamiento para la disfunci\u00f3n sexual, PT-141 ha ganado reconocimiento por su capacidad para mejorar la libido y el rendimiento sexual tanto en hombres como en mujeres. A diferencia de otros tratamientos dirigidos al sistema vascular, PT-141 act\u00faa directamente a trav\u00e9s del sistema nervioso, lo que lo convierte en una opci\u00f3n \u00fanica y eficaz para quienes buscan mejorar su salud sexual. El mecanismo de PT-141 implica la activaci\u00f3n de los receptores de melanocortina en el cerebro, lo que conduce a una mayor excitaci\u00f3n sexual y el deseo sin afectar el flujo sangu\u00edneo.<\/p>\n<h2>Mecanismo de acci\u00f3n:<\/h2>\n<p>La acci\u00f3n del PT-141 gira en torno a su capacidad para estimular los receptores de melanocortina, en particular el subtipo MC4R, en el sistema nervioso central. Estos receptores intervienen en la regulaci\u00f3n de una amplia gama de funciones, como el comportamiento sexual y la homeostasis energ\u00e9tica. Al unirse a estos receptores, el PT-141 desencadena una cascada de acontecimientos neuroqu\u00edmicos que potencian la excitaci\u00f3n sexual. Este mecanismo es distinto del de otros f\u00e1rmacos potenciadores de la sexualidad, que suelen centrarse en aumentar el flujo sangu\u00edneo a la zona genital. La acci\u00f3n selectiva de PT-141 en las v\u00edas sexuales del cerebro permite una respuesta m\u00e1s natural, aumentando la libido sin los efectos cardiovasculares asociados con otros tratamientos.<\/p>\n<h2>Ventajas:<\/h2>\n<p>El uso regular de PT-141 en entornos de investigaci\u00f3n ha demostrado producir un notable aumento del deseo y el rendimiento sexuales. Para los hombres, esto puede significar una mejora de la funci\u00f3n er\u00e9ctil y una mayor satisfacci\u00f3n sexual, mientras que las mujeres pueden experimentar una mayor excitaci\u00f3n y respuesta org\u00e1smica. Adem\u00e1s, se ha observado que el PT-141 puede tener efectos estabilizadores del estado de \u00e1nimo, contribuyendo a una sensaci\u00f3n general de bienestar. El compuesto es especialmente beneficioso para las personas que experimentan disfunciones sexuales debidas a factores psicol\u00f3gicos o que no responden a tratamientos tradicionales como los inhibidores de la PDE5.<\/p>\n<h2>Por qu\u00e9 Powerock Pharma:<\/h2>\n<p>En Powerock Pharma, nuestro compromiso con la excelencia garantiza que cada lote de PT-141 se produzca de conformidad con las normas m\u00e1s exigentes del sector, incluidas GMP, HACCP e ISO 13485. Nuestros rigurosos procesos de prueba garantizan la pureza, potencia y seguridad de nuestros productos, proporcionando a los investigadores resultados fiables. Colaboramos con los principales laboratorios para validar todos los aspectos de nuestra producci\u00f3n, por lo que puede confiar en que PT-141 de Powerock Pharma proporcionar\u00e1 sistem\u00e1ticamente los resultados esperados. Elegir Powerock Pharma significa elegir un producto respaldado por la ciencia, la calidad y la integridad.<\/p>\n<h3>Resumen:<\/h3>\n<p>Si desea explorar el potencial de la mejora de la funci\u00f3n sexual a trav\u00e9s de la investigaci\u00f3n, PT-141 es una herramienta inestimable. Con los estrictos controles de calidad de Powerock Pharma, puede llevar a cabo sus estudios con confianza, sabiendo que est\u00e1 trabajando con los mejores. No ponga en peligro su investigaci\u00f3n: solicite PT-141 hoy mismo y desbloquee todo el potencial de los resultados de su estudio.<\/p>","protected":false},"excerpt":{"rendered":"<p>PT-141 (Bremelanotide) contribuye a mejorar la funci\u00f3n sexual activando los receptores de melanocortina en el sistema nervioso central. Ofrece una mejora de la libido y el rendimiento sexual. Elija Powerock Pharma por su calidad y sus resultados.<\/p>","protected":false},"featured_media":211,"template":"","meta":{"_acf_changed":false,"rank_math_lock_modified_date":false,"inline_featured_image":false},"product_cat":[17],"product_tag":[],"class_list":{"0":"post-89","1":"product","2":"type-product","3":"status-publish","4":"has-post-thumbnail","6":"product_cat-peptide-lyophilizates","9":"first","10":"instock","11":"shipping-taxable","12":"product-type-simple"},"acf":{"chromatogram":624,"metoda":{"acftf":{"v":"1.3.24"},"p":{"o":{"uh":0},"ca":""},"c":[{"p":""}],"h":[{"c":""}],"b":[[{"c":""}]]}},"_links":{"self":[{"href":"https:\/\/powerockpharma.com\/es\/wp-json\/wp\/v2\/product\/89","targetHints":{"allow":["GET"]}}],"collection":[{"href":"https:\/\/powerockpharma.com\/es\/wp-json\/wp\/v2\/product"}],"about":[{"href":"https:\/\/powerockpharma.com\/es\/wp-json\/wp\/v2\/types\/product"}],"wp:featuredmedia":[{"embeddable":true,"href":"https:\/\/powerockpharma.com\/es\/wp-json\/wp\/v2\/media\/211"}],"wp:attachment":[{"href":"https:\/\/powerockpharma.com\/es\/wp-json\/wp\/v2\/media?parent=89"}],"wp:term":[{"taxonomy":"product_cat","embeddable":true,"href":"https:\/\/powerockpharma.com\/es\/wp-json\/wp\/v2\/product_cat?post=89"},{"taxonomy":"product_tag","embeddable":true,"href":"https:\/\/powerockpharma.com\/es\/wp-json\/wp\/v2\/product_tag?post=89"}],"curies":[{"name":"wp","href":"https:\/\/api.w.org\/{rel}","templated":true}]}}