{"id":90,"date":"2024-08-04T17:02:12","date_gmt":"2024-08-04T15:02:12","guid":{"rendered":"https:\/\/powerockpharma.com\/?post_type=product&#038;p=90"},"modified":"2025-11-12T06:59:11","modified_gmt":"2025-11-12T05:59:11","slug":"n-acetyl-semax","status":"publish","type":"product","link":"https:\/\/powerockpharma.com\/es\/peptide-lyophilizates\/n-acetil-semax\/","title":{"rendered":"N-ACETIL SEMAX"},"content":{"rendered":"<h2>Propiedades:<\/h2>\n<p>El N-Acetil Semax Amidato es un potente neurop\u00e9ptido conocido por sus propiedades de mejora cognitiva. Es muy apreciado en la comunidad investigadora por su capacidad para mejorar significativamente el rendimiento mental y proporcionar efectos neuroprotectores. Este compuesto se dirige principalmente al cerebro, donde ejerce sus efectos modulando los niveles del factor neurotr\u00f3fico derivado del cerebro (BDNF), una prote\u00edna crucial implicada en el crecimiento, el mantenimiento y la supervivencia de las neuronas. Los investigadores han descubierto que el N-Acetil Semax Amidato es especialmente eficaz para mejorar la memoria, la concentraci\u00f3n y la capacidad de aprendizaje, lo que lo convierte en un candidato ideal para estudios centrados en la funci\u00f3n cognitiva y la neuroprotecci\u00f3n.<\/p>\n<h2>Mecanismo de acci\u00f3n:<\/h2>\n<p>El N-Acetil Semax Amidato act\u00faa aumentando la expresi\u00f3n de BDNF en el cerebro, que desempe\u00f1a un papel fundamental en la neuroplasticidad, es decir, la capacidad del cerebro para reorganizarse formando nuevas conexiones neuronales. Esta modulaci\u00f3n de los niveles de BDNF facilita una mayor plasticidad sin\u00e1ptica, lo que mejora el aprendizaje y la memoria. Adem\u00e1s, se ha demostrado que el N-Acetil Semax Amidato influye en otros factores neurotr\u00f3ficos y neurotransmisores, contribuyendo a su amplio espectro de beneficios cognitivos. Su acci\u00f3n selectiva garantiza una mejora de las funciones cognitivas sin sobreestimulaci\u00f3n, reduciendo el riesgo de efectos secundarios com\u00fanmente asociados a otros potenciadores cognitivos.<\/p>\n<h2>Ventajas:<\/h2>\n<p>Las investigaciones sobre el N-Acetil Semax Amidato demuestran sistem\u00e1ticamente su capacidad para mejorar la funci\u00f3n cognitiva, especialmente en las \u00e1reas de la memoria, el aprendizaje y la concentraci\u00f3n. Los estudios han demostrado que puede mejorar la claridad mental y aumentar la productividad, por lo que es valioso para los investigadores que estudian la mejora neuronal. M\u00e1s all\u00e1 de las mejoras cognitivas, el N-Acetil Semax Amidato ofrece beneficios neuroprotectores, ayudando a proteger las neuronas del da\u00f1o causado por el estr\u00e9s oxidativo y otros procesos neurodegenerativos. Esto lo convierte en un compuesto prometedor para la investigaci\u00f3n de afecciones neurodegenerativas como la enfermedad de Alzheimer y otras formas de deterioro cognitivo.<\/p>\n<h2>Por qu\u00e9 Powerock Pharma:<\/h2>\n<p>En Powerock Pharma, nos dedicamos a suministrar compuestos de investigaci\u00f3n de la m\u00e1s alta calidad, y el N-acetil semax amidato no es una excepci\u00f3n. Nuestros productos se fabrican en instalaciones de vanguardia que cumplen las normas de calidad m\u00e1s estrictas, incluidas las certificaciones GMP, HACCP e ISO 13485. Cada lote de N-acetil semax amidato se somete a rigurosas pruebas para garantizar su pureza, potencia y seguridad. Colaboramos con laboratorios de primer nivel para verificar la integridad de nuestros productos, por lo que puede confiar en que est\u00e1 recibiendo un compuesto de investigaci\u00f3n fiable y eficaz en todo momento. Elija Powerock Pharma para obtener una calidad superior y resultados de investigaci\u00f3n en los que puede confiar.<\/p>\n<h3>Resumen:<\/h3>\n<p>Eleve su investigaci\u00f3n cognitiva con N-Acetil Semax Amidato de Powerock Pharma. Este neurop\u00e9ptido est\u00e1 respaldado por la investigaci\u00f3n cient\u00edfica y producido bajo los m\u00e1s estrictos controles de calidad. Tanto si su objetivo es mejorar la memoria, potenciar la capacidad de aprendizaje o explorar la neuroprotecci\u00f3n, el N-acetil semax amidato es la elecci\u00f3n ideal. No comprometa su investigaci\u00f3n: haga su pedido hoy mismo y libere todo el potencial de sus estudios con los productos de confianza de Powerock Pharma.<\/p>","protected":false},"excerpt":{"rendered":"<p>El N-Acetil Semax Amidato contribuye a la mejora cognitiva modulando los niveles del factor neurotr\u00f3fico derivado del cerebro (BDNF). Mejora la memoria, la concentraci\u00f3n y la neuroprotecci\u00f3n. Elija Powerock Pharma para una calidad sin igual y resultados consistentes.<\/p>","protected":false},"featured_media":208,"template":"","meta":{"_acf_changed":false,"rank_math_lock_modified_date":false,"inline_featured_image":false},"product_cat":[17],"product_tag":[],"class_list":{"0":"post-90","1":"product","2":"type-product","3":"status-publish","4":"has-post-thumbnail","6":"product_cat-peptide-lyophilizates","9":"first","10":"instock","11":"shipping-taxable","12":"product-type-simple"},"acf":{"chromatogram":637,"metoda":{"acftf":{"v":"1.3.24"},"p":{"o":{"uh":0},"ca":""},"c":[{"p":""}],"h":[{"c":""}],"b":[[{"c":""}]]}},"_links":{"self":[{"href":"https:\/\/powerockpharma.com\/es\/wp-json\/wp\/v2\/product\/90","targetHints":{"allow":["GET"]}}],"collection":[{"href":"https:\/\/powerockpharma.com\/es\/wp-json\/wp\/v2\/product"}],"about":[{"href":"https:\/\/powerockpharma.com\/es\/wp-json\/wp\/v2\/types\/product"}],"wp:featuredmedia":[{"embeddable":true,"href":"https:\/\/powerockpharma.com\/es\/wp-json\/wp\/v2\/media\/208"}],"wp:attachment":[{"href":"https:\/\/powerockpharma.com\/es\/wp-json\/wp\/v2\/media?parent=90"}],"wp:term":[{"taxonomy":"product_cat","embeddable":true,"href":"https:\/\/powerockpharma.com\/es\/wp-json\/wp\/v2\/product_cat?post=90"},{"taxonomy":"product_tag","embeddable":true,"href":"https:\/\/powerockpharma.com\/es\/wp-json\/wp\/v2\/product_tag?post=90"}],"curies":[{"name":"wp","href":"https:\/\/api.w.org\/{rel}","templated":true}]}}