{"id":91,"date":"2024-08-04T17:02:40","date_gmt":"2024-08-04T15:02:40","guid":{"rendered":"https:\/\/powerockpharma.com\/?post_type=product&#038;p=91"},"modified":"2025-11-12T06:59:25","modified_gmt":"2025-11-12T05:59:25","slug":"n-acetyl-selank","status":"publish","type":"product","link":"https:\/\/powerockpharma.com\/es\/peptide-lyophilizates\/n-acetil-selank\/","title":{"rendered":"N-ACETIL SELANK"},"content":{"rendered":"<h2>Propiedades:<\/h2>\n<p>El N-acetil selank amidato es un potente neurop\u00e9ptido dise\u00f1ado para optimizar la funci\u00f3n cognitiva y estabilizar el estado de \u00e1nimo, lo que lo convierte en la opci\u00f3n preferida de los investigadores centrados en la salud mental, la mejora cognitiva y las afecciones relacionadas con el estr\u00e9s. Este compuesto es conocido por sus propiedades ansiol\u00edticas (reductoras de la ansiedad) y su capacidad para mejorar la memoria y las capacidades de aprendizaje. El N-acetil selank act\u00faa modulando la actividad de neurotransmisores espec\u00edficos en el cerebro, en particular la serotonina, la dopamina y la norepinefrina, lo que conduce a una mejora de la funci\u00f3n cognitiva, una reducci\u00f3n de la ansiedad y una mejora general del estado de \u00e1nimo.<\/p>\n<h2>Mecanismo de acci\u00f3n:<\/h2>\n<p>La acci\u00f3n del N-Acetil Selank gira en torno a su capacidad para influir en el equilibrio de los neurotransmisores del sistema nervioso central. Al modular la liberaci\u00f3n y descomposici\u00f3n de la serotonina y otros neurotransmisores clave, el N-Acetil Selank reduce la ansiedad y promueve una sensaci\u00f3n de calma sin los efectos sedantes com\u00fanmente asociados a los ansiol\u00edticos tradicionales. Adem\u00e1s, potencia la expresi\u00f3n del factor neurotr\u00f3fico derivado del cerebro (BDNF), una prote\u00edna relacionada con la neuroplasticidad y la funci\u00f3n cognitiva. Esta modulaci\u00f3n selectiva garantiza que el usuario experimente un aumento cognitivo, una mejora de la memoria y una reducci\u00f3n de los niveles de estr\u00e9s, todo ello minimizando el riesgo de efectos secundarios.<\/p>\n<h2>Ventajas:<\/h2>\n<p>El uso constante de N-Acetil Selank en entornos de investigaci\u00f3n ha mostrado resultados prometedores en la mejora de la funci\u00f3n cognitiva, incluyendo una mejor retenci\u00f3n y recuerdo de la memoria, as\u00ed como una mayor capacidad de aprendizaje. Los investigadores tambi\u00e9n han observado reducciones significativas en los niveles de ansiedad, lo que lo convierte en un compuesto ideal para los estudios centrados en los trastornos relacionados con el estr\u00e9s. Los beneficios secundarios incluyen la estabilizaci\u00f3n del estado de \u00e1nimo, una mejor calidad del sue\u00f1o y mejoras generales en la claridad mental y la concentraci\u00f3n. El N-acetil selank es especialmente eficaz para los investigadores interesados en explorar tratamientos para los trastornos de ansiedad, el deterioro cognitivo y las afecciones relacionadas con el estr\u00e9s cr\u00f3nico.<\/p>\n<h2>Por qu\u00e9 Powerock Pharma:<\/h2>\n<p>En Powerock Pharma, nuestro compromiso de ofrecer s\u00f3lo los compuestos de investigaci\u00f3n de la m\u00e1s alta calidad es inigualable. Cada lote de N-acetil selank se produce en instalaciones que se adhieren a las m\u00e1s estrictas normas GMP, HACCP e ISO 13485, garantizando que usted reciba un producto potente y puro. Empleamos procedimientos de prueba de \u00faltima generaci\u00f3n para validar la pureza y consistencia de nuestros productos, colaborando con laboratorios l\u00edderes para asegurar que nuestros compuestos de investigaci\u00f3n cumplan con los m\u00e1s altos est\u00e1ndares de la industria. Cuando elige Powerock Pharma, elige un socio de confianza dedicado al \u00e9xito de su investigaci\u00f3n.<\/p>\n<h3>Resumen:<\/h3>\n<p>Si su investigaci\u00f3n pretende explorar las fronteras de la mejora cognitiva, la reducci\u00f3n de la ansiedad o la estabilizaci\u00f3n del estado de \u00e1nimo, el N-acetil selank es el compuesto que necesita. Respaldado por los rigurosos controles de calidad de Powerock Pharma, este producto est\u00e1 dise\u00f1ado para ofrecer resultados fiables y consistentes. Eleve los resultados de su investigaci\u00f3n - pida N-Acetil Selank hoy y experimente la diferencia de Powerock Pharma.<\/p>","protected":false},"excerpt":{"rendered":"<p>El N-Acetil Selank mejora la funci\u00f3n cognitiva y reduce la ansiedad modulando la actividad de los neurotransmisores. Ofrece estabilizaci\u00f3n del estado de \u00e1nimo, mejora de la memoria y reducci\u00f3n del estr\u00e9s. Elija Powerock Pharma para una calidad inigualable y resultados consistentes.<\/p>","protected":false},"featured_media":207,"template":"","meta":{"_acf_changed":false,"rank_math_lock_modified_date":false,"inline_featured_image":false},"product_cat":[17],"product_tag":[],"class_list":{"0":"post-91","1":"product","2":"type-product","3":"status-publish","4":"has-post-thumbnail","6":"product_cat-peptide-lyophilizates","9":"first","10":"instock","11":"shipping-taxable","12":"product-type-simple"},"acf":{"chromatogram":638,"metoda":""},"_links":{"self":[{"href":"https:\/\/powerockpharma.com\/es\/wp-json\/wp\/v2\/product\/91","targetHints":{"allow":["GET"]}}],"collection":[{"href":"https:\/\/powerockpharma.com\/es\/wp-json\/wp\/v2\/product"}],"about":[{"href":"https:\/\/powerockpharma.com\/es\/wp-json\/wp\/v2\/types\/product"}],"wp:featuredmedia":[{"embeddable":true,"href":"https:\/\/powerockpharma.com\/es\/wp-json\/wp\/v2\/media\/207"}],"wp:attachment":[{"href":"https:\/\/powerockpharma.com\/es\/wp-json\/wp\/v2\/media?parent=91"}],"wp:term":[{"taxonomy":"product_cat","embeddable":true,"href":"https:\/\/powerockpharma.com\/es\/wp-json\/wp\/v2\/product_cat?post=91"},{"taxonomy":"product_tag","embeddable":true,"href":"https:\/\/powerockpharma.com\/es\/wp-json\/wp\/v2\/product_tag?post=91"}],"curies":[{"name":"wp","href":"https:\/\/api.w.org\/{rel}","templated":true}]}}