{"id":92,"date":"2024-08-04T17:03:06","date_gmt":"2024-08-04T15:03:06","guid":{"rendered":"https:\/\/powerockpharma.com\/?post_type=product&#038;p=92"},"modified":"2025-11-12T06:46:47","modified_gmt":"2025-11-12T05:46:47","slug":"tripple-g","status":"publish","type":"product","link":"https:\/\/powerockpharma.com\/es\/peptide-lyophilizates\/tripple-g\/","title":{"rendered":"TRIPPLE G"},"content":{"rendered":"<h2>Propiedades:<\/h2>\n<p>La retatrutida, com\u00fanmente conocida como Tripple G, es un potente compuesto conocido por su enfoque polifac\u00e9tico para el control del peso y la regulaci\u00f3n metab\u00f3lica. Este p\u00e9ptido de vanguardia ha ganado reconocimiento por sus potentes efectos sobre la p\u00e9rdida de grasa, el control de la glucosa y la mejora metab\u00f3lica general. Dise\u00f1ado para aquellos enfocados en lograr reducciones significativas en la grasa corporal y mejorar la salud metab\u00f3lica, Retatrutide funciona modulando las v\u00edas hormonales clave que son cruciales en el equilibrio energ\u00e9tico y la regulaci\u00f3n del apetito.<\/p>\n<h2>Mecanismo de acci\u00f3n:<\/h2>\n<p>La acci\u00f3n de Retatrutide se centra en su capacidad \u00fanica de activar simult\u00e1neamente los receptores de GLP-1 (p\u00e9ptido similar al glucag\u00f3n-1), GIP (polip\u00e9ptido inhibidor g\u00e1strico) y glucag\u00f3n. Al actuar sobre estas v\u00edas espec\u00edficas, la retatrutida aumenta la secreci\u00f3n de insulina, reduce los niveles de glucag\u00f3n y favorece la sensaci\u00f3n de saciedad, lo que en conjunto reduce la ingesta de alimentos y mejora el metabolismo de la glucosa. Esta activaci\u00f3n de m\u00faltiples receptores no s\u00f3lo contribuye a una p\u00e9rdida significativa de grasa, sino que tambi\u00e9n ofrece un mejor control de los niveles de glucosa en sangre, lo que la convierte en una herramienta muy eficaz para la investigaci\u00f3n de la obesidad, la diabetes de tipo 2 y otros trastornos metab\u00f3licos. Adem\u00e1s, su mecanismo selectivo minimiza el riesgo de efectos adversos com\u00fanmente asociados a intervenciones metab\u00f3licas m\u00e1s agresivas, garantizando un perfil m\u00e1s seguro para un uso prolongado en investigaci\u00f3n.<\/p>\n<h2>Ventajas:<\/h2>\n<p>El uso sistem\u00e1tico de Retatrutide en entornos de investigaci\u00f3n ha demostrado dar lugar a disminuciones sustanciales del peso corporal, principalmente a trav\u00e9s de la reducci\u00f3n de la grasa. Adem\u00e1s, los investigadores han observado una mejora del control gluc\u00e9mico, lo que resulta especialmente beneficioso para los estudios centrados en la diabetes de tipo 2 y la resistencia a la insulina. Otros beneficios notables son el aumento de los niveles de energ\u00eda, un mejor control del apetito y posibles mejoras en la salud cardiovascular debido a la reducci\u00f3n de los niveles de l\u00edpidos. La retatrutida es especialmente eficaz para los investigadores que estudian nuevos tratamientos contra la obesidad, el s\u00edndrome metab\u00f3lico y otras afecciones relacionadas, ya que ofrece una soluci\u00f3n integral para tratar estos complejos problemas.<\/p>\n<h2>Por qu\u00e9 Powerock Pharma:<\/h2>\n<p>En Powerock Pharma, nuestra dedicaci\u00f3n a la calidad y la excelencia es evidente en cada producto que ofrecemos. Retatrutide se produce en instalaciones que se adhieren estrictamente a las normas GMP, HACCP e ISO 13485, asegurando que cada lote cumpla con los m\u00e1s altos est\u00e1ndares de pureza y potencia. Nuestros rigurosos protocolos de prueba, en colaboraci\u00f3n con los principales laboratorios, garantizan que lo que usted recibe no s\u00f3lo es eficaz, sino tambi\u00e9n seguro y fiable. Cuando usted elige Powerock Pharma, est\u00e1 eligiendo un socio comprometido a apoyar su investigaci\u00f3n con productos que ofrecen resultados consistentes y fiables.<\/p>\n<h3>Resumen:<\/h3>\n<p>Si sus objetivos de investigaci\u00f3n incluyen la exploraci\u00f3n de m\u00e9todos avanzados para la p\u00e9rdida de grasa, el control de la glucosa y la mejora metab\u00f3lica, Retatrutide (Tripple G) le ofrece la soluci\u00f3n precisa y fiable que necesita. Respaldado por los estrictos controles de calidad de Powerock Pharma, este producto est\u00e1 dise\u00f1ado para facilitar la investigaci\u00f3n innovadora al tiempo que garantiza la seguridad y la eficacia. No comprometa sus est\u00e1ndares de investigaci\u00f3n: pida Retatrutide hoy mismo y lleve sus estudios al \u00e9xito.<\/p>","protected":false},"excerpt":{"rendered":"<p>La retatrutida (Tripple G) favorece la p\u00e9rdida significativa de grasa y la regulaci\u00f3n de la glucosa mediante la activaci\u00f3n de m\u00faltiples v\u00edas hormonales, incluidos los receptores de GLP-1, GIP y glucag\u00f3n. Ofrece un mayor control metab\u00f3lico y de peso. Elija Powerock Pharma por su calidad y fiabilidad inigualables.<\/p>","protected":false},"featured_media":215,"template":"","meta":{"_acf_changed":false,"rank_math_lock_modified_date":false,"inline_featured_image":false},"product_cat":[17],"product_tag":[],"class_list":{"0":"post-92","1":"product","2":"type-product","3":"status-publish","4":"has-post-thumbnail","6":"product_cat-peptide-lyophilizates","9":"first","10":"instock","11":"shipping-taxable","12":"product-type-simple"},"acf":{"chromatogram":604,"metoda":""},"_links":{"self":[{"href":"https:\/\/powerockpharma.com\/es\/wp-json\/wp\/v2\/product\/92","targetHints":{"allow":["GET"]}}],"collection":[{"href":"https:\/\/powerockpharma.com\/es\/wp-json\/wp\/v2\/product"}],"about":[{"href":"https:\/\/powerockpharma.com\/es\/wp-json\/wp\/v2\/types\/product"}],"wp:featuredmedia":[{"embeddable":true,"href":"https:\/\/powerockpharma.com\/es\/wp-json\/wp\/v2\/media\/215"}],"wp:attachment":[{"href":"https:\/\/powerockpharma.com\/es\/wp-json\/wp\/v2\/media?parent=92"}],"wp:term":[{"taxonomy":"product_cat","embeddable":true,"href":"https:\/\/powerockpharma.com\/es\/wp-json\/wp\/v2\/product_cat?post=92"},{"taxonomy":"product_tag","embeddable":true,"href":"https:\/\/powerockpharma.com\/es\/wp-json\/wp\/v2\/product_tag?post=92"}],"curies":[{"name":"wp","href":"https:\/\/api.w.org\/{rel}","templated":true}]}}