{"id":94,"date":"2024-08-04T17:04:30","date_gmt":"2024-08-04T15:04:30","guid":{"rendered":"https:\/\/powerockpharma.com\/?post_type=product&#038;p=94"},"modified":"2025-11-12T07:06:03","modified_gmt":"2025-11-12T06:06:03","slug":"ghk-cu","status":"publish","type":"product","link":"https:\/\/powerockpharma.com\/es\/peptide-lyophilizates\/ghk-cu\/","title":{"rendered":"GHK CU"},"content":{"rendered":"<h2>Propiedades:<\/h2>\n<p>GHK-Cu (P\u00e9ptido de Cobre \/ GHK-Cu 2+) es un p\u00e9ptido natural que ha llamado la atenci\u00f3n por sus profundos efectos sobre la salud de la piel y el rejuvenecimiento general. Es un actor clave en los procesos naturales de curaci\u00f3n del cuerpo, por lo que es una opci\u00f3n favorecida para aquellos que buscan mejorar la elasticidad de la piel, reducir las arrugas, y promover la vitalidad de la piel en general. Este compuesto es particularmente conocido por su capacidad para promover la s\u00edntesis de col\u00e1geno, que es esencial para mantener la piel joven y el\u00e1stica. Adem\u00e1s, el GHK-Cu mejora la reparaci\u00f3n de los tejidos y acelera la cicatrizaci\u00f3n de las heridas, por lo que resulta muy valioso para la investigaci\u00f3n cosm\u00e9tica y m\u00e9dica centrada en la regeneraci\u00f3n de la piel.<\/p>\n<h2>Mecanismo de acci\u00f3n:<\/h2>\n<p>El GHK-Cu act\u00faa a trav\u00e9s de un mecanismo \u00fanico que gira en torno a su papel como p\u00e9ptido fijador del cobre. Esto le permite influir en diversos procesos biol\u00f3gicos, en particular los relacionados con la reparaci\u00f3n y regeneraci\u00f3n de la piel. El ion de cobre (Cu2+) unido al GHK potencia su actividad biol\u00f3gica, permiti\u00e9ndole estimular la s\u00edntesis de col\u00e1geno y glucosaminoglicanos, al tiempo que favorece la angiog\u00e9nesis (formaci\u00f3n de nuevos vasos sangu\u00edneos). El resultado es una mejora de la estructura y la funci\u00f3n de la piel, as\u00ed como una aceleraci\u00f3n de la cicatrizaci\u00f3n de las heridas. Adem\u00e1s, el GHK-Cu tiene propiedades antiinflamatorias, reduce el estr\u00e9s oxidativo y protege la piel de otros da\u00f1os. Su mecanismo de acci\u00f3n selectivo garantiza que se dirige a la matriz extracelular, el marco estructural responsable de la integridad de la piel, sin afectar a otros tejidos, minimizando as\u00ed los posibles efectos secundarios.<\/p>\n<h2>Ventajas:<\/h2>\n<p>El uso constante de GHK-Cu en estudios de investigaci\u00f3n ha demostrado una serie de beneficios impresionantes. Entre ellos se incluyen mejoras notables en la firmeza y elasticidad de la piel, una reducci\u00f3n de las l\u00edneas finas y arrugas, y una curaci\u00f3n m\u00e1s r\u00e1pida de las heridas. Los investigadores tambi\u00e9n han documentado un mayor crecimiento del cabello, una reducci\u00f3n de la hiperpigmentaci\u00f3n y una mejora general de la textura de la piel. La capacidad del p\u00e9ptido para estimular las enzimas antioxidantes contribuye adem\u00e1s a sus efectos protectores contra el envejecimiento y los da\u00f1os medioambientales. El GHK-Cu es especialmente eficaz para quienes se dedican a la investigaci\u00f3n antienvejecimiento, la cicatrizaci\u00f3n de heridas y la regeneraci\u00f3n de tejidos. Sus vers\u00e1tiles aplicaciones lo convierten en una valiosa herramienta para estudios destinados a explorar nuevas terapias en dermatolog\u00eda y medicina regenerativa.<\/p>\n<h2>Por qu\u00e9 Powerock Pharma:<\/h2>\n<p>En Powerock Pharma, nos dedicamos a proporcionar compuestos de investigaci\u00f3n de la m\u00e1s alta calidad disponible. Nuestro GHK-Cu se produce bajo estrictas medidas de control de calidad, adhiri\u00e9ndose a las normas GMP, HACCP e ISO 13485. Nos aseguramos de que cada lote se someta a rigurosas pruebas para verificar su pureza, potencia y consistencia. En colaboraci\u00f3n con los principales laboratorios, validamos la eficacia de nuestros productos, garantizando que cumplen las exigentes normas requeridas para la investigaci\u00f3n avanzada. Cuando elige Powerock Pharma, est\u00e1 eligiendo fiabilidad, seguridad y resultados probados. Nuestro compromiso con la excelencia significa que puede confiar en que nuestro GHK-Cu proporcionar\u00e1 los resultados consistentes y de alta calidad que su investigaci\u00f3n exige.<\/p>\n<h3>Resumen:<\/h3>\n<p>Si su investigaci\u00f3n se centra en la salud de la piel, el antienvejecimiento o la cicatrizaci\u00f3n de heridas, GHK-Cu de Powerock Pharma es el compuesto ideal para ayudarle a conseguir resultados revolucionarios. Respaldado por nuestros rigurosos controles de calidad y nuestro compromiso con la seguridad, este producto est\u00e1 dise\u00f1ado para apoyar su investigaci\u00f3n con un rendimiento constante y fiable. No comprometa la calidad: pida hoy GHK-Cu a Powerock Pharma y d\u00e9 el primer paso para llevar su investigaci\u00f3n a nuevas cotas.<\/p>","protected":false},"excerpt":{"rendered":"<p>GHK-Cu, un potente p\u00e9ptido de cobre, favorece el rejuvenecimiento de la piel promoviendo la s\u00edntesis de col\u00e1geno y la reparaci\u00f3n de los tejidos. Ofrece una mejor cicatrizaci\u00f3n de las heridas, efectos antienvejecimiento y una mayor elasticidad de la piel. Conf\u00ede en Powerock Pharma para obtener resultados de m\u00e1xima calidad.<\/p>","protected":false},"featured_media":191,"template":"","meta":{"_acf_changed":false,"rank_math_lock_modified_date":false,"inline_featured_image":false},"product_cat":[17],"product_tag":[],"class_list":{"0":"post-94","1":"product","2":"type-product","3":"status-publish","4":"has-post-thumbnail","6":"product_cat-peptide-lyophilizates","9":"first","10":"instock","11":"shipping-taxable","12":"product-type-simple"},"acf":{"chromatogram":662,"metoda":{"acftf":{"v":"1.3.24"},"p":{"o":{"uh":0},"ca":""},"c":[{"p":""}],"h":[{"c":""}],"b":[[{"c":""}]]}},"_links":{"self":[{"href":"https:\/\/powerockpharma.com\/es\/wp-json\/wp\/v2\/product\/94","targetHints":{"allow":["GET"]}}],"collection":[{"href":"https:\/\/powerockpharma.com\/es\/wp-json\/wp\/v2\/product"}],"about":[{"href":"https:\/\/powerockpharma.com\/es\/wp-json\/wp\/v2\/types\/product"}],"wp:featuredmedia":[{"embeddable":true,"href":"https:\/\/powerockpharma.com\/es\/wp-json\/wp\/v2\/media\/191"}],"wp:attachment":[{"href":"https:\/\/powerockpharma.com\/es\/wp-json\/wp\/v2\/media?parent=94"}],"wp:term":[{"taxonomy":"product_cat","embeddable":true,"href":"https:\/\/powerockpharma.com\/es\/wp-json\/wp\/v2\/product_cat?post=94"},{"taxonomy":"product_tag","embeddable":true,"href":"https:\/\/powerockpharma.com\/es\/wp-json\/wp\/v2\/product_tag?post=94"}],"curies":[{"name":"wp","href":"https:\/\/api.w.org\/{rel}","templated":true}]}}