{"id":95,"date":"2024-08-04T17:05:17","date_gmt":"2024-08-04T15:05:17","guid":{"rendered":"https:\/\/powerockpharma.com\/?post_type=product&#038;p=95"},"modified":"2025-11-12T07:03:47","modified_gmt":"2025-11-12T06:03:47","slug":"ipamorelin","status":"publish","type":"product","link":"https:\/\/powerockpharma.com\/es\/peptide-lyophilizates\/ipamorelina\/","title":{"rendered":"IPAMORELINA"},"content":{"rendered":"<h2>Propiedades:<\/h2>\n<p>La ipamorelina es un potente p\u00e9ptido liberador de la hormona del crecimiento (GHRP) que ha ganado popularidad por su capacidad para potenciar el crecimiento muscular, promover la p\u00e9rdida de grasa y favorecer el rendimiento f\u00edsico general. Este compuesto es particularmente favorecido por los investigadores y los atletas debido a su acci\u00f3n espec\u00edfica y efectos secundarios m\u00ednimos. Ipamorelin funciona estimulando la gl\u00e1ndula pituitaria para liberar la hormona del crecimiento (GH), que desempe\u00f1a un papel crucial en la regulaci\u00f3n de la composici\u00f3n corporal, la masa muscular y el metabolismo de las grasas. A diferencia de otros GHRP, Ipamorelin tiene un mecanismo de acci\u00f3n altamente selectivo, que produce cambios fisiol\u00f3gicos significativos sin efectos indeseables como el aumento del apetito o la producci\u00f3n de cortisol.<\/p>\n<h2>Mecanismo de acci\u00f3n:<\/h2>\n<p>La acci\u00f3n de la ipamorelina se centra en su capacidad para unirse selectivamente al receptor de la grelina, lo que provoca que la gl\u00e1ndula pituitaria libere la hormona del crecimiento. Este aumento en los niveles de GH promueve una cascada de efectos anab\u00f3licos, incluyendo la s\u00edntesis de prote\u00ednas mejorada, el crecimiento muscular acelerado, y la mejora de la oxidaci\u00f3n de grasas. A diferencia de los esteroides anab\u00f3licos tradicionales, el mecanismo selectivo de Ipamorelin garantiza que sus efectos se centren principalmente en el tejido muscular, con un impacto m\u00ednimo en otros \u00f3rganos o sistemas. Esta selectividad tambi\u00e9n reduce el riesgo de efectos secundarios com\u00fanmente asociados con secretagogos GH no selectivos, por lo que es una opci\u00f3n m\u00e1s segura para el uso a largo plazo.<\/p>\n<h2>Ventajas:<\/h2>\n<p>El uso constante de Ipamorelin en entornos de investigaci\u00f3n se ha demostrado que resulta en aumentos notables en la masa muscular magra, las ganancias de fuerza, y los tiempos de recuperaci\u00f3n acelerada. Adem\u00e1s, Ipamorelin apoya la p\u00e9rdida de grasa mediante la mejora de la lip\u00f3lisis, por lo que es un compuesto ideal para los ciclos de corte. Los investigadores tambi\u00e9n han observado beneficios secundarios, tales como la mejora de la calidad del sue\u00f1o, estado de \u00e1nimo mejorado, y mejores niveles de energ\u00eda, probablemente debido al aumento general de la hormona del crecimiento. Esto hace que Ipamorelin particularmente eficaz para los culturistas, atletas y personas que buscan mejorar su f\u00edsico y rendimiento.<\/p>\n<h2>Por qu\u00e9 Powerock Pharma:<\/h2>\n<p>En Powerock Pharma, nos comprometemos a suministrar \u00fanicamente compuestos de investigaci\u00f3n de la m\u00e1s alta calidad. Nuestro Ipamorelin se produce en instalaciones de \u00faltima generaci\u00f3n que se adhieren a las m\u00e1s estrictas normas GMP, HACCP e ISO 13485, asegurando que cada lote sea puro, potente y libre de contaminantes. Nos asociamos con laboratorios l\u00edderes para llevar a cabo pruebas y validaciones rigurosas, por lo que puede confiar en que nuestro Ipamorelin le proporcionar\u00e1 sistem\u00e1ticamente los resultados que necesita para su investigaci\u00f3n. Con Powerock Pharma, no s\u00f3lo obtiene un producto, sino tambi\u00e9n la tranquilidad y la confianza de saber que su investigaci\u00f3n est\u00e1 respaldada por los mejores del sector.<\/p>\n<h3>Resumen:<\/h3>\n<p>Si est\u00e1 buscando llevar su investigaci\u00f3n sobre el crecimiento muscular y la p\u00e9rdida de grasa al siguiente nivel, Ipamorelin es la soluci\u00f3n que necesita. Respaldado por los rigurosos controles de calidad de Powerock Pharma, este producto est\u00e1 dise\u00f1ado para ayudarle a alcanzar sus objetivos de investigaci\u00f3n de forma segura y eficaz. No se conforme con menos, pida Ipamorelin hoy mismo y empiece a ver los resultados que se merece.<\/p>","protected":false},"excerpt":{"rendered":"<p>La ipamorelina favorece el crecimiento muscular y la p\u00e9rdida de grasa estimulando la liberaci\u00f3n de la hormona del crecimiento. Ofrece un aumento de la masa muscular, mejora la recuperaci\u00f3n y el metabolismo de las grasas. Elija Powerock Pharma para una calidad inigualable y resultados consistentes.<\/p>","protected":false},"featured_media":198,"template":"","meta":{"_acf_changed":false,"rank_math_lock_modified_date":false,"inline_featured_image":false},"product_cat":[17],"product_tag":[],"class_list":{"0":"post-95","1":"product","2":"type-product","3":"status-publish","4":"has-post-thumbnail","6":"product_cat-peptide-lyophilizates","9":"first","10":"instock","11":"shipping-taxable","12":"product-type-simple"},"acf":{"chromatogram":654,"metoda":{"acftf":{"v":"1.3.24"},"p":{"o":{"uh":0},"ca":""},"c":[{"p":""}],"h":[{"c":""}],"b":[[{"c":""}]]}},"_links":{"self":[{"href":"https:\/\/powerockpharma.com\/es\/wp-json\/wp\/v2\/product\/95","targetHints":{"allow":["GET"]}}],"collection":[{"href":"https:\/\/powerockpharma.com\/es\/wp-json\/wp\/v2\/product"}],"about":[{"href":"https:\/\/powerockpharma.com\/es\/wp-json\/wp\/v2\/types\/product"}],"wp:featuredmedia":[{"embeddable":true,"href":"https:\/\/powerockpharma.com\/es\/wp-json\/wp\/v2\/media\/198"}],"wp:attachment":[{"href":"https:\/\/powerockpharma.com\/es\/wp-json\/wp\/v2\/media?parent=95"}],"wp:term":[{"taxonomy":"product_cat","embeddable":true,"href":"https:\/\/powerockpharma.com\/es\/wp-json\/wp\/v2\/product_cat?post=95"},{"taxonomy":"product_tag","embeddable":true,"href":"https:\/\/powerockpharma.com\/es\/wp-json\/wp\/v2\/product_tag?post=95"}],"curies":[{"name":"wp","href":"https:\/\/api.w.org\/{rel}","templated":true}]}}