{"id":96,"date":"2024-08-04T17:08:21","date_gmt":"2024-08-04T15:08:21","guid":{"rendered":"https:\/\/powerockpharma.com\/?post_type=product&#038;p=96"},"modified":"2025-11-12T06:49:55","modified_gmt":"2025-11-12T05:49:55","slug":"tb-500","status":"publish","type":"product","link":"https:\/\/powerockpharma.com\/es\/peptide-lyophilizates\/tb-500\/","title":{"rendered":"TB-500"},"content":{"rendered":"<h2>Propiedades:<\/h2>\n<p>TB-500, tambi\u00e9n conocido como timosina beta 4, es un p\u00e9ptido conocido por sus potentes efectos en la reparaci\u00f3n, regeneraci\u00f3n y recuperaci\u00f3n de tejidos, lo que lo convierte en la opci\u00f3n preferida tanto de investigadores como de atletas. Este compuesto desempe\u00f1a un papel fundamental en el proceso de curaci\u00f3n al promover la regeneraci\u00f3n celular, reducir la inflamaci\u00f3n y mejorar la flexibilidad. El TB-500 es especialmente apreciado por su capacidad para acelerar la recuperaci\u00f3n de las lesiones y mejorar la resistencia general de los tejidos, por lo que resulta esencial para quienes pretenden optimizar el rendimiento y la recuperaci\u00f3n en sus estudios.<\/p>\n<h2>Mecanismo de acci\u00f3n:<\/h2>\n<p>TB-500 act\u00faa aumentando la expresi\u00f3n de actina, una prote\u00edna esencial para el movimiento y la estructura celular. Al aumentar la producci\u00f3n de actina, TB-500 facilita la migraci\u00f3n celular y la reparaci\u00f3n, que son cruciales para la curaci\u00f3n de los tejidos despu\u00e9s de una lesi\u00f3n. Adem\u00e1s, este p\u00e9ptido modula la inflamaci\u00f3n al influir en la actividad de las citocinas, lo que reduce la inflamaci\u00f3n y acelera la recuperaci\u00f3n. Su capacidad para promover la angiog\u00e9nesis, o la formaci\u00f3n de nuevos vasos sangu\u00edneos, favorece a\u00fan m\u00e1s la regeneraci\u00f3n de los tejidos al mejorar el aporte de nutrientes y ox\u00edgeno a las zonas da\u00f1adas. Este mecanismo integral garantiza que TB-500 no s\u00f3lo ayude a la recuperaci\u00f3n inmediata, sino que tambi\u00e9n refuerce los tejidos frente a da\u00f1os futuros.<\/p>\n<h2>Ventajas:<\/h2>\n<p>El uso regular de TB-500 en la investigaci\u00f3n ha demostrado importantes beneficios, como la aceleraci\u00f3n de la cicatrizaci\u00f3n de m\u00fasculos, tendones y ligamentos, la reducci\u00f3n de la inflamaci\u00f3n y la mejora de la flexibilidad. Los investigadores tambi\u00e9n han observado una mayor resistencia y fuerza muscular, probablemente debido a la capacidad del p\u00e9ptido para mejorar el flujo sangu\u00edneo y reducir los tiempos de recuperaci\u00f3n entre actividades f\u00edsicas. M\u00e1s all\u00e1 de estos beneficios primarios, el TB-500 tambi\u00e9n puede contribuir a mejorar la salud cardiovascular al promover la angiog\u00e9nesis. Este p\u00e9ptido es particularmente eficaz para los investigadores centrados en la reparaci\u00f3n de tejidos, la recuperaci\u00f3n de lesiones y la optimizaci\u00f3n del rendimiento f\u00edsico, ofreciendo una herramienta vers\u00e1til en entornos de investigaci\u00f3n tanto atl\u00e9ticos como m\u00e9dicos.<\/p>\n<h2>Por qu\u00e9 Powerock Pharma:<\/h2>\n<p>En Powerock Pharma, nos comprometemos a suministrar \u00fanicamente productos de la m\u00e1s alta calidad, garantizando que cada lote de TB-500 cumpla y supere los est\u00e1ndares de la industria. Nuestras instalaciones operan bajo estrictas directrices GMP, HACCP e ISO 13485, garantizando que nuestros productos no s\u00f3lo son potentes, sino tambi\u00e9n seguros para su uso en investigaci\u00f3n. Realizamos pruebas rigurosas en colaboraci\u00f3n con laboratorios l\u00edderes para validar la pureza y consistencia de nuestros p\u00e9ptidos. Cuando usted elige TB-500 de Powerock Pharma, est\u00e1 seleccionando un producto respaldado por la ciencia, en el que conf\u00edan los profesionales y que ha sido probado en entornos de investigaci\u00f3n. Conf\u00ede en Powerock Pharma para obtener los productos fiables y de alta calidad que necesita para sus estudios m\u00e1s cr\u00edticos.<\/p>\n<h3>Resumen:<\/h3>\n<p>Si su investigaci\u00f3n se centra en mejorar la reparaci\u00f3n de tejidos, reducir los tiempos de recuperaci\u00f3n o mejorar el rendimiento f\u00edsico general, TB-500 es el p\u00e9ptido que necesita. Con el compromiso de Powerock Pharma con la calidad y la seguridad, este producto apoyar\u00e1 sus objetivos de investigaci\u00f3n de manera eficaz y consistente. No renuncie a la calidad: pida TB-500 a Powerock Pharma hoy mismo y aseg\u00farese de que su investigaci\u00f3n ofrece los resultados que est\u00e1 buscando.<\/p>","protected":false},"excerpt":{"rendered":"<p>TB-500 (Thymosin Beta 4) favorece la aceleraci\u00f3n de la cicatrizaci\u00f3n y la reparaci\u00f3n de los tejidos al promover la regeneraci\u00f3n celular y reducir la inflamaci\u00f3n. Ofrece una mayor recuperaci\u00f3n, flexibilidad y resistencia. Elija Powerock Pharma para obtener una calidad inigualable y resultados fiables.<\/p>","protected":false},"featured_media":212,"template":"","meta":{"_acf_changed":false,"rank_math_lock_modified_date":false,"inline_featured_image":false},"product_cat":[17],"product_tag":[],"class_list":{"0":"post-96","1":"product","2":"type-product","3":"status-publish","4":"has-post-thumbnail","6":"product_cat-peptide-lyophilizates","9":"first","10":"instock","11":"shipping-taxable","12":"product-type-simple"},"acf":{"chromatogram":609,"metoda":{"acftf":{"v":"1.3.24"},"p":{"o":{"uh":0},"ca":""},"c":[{"p":""}],"h":[{"c":""}],"b":[[{"c":""}]]}},"_links":{"self":[{"href":"https:\/\/powerockpharma.com\/es\/wp-json\/wp\/v2\/product\/96","targetHints":{"allow":["GET"]}}],"collection":[{"href":"https:\/\/powerockpharma.com\/es\/wp-json\/wp\/v2\/product"}],"about":[{"href":"https:\/\/powerockpharma.com\/es\/wp-json\/wp\/v2\/types\/product"}],"wp:featuredmedia":[{"embeddable":true,"href":"https:\/\/powerockpharma.com\/es\/wp-json\/wp\/v2\/media\/212"}],"wp:attachment":[{"href":"https:\/\/powerockpharma.com\/es\/wp-json\/wp\/v2\/media?parent=96"}],"wp:term":[{"taxonomy":"product_cat","embeddable":true,"href":"https:\/\/powerockpharma.com\/es\/wp-json\/wp\/v2\/product_cat?post=96"},{"taxonomy":"product_tag","embeddable":true,"href":"https:\/\/powerockpharma.com\/es\/wp-json\/wp\/v2\/product_tag?post=96"}],"curies":[{"name":"wp","href":"https:\/\/api.w.org\/{rel}","templated":true}]}}