{"id":98,"date":"2024-08-04T17:09:52","date_gmt":"2024-08-04T15:09:52","guid":{"rendered":"https:\/\/powerockpharma.com\/?post_type=product&#038;p=98"},"modified":"2025-11-12T06:59:56","modified_gmt":"2025-11-12T05:59:56","slug":"mt2-melanotan-2","status":"publish","type":"product","link":"https:\/\/powerockpharma.com\/es\/peptide-lyophilizates\/mt2-melanotan-2\/","title":{"rendered":"MT2 (MELANOTAN 2)"},"content":{"rendered":"<h2>Propiedades:<\/h2>\n<p>Melanotan 2 (MT2) es un p\u00e9ptido sint\u00e9tico que imita la hormona estimulante de los melanocitos alfa (\u03b1-MSH) en el organismo, influyendo principalmente en la pigmentaci\u00f3n de la piel. Esto hace que el MT2 sea muy apreciado por quienes buscan un aspecto bronceado sin una exposici\u00f3n prolongada al sol. M\u00e1s all\u00e1 de su papel en el aumento de la producci\u00f3n de melanina, el MT2 tambi\u00e9n tiene efectos notables sobre la libido y el metabolismo de las grasas, lo que lo convierte en un compuesto vers\u00e1til para m\u00faltiples aplicaciones de investigaci\u00f3n.<\/p>\n<h2>Mecanismo de acci\u00f3n:<\/h2>\n<p>El MT2 act\u00faa uni\u00e9ndose a los receptores de melanocortina, en particular el MC1R, que se encuentran en la superficie de los melanocitos, las c\u00e9lulas responsables de la producci\u00f3n de melanina en la piel. Al activarse, estos receptores estimulan una mayor producci\u00f3n de melanina, lo que da lugar a un tono m\u00e1s oscuro de la piel. Adem\u00e1s de la pigmentaci\u00f3n de la piel, la interacci\u00f3n del MT2 con otros receptores de melanocortina, como el MC4R, contribuye a sus efectos sobre la supresi\u00f3n del apetito, el aumento de la oxidaci\u00f3n de las grasas y el aumento de la excitaci\u00f3n sexual. Esta actividad multirreceptor permite que el MT2 proporcione beneficios que van m\u00e1s all\u00e1 del mero bronceado, incluyendo funciones potenciales en el control del peso y el aumento de la libido.<\/p>\n<h2>Ventajas:<\/h2>\n<p>El uso constante de Melanotan 2 produce un bronceado gradual de aspecto natural sin necesidad de exposici\u00f3n a los rayos UV, lo que reduce significativamente el riesgo de da\u00f1os cut\u00e1neos asociados a los m\u00e9todos tradicionales de bronceado. Adem\u00e1s, el MT2 puede ayudar a reducir la grasa corporal promoviendo la lip\u00f3lisis y controlando el apetito, lo que lo convierte en una valiosa herramienta para la recomposici\u00f3n corporal. La capacidad del compuesto para aumentar la libido y mejorar la funci\u00f3n sexual aumenta a\u00fan m\u00e1s su atractivo. Los investigadores han descubierto que el MT2 es especialmente eficaz en estudios centrados en afecciones dermatol\u00f3gicas, disfunciones sexuales y obesidad.<\/p>\n<h2>Por qu\u00e9 Powerock Pharma:<\/h2>\n<p>En Powerock Pharma, nuestra dedicaci\u00f3n a la calidad garantiza que cada vial de Melanotan 2 se produzca bajo estrictas normas GMP, HACCP e ISO 13485. Nuestros productos se someten a rigurosas pruebas en laboratorios de primer nivel para verificar su pureza, potencia y seguridad, asegurando que los investigadores puedan confiar en resultados consistentes y de alta calidad. Al elegir Powerock Pharma, usted est\u00e1 optando por un producto que cumple con los m\u00e1s altos est\u00e1ndares de la industria, respaldado por un compromiso con la integridad cient\u00edfica y la excelencia.<\/p>\n<h3>Resumen:<\/h3>\n<p>Si est\u00e1 buscando explorar los beneficios de una mayor pigmentaci\u00f3n de la piel, el apoyo a la libido, o la p\u00e9rdida de grasa en su investigaci\u00f3n, Melanotan 2 es una excelente opci\u00f3n. Con la dedicaci\u00f3n de Powerock Pharma a la calidad y la fiabilidad, este producto est\u00e1 dise\u00f1ado para ofrecer los resultados que exigen sus estudios. Pida Melanotan 2 hoy mismo y conf\u00ede en un producto que apoya sus objetivos de investigaci\u00f3n con una precisi\u00f3n y consistencia inigualables.<\/p>","protected":false},"excerpt":{"rendered":"<p>Melanotan 2 (MT2) favorece la pigmentaci\u00f3n de la piel mediante la estimulaci\u00f3n de los receptores de melanocitos, ofreciendo una soluci\u00f3n de bronceado sin sol. Tambi\u00e9n contribuye al aumento de la libido y a la p\u00e9rdida de grasa. Elija Powerock Pharma por su pureza y consistencia.<\/p>","protected":false},"featured_media":205,"template":"","meta":{"_acf_changed":false,"rank_math_lock_modified_date":false,"inline_featured_image":false},"product_cat":[17],"product_tag":[],"class_list":{"0":"post-98","1":"product","2":"type-product","3":"status-publish","4":"has-post-thumbnail","6":"product_cat-peptide-lyophilizates","9":"first","10":"instock","11":"shipping-taxable","12":"product-type-simple"},"acf":{"chromatogram":640,"metoda":{"acftf":{"v":"1.3.24"},"p":{"o":{"uh":0},"ca":""},"c":[{"p":""}],"h":[{"c":""}],"b":[[{"c":""}]]}},"_links":{"self":[{"href":"https:\/\/powerockpharma.com\/es\/wp-json\/wp\/v2\/product\/98","targetHints":{"allow":["GET"]}}],"collection":[{"href":"https:\/\/powerockpharma.com\/es\/wp-json\/wp\/v2\/product"}],"about":[{"href":"https:\/\/powerockpharma.com\/es\/wp-json\/wp\/v2\/types\/product"}],"wp:featuredmedia":[{"embeddable":true,"href":"https:\/\/powerockpharma.com\/es\/wp-json\/wp\/v2\/media\/205"}],"wp:attachment":[{"href":"https:\/\/powerockpharma.com\/es\/wp-json\/wp\/v2\/media?parent=98"}],"wp:term":[{"taxonomy":"product_cat","embeddable":true,"href":"https:\/\/powerockpharma.com\/es\/wp-json\/wp\/v2\/product_cat?post=98"},{"taxonomy":"product_tag","embeddable":true,"href":"https:\/\/powerockpharma.com\/es\/wp-json\/wp\/v2\/product_tag?post=98"}],"curies":[{"name":"wp","href":"https:\/\/api.w.org\/{rel}","templated":true}]}}