{"id":99,"date":"2024-08-04T17:10:29","date_gmt":"2024-08-04T15:10:29","guid":{"rendered":"https:\/\/powerockpharma.com\/?post_type=product&#038;p=99"},"modified":"2025-11-12T07:00:21","modified_gmt":"2025-11-12T06:00:21","slug":"mt1-melanotan-1","status":"publish","type":"product","link":"https:\/\/powerockpharma.com\/es\/peptide-lyophilizates\/mt1-melanotan-1\/","title":{"rendered":"MT1 (MELANOTAN 1)"},"content":{"rendered":"<h2>Propiedades:<\/h2>\n<p>El Melanotan 1, tambi\u00e9n conocido como MT1 o Melanotropina, es un p\u00e9ptido sint\u00e9tico famoso por sus potentes efectos sobre la pigmentaci\u00f3n de la piel. Al estimular la producci\u00f3n de melanina, el MT1 es la opci\u00f3n preferida de los investigadores que estudian soluciones avanzadas de bronceado con menor dependencia de la exposici\u00f3n a los rayos UV. Este compuesto act\u00faa imitando la melanocortina natural del organismo, que se une a los receptores de melanocortina, en particular al MC1R, lo que provoca un aumento de la producci\u00f3n de melanina. Este proceso da lugar a un bronceado m\u00e1s intenso y duradero, incluso con una exposici\u00f3n m\u00ednima al sol, por lo que es ideal para las personas que buscan una mayor pigmentaci\u00f3n y protecci\u00f3n frente a la radiaci\u00f3n UV.<\/p>\n<h2>Mecanismo de acci\u00f3n:<\/h2>\n<p>La acci\u00f3n del Melanotan 1 se centra en su capacidad para activar el receptor de la melanocortina 1 (MC1R) en los melanocitos, las c\u00e9lulas responsables de la producci\u00f3n de melanina. Al unirse al MC1R, el MT1 aumenta eficazmente la tasa de melanog\u00e9nesis, lo que conduce a un oscurecimiento natural de la piel. Este mecanismo selectivo permite el bronceado sin necesidad de una amplia exposici\u00f3n a los rayos UV, minimizando as\u00ed los riesgos asociados a las quemaduras solares y los da\u00f1os cut\u00e1neos. Adem\u00e1s, el papel del MT1 en la modulaci\u00f3n de la respuesta del organismo a los rayos UV ofrece beneficios potenciales de protecci\u00f3n contra la radiaci\u00f3n UV nociva, reduciendo el riesgo de problemas relacionados con la piel al tiempo que favorece un bronceado sano y uniforme.<\/p>\n<h2>Ventajas:<\/h2>\n<p>El uso continuado de Melanotan 1 produce una serie de beneficios, como un bronceado m\u00e1s intenso y prolongado, una menor necesidad de exposici\u00f3n al sol y un menor riesgo de da\u00f1os cut\u00e1neos relacionados con los rayos UV. Adem\u00e1s, los usuarios pueden experimentar beneficios secundarios como un mejor aspecto de la piel, una mayor confianza debido a una tez m\u00e1s uniforme y posibles efectos protectores contra la radiaci\u00f3n UV. Este compuesto es especialmente eficaz para las personas de piel clara a las que les resulta dif\u00edcil broncearse de forma natural, as\u00ed como para las que desean mantener el bronceado con una exposici\u00f3n m\u00ednima al sol.<\/p>\n<h2>Por qu\u00e9 Powerock Pharma:<\/h2>\n<p>En Powerock Pharma, nuestro compromiso con la excelencia garantiza que cada lote de Melanotan 1 se produzca bajo estrictos controles de calidad que cumplen y superan las normas GMP, HACCP e ISO 13485. Nuestros avanzados procedimientos de ensayo garantizan que nuestros productos no s\u00f3lo son eficaces, sino tambi\u00e9n seguros y fiables para fines de investigaci\u00f3n. Colaboramos con los mejores laboratorios para validar la pureza y la potencia de nuestros productos, por lo que puede confiar en que Melanotan 1 de Powerock Pharma ofrece resultados consistentes en todo momento. Cuando elige Powerock Pharma, est\u00e1 eligiendo calidad, seguridad y fiabilidad inigualables para sus necesidades de investigaci\u00f3n.<\/p>\n<h3>Resumen:<\/h3>\n<p>Si busca avanzar en su investigaci\u00f3n sobre la pigmentaci\u00f3n o el bronceado de la piel, Melanotan 1 es la soluci\u00f3n que necesita. Respaldado por los rigurosos controles de calidad de Powerock Pharma, este producto est\u00e1 dise\u00f1ado para ayudarle a obtener resultados fiables y uniformes de forma segura y eficaz. No se conforme con menos: pida Melanotan 1 hoy mismo y aseg\u00farese de que su investigaci\u00f3n obtiene los resultados que se merece.<\/p>","protected":false},"excerpt":{"rendered":"<p>Melanotan 1 (MT1) favorece la pigmentaci\u00f3n de la piel estimulando la melanog\u00e9nesis. Ofrece un bronceado mejorado con una exposici\u00f3n reducida a los rayos UV. Elija Powerock Pharma por su calidad superior y sus resultados constantes.<\/p>","protected":false},"featured_media":204,"template":"","meta":{"_acf_changed":false,"rank_math_lock_modified_date":false,"inline_featured_image":false},"product_cat":[17],"product_tag":[],"class_list":{"0":"post-99","1":"product","2":"type-product","3":"status-publish","4":"has-post-thumbnail","6":"product_cat-peptide-lyophilizates","9":"first","10":"instock","11":"shipping-taxable","12":"product-type-simple"},"acf":{"chromatogram":641,"metoda":""},"_links":{"self":[{"href":"https:\/\/powerockpharma.com\/es\/wp-json\/wp\/v2\/product\/99","targetHints":{"allow":["GET"]}}],"collection":[{"href":"https:\/\/powerockpharma.com\/es\/wp-json\/wp\/v2\/product"}],"about":[{"href":"https:\/\/powerockpharma.com\/es\/wp-json\/wp\/v2\/types\/product"}],"wp:featuredmedia":[{"embeddable":true,"href":"https:\/\/powerockpharma.com\/es\/wp-json\/wp\/v2\/media\/204"}],"wp:attachment":[{"href":"https:\/\/powerockpharma.com\/es\/wp-json\/wp\/v2\/media?parent=99"}],"wp:term":[{"taxonomy":"product_cat","embeddable":true,"href":"https:\/\/powerockpharma.com\/es\/wp-json\/wp\/v2\/product_cat?post=99"},{"taxonomy":"product_tag","embeddable":true,"href":"https:\/\/powerockpharma.com\/es\/wp-json\/wp\/v2\/product_tag?post=99"}],"curies":[{"name":"wp","href":"https:\/\/api.w.org\/{rel}","templated":true}]}}