{"id":357,"date":"2024-08-21T10:43:10","date_gmt":"2024-08-21T08:43:10","guid":{"rendered":"https:\/\/powerockpharma.com\/?page_id=357"},"modified":"2024-08-26T21:28:17","modified_gmt":"2024-08-26T19:28:17","slug":"contact","status":"publish","type":"page","link":"https:\/\/powerockpharma.com\/fr\/contact\/","title":{"rendered":"Contact"},"content":{"rendered":"<div id=\"cs-content\" class=\"cs-content\"><div class=\"x-section e357-e1 m9x-0\"><div class=\"x-bg\" aria-hidden=\"true\"><div class=\"x-bg-layer-lower-image\"><\/div><\/div><div class=\"x-row x-container max width e357-e2 m9x-1 m9x-2 m9x-4\"><div class=\"x-bg\" aria-hidden=\"true\"><div class=\"x-bg-layer-lower-color\" style=\" background-color: #ffffff;\"><\/div><\/div><div class=\"x-row-inner\"><div class=\"x-col e357-e3 m9x-6 m9x-7\"><div class=\"x-text x-text-headline e357-e4 m9x-9 m9x-a m9x-b m9x-c\"><div class=\"x-text-content\"><div class=\"x-text-content-text\"><h1 class=\"x-text-content-text-primary\">Nous contacter<\/h1><\/div><\/div><\/div><div class=\"x-text x-content e357-e5 m9x-g m9x-h\">Nous vous invitons chaleureusement \u00e0 prendre contact avec Powerock Pharma ! Nous sommes l\u00e0 pour r\u00e9pondre \u00e0 toutes vos demandes, qu'il s'agisse de questions g\u00e9n\u00e9rales ou de pr\u00e9occupations sp\u00e9cifiques. Nous offrons une large gamme de services, y compris la vente en gros et la fabrication \u00e0 fa\u00e7on. Notre \u00e9quipe de sp\u00e9cialistes est pr\u00eate \u00e0 collaborer avec vous pour r\u00e9pondre \u00e0 vos besoins et vous fournir des solutions de qualit\u00e9 sup\u00e9rieure. Nous sommes impatients de vous rencontrer et de r\u00e9pondre \u00e0 vos questions !<\/div><\/div><div class=\"x-col e357-e17 m9x-7 m9x-8\"><div class=\"x-text x-text-headline e357-e18 m9x-9 m9x-b m9x-e m9x-f\"><div class=\"x-text-content\"><div class=\"x-text-content-text\"><h2 class=\"x-text-content-text-primary\">Prendre contact<\/h2><\/div><\/div><\/div><div class=\"x-text x-content e357-e19 m9x-g m9x-i\">N'h\u00e9sitez pas \u00e0 nous envoyer un message ci-dessous !<\/div><div class=\"x-form-integration x-form-integration-gravity-forms e357-e20 m9x-n\"><script type=\"text\/javascript\">var gform;gform||(document.addEventListener(\"gform_main_scripts_loaded\",function(){gform.scriptsLoaded=!0}),window.addEventListener(\"DOMContentLoaded\",function(){gform.domLoaded=!0}),gform={domLoaded:!1,scriptsLoaded:!1,initializeOnLoaded:function(o){gform.domLoaded&&gform.scriptsLoaded?o():!gform.domLoaded&&gform.scriptsLoaded?window.addEventListener(\"DOMContentLoaded\",o):document.addEventListener(\"gform_main_scripts_loaded\",o)},hooks:{action:{},filter:{}},addAction:function(o,n,r,t){gform.addHook(\"action\",o,n,r,t)},addFilter:function(o,n,r,t){gform.addHook(\"filter\",o,n,r,t)},doAction:function(o){gform.doHook(\"action\",o,arguments)},applyFilters:function(o){return gform.doHook(\"filter\",o,arguments)},removeAction:function(o,n){gform.removeHook(\"action\",o,n)},removeFilter:function(o,n,r){gform.removeHook(\"filter\",o,n,r)},addHook:function(o,n,r,t,i){null==gform.hooks[o][n]&&(gform.hooks[o][n]=[]);var e=gform.hooks[o][n];null==i&&(i=n+\"_\"+e.length),gform.hooks[o][n].push({tag:i,callable:r,priority:t=null==t?10:t})},doHook:function(n,o,r){var t;if(r=Array.prototype.slice.call(r,1),null!=gform.hooks[n][o]&&((o=gform.hooks[n][o]).sort(function(o,n){return o.priority-n.priority}),o.forEach(function(o){\"function\"!=typeof(t=o.callable)&&(t=window[t]),\"action\"==n?t.apply(null,r):r[0]=t.apply(null,r)})),\"filter\"==n)return r[0]},removeHook:function(o,n,t,i){var r;null!=gform.hooks[o][n]&&(r=(r=gform.hooks[o][n]).filter(function(o,n,r){return!!(null!=i&&i!=o.tag||null!=t&&t!=o.priority)}),gform.hooks[o][n]=r)}});<\/script>\n                <div class='gf_browser_gecko gform_wrapper gravity-theme gform-theme--no-framework' data-form-theme='gravity-theme' data-form-index='0' id='gform_wrapper_1' style='display:none'><div id='gf_1' class='gform_anchor' tabindex='-1'><\/div><form method='post' enctype='multipart\/form-data' target='gform_ajax_frame_1' id='gform_1'  action='\/fr\/wp-json\/wp\/v2\/pages\/357#gf_1' data-formid='1' novalidate data-trp-original-action=\"\/fr\/wp-json\/wp\/v2\/pages\/357#gf_1\">\n                        <div class='gform-body gform_body'><div id='gform_fields_1' class='gform_fields top_label form_sublabel_above description_above validation_below'><fieldset id=\"field_1_1\" class=\"gfield gfield--type-name gfield--input-type-name gfield_contains_required field_sublabel_above gfield--no-description field_description_above field_validation_below gfield_visibility_visible\"  data-js-reload=\"field_1_1\" ><legend class='gfield_label gform-field-label gfield_label_before_complex' >Nom complet<span class=\"gfield_required\"><span class=\"gfield_required gfield_required_text\">(Required)<\/span><\/span><\/legend><div class='ginput_complex ginput_container ginput_container--name no_prefix has_first_name no_middle_name has_last_name no_suffix gf_name_has_2 ginput_container_name gform-grid-row' id='input_1_1'>\n                            \n                            <span id='input_1_1_3_container' class='name_first gform-grid-col gform-grid-col--size-auto' >\n                                                    <label for='input_1_1_3' class='gform-field-label gform-field-label--type-sub'>Pr\u00e9nom<\/label>\n                                                    <input type='text' name='input_1.3' id='input_1_1_3' value=''   aria-required='true'    autocomplete=\"given-name\" \/>\n                                                <\/span>\n                            \n                            <span id='input_1_1_6_container' class='name_last gform-grid-col gform-grid-col--size-auto' >\n                                                            <label for='input_1_1_6' class='gform-field-label gform-field-label--type-sub'>Nom de famille<\/label>\n                                                            <input type='text' name='input_1.6' id='input_1_1_6' value=''   aria-required='true'    autocomplete=\"family-name\" \/>\n                                                        <\/span>\n                            \n                        <\/div><\/fieldset><div id=\"field_1_2\" class=\"gfield gfield--type-email gfield--input-type-email gfield_contains_required field_sublabel_above gfield--no-description field_description_above field_validation_below gfield_visibility_visible\"  data-js-reload=\"field_1_2\" ><label class='gfield_label gform-field-label' for='input_1_2'>Courriel<span class=\"gfield_required\"><span class=\"gfield_required gfield_required_text\">(Required)<\/span><\/span><\/label><div class='ginput_container ginput_container_email'>\n                            <input name='input_2' id='input_1_2' type='email' value='' class='large'    aria-required=\"true\" aria-invalid=\"false\"  \/>\n                        <\/div><\/div><div id=\"field_1_4\" class=\"gfield gfield--type-select gfield--input-type-select gfield--width-full gfield_contains_required field_sublabel_above gfield--no-description field_description_above field_validation_below gfield_visibility_visible\"  data-js-reload=\"field_1_4\" ><label class='gfield_label gform-field-label' for='input_1_4'>Sujet<span class=\"gfield_required\"><span class=\"gfield_required gfield_required_text\">(Required)<\/span><\/span><\/label><div class='ginput_container ginput_container_select'><select name='input_4' id='input_1_4' class='large gfield_select'    aria-required=\"true\" aria-invalid=\"false\" ><option value='Request for proposal' >Appel d'offres<\/option><option value='Wholesale order' >Commande en gros<\/option><option value='Partnership' >Partenariat<\/option><option value='Marketing' >Marketing<\/option><\/select><\/div><\/div><div id=\"field_1_3\" class=\"gfield gfield--type-textarea gfield--input-type-textarea gfield_contains_required field_sublabel_above gfield--has-description field_description_above field_validation_below gfield_visibility_visible\"  data-js-reload=\"field_1_3\" ><label class='gfield_label gform-field-label' for='input_1_3'>Message<span class=\"gfield_required\"><span class=\"gfield_required gfield_required_text\">(Required)<\/span><\/span><\/label><div class='gfield_description' id='gfield_description_1_3'>Faites-nous savoir ce qui vous pr\u00e9occupe. Vous avez une question \u00e0 nous poser ? N'h\u00e9sitez pas \u00e0 nous la poser !<\/div><div class='ginput_container ginput_container_textarea'><textarea name='input_3' id='input_1_3' class='textarea medium'  aria-describedby=\"gfield_description_1_3\" maxlength='1500'  aria-required=\"true\" aria-invalid=\"false\"   rows='10' cols='50'><\/textarea><\/div><\/div><fieldset id=\"field_1_5\" class=\"gfield gfield--type-consent gfield--type-choice gfield--input-type-consent gfield--width-full gfield_contains_required field_sublabel_above gfield--no-description field_description_above field_validation_below gfield_visibility_visible\"  data-js-reload=\"field_1_5\" ><legend class='gfield_label gform-field-label gfield_label_before_complex' >Consentement GDPR<span class=\"gfield_required\"><span class=\"gfield_required gfield_required_text\">(Required)<\/span><\/span><\/legend><div class='ginput_container ginput_container_consent'><input name='input_5.1' id='input_1_5_1' type='checkbox' value='1'   aria-required=\"true\" aria-invalid=\"false\"   \/> <label class=\"gform-field-label gform-field-label--type-inline gfield_consent_label\" for='input_1_5_1' >J'accepte que les informations que j'ai fournies sur ce site soient conserv\u00e9es dans le but de r\u00e9pondre \u00e0 ma demande.<\/label><input type='hidden' name='input_5.2' value='I agree to the storage of the information I have submitted on this website for the purpose of responding to my inquiry.' class='gform_hidden' \/><input type='hidden' name='input_5.3' value='1' class='gform_hidden' \/><\/div><\/fieldset><\/div><\/div>\n        <div class='gform_footer top_label'> <input type='submit' id='gform_submit_button_1' class='gform_button button' value='Envoyez votre message'  onclick='if(window[\"gf_submitting_1\"]){return false;}  if( !jQuery(\"#gform_1\")[0].checkValidity || jQuery(\"#gform_1\")[0].checkValidity()){window[\"gf_submitting_1\"]=true;}  ' onkeypress='if( event.keyCode == 13 ){ if(window[\"gf_submitting_1\"]){return false;} if( !jQuery(\"#gform_1\")[0].checkValidity || jQuery(\"#gform_1\")[0].checkValidity()){window[\"gf_submitting_1\"]=true;}  jQuery(\"#gform_1\").trigger(\"submit\",[true]); }' \/> <input type='hidden' name='gform_ajax' value='form_id=1&amp;title=&amp;description=&amp;tabindex=0&amp;theme=gravity-theme' \/>\n            <input type='hidden' class='gform_hidden' name='is_submit_1' value='1' \/>\n            <input type='hidden' class='gform_hidden' name='gform_submit' value='1' \/>\n            \n            <input type='hidden' class='gform_hidden' name='gform_unique_id' value='' \/>\n            <input type='hidden' class='gform_hidden' name='state_1' value='WyJ7XCI0XCI6W1wiYmY0Mzg3ZTZiN2Q2OGU3MDk5ODc5MTQxODBkMTkyOWJcIixcImVjZThjZjJlZGJkZjIwNTM1MjQ0ODEzOWQ0YjBmMjcyXCIsXCJhNWIyYWI4MzY2YTFhMTYxNDEzNWJiMjUyZDg4OWZhNVwiLFwiMGY3NTdiNWMwY2M2YmM1NzJiZTRkYTE3ZTBmOWM3NWFcIl0sXCI1LjFcIjpcIjNhZjM4NmY4Yjg3ZDA3YTk5MjFkOTNmOTIwNWU1ZTlmXCIsXCI1LjJcIjpcImZkMjBiOWE0NmMxNmEyOTY4NDQ0NzIxMGViYzU2NzJiXCIsXCI1LjNcIjpcIjNhZjM4NmY4Yjg3ZDA3YTk5MjFkOTNmOTIwNWU1ZTlmXCJ9IiwiNzM3NTkzZTc2MzJmMjg2MDI3NzFhMDUxZGJhMzkyMjAiXQ==' \/>\n            <input type='hidden' class='gform_hidden' name='gform_target_page_number_1' id='gform_target_page_number_1' value='0' \/>\n            <input type='hidden' class='gform_hidden' name='gform_source_page_number_1' id='gform_source_page_number_1' value='1' \/>\n            <input type='hidden' name='gform_field_values' value='' \/>\n            \n        <\/div>\n                        <input type=\"hidden\" name=\"trp-form-language\" value=\"fr\"\/><\/form>\n                        <\/div>\n\t\t                <iframe style='display:none;width:0px;height:0px;' src='about:blank' name='gform_ajax_frame_1' id='gform_ajax_frame_1' title='This iframe contains the logic required to handle Ajax powered Gravity Forms.'><\/iframe>\n\t\t                <script type=\"text\/javascript\">\n\/* <![CDATA[ *\/\n gform.initializeOnLoaded( function() {gformInitSpinner( 1, 'https:\/\/powerockpharma.com\/wp-content\/plugins\/gravityforms\/images\/spinner.svg', true );jQuery('#gform_ajax_frame_1').on('load',function(){var contents = jQuery(this).contents().find('*').html();var is_postback = contents.indexOf('GF_AJAX_POSTBACK') >= 0;if(!is_postback){return;}var form_content = jQuery(this).contents().find('#gform_wrapper_1');var is_confirmation = jQuery(this).contents().find('#gform_confirmation_wrapper_1').length > 0;var is_redirect = contents.indexOf('gformRedirect(){') >= 0;var is_form = form_content.length > 0 && ! is_redirect && ! is_confirmation;var mt = parseInt(jQuery('html').css('margin-top'), 10) + parseInt(jQuery('body').css('margin-top'), 10) + 100;if(is_form){form_content.find('form').css('opacity', 0);jQuery('#gform_wrapper_1').html(form_content.html());if(form_content.hasClass('gform_validation_error')){jQuery('#gform_wrapper_1').addClass('gform_validation_error');} else {jQuery('#gform_wrapper_1').removeClass('gform_validation_error');}setTimeout( function() { \/* delay the scroll by 50 milliseconds to fix a bug in chrome *\/ jQuery(document).scrollTop(jQuery('#gform_wrapper_1').offset().top - mt); }, 50 );if(window['gformInitDatepicker']) {gformInitDatepicker();}if(window['gformInitPriceFields']) {gformInitPriceFields();}var current_page = jQuery('#gform_source_page_number_1').val();gformInitSpinner( 1, 'https:\/\/powerockpharma.com\/wp-content\/plugins\/gravityforms\/images\/spinner.svg', true );jQuery(document).trigger('gform_page_loaded', [1, current_page]);window['gf_submitting_1'] = false;}else if(!is_redirect){var confirmation_content = jQuery(this).contents().find('.GF_AJAX_POSTBACK').html();if(!confirmation_content){confirmation_content = contents;}jQuery('#gform_wrapper_1').replaceWith(confirmation_content);jQuery(document).scrollTop(jQuery('#gf_1').offset().top - mt);jQuery(document).trigger('gform_confirmation_loaded', [1]);window['gf_submitting_1'] = false;wp.a11y.speak(jQuery('#gform_confirmation_message_1').text());}else{jQuery('#gform_1').append(contents);if(window['gformRedirect']) {gformRedirect();}}jQuery(document).trigger(\"gform_pre_post_render\", [{ formId: \"1\", currentPage: \"current_page\", abort: function() { this.preventDefault(); } }]);                if (event && event.defaultPrevented) {                return;         }        const gformWrapperDiv = document.getElementById( \"gform_wrapper_1\" );        if ( gformWrapperDiv ) {            const visibilitySpan = document.createElement( \"span\" );            visibilitySpan.id = \"gform_visibility_test_1\";            gformWrapperDiv.insertAdjacentElement( \"afterend\", visibilitySpan );        }        const visibilityTestDiv = document.getElementById( \"gform_visibility_test_1\" );        let postRenderFired = false;                function triggerPostRender() {            if ( postRenderFired ) {                return;            }            postRenderFired = true;            jQuery( document ).trigger( 'gform_post_render', [1, current_page] );            gform.utils.trigger( { event: 'gform\/postRender', native: false, data: { formId: 1, currentPage: current_page } } );            if ( visibilityTestDiv ) {                visibilityTestDiv.parentNode.removeChild( visibilityTestDiv );            }        }        function debounce( func, wait, immediate ) {            var timeout;            return function() {                var context = this, args = arguments;                var later = function() {                    timeout = null;                    if ( !immediate ) func.apply( context, args );                };                var callNow = immediate && !timeout;                clearTimeout( timeout );                timeout = setTimeout( later, wait );                if ( callNow ) func.apply( context, args );            };        }        const debouncedTriggerPostRender = debounce( function() {            triggerPostRender();        }, 200 );        if ( visibilityTestDiv && visibilityTestDiv.offsetParent === null ) {            const observer = new MutationObserver( ( mutations ) => {                mutations.forEach( ( mutation ) => {                    if ( mutation.type === 'attributes' && visibilityTestDiv.offsetParent !== null ) {                        debouncedTriggerPostRender();                        observer.disconnect();                    }                });            });            observer.observe( document.body, {                attributes: true,                childList: false,                subtree: true,                attributeFilter: [ 'style', 'class' ],            });        } else {            triggerPostRender();        }    } );} ); \n\/* ]]> *\/\n<\/script>\n<\/div><\/div><\/div><\/div><div class=\"x-row x-container max width e357-e21 m9x-1 m9x-3 m9x-5\"><div class=\"x-row-inner\"><\/div><\/div><\/div><\/div>","protected":false},"excerpt":{"rendered":"<p>Contact UsWe warmly invite you to get in touch with Powerock Pharma! We are here to answer all your inquiries, whether they are general questions or specific concerns. We offer a wide range of services, including wholesale sales and contract manufacturing. Our team of specialists is ready to collaborate with you to meet your needs and deliver top-quality solutions. We &#8230; <\/p>\n<div><a href=\"https:\/\/powerockpharma.com\/fr\/contact\/\" class=\"more-link\">Read More<\/a><\/div>","protected":false},"author":1,"featured_media":0,"parent":0,"menu_order":0,"comment_status":"closed","ping_status":"closed","template":"template-blank-4.php","meta":{"_acf_changed":false,"rank_math_lock_modified_date":false,"inline_featured_image":false,"footnotes":""},"class_list":["post-357","page","type-page","status-publish","hentry","no-post-thumbnail"],"acf":[],"_links":{"self":[{"href":"https:\/\/powerockpharma.com\/fr\/wp-json\/wp\/v2\/pages\/357","targetHints":{"allow":["GET"]}}],"collection":[{"href":"https:\/\/powerockpharma.com\/fr\/wp-json\/wp\/v2\/pages"}],"about":[{"href":"https:\/\/powerockpharma.com\/fr\/wp-json\/wp\/v2\/types\/page"}],"author":[{"embeddable":true,"href":"https:\/\/powerockpharma.com\/fr\/wp-json\/wp\/v2\/users\/1"}],"replies":[{"embeddable":true,"href":"https:\/\/powerockpharma.com\/fr\/wp-json\/wp\/v2\/comments?post=357"}],"version-history":[{"count":7,"href":"https:\/\/powerockpharma.com\/fr\/wp-json\/wp\/v2\/pages\/357\/revisions"}],"predecessor-version":[{"id":431,"href":"https:\/\/powerockpharma.com\/fr\/wp-json\/wp\/v2\/pages\/357\/revisions\/431"}],"wp:attachment":[{"href":"https:\/\/powerockpharma.com\/fr\/wp-json\/wp\/v2\/media?parent=357"}],"curies":[{"name":"wp","href":"https:\/\/api.w.org\/{rel}","templated":true}]}}